{"id":14512,"date":"2024-05-15T15:49:49","date_gmt":"2024-05-15T13:49:49","guid":{"rendered":"https:\/\/keszi.hu\/?page_id=14512"},"modified":"2025-04-01T13:21:23","modified_gmt":"2025-04-01T11:21:23","slug":"aranykor-idosek-otthona-igenyles","status":"publish","type":"page","link":"https:\/\/keszi.hu\/index.php\/aranykor-idosek-otthona-igenyles\/","title":{"rendered":"ARANYKOR ID\u0150SEK OTTHONA IG\u00c9NYL\u00c9S"},"content":{"rendered":"\t\t<div data-elementor-type=\"wp-page\" data-elementor-id=\"14512\" class=\"elementor elementor-14512\">\n\t\t\t\t\t\t<section class=\"elementor-section elementor-top-section elementor-element elementor-element-8a043ee elementor-section-full_width elementor-section-height-default elementor-section-height-default\" data-id=\"8a043ee\" data-element_type=\"section\" data-e-type=\"section\">\n\t\t\t\t\t\t<div class=\"elementor-container elementor-column-gap-default\">\n\t\t\t\t\t<div class=\"elementor-column elementor-col-100 elementor-top-column elementor-element elementor-element-e2b040d about_cms_block\" data-id=\"e2b040d\" data-element_type=\"column\" data-e-type=\"column\" data-settings=\"{&quot;background_background&quot;:&quot;classic&quot;}\">\n\t\t\t<div class=\"elementor-widget-wrap elementor-element-populated\">\n\t\t\t\t\t\t<div class=\"elementor-element elementor-element-5f7ccfc elementor-widget elementor-widget-heading\" data-id=\"5f7ccfc\" data-element_type=\"widget\" data-e-type=\"widget\" data-widget_type=\"heading.default\">\n\t\t\t\t<div class=\"elementor-widget-container\">\n\t\t\t\t\t<h1 class=\"elementor-heading-title elementor-size-default\">Aranykor Id\u0151sek Otthona<\/h1>\t\t\t\t<\/div>\n\t\t\t\t<\/div>\n\t\t\t\t<div class=\"elementor-element elementor-element-dbba27a elementor-widget elementor-widget-text-editor\" data-id=\"dbba27a\" data-element_type=\"widget\" data-e-type=\"widget\" data-widget_type=\"text-editor.default\">\n\t\t\t\t<div class=\"elementor-widget-container\">\n\t\t\t\t\t\t\t\t\t<p><strong><em>\u201eEbben az \u00e9letben nem tehet\u00fcnk nagy dolgokat. Csak kis dolgokat tehet\u00fcnk, nagy szeretettel.!\u201d <\/em><\/strong>(Ter\u00e9z anya)<\/p>\t\t\t\t\t\t\t\t<\/div>\n\t\t\t\t<\/div>\n\t\t\t\t\t<\/div>\n\t\t<\/div>\n\t\t\t\t\t<\/div>\n\t\t<\/section>\n\t\t<div class=\"elementor-element elementor-element-b4314c0 e-flex e-con-boxed e-con e-parent\" data-id=\"b4314c0\" data-element_type=\"container\" data-e-type=\"container\">\n\t\t\t\t\t<div class=\"e-con-inner\">\n\t\t\t\t<div class=\"elementor-element elementor-element-b7e9d3f elementor-widget elementor-widget-text-editor\" data-id=\"b7e9d3f\" data-element_type=\"widget\" data-e-type=\"widget\" data-widget_type=\"text-editor.default\">\n\t\t\t\t<div class=\"elementor-widget-container\">\n\t\t\t\t\t\t\t\t\t<p>A szoci\u00e1lis ell\u00e1t\u00e1sok ig\u00e9nybev\u00e9tele \u00f6nk\u00e9ntes, az ell\u00e1t\u00e1st ig\u00e9nyl\u0151, illetve t\u00f6rv\u00e9nyes k\u00e9pvisel\u0151je sz\u00f3beli vagy \u00edr\u00e1sbeli k\u00e9relm\u00e9re, ind\u00edtv\u00e1ny\u00e1ra t\u00f6rt\u00e9nik.<br \/><span style=\"background-color: transparent; color: var( --e-global-color-text ); font-family: var( --e-global-typography-text-font-family ), Sans-serif; font-weight: var( --e-global-typography-text-font-weight ); text-align: var(--text-align);\">Az Eg\u00e9szs\u00e9gi \u00e1llapotra vonatkoz\u00f3 igazol\u00e1st h\u00e1ziorvossal vagy kezel\u0151orvossal kell kit\u00f6ltetni.<\/span><\/p><p><span style=\"color: var( --e-global-color-text ); font-family: var( --e-global-typography-text-font-family ), Sans-serif; font-weight: var( --e-global-typography-text-font-weight ); text-align: var(--text-align); background-color: transparent;\">J\u00f6vedelemnyilatkozathoz \u2013 amennyiben ell\u00e1t\u00e1st ig\u00e9nyl\u0151 vagy m\u00e1s szem\u00e9ly nem v\u00e1llalja az int\u00e9zm\u00e9nyi t\u00e9r\u00edt\u00e9si d\u00edjjal azonos szem\u00e9lyi t\u00e9r\u00edt\u00e9si d\u00edj megfizet\u00e9s\u00e9t \u2013 mell\u00e9kelni kell a j\u00f6vedelmet igazol\u00f3 iratot. Amennyiben ell\u00e1t\u00e1st ig\u00e9nyl\u0151n\u00e9l a demencia k\u00f3rk\u00e9p legal\u00e1bb k\u00f6z\u00e9ps\u00falyos fokozata igazolt, az ezt meg\u00e1llap\u00edt\u00f3 szakv\u00e9lem\u00e9nyt a k\u00e9relemhez be kell csatolni.<\/span><\/p><p><span style=\"color: var( --e-global-color-text ); font-family: var( --e-global-typography-text-font-family ), Sans-serif; font-weight: var( --e-global-typography-text-font-weight ); text-align: var(--text-align); background-color: transparent;\">A k\u00e9relmet \u00e9s a J\u00f6vedelemnyilatkozatot az ell\u00e1t\u00e1st ig\u00e9nyl\u0151nek kell al\u00e1\u00edrnia (illetve t\u00f6rv\u00e9nyes k\u00e9pvisel\u0151j\u00e9nek, amennyiben ell\u00e1t\u00e1st ig\u00e9nyl\u0151 cselekv\u0151k\u00e9pess\u00e9get teljesen korl\u00e1toz\u00f3 gondnoks\u00e1g alatt \u00e1ll, vagy r\u00e9szlegesen korl\u00e1toz\u00f3 gondnoks\u00e1g eset\u00e9n, amennyiben ebben az \u00fcgycsoportban korl\u00e1tozva van). A gondnoks\u00e1got igazol\u00f3 gy\u00e1mhat\u00f3s\u00e1gi hat\u00e1rozatot a k\u00e9relemhez be kell csatolni.<br \/><\/span><span style=\"background-color: transparent; color: var( --e-global-color-text ); font-family: var( --e-global-typography-text-font-family ), Sans-serif; font-weight: var( --e-global-typography-text-font-weight ); text-align: var(--text-align);\">Amennyiben k\u00e9relmez\u0151 eg\u00e9szs\u00e9gi \u00e1llapot\u00e1b\u00f3l kifoly\u00f3lag al\u00e1\u00edrni nem tud, a t\u00e9nyt a k\u00e9relmen fel kell t\u00fcntetni \u00e9s azt az orvossal le kell igazoltatni.\u00a0\u00a0<\/span><\/p><p><span style=\"color: var( --e-global-color-text ); font-family: var( --e-global-typography-text-font-family ), Sans-serif; font-weight: var( --e-global-typography-text-font-weight ); text-align: var(--text-align); background-color: transparent;\">A k\u00e9relmet (mell\u00e9kletekkel egy\u00fctt) szem\u00e9lyesen, \u00fcgyf\u00e9lfogad\u00e1si id\u0151ben a Kist\u00e9rs\u00e9gi Egyes\u00edtett Szoci\u00e1lis Int\u00e9zm\u00e9ny Titk\u00e1rs\u00e1g\u00e1n lehet beny\u00fajtani, illetve lehet\u0151s\u00e9g van a k\u00e9relem postal\u00e1d\u00e1ban t\u00f6rt\u00e9n\u0151 elhelyez\u00e9s\u00e9re vagy postai \u00faton t\u00f6rt\u00e9n\u0151 tov\u00e1bb\u00edt\u00e1s\u00e1ra.<\/span><\/p><p><span style=\"color: var( --e-global-color-text ); font-family: var( --e-global-typography-text-font-family ), Sans-serif; font-weight: var( --e-global-typography-text-font-weight ); text-align: var(--text-align); background-color: transparent;\">Az Aranykor Id\u0151sek Otthon\u00e1ba t\u00f6rt\u00e9n\u0151 elhelyez\u00e9s el\u0151tt el\u0151gondoz\u00e1st kell v\u00e9gezni.<br \/><\/span><span style=\"background-color: transparent; color: var( --e-global-color-text ); font-family: var( --e-global-typography-text-font-family ), Sans-serif; font-weight: var( --e-global-typography-text-font-weight ); text-align: var(--text-align);\">Az ell\u00e1t\u00e1sra vonatkoz\u00f3 ig\u00e9nyeket be\u00e9rkez\u00e9s\u00fck sorrendj\u00e9ben az int\u00e9zm\u00e9ny nyilv\u00e1ntart\u00e1sba veszi.<br \/><\/span><span style=\"background-color: transparent; color: var( --e-global-color-text ); font-family: var( --e-global-typography-text-font-family ), Sans-serif; font-weight: var( --e-global-typography-text-font-weight ); text-align: var(--text-align);\">A k\u00e9relem elb\u00edr\u00e1l\u00e1sa sor\u00e1n amennyiben nem id\u0151sotthoni elhelyez\u00e9sre jogosult a k\u00e9relmez\u0151 a k\u00e9relem elutas\u00edt\u00e1sra ker\u00fcl, az \u00edr\u00e1sban \u00e9s indokl\u00e1ssal kell megtenni.<\/span><\/p><p><span style=\"color: var( --e-global-color-text ); font-family: var( --e-global-typography-text-font-family ), Sans-serif; font-weight: var( --e-global-typography-text-font-weight ); text-align: var(--text-align); background-color: transparent;\">Az ell\u00e1t\u00e1s biztos\u00edt\u00e1sa a kapacit\u00e1sok f\u00fcggv\u00e9ny\u00e9ben t\u00f6rt\u00e9nik.\u00a0\u00a0<\/span><\/p><p><span style=\"color: var( --e-global-color-text ); font-family: var( --e-global-typography-text-font-family ), Sans-serif; font-weight: var( --e-global-typography-text-font-weight ); text-align: var(--text-align); background-color: transparent;\">A meg\u00e1llapod\u00e1s megk\u00f6t\u00e9s\u00e9re a KESZI Titk\u00e1rs\u00e1g\u00e1n ker\u00fcl sor a bek\u00f6lt\u00f6z\u00e9s napj\u00e1n.\u00a0<\/span><\/p><p>\u00a0<\/p>\t\t\t\t\t\t\t\t<\/div>\n\t\t\t\t<\/div>\n\t\t\t\t\t<\/div>\n\t\t\t\t<\/div>\n\t\t<div class=\"elementor-element elementor-element-0b1dcfa e-flex e-con-boxed e-con e-parent\" data-id=\"0b1dcfa\" data-element_type=\"container\" data-e-type=\"container\">\n\t\t\t\t\t<div class=\"e-con-inner\">\n\t\t\t\t<div class=\"elementor-element elementor-element-8aaa535 elementor-widget elementor-widget-text-editor\" data-id=\"8aaa535\" data-element_type=\"widget\" data-e-type=\"widget\" data-widget_type=\"text-editor.default\">\n\t\t\t\t<div class=\"elementor-widget-container\">\n\t\t\t\t\t\t\t\t\t<p><strong style=\"font-family: var( --e-global-typography-text-font-family ), Sans-serif; text-align: var(--text-align);\">Kist\u00e9rs\u00e9gi Egyes\u00edtett Szoci\u00e1lis Int\u00e9zm\u00e9ny<\/strong><\/p>\n<p><strong>9200 Mosonmagyar\u00f3v\u00e1r, Soproni u. 65.<br><\/strong><strong>Titk\u00e1rs\u00e1g: Kajt\u00e1rn\u00e9 Pozsgai Barbara<br><\/strong><strong>el\u00e9rhet\u0151s\u00e9gek: 96\/566 260<br>email:<\/strong> <a href=\"mailto:info@szocmkt.hu\"><strong>info@szocmkt.hu<\/strong><\/a><\/p>\n<p><strong>&nbsp;<\/strong>\u00dcgyf\u00e9lfogad\u00e1si id\u0151:<\/p>\n<p>Kedd \u2013 Cs\u00fct\u00f6rt\u00f6k 8,00 \u2013 15,00 \u00f3r\u00e1ig<\/p>\n<p>P\u00e9nteken 8,00-12,00 \u00f3r\u00e1ig<\/p>\n<p>A szem\u00e9lyi t\u00e9r\u00edt\u00e9si d\u00edj meg\u00e1llap\u00edt\u00e1sa sor\u00e1n meg kell \u00e1llap\u00edtani az ell\u00e1t\u00e1st ig\u00e9nyl\u0151re vonatkoz\u00f3 j\u00f6vedelemh\u00e1nyadot, a j\u00f6vedelemh\u00e1nyad meg\u00e1llap\u00edt\u00e1sa az Sztv. 117. \u00a7 (2) bekezd\u00e9s b) pontja figyelembev\u00e9tel\u00e9vel t\u00f6rt\u00e9nik (a szem\u00e9lyi t\u00e9r\u00edt\u00e9si d\u00edj nem haladhatja meg a j\u00f6vedelemh\u00e1nyad 80%-\u00e1t). Ha a j\u00f6vedelemh\u00e1nyad nem \u00e9ri el az int\u00e9zm\u00e9nyi t\u00e9r\u00edt\u00e9si d\u00edj \u00f6sszeg\u00e9t, \u00e9s az ell\u00e1tott jelent\u0151s p\u00e9nzvagyonnal rendelkezik, akkor a jelent\u0151s p\u00e9nzvagyonb\u00f3l kell a t\u00e9r\u00edt\u00e9si d\u00edj k\u00fcl\u00f6nb\u00f6zetet fedezni. Ha a j\u00f6vedelemh\u00e1nyad nem \u00e9ri el az int\u00e9zm\u00e9nyi t\u00e9r\u00edt\u00e9si d\u00edj \u00f6sszeg\u00e9t, \u00e9s az ell\u00e1tott jelent\u0151s ingatlanvagyonnal rendelkezik, akkor a jelent\u0151s ingatlanvagyon kilencvenhatod r\u00e9sz\u00e9re az int\u00e9zm\u00e9ny jelz\u00e1loghitelez\u0151i ig\u00e9nyt ny\u00fajthat be. Az Sztv. 117\/B. \u00a7-a \u00e9rtelm\u00e9ben az ell\u00e1t\u00e1st ig\u00e9nyl\u0151, vagy a t\u00e9r\u00edt\u00e9si d\u00edjat megfizet\u0151 m\u00e1s szem\u00e9ly \u00edr\u00e1sban v\u00e1llalhatja az int\u00e9zm\u00e9nyi t\u00e9r\u00edt\u00e9si d\u00edjjal azonos szem\u00e9lyi t\u00e9r\u00edt\u00e9si d\u00edj, vagy az int\u00e9zm\u00e9nyi t\u00e9r\u00edt\u00e9si d\u00edj \u00e9s a meg\u00e1llap\u00edtott szem\u00e9lyi t\u00e9r\u00edt\u00e9si d\u00edj egy r\u00e9sz\u00e9nek megfizet\u00e9s\u00e9t.&nbsp;<\/p>\n<p><span style=\"font-family: var( --e-global-typography-text-font-family ), Sans-serif; text-align: var(--text-align);\">A tart\u00f3s bentlak\u00e1sos int\u00e9zm\u00e9nyben az ell\u00e1tott \u00e1ltal fizetend\u0151 t\u00e9r\u00edt\u00e9si d\u00edjat \u00fagy kell meg\u00e1llap\u00edtani, hogy a p\u00e9nzbeli j\u00f6vedelemb\u0151l a k\u00f6lt\u0151p\u00e9nz megmaradjon, amelynek havi \u00f6sszege nem lehet kevesebb a t\u00e1rgy\u00e9v janu\u00e1r 1-j\u00e9n \u00e9rv\u00e9nyes szoci\u00e1lis vet\u00edt\u00e9si alap \u00f6sszeg\u00e9nek 30%-\u00e1n\u00e1l, 2025. \u00e9vben<strong> 8 550,-Ft<\/strong>-n\u00e1l.<\/span><\/p>\n<p>Int\u00e9zm\u00e9nyi t\u00e9r\u00edt\u00e9si d\u00edj:<\/p>\n<p>Id\u0151sek\/Demens szem\u00e9lyek ell\u00e1t\u00e1sa: <strong>6 800,- Ft<\/strong>\/nap Id\u0151sek\/<br>Demens szem\u00e9lyek ell\u00e1t\u00e1sa \u00e9tkez\u00e9s ig\u00e9nybev\u00e9tele n\u00e9lk\u00fcl: 5 200<strong>,-Ft<\/strong>\/nap<\/p>\t\t\t\t\t\t\t\t<\/div>\n\t\t\t\t<\/div>\n\t\t\t\t<div class=\"elementor-element elementor-element-74318b2 elementor-button-warning elementor-align-center elementor-widget elementor-widget-button\" data-id=\"74318b2\" data-element_type=\"widget\" data-e-type=\"widget\" data-widget_type=\"button.default\">\n\t\t\t\t<div class=\"elementor-widget-container\">\n\t\t\t\t\t\t\t\t\t<div class=\"elementor-button-wrapper\">\n\t\t\t\t\t<a class=\"elementor-button elementor-button-link elementor-size-sm\" href=\"http:\/\/keszi.hu\/wp-content\/uploads\/2024\/05\/KERELEM-ADATLAP.pdf\" target=\"_blank\">\n\t\t\t\t\t\t<span class=\"elementor-button-content-wrapper\">\n\t\t\t\t\t\t\t\t\t<span class=\"elementor-button-text\">Ig\u00e9nyl\u00e9s let\u00f6lt\u00e9se<\/span>\n\t\t\t\t\t<\/span>\n\t\t\t\t\t<\/a>\n\t\t\t\t<\/div>\n\t\t\t\t\t\t\t\t<\/div>\n\t\t\t\t<\/div>\n\t\t\t\t\t<\/div>\n\t\t\t\t<\/div>\n\t\t\t\t<\/div>\n\t\t","protected":false},"excerpt":{"rendered":"<p>Aranykor Id\u0151sek Otthona \u201eEbben az \u00e9letben nem tehet\u00fcnk nagy dolgokat. Csak kis dolgokat tehet\u00fcnk, nagy szeretettel.!\u201d (Ter\u00e9z anya) A szoci\u00e1lis ell\u00e1t\u00e1sok ig\u00e9nybev\u00e9tele \u00f6nk\u00e9ntes, az ell\u00e1t\u00e1st ig\u00e9nyl\u0151, illetve t\u00f6rv\u00e9nyes k\u00e9pvisel\u0151je sz\u00f3beli vagy \u00edr\u00e1sbeli k\u00e9relm\u00e9re, ind\u00edtv\u00e1ny\u00e1ra t\u00f6rt\u00e9nik.Az Eg\u00e9szs\u00e9gi \u00e1llapotra vonatkoz\u00f3 igazol\u00e1st h\u00e1ziorvossal vagy kezel\u0151orvossal kell kit\u00f6ltetni. J\u00f6vedelemnyilatkozathoz \u2013 amennyiben ell\u00e1t\u00e1st ig\u00e9nyl\u0151 vagy m\u00e1s szem\u00e9ly nem v\u00e1llalja az&#8230;<\/p>\n","protected":false},"author":1,"featured_media":0,"parent":0,"menu_order":0,"comment_status":"closed","ping_status":"closed","template":"","meta":{"_tbt_post_transparent":"","_tbt_post_title":"","_tbt_post_layout":"","_tbt_post_sidebar_id":"","_tbt_post_content_style":"","_tbt_post_vertical_padding":"","_tbt_post_feature":"","_tbt_post_feature_position":"","_tbt_post_header":false,"_tbt_post_footer":false},"class_list":["post-14512","page","type-page","status-publish","hentry"],"_links":{"self":[{"href":"https:\/\/keszi.hu\/index.php\/wp-json\/wp\/v2\/pages\/14512","targetHints":{"allow":["GET"]}}],"collection":[{"href":"https:\/\/keszi.hu\/index.php\/wp-json\/wp\/v2\/pages"}],"about":[{"href":"https:\/\/keszi.hu\/index.php\/wp-json\/wp\/v2\/types\/page"}],"author":[{"embeddable":true,"href":"https:\/\/keszi.hu\/index.php\/wp-json\/wp\/v2\/users\/1"}],"replies":[{"embeddable":true,"href":"https:\/\/keszi.hu\/index.php\/wp-json\/wp\/v2\/comments?post=14512"}],"version-history":[{"count":7,"href":"https:\/\/keszi.hu\/index.php\/wp-json\/wp\/v2\/pages\/14512\/revisions"}],"predecessor-version":[{"id":14985,"href":"https:\/\/keszi.hu\/index.php\/wp-json\/wp\/v2\/pages\/14512\/revisions\/14985"}],"wp:attachment":[{"href":"https:\/\/keszi.hu\/index.php\/wp-json\/wp\/v2\/media?parent=14512"}],"curies":[{"name":"wp","href":"https:\/\/api.w.org\/{rel}","templated":true}]}}