{"id":14075,"date":"2024-05-13T14:45:31","date_gmt":"2024-05-13T12:45:31","guid":{"rendered":"https:\/\/keszi.hu\/?page_id=14075"},"modified":"2026-04-14T14:47:40","modified_gmt":"2026-04-14T12:47:40","slug":"szervezeti-szemelyzeti-adatok","status":"publish","type":"page","link":"https:\/\/keszi.hu\/index.php\/szervezeti-szemelyzeti-adatok\/","title":{"rendered":"Szervezeti, szem\u00e9lyzeti adatok"},"content":{"rendered":"\t\t<div data-elementor-type=\"wp-page\" data-elementor-id=\"14075\" class=\"elementor elementor-14075\">\n\t\t\t\t\t\t<section class=\"elementor-section elementor-top-section elementor-element elementor-element-8a043ee elementor-section-full_width elementor-section-height-default elementor-section-height-default\" data-id=\"8a043ee\" data-element_type=\"section\" data-e-type=\"section\">\n\t\t\t\t\t\t<div class=\"elementor-container elementor-column-gap-default\">\n\t\t\t\t\t<div class=\"elementor-column elementor-col-100 elementor-top-column elementor-element elementor-element-e2b040d about_cms_block\" data-id=\"e2b040d\" data-element_type=\"column\" data-e-type=\"column\" data-settings=\"{&quot;background_background&quot;:&quot;classic&quot;}\">\n\t\t\t<div class=\"elementor-widget-wrap elementor-element-populated\">\n\t\t\t\t\t\t<div class=\"elementor-element elementor-element-5f7ccfc elementor-widget elementor-widget-heading\" data-id=\"5f7ccfc\" data-element_type=\"widget\" data-e-type=\"widget\" data-widget_type=\"heading.default\">\n\t\t\t\t<div class=\"elementor-widget-container\">\n\t\t\t\t\t<h1 class=\"elementor-heading-title elementor-size-default\">Szervezeti, szem\u00e9lyzeti adatok<\/h1>\t\t\t\t<\/div>\n\t\t\t\t<\/div>\n\t\t\t\t<div class=\"elementor-element elementor-element-37d7b5a elementor-widget elementor-widget-text-editor\" data-id=\"37d7b5a\" data-element_type=\"widget\" data-e-type=\"widget\" data-widget_type=\"text-editor.default\">\n\t\t\t\t<div class=\"elementor-widget-container\">\n\t\t\t\t\t\t\t\t\t<p style=\"text-indent:-36.0pt;mso-list:l2 level2 lfo1\"><!--[if !supportLists]--><span style=\"font-size:12.0pt;line-height:107%;mso-bidi-font-family:Aptos;mso-bidi-theme-font:\nminor-latin\">1.1.<span style=\"font-variant-numeric: normal; font-variant-east-asian: normal; font-variant-alternates: normal; font-size-adjust: none; font-language-override: normal; font-kerning: auto; font-optical-sizing: auto; font-feature-settings: normal; font-variation-settings: normal; font-variant-position: normal; font-variant-emoji: normal; font-stretch: normal; font-size: 7pt; line-height: normal; font-family: &quot;Times New Roman&quot;;\">&nbsp;&nbsp;&nbsp;&nbsp;&nbsp;&nbsp;&nbsp;&nbsp;&nbsp;&nbsp;\n<\/span><\/span><!--[endif]--><span style=\"font-size:12.0pt;line-height:107%\">Kapcsolat,\nszervezet, vezet\u0151k<o:p><\/o:p><\/span><\/p><p style=\"margin-left:54.0pt;mso-add-space:\nauto;text-indent:-36.0pt;mso-list:l1 level1 lfo2\"><!--[if !supportLists]--><span style=\"font-size:12.0pt;line-height:107%;mso-bidi-font-family:Aptos;mso-bidi-theme-font:\nminor-latin\">I.<span style=\"font-variant-numeric: normal; font-variant-east-asian: normal; font-variant-alternates: normal; font-size-adjust: none; font-language-override: normal; font-kerning: auto; font-optical-sizing: auto; font-feature-settings: normal; font-variation-settings: normal; font-variant-position: normal; font-variant-emoji: normal; font-stretch: normal; font-size: 7pt; line-height: normal; font-family: &quot;Times New Roman&quot;;\">&nbsp;&nbsp;&nbsp;&nbsp;&nbsp;&nbsp;&nbsp;&nbsp;&nbsp;&nbsp;&nbsp;&nbsp;&nbsp;&nbsp;&nbsp;&nbsp;&nbsp;&nbsp;&nbsp;\n<\/span><\/span><!--[endif]--><u><span style=\"font-size:12.0pt;line-height:\n107%\">El\u00e9rhet\u0151s\u00e9gi adatok<o:p><\/o:p><\/span><\/u><\/p><p style=\"margin-left:54.0pt;mso-add-space:\nauto\"><span style=\"font-size:12.0pt;line-height:107%\"><b>KIST\u00c9RS\u00c9GI EGYES\u00cdTETT\nSZOCI\u00c1LIS INT\u00c9ZM\u00c9NY<\/b><br><\/span><span style=\"font-size: 12pt; background-color: transparent;\">Sz\u00e9khely\/postai c\u00edm: 9200\nMosonmagyar\u00f3v\u00e1r, Soproni utca 65.<br><\/span><span style=\"font-size: 12pt; background-color: transparent;\">Telefon: +36\/96\/566-260<br><\/span><span style=\"background-color: transparent; font-size: 12pt; line-height: 107%;\">email: <\/span><a href=\"mailto:info@keszi.hu\"><span style=\"font-size:12.0pt;line-height:107%\">info@keszi.hu<\/span><\/a><br><span style=\"font-size: 12pt; background-color: transparent;\">Honlap: www.keszi.hu<\/span><\/p><p style=\"margin-left:54.0pt;mso-add-space:\nauto\"><span style=\"font-size:12.0pt;line-height:107%\">&nbsp;<\/span><span style=\"text-indent: -36pt; background-color: transparent; font-size: 12pt; line-height: 107%;\">II.<span style=\"font-variant-numeric: normal; font-variant-east-asian: normal; font-variant-alternates: normal; font-size-adjust: none; font-language-override: normal; font-kerning: auto; font-optical-sizing: auto; font-feature-settings: normal; font-variation-settings: normal; font-variant-position: normal; font-variant-emoji: normal; font-stretch: normal; font-size: 7pt; line-height: normal; font-family: &quot;Times New Roman&quot;;\">&nbsp;&nbsp;&nbsp;&nbsp;&nbsp;&nbsp;&nbsp;&nbsp;&nbsp;&nbsp;&nbsp;&nbsp;&nbsp;&nbsp;&nbsp;&nbsp;&nbsp;\n<\/span><\/span><span style=\"text-indent: -36pt; background-color: transparent; font-size: 12pt; line-height: 107%;\">A\nszervezeti strukt\u00fara (k\u00f6zz\u00e9t\u00e9tel: 2024.05..)<\/span><\/p><p><span style=\"font-size:12.0pt;line-height:\n107%\">&nbsp;<\/span><\/p><p style=\"margin-left:72.0pt;mso-add-space:\nauto;text-indent:-18.0pt;mso-list:l0 level1 lfo3\"><!--[if !supportLists]--><span style=\"font-size:12.0pt;line-height:107%;mso-bidi-font-family:Aptos;mso-bidi-theme-font:\nminor-latin\">1.<span style=\"font-variant-numeric: normal; font-variant-east-asian: normal; font-variant-alternates: normal; font-size-adjust: none; font-language-override: normal; font-kerning: auto; font-optical-sizing: auto; font-feature-settings: normal; font-variation-settings: normal; font-variant-position: normal; font-variant-emoji: normal; font-stretch: normal; font-size: 7pt; line-height: normal; font-family: &quot;Times New Roman&quot;;\">&nbsp;&nbsp;&nbsp;&nbsp;&nbsp;\n<\/span><\/span><!--[endif]--><span style=\"font-size:12.0pt;line-height:107%\">A\nszervezeti strukt\u00fara \u00e1br\u00e1ja (k\u00f6zz\u00e9t\u00e9tel: 2024.05.&nbsp; .)<o:p><\/o:p><\/span><\/p><p style=\"margin-left:72.0pt;mso-add-space:\nauto;text-indent:-18.0pt;mso-list:l0 level1 lfo3\"><!--[if !supportLists]--><span style=\"font-size:12.0pt;line-height:107%;mso-bidi-font-family:Aptos;mso-bidi-theme-font:\nminor-latin\">2.<span style=\"font-variant-numeric: normal; font-variant-east-asian: normal; font-variant-alternates: normal; font-size-adjust: none; font-language-override: normal; font-kerning: auto; font-optical-sizing: auto; font-feature-settings: normal; font-variation-settings: normal; font-variant-position: normal; font-variant-emoji: normal; font-stretch: normal; font-size: 7pt; line-height: normal; font-family: &quot;Times New Roman&quot;;\">&nbsp;&nbsp;&nbsp;&nbsp;&nbsp;\n<\/span><\/span><!--[endif]--><span style=\"font-size:12.0pt;line-height:107%\">A\nszervezet munkak\u00f6r\u00f6k \u00e1br\u00e1ja<o:p><\/o:p><\/span><\/p><p style=\"margin-left:72.0pt;mso-add-space:\nauto\"><span style=\"font-size:12.0pt;line-height:107%\">&nbsp;<\/span><\/p><p style=\"margin-left:54.0pt;mso-add-space:\nauto;text-indent:-36.0pt;mso-list:l1 level1 lfo2\"><!--[if !supportLists]--><span style=\"font-size:12.0pt;line-height:107%;mso-bidi-font-family:Aptos;mso-bidi-theme-font:\nminor-latin\">III.<span style=\"font-variant-numeric: normal; font-variant-east-asian: normal; font-variant-alternates: normal; font-size-adjust: none; font-language-override: normal; font-kerning: auto; font-optical-sizing: auto; font-feature-settings: normal; font-variation-settings: normal; font-variant-position: normal; font-variant-emoji: normal; font-stretch: normal; font-size: 7pt; line-height: normal; font-family: &quot;Times New Roman&quot;;\">&nbsp;&nbsp;&nbsp;&nbsp;&nbsp;&nbsp;&nbsp;&nbsp;&nbsp;&nbsp;&nbsp;&nbsp;&nbsp;&nbsp;&nbsp;\n<\/span><\/span><!--[endif]--><u><span style=\"font-size:12.0pt;line-height:\n107%\">A szerv vezet\u0151i \u2013 k\u00fcl\u00f6n t\u00e1bl\u00e1zatban (vezet\u0151k)<o:p><\/o:p><\/span><\/u><\/p><p style=\"margin-left:54.0pt;mso-add-space:\nauto\"><span style=\"font-size:12.0pt;line-height:107%\">&nbsp;<\/span><\/p><p style=\"margin-left:54.0pt;mso-add-space:\nauto\"><span style=\"font-size:12.0pt;line-height:107%\">1. A szerv ir\u00e1ny\u00edt\u00e1sa,\nfel\u00fcgyelete vagy ellen\u0151rz\u00e9se alatt \u00e1ll\u00f3 vagy al\u00e1rendelts\u00e9g\u00e9ben m\u0171k\u00f6d\u0151 m\u00e1s\nk\u00f6zfeladatot ell\u00e1t\u00f3 szerv.<o:p><\/o:p><\/span><\/p><p style=\"margin-left:54.0pt;mso-add-space:\nauto\"><span style=\"font-size:12.0pt;line-height:107%;color:#BF4E14;mso-themecolor:\naccent2;mso-themeshade:191\">K\u00f6z\u00e9rdek\u0171 adat nem \u00e1ll rendelkez\u00e9sre!<o:p><\/o:p><\/span><\/p><p style=\"margin-left:54.0pt;mso-add-space:\nauto\"><span style=\"font-size:12.0pt;line-height:107%\">&nbsp;<\/span><span style=\"font-size: 12pt; background-color: transparent;\">2.A szerv tulajdon\u00e1ban\nvagy r\u00e9szv\u00e9tel\u00e9vel m\u0171k\u00f6d\u0151 gazd\u00e1lkod\u00e1si szervezetek<\/span><\/p><p style=\"margin-left:54.0pt;mso-add-space:\nauto\"><a><span style=\"font-size:12.0pt;line-height:107%;\ncolor:#BF4E14;mso-themecolor:accent2;mso-themeshade:191\">K\u00f6z\u00e9rdek\u0171 adat nem \u00e1ll\nrendelkez\u00e9sre!<o:p><\/o:p><\/span><\/a><\/p><p style=\"margin-left:54.0pt;mso-add-space:\nauto\"><span style=\"font-size:12.0pt;\nline-height:107%;color:#BF4E14;mso-themecolor:accent2;mso-themeshade:191\">&nbsp;<\/span><span style=\"font-size: 12pt; background-color: transparent;\">3. K\u00f6zalap\u00edtv\u00e1nyok<\/span><\/p><p style=\"margin-left:54.0pt;mso-add-space:\nauto\"><span style=\"font-size:12.0pt;line-height:107%;color:#BF4E14;mso-themecolor:\naccent2;mso-themeshade:191\">K\u00f6z\u00e9rdek\u0171 adat nem \u00e1ll rendelkez\u00e9sre!<o:p><\/o:p><\/span><\/p><p style=\"margin-left:54.0pt;mso-add-space:\nauto\"><span style=\"font-size:12.0pt;line-height:107%;color:#BF4E14;mso-themecolor:\naccent2;mso-themeshade:191\">&nbsp;<\/span><span style=\"font-size: 12pt; background-color: transparent;\">1.5 Lapok<\/span><\/p><p style=\"margin-left:54.0pt;mso-add-space:\nauto\"><span style=\"font-size:12.0pt;line-height:107%;color:#BF4E14;mso-themecolor:\naccent2;mso-themeshade:191\">K\u00f6z\u00e9rdek\u0171 adat nem \u00e1ll rendelkez\u00e9sre!<o:p><\/o:p><\/span><\/p><p style=\"margin-left:54.0pt;mso-add-space:\nauto\"><span style=\"font-size:12.0pt;line-height:107%\">&nbsp;<\/span><\/p><p style=\"margin-left:54.0pt;mso-add-space:\nauto\"><span style=\"font-size:12.0pt;line-height:107%\">IV.<u>Felettes,\nfel\u00fcgyeleti, t\u00f6rv\u00e9nyess\u00e9gi ellen\u0151rz\u00e9st vagy fel\u00fcgyeletet gyakorl\u00f3 szerv<\/u><o:p><\/o:p><\/span><\/p><p style=\"margin-left:54.0pt;mso-add-space:\nauto\"><b><span style=\"font-size:12.0pt;line-height:107%\">Az int\u00e9zm\u00e9ny\nfenntart\u00f3ja:<o:p><\/o:p><\/span><\/b><\/p><p style=\"margin-left:54.0pt;mso-add-space:\nauto\"><span style=\"font-size:12.0pt;line-height:107%\">Mosonmagyar\u00f3v\u00e1r T\u00e9rs\u00e9gi\nT\u00e1rsul\u00e1s<br><\/span><span style=\"font-size: 12pt; background-color: transparent;\">Levelez\u00e9si c\u00edm: 9200\nMosonmagyar\u00f3v\u00e1r, F\u0151 u. 11.<br><\/span><a href=\"http:\/\/www.mosonmagyarovarterseg.hu\/\"><span style=\"font-size:\n12.0pt;line-height:107%\">www.mosonmagyarovarterseg.hu<\/span><\/a><br><span style=\"font-size: 12pt; background-color: transparent;\">Telefonsz\u00e1m:\n+36\/96\/577-805<\/span><\/p><p style=\"margin-left:54.0pt;mso-add-space:\nauto\"><b><span style=\"font-size:12.0pt;line-height:107%\">T\u00f6rv\u00e9nyess\u00e9gi ellen\u0151rz\u00e9si\nszerv:<o:p><\/o:p><\/span><\/b><\/p><p style=\"margin-left:54.0pt;mso-add-space:\nauto\"><span style=\"font-size:12.0pt;line-height:107%\">Gy\u0151r-Moson-Sopron\nV\u00e1rmegyei Korm\u00e1nyhivatal<br><\/span><span style=\"font-size: 12pt; background-color: transparent;\">Gy\u00e1m\u00fcgyi \u00e9s Igazgat\u00e1si\nF\u0151oszt\u00e1ly<br><\/span><span style=\"font-size: 12pt; background-color: transparent;\">Sz\u00e9kelye: 9022 Gy\u0151r, T\u00fcrr\nIstv\u00e1n u. 1.<br><\/span><span style=\"font-size: 12pt; background-color: transparent;\">Telefonsz\u00e1m:\n+36\/96\/795-910<br><\/span><span style=\"background-color: transparent; font-size: 12pt; line-height: 107%;\">email: <\/span><a href=\"mailto:gyamugy@gyor.gov.hu\"><span style=\"font-size:12.0pt;line-height:\n107%\">gyamugy@gyor.gov.hu<\/span><\/a><br><a href=\"http:\/\/www.kormanyhivatal.hu\/\"><span style=\"font-size:12.0pt;\nline-height:107%\">www.kormanyhivatal.hu<\/span><\/a><\/p><p style=\"margin-left:54.0pt;mso-add-space:\nauto\"><span style=\"font-size:12.0pt;line-height:107%\">&nbsp;<\/span><\/p><p style=\"margin-left:54.0pt;mso-add-space:\nauto\"><span style=\"font-size:12.0pt;line-height:107%\"><b>\u00c1llami Sz\u00e1mvev\u0151sz\u00e9k<\/b><o:p><\/o:p><\/span><\/p><p style=\"margin-left:54.0pt;mso-add-space:\nauto\"><span style=\"font-size:12.0pt;line-height:107%\">Sz\u00e9khelye: 1052 Budapest,\nAp\u00e1czai Csere J\u00e1nos utca 10<br><\/span><span style=\"font-size: 12pt; background-color: transparent;\">Postac\u00edm: 1364 Budapest,\nPf. 54<br><\/span><span style=\"font-size: 12pt; background-color: transparent;\">Telefonsz\u00e1m: +36 (1) 484\n9100<br><\/span><span style=\"background-color: transparent; font-size: 12pt; line-height: 107%;\">email: <\/span><a href=\"mailto:szamvevoszek@asz.hu\"><span style=\"font-size:12.0pt;line-height:\n107%\">szamvevoszek@asz.hu<\/span><\/a><br><a href=\"http:\/\/www.asz.hu\/\"><span style=\"font-size:12.0pt;line-height:\n107%\">www.asz.hu<\/span><\/a><\/p><p style=\"margin-left:54.0pt;mso-add-space:\nauto\"><span style=\"font-size:12.0pt;line-height:107%\">&nbsp;<\/span><\/p><p style=\"margin-left:54.0pt;mso-add-space:\nauto\"><span style=\"font-size:12.0pt;line-height:107%\">&nbsp;<\/span><\/p><p style=\"margin-left:54.0pt;mso-add-space:\nauto\"><span style=\"font-size:12.0pt;line-height:107%\">&nbsp;<\/span><\/p><p style=\"margin-left:54.0pt;mso-add-space:\nauto\"><span style=\"font-size:12.0pt;line-height:107%\">&nbsp;<\/span><\/p><p style=\"margin-left:54.0pt;mso-add-space:\nauto\"><span style=\"font-size:12.0pt;line-height:107%\">&nbsp;<\/span><\/p><p style=\"margin-left:54.0pt;mso-add-space:\nauto\"><span style=\"font-size:12.0pt;line-height:107%\">&nbsp;<\/span><\/p><p style=\"margin-left:54.0pt;mso-add-space:\nauto\"><span style=\"font-size:12.0pt;line-height:107%\">&nbsp;<\/span><\/p><p style=\"margin-left:54.0pt;mso-add-space:\nauto\"><span style=\"font-size:12.0pt;line-height:107%\">&nbsp;<\/span><\/p><p style=\"margin-left:54.0pt;mso-add-space:\nauto\"><span style=\"font-size:12.0pt;line-height:107%\">&nbsp;<\/span><\/p><p style=\"margin-left:54.0pt;mso-add-space:\nauto\"><span style=\"font-size:12.0pt;line-height:107%\">&nbsp;<\/span><\/p><p style=\"margin-left:54.0pt;mso-add-space:\nauto\"><span style=\"font-size:12.0pt;line-height:107%\">&nbsp;<\/span><\/p><p style=\"margin-left:54.0pt;mso-add-space:\nauto\"><span style=\"font-size:12.0pt;line-height:107%\">&nbsp;<\/span><\/p><p style=\"margin-left:54.0pt;mso-add-space:\nauto\"><span style=\"font-size:12.0pt;line-height:107%\">&nbsp;<\/span><\/p><p style=\"margin-left:54.0pt;mso-add-space:\nauto\"><span style=\"font-size:12.0pt;line-height:107%\">&nbsp;<\/span><\/p><p>\n\n\n\n\n\n\n\n\n\n\n\n\n\n\n\n\n\n\n\n\n\n\n\n\n\n\n\n\n\n\n\n\n\n\n\n\n\n\n\n\n\n\n\n\n\n\n\n\n\n\n\n\n\n\n\n\n\n\n\n\n\n\n\n\n\n\n\n\n\n\n\n\n\n\n\n\n\n\n\n\n\n\n\n\n\n\n\n\n\n\n\n\n\n\n\n\n\n\n\n\n\n\n\n\n\n\n\n\n\n\n\n\n\n\n\n\n\n\n\n\n\n\n\n\n\n\n\n\n\n<\/p><p style=\"margin-left:54.0pt;mso-add-space:auto\"><span style=\"font-size:12.0pt;line-height:107%\">&nbsp;<\/span><\/p>\t\t\t\t\t\t\t\t<\/div>\n\t\t\t\t<\/div>\n\t\t\t\t\t<\/div>\n\t\t<\/div>\n\t\t\t\t\t<\/div>\n\t\t<\/section>\n\t\t\t\t<\/div>\n\t\t","protected":false},"excerpt":{"rendered":"<p>Szervezeti, szem\u00e9lyzeti adatok 1.1.&nbsp;&nbsp;&nbsp;&nbsp;&nbsp;&nbsp;&nbsp;&nbsp;&nbsp;&nbsp; Kapcsolat, szervezet, vezet\u0151k I.&nbsp;&nbsp;&nbsp;&nbsp;&nbsp;&nbsp;&nbsp;&nbsp;&nbsp;&nbsp;&nbsp;&nbsp;&nbsp;&nbsp;&nbsp;&nbsp;&nbsp;&nbsp;&nbsp; El\u00e9rhet\u0151s\u00e9gi adatok KIST\u00c9RS\u00c9GI EGYES\u00cdTETT SZOCI\u00c1LIS INT\u00c9ZM\u00c9NYSz\u00e9khely\/postai c\u00edm: 9200 Mosonmagyar\u00f3v\u00e1r, Soproni utca 65.Telefon: +36\/96\/566-260email: info@keszi.huHonlap: www.keszi.hu &nbsp;II.&nbsp;&nbsp;&nbsp;&nbsp;&nbsp;&nbsp;&nbsp;&nbsp;&nbsp;&nbsp;&nbsp;&nbsp;&nbsp;&nbsp;&nbsp;&nbsp;&nbsp; A szervezeti strukt\u00fara (k\u00f6zz\u00e9t\u00e9tel: 2024.05..) &nbsp; 1.&nbsp;&nbsp;&nbsp;&nbsp;&nbsp; A szervezeti strukt\u00fara \u00e1br\u00e1ja (k\u00f6zz\u00e9t\u00e9tel: 2024.05.&nbsp; .) 2.&nbsp;&nbsp;&nbsp;&nbsp;&nbsp; A szervezet munkak\u00f6r\u00f6k \u00e1br\u00e1ja &nbsp; III.&nbsp;&nbsp;&nbsp;&nbsp;&nbsp;&nbsp;&nbsp;&nbsp;&nbsp;&nbsp;&nbsp;&nbsp;&nbsp;&nbsp;&nbsp; A szerv vezet\u0151i \u2013 k\u00fcl\u00f6n t\u00e1bl\u00e1zatban (vezet\u0151k) &nbsp; 1. A&#8230;<\/p>\n","protected":false},"author":1,"featured_media":0,"parent":0,"menu_order":0,"comment_status":"closed","ping_status":"closed","template":"","meta":{"_tbt_post_transparent":"","_tbt_post_title":"","_tbt_post_layout":"","_tbt_post_sidebar_id":"","_tbt_post_content_style":"","_tbt_post_vertical_padding":"","_tbt_post_feature":"","_tbt_post_feature_position":"","_tbt_post_header":false,"_tbt_post_footer":false},"class_list":["post-14075","page","type-page","status-publish","hentry"],"_links":{"self":[{"href":"https:\/\/keszi.hu\/index.php\/wp-json\/wp\/v2\/pages\/14075","targetHints":{"allow":["GET"]}}],"collection":[{"href":"https:\/\/keszi.hu\/index.php\/wp-json\/wp\/v2\/pages"}],"about":[{"href":"https:\/\/keszi.hu\/index.php\/wp-json\/wp\/v2\/types\/page"}],"author":[{"embeddable":true,"href":"https:\/\/keszi.hu\/index.php\/wp-json\/wp\/v2\/users\/1"}],"replies":[{"embeddable":true,"href":"https:\/\/keszi.hu\/index.php\/wp-json\/wp\/v2\/comments?post=14075"}],"version-history":[{"count":37,"href":"https:\/\/keszi.hu\/index.php\/wp-json\/wp\/v2\/pages\/14075\/revisions"}],"predecessor-version":[{"id":15454,"href":"https:\/\/keszi.hu\/index.php\/wp-json\/wp\/v2\/pages\/14075\/revisions\/15454"}],"wp:attachment":[{"href":"https:\/\/keszi.hu\/index.php\/wp-json\/wp\/v2\/media?parent=14075"}],"curies":[{"name":"wp","href":"https:\/\/api.w.org\/{rel}","templated":true}]}}