{"id":13727,"date":"2024-05-10T14:52:10","date_gmt":"2024-05-10T12:52:10","guid":{"rendered":"https:\/\/keszi.hu\/?page_id=13727"},"modified":"2024-05-10T15:12:32","modified_gmt":"2024-05-10T13:12:32","slug":"keszi-cookie-szabalyzat","status":"publish","type":"page","link":"https:\/\/keszi.hu\/index.php\/keszi-cookie-szabalyzat\/","title":{"rendered":"KESZI Cookie Szab\u00e1lyzat"},"content":{"rendered":"\t\t<div data-elementor-type=\"wp-page\" data-elementor-id=\"13727\" class=\"elementor elementor-13727\">\n\t\t\t\t<div class=\"elementor-element elementor-element-6bcc0426 e-flex e-con-boxed e-con e-parent\" data-id=\"6bcc0426\" data-element_type=\"container\" data-e-type=\"container\">\n\t\t\t\t\t<div class=\"e-con-inner\">\n\t\t\t\t<div class=\"elementor-element elementor-element-c1c25bb elementor-widget elementor-widget-heading\" data-id=\"c1c25bb\" data-element_type=\"widget\" data-e-type=\"widget\" data-widget_type=\"heading.default\">\n\t\t\t\t<div class=\"elementor-widget-container\">\n\t\t\t\t\t<h2 class=\"elementor-heading-title elementor-size-default\">\u00c1ltal\u00e1nos Adatkezel\u00e9si \u00c9s Adatbiztons\u00e1gi Szab\u00e1lyzat\n<\/h2>\t\t\t\t<\/div>\n\t\t\t\t<\/div>\n\t\t\t\t\t<\/div>\n\t\t\t\t<\/div>\n\t\t<div class=\"elementor-element elementor-element-ca2be9d e-flex e-con-boxed e-con e-parent\" data-id=\"ca2be9d\" data-element_type=\"container\" data-e-type=\"container\">\n\t\t\t\t\t<div class=\"e-con-inner\">\n\t\t\t\t<div class=\"elementor-element elementor-element-442d35e elementor-widget elementor-widget-image\" data-id=\"442d35e\" data-element_type=\"widget\" data-e-type=\"widget\" data-widget_type=\"image.default\">\n\t\t\t\t<div class=\"elementor-widget-container\">\n\t\t\t\t\t\t\t\t\t\t\t\t\t\t\t<img fetchpriority=\"high\" decoding=\"async\" width=\"725\" height=\"1024\" src=\"https:\/\/keszi.hu\/wp-content\/uploads\/2024\/05\/KESZI-Cookie-Szabalyzat-2022.04.01._Page1-725x1024.jpg\" class=\"attachment-large size-large wp-image-13739\" alt=\"\" srcset=\"https:\/\/keszi.hu\/wp-content\/uploads\/2024\/05\/KESZI-Cookie-Szabalyzat-2022.04.01._Page1-725x1024.jpg 725w, https:\/\/keszi.hu\/wp-content\/uploads\/2024\/05\/KESZI-Cookie-Szabalyzat-2022.04.01._Page1-212x300.jpg 212w, https:\/\/keszi.hu\/wp-content\/uploads\/2024\/05\/KESZI-Cookie-Szabalyzat-2022.04.01._Page1-768x1085.jpg 768w, https:\/\/keszi.hu\/wp-content\/uploads\/2024\/05\/KESZI-Cookie-Szabalyzat-2022.04.01._Page1-600x848.jpg 600w, https:\/\/keszi.hu\/wp-content\/uploads\/2024\/05\/KESZI-Cookie-Szabalyzat-2022.04.01._Page1.jpg 794w\" sizes=\"(max-width: 725px) 100vw, 725px\" \/>\t\t\t\t\t\t\t\t\t\t\t\t\t\t\t<\/div>\n\t\t\t\t<\/div>\n\t\t\t\t<div class=\"elementor-element elementor-element-ee1a1e8 elementor-widget elementor-widget-image\" data-id=\"ee1a1e8\" data-element_type=\"widget\" data-e-type=\"widget\" data-widget_type=\"image.default\">\n\t\t\t\t<div class=\"elementor-widget-container\">\n\t\t\t\t\t\t\t\t\t\t\t\t\t\t\t<img decoding=\"async\" width=\"725\" height=\"1024\" src=\"https:\/\/keszi.hu\/wp-content\/uploads\/2024\/05\/KESZI-Cookie-Szabalyzat-2022.04.01._Page2-725x1024.jpg\" class=\"attachment-large size-large wp-image-13740\" alt=\"\" srcset=\"https:\/\/keszi.hu\/wp-content\/uploads\/2024\/05\/KESZI-Cookie-Szabalyzat-2022.04.01._Page2-725x1024.jpg 725w, https:\/\/keszi.hu\/wp-content\/uploads\/2024\/05\/KESZI-Cookie-Szabalyzat-2022.04.01._Page2-212x300.jpg 212w, https:\/\/keszi.hu\/wp-content\/uploads\/2024\/05\/KESZI-Cookie-Szabalyzat-2022.04.01._Page2-768x1085.jpg 768w, https:\/\/keszi.hu\/wp-content\/uploads\/2024\/05\/KESZI-Cookie-Szabalyzat-2022.04.01._Page2-600x848.jpg 600w, https:\/\/keszi.hu\/wp-content\/uploads\/2024\/05\/KESZI-Cookie-Szabalyzat-2022.04.01._Page2.jpg 794w\" sizes=\"(max-width: 725px) 100vw, 725px\" \/>\t\t\t\t\t\t\t\t\t\t\t\t\t\t\t<\/div>\n\t\t\t\t<\/div>\n\t\t\t\t<div class=\"elementor-element elementor-element-34492fa elementor-widget elementor-widget-image\" data-id=\"34492fa\" data-element_type=\"widget\" data-e-type=\"widget\" data-widget_type=\"image.default\">\n\t\t\t\t<div class=\"elementor-widget-container\">\n\t\t\t\t\t\t\t\t\t\t\t\t\t\t\t<img decoding=\"async\" width=\"725\" height=\"1024\" src=\"https:\/\/keszi.hu\/wp-content\/uploads\/2024\/05\/KESZI-Cookie-Szabalyzat-2022.04.01._Page3-725x1024.jpg\" class=\"attachment-large size-large wp-image-13743\" alt=\"\" srcset=\"https:\/\/keszi.hu\/wp-content\/uploads\/2024\/05\/KESZI-Cookie-Szabalyzat-2022.04.01._Page3-725x1024.jpg 725w, https:\/\/keszi.hu\/wp-content\/uploads\/2024\/05\/KESZI-Cookie-Szabalyzat-2022.04.01._Page3-212x300.jpg 212w, https:\/\/keszi.hu\/wp-content\/uploads\/2024\/05\/KESZI-Cookie-Szabalyzat-2022.04.01._Page3-768x1085.jpg 768w, https:\/\/keszi.hu\/wp-content\/uploads\/2024\/05\/KESZI-Cookie-Szabalyzat-2022.04.01._Page3-600x848.jpg 600w, https:\/\/keszi.hu\/wp-content\/uploads\/2024\/05\/KESZI-Cookie-Szabalyzat-2022.04.01._Page3.jpg 794w\" sizes=\"(max-width: 725px) 100vw, 725px\" \/>\t\t\t\t\t\t\t\t\t\t\t\t\t\t\t<\/div>\n\t\t\t\t<\/div>\n\t\t\t\t\t<\/div>\n\t\t\t\t<\/div>\n\t\t\t\t<\/div>\n\t\t","protected":false},"excerpt":{"rendered":"<p>\u00c1ltal\u00e1nos Adatkezel\u00e9si \u00c9s Adatbiztons\u00e1gi Szab\u00e1lyzat<\/p>\n","protected":false},"author":1,"featured_media":0,"parent":0,"menu_order":0,"comment_status":"closed","ping_status":"closed","template":"","meta":{"_tbt_post_transparent":"","_tbt_post_title":"","_tbt_post_layout":"","_tbt_post_sidebar_id":"","_tbt_post_content_style":"","_tbt_post_vertical_padding":"","_tbt_post_feature":"","_tbt_post_feature_position":"","_tbt_post_header":false,"_tbt_post_footer":false},"class_list":["post-13727","page","type-page","status-publish","hentry"],"_links":{"self":[{"href":"https:\/\/keszi.hu\/index.php\/wp-json\/wp\/v2\/pages\/13727","targetHints":{"allow":["GET"]}}],"collection":[{"href":"https:\/\/keszi.hu\/index.php\/wp-json\/wp\/v2\/pages"}],"about":[{"href":"https:\/\/keszi.hu\/index.php\/wp-json\/wp\/v2\/types\/page"}],"author":[{"embeddable":true,"href":"https:\/\/keszi.hu\/index.php\/wp-json\/wp\/v2\/users\/1"}],"replies":[{"embeddable":true,"href":"https:\/\/keszi.hu\/index.php\/wp-json\/wp\/v2\/comments?post=13727"}],"version-history":[{"count":7,"href":"https:\/\/keszi.hu\/index.php\/wp-json\/wp\/v2\/pages\/13727\/revisions"}],"predecessor-version":[{"id":13750,"href":"https:\/\/keszi.hu\/index.php\/wp-json\/wp\/v2\/pages\/13727\/revisions\/13750"}],"wp:attachment":[{"href":"https:\/\/keszi.hu\/index.php\/wp-json\/wp\/v2\/media?parent=13727"}],"curies":[{"name":"wp","href":"https:\/\/api.w.org\/{rel}","templated":true}]}}