{"id":13280,"date":"2024-05-08T15:34:14","date_gmt":"2024-05-08T13:34:14","guid":{"rendered":"https:\/\/keszi.hu\/?page_id=13280"},"modified":"2025-01-21T13:24:31","modified_gmt":"2025-01-21T12:24:31","slug":"mosoni-idosek-klubja","status":"publish","type":"page","link":"https:\/\/keszi.hu\/index.php\/mosoni-idosek-klubja\/","title":{"rendered":"Mosoni Id\u0151sek Klubja"},"content":{"rendered":"\t\t<div data-elementor-type=\"wp-page\" data-elementor-id=\"13280\" class=\"elementor elementor-13280\">\n\t\t\t\t\t\t<section class=\"elementor-section elementor-top-section elementor-element elementor-element-f21c524 elementor-section-boxed elementor-section-height-default elementor-section-height-default\" data-id=\"f21c524\" data-element_type=\"section\" data-e-type=\"section\">\n\t\t\t\t\t\t<div class=\"elementor-container elementor-column-gap-default\">\n\t\t\t\t\t<div class=\"elementor-column elementor-col-33 elementor-top-column elementor-element elementor-element-81eadb7\" data-id=\"81eadb7\" data-element_type=\"column\" data-e-type=\"column\">\n\t\t\t<div class=\"elementor-widget-wrap elementor-element-populated\">\n\t\t\t\t\t\t<div class=\"elementor-element elementor-element-6e2011a elementor-widget elementor-widget-image\" data-id=\"6e2011a\" data-element_type=\"widget\" data-e-type=\"widget\" data-widget_type=\"image.default\">\n\t\t\t\t<div class=\"elementor-widget-container\">\n\t\t\t\t\t\t\t\t\t\t\t\t\t\t\t\t<a href=\"http:\/\/keszi.hu\/wp-content\/uploads\/2024\/05\/Mosoni-Idosek-Klubja.jpg\" data-elementor-open-lightbox=\"yes\" data-elementor-lightbox-title=\"Mosoni Id\u0151sek Klubja\" data-e-action-hash=\"#elementor-action%3Aaction%3Dlightbox%26settings%3DeyJpZCI6MTMyODgsInVybCI6Imh0dHBzOlwvXC9rZXN6aS5odVwvd3AtY29udGVudFwvdXBsb2Fkc1wvMjAyNFwvMDVcL01vc29uaS1JZG9zZWstS2x1YmphLmpwZyJ9\">\n\t\t\t\t\t\t\t<img fetchpriority=\"high\" decoding=\"async\" width=\"1113\" height=\"544\" src=\"https:\/\/keszi.hu\/wp-content\/uploads\/2024\/05\/Mosoni-Idosek-Klubja.jpg\" class=\"attachment-full size-full wp-image-13288\" alt=\"\" srcset=\"https:\/\/keszi.hu\/wp-content\/uploads\/2024\/05\/Mosoni-Idosek-Klubja.jpg 1113w, https:\/\/keszi.hu\/wp-content\/uploads\/2024\/05\/Mosoni-Idosek-Klubja-300x147.jpg 300w, https:\/\/keszi.hu\/wp-content\/uploads\/2024\/05\/Mosoni-Idosek-Klubja-1024x500.jpg 1024w, https:\/\/keszi.hu\/wp-content\/uploads\/2024\/05\/Mosoni-Idosek-Klubja-768x375.jpg 768w, https:\/\/keszi.hu\/wp-content\/uploads\/2024\/05\/Mosoni-Idosek-Klubja-600x293.jpg 600w\" sizes=\"(max-width: 1113px) 100vw, 1113px\" \/>\t\t\t\t\t\t\t\t<\/a>\n\t\t\t\t\t\t\t\t\t\t\t\t\t\t\t<\/div>\n\t\t\t\t<\/div>\n\t\t\t\t\t<\/div>\n\t\t<\/div>\n\t\t\t\t<div class=\"elementor-column elementor-col-66 elementor-top-column elementor-element elementor-element-377789e about_cms_block\" data-id=\"377789e\" data-element_type=\"column\" data-e-type=\"column\" data-settings=\"{&quot;background_background&quot;:&quot;classic&quot;}\">\n\t\t\t<div class=\"elementor-widget-wrap elementor-element-populated\">\n\t\t\t\t\t\t<div class=\"elementor-element elementor-element-adc7182 elementor-widget__width-initial elementor-widget elementor-widget-heading\" data-id=\"adc7182\" data-element_type=\"widget\" data-e-type=\"widget\" data-widget_type=\"heading.default\">\n\t\t\t\t<div class=\"elementor-widget-container\">\n\t\t\t\t\t<h2 class=\"elementor-heading-title elementor-size-default\">Mosoni Id\u0151sek Klubja<\/h2>\t\t\t\t<\/div>\n\t\t\t\t<\/div>\n\t\t\t\t<div class=\"elementor-element elementor-element-84fa8b1 elementor-widget__width-initial elementor-widget elementor-widget-text-editor\" data-id=\"84fa8b1\" data-element_type=\"widget\" data-e-type=\"widget\" data-widget_type=\"text-editor.default\">\n\t\t\t\t<div class=\"elementor-widget-container\">\n\t\t\t\t\t\t\t\t\t<p><b>Ter\u00e1pi\u00e1s munkat\u00e1rs: Pacsuta G\u00e1born\u00e9<br>El\u00e9rhet\u0151s\u00e9gek: 06-96\/212-109; +36\/20 564 3330, mosonik@szocmkt.hu<\/b><\/p>\t\t\t\t\t\t\t\t<\/div>\n\t\t\t\t<\/div>\n\t\t\t\t\t<\/div>\n\t\t<\/div>\n\t\t\t\t\t<\/div>\n\t\t<\/section>\n\t\t\t\t<\/div>\n\t\t","protected":false},"excerpt":{"rendered":"<p>Mosoni Id\u0151sek Klubja Ter\u00e1pi\u00e1s munkat\u00e1rs: Pacsuta G\u00e1born\u00e9El\u00e9rhet\u0151s\u00e9gek: 06-96\/212-109; +36\/20 564 3330, mosonik@szocmkt.hu<\/p>\n","protected":false},"author":1,"featured_media":0,"parent":0,"menu_order":0,"comment_status":"closed","ping_status":"closed","template":"","meta":{"_tbt_post_transparent":"","_tbt_post_title":"","_tbt_post_layout":"","_tbt_post_sidebar_id":"","_tbt_post_content_style":"","_tbt_post_vertical_padding":"","_tbt_post_feature":"","_tbt_post_feature_position":"","_tbt_post_header":false,"_tbt_post_footer":false},"class_list":["post-13280","page","type-page","status-publish","hentry"],"_links":{"self":[{"href":"https:\/\/keszi.hu\/index.php\/wp-json\/wp\/v2\/pages\/13280","targetHints":{"allow":["GET"]}}],"collection":[{"href":"https:\/\/keszi.hu\/index.php\/wp-json\/wp\/v2\/pages"}],"about":[{"href":"https:\/\/keszi.hu\/index.php\/wp-json\/wp\/v2\/types\/page"}],"author":[{"embeddable":true,"href":"https:\/\/keszi.hu\/index.php\/wp-json\/wp\/v2\/users\/1"}],"replies":[{"embeddable":true,"href":"https:\/\/keszi.hu\/index.php\/wp-json\/wp\/v2\/comments?post=13280"}],"version-history":[{"count":13,"href":"https:\/\/keszi.hu\/index.php\/wp-json\/wp\/v2\/pages\/13280\/revisions"}],"predecessor-version":[{"id":14952,"href":"https:\/\/keszi.hu\/index.php\/wp-json\/wp\/v2\/pages\/13280\/revisions\/14952"}],"wp:attachment":[{"href":"https:\/\/keszi.hu\/index.php\/wp-json\/wp\/v2\/media?parent=13280"}],"curies":[{"name":"wp","href":"https:\/\/api.w.org\/{rel}","templated":true}]}}