{"id":13239,"date":"2024-05-08T14:13:54","date_gmt":"2024-05-08T12:13:54","guid":{"rendered":"https:\/\/keszi.hu\/?page_id=13239"},"modified":"2024-11-14T14:09:53","modified_gmt":"2024-11-14T13:09:53","slug":"alapszolgaltatasi-centrum","status":"publish","type":"page","link":"https:\/\/keszi.hu\/index.php\/alapszolgaltatasi-centrum\/","title":{"rendered":"Alapszolg\u00e1ltat\u00e1si Centrum"},"content":{"rendered":"\t\t<div data-elementor-type=\"wp-page\" data-elementor-id=\"13239\" class=\"elementor elementor-13239\">\n\t\t\t\t\t\t<section class=\"elementor-section elementor-top-section elementor-element elementor-element-f21c524 elementor-section-boxed elementor-section-height-default elementor-section-height-default\" data-id=\"f21c524\" data-element_type=\"section\" data-e-type=\"section\">\n\t\t\t\t\t\t<div class=\"elementor-container elementor-column-gap-default\">\n\t\t\t\t\t<div class=\"elementor-column elementor-col-33 elementor-top-column elementor-element elementor-element-81eadb7\" data-id=\"81eadb7\" data-element_type=\"column\" data-e-type=\"column\">\n\t\t\t<div class=\"elementor-widget-wrap elementor-element-populated\">\n\t\t\t\t\t\t<div class=\"elementor-element elementor-element-6e2011a elementor-widget elementor-widget-image\" data-id=\"6e2011a\" data-element_type=\"widget\" data-e-type=\"widget\" data-widget_type=\"image.default\">\n\t\t\t\t<div class=\"elementor-widget-container\">\n\t\t\t\t\t\t\t\t\t\t\t\t\t\t\t\t<a href=\"http:\/\/keszi.hu\/wp-content\/uploads\/2024\/05\/Alapszolgaltatasi-Centrum.jpg\" data-elementor-open-lightbox=\"yes\" data-elementor-lightbox-title=\"Alapszolg\u00e1ltat\u00e1si Centrum\" data-e-action-hash=\"#elementor-action%3Aaction%3Dlightbox%26settings%3DeyJpZCI6MTMyNDEsInVybCI6Imh0dHBzOlwvXC9rZXN6aS5odVwvd3AtY29udGVudFwvdXBsb2Fkc1wvMjAyNFwvMDVcL0FsYXBzem9sZ2FsdGF0YXNpLUNlbnRydW0uanBnIn0%3D\">\n\t\t\t\t\t\t\t<img fetchpriority=\"high\" decoding=\"async\" width=\"1113\" height=\"742\" src=\"https:\/\/keszi.hu\/wp-content\/uploads\/2024\/05\/Alapszolgaltatasi-Centrum.jpg\" class=\"attachment-full size-full wp-image-13241\" alt=\"\" srcset=\"https:\/\/keszi.hu\/wp-content\/uploads\/2024\/05\/Alapszolgaltatasi-Centrum.jpg 1113w, https:\/\/keszi.hu\/wp-content\/uploads\/2024\/05\/Alapszolgaltatasi-Centrum-300x200.jpg 300w, https:\/\/keszi.hu\/wp-content\/uploads\/2024\/05\/Alapszolgaltatasi-Centrum-1024x683.jpg 1024w, https:\/\/keszi.hu\/wp-content\/uploads\/2024\/05\/Alapszolgaltatasi-Centrum-768x512.jpg 768w, https:\/\/keszi.hu\/wp-content\/uploads\/2024\/05\/Alapszolgaltatasi-Centrum-600x400.jpg 600w\" sizes=\"(max-width: 1113px) 100vw, 1113px\" \/>\t\t\t\t\t\t\t\t<\/a>\n\t\t\t\t\t\t\t\t\t\t\t\t\t\t\t<\/div>\n\t\t\t\t<\/div>\n\t\t\t\t\t<\/div>\n\t\t<\/div>\n\t\t\t\t<div class=\"elementor-column elementor-col-66 elementor-top-column elementor-element elementor-element-377789e about_cms_block\" data-id=\"377789e\" data-element_type=\"column\" data-e-type=\"column\" data-settings=\"{&quot;background_background&quot;:&quot;classic&quot;}\">\n\t\t\t<div class=\"elementor-widget-wrap elementor-element-populated\">\n\t\t\t\t\t\t<div class=\"elementor-element elementor-element-adc7182 elementor-widget__width-initial elementor-widget elementor-widget-heading\" data-id=\"adc7182\" data-element_type=\"widget\" data-e-type=\"widget\" data-widget_type=\"heading.default\">\n\t\t\t\t<div class=\"elementor-widget-container\">\n\t\t\t\t\t<h2 class=\"elementor-heading-title elementor-size-default\">Alapszolg\u00e1ltat\u00e1si Centrum <\/h2>\t\t\t\t<\/div>\n\t\t\t\t<\/div>\n\t\t\t\t<div class=\"elementor-element elementor-element-84fa8b1 elementor-widget__width-initial elementor-widget elementor-widget-text-editor\" data-id=\"84fa8b1\" data-element_type=\"widget\" data-e-type=\"widget\" data-widget_type=\"text-editor.default\">\n\t\t\t\t<div class=\"elementor-widget-container\">\n\t\t\t\t\t\t\t\t\t<h5><span style=\"color: #878787; font-family: Arial, Helvetica, sans-serif; font-size: 13px; letter-spacing: normal;\">Szakmai vezet\u0151: Baranyain\u00e9 T\u00f3th \u00c1gnes<\/span><br style=\"color: #878787; font-family: Arial, Helvetica, sans-serif; font-size: 13px; letter-spacing: normal; margin: 0px; padding: 0px; list-style: none;\"><span style=\"color: #878787; font-family: Arial, Helvetica, sans-serif; font-size: 13px; letter-spacing: normal;\">El\u00e9rhet\u0151s\u00e9gek: +36\/20 40 600 60 alapszolgaltatas@szocmkt.hu<\/span><br style=\"color: #878787; font-family: Arial, Helvetica, sans-serif; font-size: 13px; letter-spacing: normal;\"><span style=\"color: #878787; font-family: Arial, Helvetica, sans-serif; font-size: 13px; letter-spacing: normal;\">Iroda: 06-96\/206-041 alapsziroda@szocmkt.hu<\/span><\/h5>\t\t\t\t\t\t\t\t<\/div>\n\t\t\t\t<\/div>\n\t\t\t\t\t<\/div>\n\t\t<\/div>\n\t\t\t\t\t<\/div>\n\t\t<\/section>\n\t\t\t\t<\/div>\n\t\t","protected":false},"excerpt":{"rendered":"<p>Alapszolg\u00e1ltat\u00e1si Centrum Szakmai vezet\u0151: Baranyain\u00e9 T\u00f3th \u00c1gnesEl\u00e9rhet\u0151s\u00e9gek: +36\/20 40 600 60 alapszolgaltatas@szocmkt.huIroda: 06-96\/206-041 alapsziroda@szocmkt.hu<\/p>\n","protected":false},"author":1,"featured_media":0,"parent":0,"menu_order":0,"comment_status":"closed","ping_status":"closed","template":"","meta":{"_tbt_post_transparent":"","_tbt_post_title":"","_tbt_post_layout":"","_tbt_post_sidebar_id":"","_tbt_post_content_style":"","_tbt_post_vertical_padding":"","_tbt_post_feature":"","_tbt_post_feature_position":"","_tbt_post_header":false,"_tbt_post_footer":false},"class_list":["post-13239","page","type-page","status-publish","hentry"],"_links":{"self":[{"href":"https:\/\/keszi.hu\/index.php\/wp-json\/wp\/v2\/pages\/13239","targetHints":{"allow":["GET"]}}],"collection":[{"href":"https:\/\/keszi.hu\/index.php\/wp-json\/wp\/v2\/pages"}],"about":[{"href":"https:\/\/keszi.hu\/index.php\/wp-json\/wp\/v2\/types\/page"}],"author":[{"embeddable":true,"href":"https:\/\/keszi.hu\/index.php\/wp-json\/wp\/v2\/users\/1"}],"replies":[{"embeddable":true,"href":"https:\/\/keszi.hu\/index.php\/wp-json\/wp\/v2\/comments?post=13239"}],"version-history":[{"count":13,"href":"https:\/\/keszi.hu\/index.php\/wp-json\/wp\/v2\/pages\/13239\/revisions"}],"predecessor-version":[{"id":14905,"href":"https:\/\/keszi.hu\/index.php\/wp-json\/wp\/v2\/pages\/13239\/revisions\/14905"}],"wp:attachment":[{"href":"https:\/\/keszi.hu\/index.php\/wp-json\/wp\/v2\/media?parent=13239"}],"curies":[{"name":"wp","href":"https:\/\/api.w.org\/{rel}","templated":true}]}}