{"id":13043,"date":"2024-05-08T09:41:43","date_gmt":"2024-05-08T07:41:43","guid":{"rendered":"https:\/\/keszi.hu\/?page_id=13043"},"modified":"2026-03-24T11:53:44","modified_gmt":"2026-03-24T10:53:44","slug":"latogatasi-rend","status":"publish","type":"page","link":"https:\/\/keszi.hu\/index.php\/latogatasi-rend\/","title":{"rendered":"L\u00e1togat\u00e1si rend"},"content":{"rendered":"\t\t<div data-elementor-type=\"wp-page\" data-elementor-id=\"13043\" class=\"elementor elementor-13043\">\n\t\t\t\t\t\t<section class=\"elementor-section elementor-top-section elementor-element elementor-element-abd6d36 elementor-section-full_width elementor-section-height-default elementor-section-height-default\" data-id=\"abd6d36\" data-element_type=\"section\" data-e-type=\"section\">\n\t\t\t\t\t\t<div class=\"elementor-container elementor-column-gap-default\">\n\t\t\t\t\t<div class=\"elementor-column elementor-col-100 elementor-top-column elementor-element elementor-element-7f9c7ff\" data-id=\"7f9c7ff\" data-element_type=\"column\" data-e-type=\"column\">\n\t\t\t<div class=\"elementor-widget-wrap elementor-element-populated\">\n\t\t\t\t\t\t<div class=\"elementor-element elementor-element-9c9198f elementor-widget elementor-widget-heading\" data-id=\"9c9198f\" data-element_type=\"widget\" data-e-type=\"widget\" data-widget_type=\"heading.default\">\n\t\t\t\t<div class=\"elementor-widget-container\">\n\t\t\t\t\t<h2 class=\"elementor-heading-title elementor-size-default\">A l\u00e1togat\u00f3k fogad\u00e1s\u00e1nak rendje id\u0151sotthonainkban<\/h2>\t\t\t\t<\/div>\n\t\t\t\t<\/div>\n\t\t\t\t\t<\/div>\n\t\t<\/div>\n\t\t\t\t\t<\/div>\n\t\t<\/section>\n\t\t<div class=\"elementor-element elementor-element-f0f7022 e-flex e-con-boxed e-con e-parent\" data-id=\"f0f7022\" data-element_type=\"container\" data-e-type=\"container\">\n\t\t\t\t\t<div class=\"e-con-inner\">\n\t\t\t\t<div class=\"elementor-element elementor-element-e3649c6 elementor-widget elementor-widget-text-editor\" data-id=\"e3649c6\" data-element_type=\"widget\" data-e-type=\"widget\" data-widget_type=\"text-editor.default\">\n\t\t\t\t<div class=\"elementor-widget-container\">\n\t\t\t\t\t\t\t\t\t<p><strong>L\u00e1togat\u00e1si inform\u00e1ci\u00f3<\/strong><\/p><p>Az int\u00e9zm\u00e9nyt meghat\u00e1rozott id\u0151ben l\u00e1togathatj\u00e1k a csal\u00e1dtagok \u00e9s hozz\u00e1tartoz\u00f3k. A l\u00e1togat\u00e1s id\u0151pontjai igazodnak az int\u00e9zm\u00e9nyben foly\u00f3 \u00e1pol\u00e1si, gondoz\u00e1si folyamatok munkarendj\u00e9hez, a takar\u00edt\u00e1si feladatok, az ell\u00e1tottak szem\u00e9lyis\u00e9gi jogainak v\u00e9delm\u00e9hez, pihen\u00e9shez val\u00f3 jog\u00e1hoz. Fontos magatart\u00e1si szab\u00e1ly: a kommunik\u00e1ci\u00f3 \u00e9s a viselked\u00e9s az elv\u00e1rhat\u00f3 tiszteletet \u00e9s emberi m\u00e9lt\u00f3s\u00e1g megtart\u00e1s\u00e1val t\u00f6rt\u00e9nik, figyelembe v\u00e9ve az egy\u00fctt\u00e9l\u00e9s szab\u00e1lyait, ezt a koll\u00e9g\u00e1kt\u00f3l \u00e9s a l\u00e1togat\u00f3kt\u00f3l is elv\u00e1rjuk.\u00a0<\/p><table><tbody><tr><td width=\"604\"><p><strong>\u00a0<\/strong><\/p><p><strong>L\u00c1TOGAT\u00c1SI REND:<\/strong><\/p><p><strong>H\u00c9TF\u0150 &#8211; P\u00c9NTEK<br \/>8:00 &#8211; 18:00<\/strong><\/p><p><strong>H\u00c9TV\u00c9G\u00c9N<br \/>9:00 &#8211; 17:00<\/strong><\/p><\/td><\/tr><\/tbody><\/table><p>Az ett\u0151l elt\u00e9r\u0151 l\u00e1togat\u00e1si ig\u00e9nyt a ment\u00e1lhigi\u00e9n\u00e9s koll\u00e9g\u00e1knak vagy az eg\u00e9szs\u00e9g\u00fcgyi csoportvezet\u0151knek kell jelezni.<\/p>\t\t\t\t\t\t\t\t<\/div>\n\t\t\t\t<\/div>\n\t\t\t\t\t<\/div>\n\t\t\t\t<\/div>\n\t\t\t\t<\/div>\n\t\t","protected":false},"excerpt":{"rendered":"<p>A l\u00e1togat\u00f3k fogad\u00e1s\u00e1nak rendje id\u0151sotthonainkban L\u00e1togat\u00e1si inform\u00e1ci\u00f3 Az int\u00e9zm\u00e9nyt meghat\u00e1rozott id\u0151ben l\u00e1togathatj\u00e1k a csal\u00e1dtagok \u00e9s hozz\u00e1tartoz\u00f3k. A l\u00e1togat\u00e1s id\u0151pontjai igazodnak az int\u00e9zm\u00e9nyben foly\u00f3 \u00e1pol\u00e1si, gondoz\u00e1si folyamatok munkarendj\u00e9hez, a takar\u00edt\u00e1si feladatok, az ell\u00e1tottak szem\u00e9lyis\u00e9gi jogainak v\u00e9delm\u00e9hez, pihen\u00e9shez val\u00f3 jog\u00e1hoz. Fontos magatart\u00e1si szab\u00e1ly: a kommunik\u00e1ci\u00f3 \u00e9s a viselked\u00e9s az elv\u00e1rhat\u00f3 tiszteletet \u00e9s emberi m\u00e9lt\u00f3s\u00e1g megtart\u00e1s\u00e1val t\u00f6rt\u00e9nik, figyelembe&#8230;<\/p>\n","protected":false},"author":1,"featured_media":0,"parent":0,"menu_order":0,"comment_status":"closed","ping_status":"closed","template":"","meta":{"_tbt_post_transparent":"","_tbt_post_title":"","_tbt_post_layout":"","_tbt_post_sidebar_id":"","_tbt_post_content_style":"","_tbt_post_vertical_padding":"","_tbt_post_feature":"","_tbt_post_feature_position":"","_tbt_post_header":false,"_tbt_post_footer":false},"class_list":["post-13043","page","type-page","status-publish","hentry"],"_links":{"self":[{"href":"https:\/\/keszi.hu\/index.php\/wp-json\/wp\/v2\/pages\/13043","targetHints":{"allow":["GET"]}}],"collection":[{"href":"https:\/\/keszi.hu\/index.php\/wp-json\/wp\/v2\/pages"}],"about":[{"href":"https:\/\/keszi.hu\/index.php\/wp-json\/wp\/v2\/types\/page"}],"author":[{"embeddable":true,"href":"https:\/\/keszi.hu\/index.php\/wp-json\/wp\/v2\/users\/1"}],"replies":[{"embeddable":true,"href":"https:\/\/keszi.hu\/index.php\/wp-json\/wp\/v2\/comments?post=13043"}],"version-history":[{"count":16,"href":"https:\/\/keszi.hu\/index.php\/wp-json\/wp\/v2\/pages\/13043\/revisions"}],"predecessor-version":[{"id":15419,"href":"https:\/\/keszi.hu\/index.php\/wp-json\/wp\/v2\/pages\/13043\/revisions\/15419"}],"wp:attachment":[{"href":"https:\/\/keszi.hu\/index.php\/wp-json\/wp\/v2\/media?parent=13043"}],"curies":[{"name":"wp","href":"https:\/\/api.w.org\/{rel}","templated":true}]}}