{"id":12838,"date":"2024-05-03T15:06:12","date_gmt":"2024-05-03T13:06:12","guid":{"rendered":"https:\/\/keszi.hu\/?page_id=12838"},"modified":"2025-01-27T12:15:57","modified_gmt":"2025-01-27T11:15:57","slug":"hazi-segitsegnyujtas-igenyles","status":"publish","type":"page","link":"https:\/\/keszi.hu\/index.php\/hazi-segitsegnyujtas-igenyles\/","title":{"rendered":"H\u00e1zi seg\u00edts\u00e9gny\u00fajt\u00e1s ig\u00e9nyl\u00e9s"},"content":{"rendered":"\t\t<div data-elementor-type=\"wp-page\" data-elementor-id=\"12838\" class=\"elementor elementor-12838\">\n\t\t\t\t\t\t<section class=\"elementor-section elementor-top-section elementor-element elementor-element-8a043ee elementor-section-full_width elementor-section-height-default elementor-section-height-default\" data-id=\"8a043ee\" data-element_type=\"section\" data-e-type=\"section\">\n\t\t\t\t\t\t<div class=\"elementor-container elementor-column-gap-default\">\n\t\t\t\t\t<div class=\"elementor-column elementor-col-100 elementor-top-column elementor-element elementor-element-e2b040d about_cms_block\" data-id=\"e2b040d\" data-element_type=\"column\" data-e-type=\"column\" data-settings=\"{&quot;background_background&quot;:&quot;classic&quot;}\">\n\t\t\t<div class=\"elementor-widget-wrap elementor-element-populated\">\n\t\t\t\t\t\t<div class=\"elementor-element elementor-element-5f7ccfc elementor-widget elementor-widget-heading\" data-id=\"5f7ccfc\" data-element_type=\"widget\" data-e-type=\"widget\" data-widget_type=\"heading.default\">\n\t\t\t\t<div class=\"elementor-widget-container\">\n\t\t\t\t\t<h2 class=\"elementor-heading-title elementor-size-default\">H\u00e1zi seg\u00edts\u00e9gny\u00fajt\u00e1s<\/h2>\t\t\t\t<\/div>\n\t\t\t\t<\/div>\n\t\t\t\t<div class=\"elementor-element elementor-element-276d724 elementor-widget__width-initial elementor-widget elementor-widget-text-editor\" data-id=\"276d724\" data-element_type=\"widget\" data-e-type=\"widget\" data-widget_type=\"text-editor.default\">\n\t\t\t\t<div class=\"elementor-widget-container\">\n\t\t\t\t\t\t\t\t\t<p>A szoci\u00e1lis ell\u00e1t\u00e1sok ig\u00e9nybev\u00e9tele \u00f6nk\u00e9ntes az ell\u00e1t\u00e1st ig\u00e9nyl\u0151, illetve t\u00f6rv\u00e9nyes k\u00e9pvisel\u0151je (gondok) sz\u00f3beli vagy \u00edr\u00e1sbeli k\u00e9relm\u00e9re, ind\u00edtv\u00e1ny\u00e1ra t\u00f6rt\u00e9nik.<\/p><p>A k\u00e9relem adatlapot az ell\u00e1t\u00e1st ig\u00e9nyl\u0151 szem\u00e9lynek kell al\u00e1\u00edrnia,\u00a0(illetve t\u00f6rv\u00e9nyes k\u00e9pvisel\u0151j\u00e9nek, amennyiben ell\u00e1t\u00e1st ig\u00e9nyl\u0151 cselekv\u0151k\u00e9pess\u00e9get teljesen korl\u00e1toz\u00f3 gondnoks\u00e1g alatt \u00e1ll, vagy r\u00e9szlegesen korl\u00e1toz\u00f3 gondnoks\u00e1g eset\u00e9n, amennyiben ebben az \u00fcgycsoportban korl\u00e1tozva van). A gondnoks\u00e1got igazol\u00f3 gy\u00e1mhat\u00f3s\u00e1gi hat\u00e1rozatot a k\u00e9relemhez be kell csatolni.<\/p><p>Mell\u00e9kelni kell az adott \u00e9vre \u00e9rv\u00e9nyes j\u00f6vedelmet igazol\u00f3 dokumentum m\u00e1solat\u00e1t.<\/p><p>Az Eg\u00e9szs\u00e9gi \u00e1llapotra vonatkoz\u00f3 igazol\u00e1st a h\u00e1zi orvos vagy kezel\u0151 orvos t\u00f6lti ki.<\/p><p>H\u00e1zi seg\u00edts\u00e9gny\u00fajt\u00e1s ig\u00e9nybev\u00e9tel\u00e9t megel\u0151z\u0151en vizsg\u00e1lni kell a gondoz\u00e1si sz\u00fcks\u00e9gletet aszerint, hogy az ell\u00e1t\u00e1st ig\u00e9nyl\u0151 eset\u00e9ben szoci\u00e1lis seg\u00edt\u00e9s vagy szem\u00e9lyi gondoz\u00e1s indokolt. A gondoz\u00e1si sz\u00fcks\u00e9gletvizsg\u00e1lat a 36\/2007. (XII. 22.) SZMM rendelet szerinti \u00c9rt\u00e9kel\u0151 adatlapon t\u00f6rt\u00e9nik, melyet a k\u00e9relem Eg\u00e9szs\u00e9gi \u00e1llapotra vonatkoz\u00f3 igazol\u00e1s\u00e1val egy\u00fctt a h\u00e1ziorvossal vagy kezel\u0151orvossal a r\u00e1 vonatkoz\u00f3 szakk\u00e9rd\u00e9sek tekintet\u00e9ben ki kell t\u00f6ltetni.<\/p><p>A kit\u00f6lt\u00f6tt k\u00e9relmet postai \u00faton, szem\u00e9lyesen, vagy elektronikusan az\u00a0<strong>Alapszolg\u00e1ltat\u00e1si Centrum<\/strong><\/p><p>c\u00edm: 9200 Mosonmagyar\u00f3v\u00e1r, Zichy Mih\u00e1ly u. 5.<br \/>Telefon: 96\/206-041 vagy + 36\/20\/851-2781<br \/>e-mail: <a href=\"mailto:alapsziroda@szocmkt.hu\">alapsziroda@szocmkt.hu<\/a> &#8211; lehet beny\u00fajtani.<\/p><p><strong><u>\u00dcgyf\u00e9lfogad\u00e1si Id\u0151:<\/u><\/strong><\/p><p><strong>H\u00e9tf\u0151 \u2013 Cs\u00fct\u00f6rt\u00f6k 8,00 \u2013 15, 00 \u00f3r\u00e1ig<\/strong><\/p><p><strong>P\u00e9nteken: 8,00 -13,00 \u00f3r\u00e1ig<\/strong><\/p><p><strong>\u00a0<\/strong>A be\u00e9rkezett k\u00e9relmeket a szakmai vezet\u0151 el\u0151gondoz\u00e1st k\u00f6vet\u0151en elb\u00edr\u00e1lja majd, a be\u00e9rkez\u00e9sek sorrendj\u00e9ben az int\u00e9zm\u00e9ny azt nyilv\u00e1ntart\u00e1sba veszi \u00e9s a kapacit\u00e1sok f\u00fcggv\u00e9ny\u00e9ben indulhat a szolg\u00e1ltat\u00e1s ny\u00fajt\u00e1sa, azt megel\u0151z\u0151en a k\u00e9relmez\u0151vel az int\u00e9zm\u00e9ny meg\u00e1llapod\u00e1st k\u00f6t. Amennyiben a k\u00e9relem elutas\u00edt\u00e1sra ker\u00fcl, azt \u00edr\u00e1sban, indokl\u00e1ssal kell a szolg\u00e1ltat\u00f3nak megtenni.<\/p>\t\t\t\t\t\t\t\t<\/div>\n\t\t\t\t<\/div>\n\t\t\t\t<div class=\"elementor-element elementor-element-610057c elementor-widget elementor-widget-text-editor\" data-id=\"610057c\" data-element_type=\"widget\" data-e-type=\"widget\" data-widget_type=\"text-editor.default\">\n\t\t\t\t<div class=\"elementor-widget-container\">\n\t\t\t\t\t\t\t\t\t<p>A h\u00e1zi seg\u00edts\u00e9gny\u00fajt\u00e1s sor\u00e1n az ig\u00e9nybe vev\u0151 \u00f6n\u00e1ll\u00f3 \u00e9letvitel\u00e9nek fenntart\u00e1sa \u00e9rdek\u00e9ben sz\u00fcks\u00e9ges ell\u00e1t\u00e1st \u2013sz\u00fcks\u00e9gleteinek megfelel\u0151en &#8211; lak\u00e1s\u00e1n, lak\u00f3k\u00f6rnyezet\u00e9ben biztos\u00edtjuk.<\/p>\n<p>A h\u00e1zi seg\u00edts\u00e9gny\u00fajt\u00e1sban dolgoz\u00f3 gondoz\u00f3 feladata ell\u00e1t\u00e1sa sor\u00e1n seg\u00edts\u00e9get ny\u00fajt ahhoz, hogy az ell\u00e1t\u00e1st ig\u00e9nybe vev\u0151 fizikai, ment\u00e1lis, szoci\u00e1lis sz\u00fcks\u00e9glete <strong>saj\u00e1t k\u00f6rnyezet\u00e9ben<\/strong>, az \u00e9letkor\u00e1nak, \u00e9lethelyzet\u00e9nek \u00e9s eg\u00e9szs\u00e9gi \u00e1llapot\u00e1nak megfelel\u0151en, a megl\u00e9v\u0151 k\u00e9pess\u00e9geinek fenntart\u00e1s\u00e1val, felhaszn\u00e1l\u00e1s\u00e1val, fejleszt\u00e9s\u00e9vel biztos\u00edtott legyen.<\/p>\n<p>A gondoz\u00f3k <strong>h\u00e9tf\u0151t\u0151l &#8211; p\u00e9ntekig 0<\/strong><strong>7<\/strong><strong>:<\/strong><strong>3<\/strong><strong>0 &#8211; 1<\/strong><strong>5<\/strong><strong>:<\/strong><strong>5<\/strong><strong>0 k\u00f6z\u00f6tt<\/strong> l\u00e1togatj\u00e1k meg otthonukban a gondoz\u00e1st ig\u00e9nybe vev\u0151ket. A szem\u00e9lyes tal\u00e1lkoz\u00e1sok s\u0171r\u0171s\u00e9ge illetve id\u0151tartama a k\u00e9relmez\u0151 \u00e1llapot\u00e1t\u00f3l f\u00fcgg. A szolg\u00e1ltat\u00e1s sor\u00e1n alap\u00e1pol\u00e1si feladatokat v\u00e9gz\u00fcnk.<\/p>\n<p>Az ell\u00e1t\u00e1s t\u00e9r\u00edt\u00e9si d\u00edj k\u00f6teles, melynek m\u00e9rt\u00e9ke az ell\u00e1tott j\u00f6vedelm\u00e9t\u0151l \u00e9s a gondoz\u00e1si \u00f3r\u00e1k mennyis\u00e9g\u00e9t\u0151l f\u00fcgg.<\/p>\n<p>Az al\u00e1bbi telep\u00fcl\u00e9seken \u00e9rhet\u0151 el a szolg\u00e1ltat\u00e1s<\/p>\n<p>H\u00e1zi seg\u00edts\u00e9gny\u00fajt\u00e1s \u2013 \u00c1sv\u00e1nyr\u00e1r\u00f3, Bezenye, Darn\u00f3zseli, Dunakiliti, Dunaremete, Dunasziget, Feketeerd\u0151, Hal\u00e1szi, Hegyeshalom, H\u00e9derv\u00e1r, J\u00e1nossomorja, K\u00e1rolyh\u00e1za, Kimle, Kisbodak, Lev\u00e9l, L\u00e9b\u00e9ny, Lip\u00f3t, M\u00e1riak\u00e1lnok, Mecs\u00e9r, Mosonmagyar\u00f3v\u00e1r, Mosonszentmikl\u00f3s, Mosonszolnok, Mosonudvar, P\u00fcski, Rajka, \u00dajr\u00f3naf\u0151, V\u00e1rbalog<\/p>\t\t\t\t\t\t\t\t<\/div>\n\t\t\t\t<\/div>\n\t\t\t\t<div class=\"elementor-element elementor-element-56a9637 elementor-widget__width-initial elementor-widget elementor-widget-text-editor\" data-id=\"56a9637\" data-element_type=\"widget\" data-e-type=\"widget\" data-widget_type=\"text-editor.default\">\n\t\t\t\t<div class=\"elementor-widget-container\">\n\t\t\t\t\t\t\t\t\t<p><span style=\"color: var( --e-global-color-text ); font-family: var( --e-global-typography-text-font-family ), Sans-serif; font-weight: var( --e-global-typography-text-font-weight ); background-color: transparent;\">\u00a0<\/span><span style=\"background-color: transparent; color: var( --e-global-color-text ); font-family: var( --e-global-typography-text-font-family ), Sans-serif; font-weight: var( --e-global-typography-text-font-weight );\">A szolg\u00e1ltat\u00e1s\u00e9rt t\u00e9r\u00edt\u00e9si d\u00edjat kell fizetni, mely att\u00f3l f\u00fcgg, hogy az ig\u00e9nybevev\u0151nek mekkora j\u00f6vedelme van.<\/span><\/p><p><strong>\u00a0<\/strong><strong>H\u00c1ZI SEG\u00cdTS\u00c9GNY\u00daJT\u00c1S <\/strong><\/p><table><tbody><tr><td width=\"321\"><p>\u00a0<strong>j\u00f6vedelmi kateg\u00f3ria<\/strong><\/p><\/td><td width=\"321\"><p>\u00a0<strong>fizetend\u0151 t\u00e9r\u00edt\u00e9si d\u00edj Ft\/\u00f3ra szem\u00e9lyi gondoz\u00e1s\/seg\u00edt\u00e9s <\/strong><\/p><\/td><\/tr><tr><td width=\"321\"><p>\u00a00 Ft<\/p><\/td><td width=\"321\"><p>\u00a0<strong>0 Ft <\/strong><\/p><\/td><\/tr><tr><td width=\"321\"><p>\u00a01 Ft \u2013 35.625 Ft<\/p><\/td><td width=\"321\"><p>\u00a0<strong>150 Ft <\/strong><\/p><\/td><\/tr><tr><td width=\"321\"><p>\u00a035.626 Ft \u2013 42.750 Ft<\/p><\/td><td width=\"321\"><p>\u00a0<strong>200 Ft <\/strong><\/p><\/td><\/tr><tr><td width=\"321\"><p>\u00a042.751 Ft \u2013 57.000 Ft<\/p><\/td><td width=\"321\"><p>\u00a0<strong>320 Ft <\/strong><\/p><\/td><\/tr><tr><td width=\"321\"><p>\u00a057.001 Ft \u2013 71.250 Ft<\/p><\/td><td width=\"321\"><p>\u00a0<strong>420 Ft <\/strong><\/p><\/td><\/tr><tr><td width=\"321\"><p>\u00a071.251 Ft \u2013 85.500 Ft<\/p><\/td><td width=\"321\"><p>\u00a0<strong>520 Ft <\/strong><\/p><\/td><\/tr><tr><td width=\"321\"><p>\u00a085.501 Ft \u2013 99.750 Ft<\/p><\/td><td width=\"321\"><p>\u00a0<strong>620 Ft <\/strong><\/p><\/td><\/tr><tr><td width=\"321\"><p>\u00a099.751 Ft \u2013 114.000 Ft<\/p><\/td><td width=\"321\"><p>\u00a0<strong>720 Ft <\/strong><\/p><\/td><\/tr><tr><td width=\"321\"><p>\u00a0114.001 Ft \u2013 128.250 Ft<\/p><\/td><td width=\"321\"><p>\u00a0<strong>820 Ft <\/strong><\/p><\/td><\/tr><tr><td width=\"321\"><p>\u00a0128.251 Ft \u2013 142.500 Ft<\/p><\/td><td width=\"321\"><p>\u00a0<strong>920 Ft <\/strong><\/p><\/td><\/tr><tr><td width=\"321\"><p>\u00a0142.501 Ft \u2013 156.750 Ft<\/p><\/td><td width=\"321\"><p>\u00a0<strong>1.000 Ft <\/strong><\/p><\/td><\/tr><tr><td width=\"321\"><p>\u00a0156.751 Ft \u2013 171.000 Ft<\/p><\/td><td width=\"321\"><p>\u00a0<strong>1.200 Ft <\/strong><\/p><\/td><\/tr><tr><td width=\"321\"><p>\u00a0171.001 Ft \u2013 213.750 Ft<\/p><\/td><td width=\"321\"><p>\u00a0<strong>1.500 Ft <\/strong><\/p><\/td><\/tr><tr><td width=\"321\"><p>\u00a0213.751 Ft \u2013 256.500 Ft<\/p><\/td><td width=\"321\"><p>\u00a0<strong>1.700 Ft <\/strong><\/p><\/td><\/tr><tr><td width=\"321\"><p>256.501 Ft &#8211; felett<\/p><\/td><td width=\"321\"><p><strong>1.900 Ft<\/strong><\/p><\/td><\/tr><\/tbody><\/table>\t\t\t\t\t\t\t\t<\/div>\n\t\t\t\t<\/div>\n\t\t\t\t<div class=\"elementor-element elementor-element-947212a elementor-button-warning elementor-align-center elementor-widget elementor-widget-button\" data-id=\"947212a\" data-element_type=\"widget\" data-e-type=\"widget\" data-widget_type=\"button.default\">\n\t\t\t\t<div class=\"elementor-widget-container\">\n\t\t\t\t\t\t\t\t\t<div class=\"elementor-button-wrapper\">\n\t\t\t\t\t<a class=\"elementor-button elementor-button-link elementor-size-sm\" href=\"http:\/\/keszi.hu\/wp-content\/uploads\/2024\/05\/Kerelem-hazi-segitsegnyujtas.pdf\" target=\"_blank\">\n\t\t\t\t\t\t<span class=\"elementor-button-content-wrapper\">\n\t\t\t\t\t\t\t\t\t<span class=\"elementor-button-text\">K\u00e9relem let\u00f6lt\u00e9se<\/span>\n\t\t\t\t\t<\/span>\n\t\t\t\t\t<\/a>\n\t\t\t\t<\/div>\n\t\t\t\t\t\t\t\t<\/div>\n\t\t\t\t<\/div>\n\t\t\t\t\t<\/div>\n\t\t<\/div>\n\t\t\t\t\t<\/div>\n\t\t<\/section>\n\t\t\t\t<\/div>\n\t\t","protected":false},"excerpt":{"rendered":"<p>H\u00e1zi seg\u00edts\u00e9gny\u00fajt\u00e1s A szoci\u00e1lis ell\u00e1t\u00e1sok ig\u00e9nybev\u00e9tele \u00f6nk\u00e9ntes az ell\u00e1t\u00e1st ig\u00e9nyl\u0151, illetve t\u00f6rv\u00e9nyes k\u00e9pvisel\u0151je (gondok) sz\u00f3beli vagy \u00edr\u00e1sbeli k\u00e9relm\u00e9re, ind\u00edtv\u00e1ny\u00e1ra t\u00f6rt\u00e9nik. A k\u00e9relem adatlapot az ell\u00e1t\u00e1st ig\u00e9nyl\u0151 szem\u00e9lynek kell al\u00e1\u00edrnia,\u00a0(illetve t\u00f6rv\u00e9nyes k\u00e9pvisel\u0151j\u00e9nek, amennyiben ell\u00e1t\u00e1st ig\u00e9nyl\u0151 cselekv\u0151k\u00e9pess\u00e9get teljesen korl\u00e1toz\u00f3 gondnoks\u00e1g alatt \u00e1ll, vagy r\u00e9szlegesen korl\u00e1toz\u00f3 gondnoks\u00e1g eset\u00e9n, amennyiben ebben az \u00fcgycsoportban korl\u00e1tozva van). A gondnoks\u00e1got igazol\u00f3 gy\u00e1mhat\u00f3s\u00e1gi&#8230;<\/p>\n","protected":false},"author":1,"featured_media":0,"parent":0,"menu_order":0,"comment_status":"closed","ping_status":"closed","template":"","meta":{"_tbt_post_transparent":"","_tbt_post_title":"","_tbt_post_layout":"","_tbt_post_sidebar_id":"","_tbt_post_content_style":"","_tbt_post_vertical_padding":"","_tbt_post_feature":"","_tbt_post_feature_position":"","_tbt_post_header":false,"_tbt_post_footer":false},"class_list":["post-12838","page","type-page","status-publish","hentry"],"_links":{"self":[{"href":"https:\/\/keszi.hu\/index.php\/wp-json\/wp\/v2\/pages\/12838","targetHints":{"allow":["GET"]}}],"collection":[{"href":"https:\/\/keszi.hu\/index.php\/wp-json\/wp\/v2\/pages"}],"about":[{"href":"https:\/\/keszi.hu\/index.php\/wp-json\/wp\/v2\/types\/page"}],"author":[{"embeddable":true,"href":"https:\/\/keszi.hu\/index.php\/wp-json\/wp\/v2\/users\/1"}],"replies":[{"embeddable":true,"href":"https:\/\/keszi.hu\/index.php\/wp-json\/wp\/v2\/comments?post=12838"}],"version-history":[{"count":34,"href":"https:\/\/keszi.hu\/index.php\/wp-json\/wp\/v2\/pages\/12838\/revisions"}],"predecessor-version":[{"id":14965,"href":"https:\/\/keszi.hu\/index.php\/wp-json\/wp\/v2\/pages\/12838\/revisions\/14965"}],"wp:attachment":[{"href":"https:\/\/keszi.hu\/index.php\/wp-json\/wp\/v2\/media?parent=12838"}],"curies":[{"name":"wp","href":"https:\/\/api.w.org\/{rel}","templated":true}]}}