{"id":12830,"date":"2024-05-03T15:02:00","date_gmt":"2024-05-03T13:02:00","guid":{"rendered":"https:\/\/keszi.hu\/?page_id=12830"},"modified":"2024-05-24T17:30:36","modified_gmt":"2024-05-24T15:30:36","slug":"etkeztetes-igenybevetel","status":"publish","type":"page","link":"https:\/\/keszi.hu\/index.php\/etkeztetes-igenybevetel\/","title":{"rendered":"\u00c9TKEZTET\u00c9S IG\u00c9NYBEV\u00c9TEL"},"content":{"rendered":"\t\t<div data-elementor-type=\"wp-page\" data-elementor-id=\"12830\" class=\"elementor elementor-12830\">\n\t\t\t\t\t\t<section class=\"elementor-section elementor-top-section elementor-element elementor-element-8a043ee elementor-section-full_width elementor-section-height-default elementor-section-height-default\" data-id=\"8a043ee\" data-element_type=\"section\" data-e-type=\"section\">\n\t\t\t\t\t\t<div class=\"elementor-container elementor-column-gap-default\">\n\t\t\t\t\t<div class=\"elementor-column elementor-col-100 elementor-top-column elementor-element elementor-element-e2b040d about_cms_block\" data-id=\"e2b040d\" data-element_type=\"column\" data-e-type=\"column\" data-settings=\"{&quot;background_background&quot;:&quot;classic&quot;}\">\n\t\t\t<div class=\"elementor-widget-wrap elementor-element-populated\">\n\t\t\t\t\t\t<div class=\"elementor-element elementor-element-5f7ccfc elementor-widget elementor-widget-heading\" data-id=\"5f7ccfc\" data-element_type=\"widget\" data-e-type=\"widget\" data-widget_type=\"heading.default\">\n\t\t\t\t<div class=\"elementor-widget-container\">\n\t\t\t\t\t<h1 class=\"elementor-heading-title elementor-size-default\">\u00c9tkez\u00e9s ig\u00e9nybev\u00e9tele<\/h1>\t\t\t\t<\/div>\n\t\t\t\t<\/div>\n\t\t\t\t<div class=\"elementor-element elementor-element-a4bc0e9 elementor-widget__width-initial elementor-widget elementor-widget-text-editor\" data-id=\"a4bc0e9\" data-element_type=\"widget\" data-e-type=\"widget\" data-widget_type=\"text-editor.default\">\n\t\t\t\t<div class=\"elementor-widget-container\">\n\t\t\t\t\t\t\t\t\t<p>A szoci\u00e1lis ell\u00e1t\u00e1sok ig\u00e9nybev\u00e9tele \u00f6nk\u00e9ntes az ell\u00e1t\u00e1st ig\u00e9nyl\u0151, illetve t\u00f6rv\u00e9nyes k\u00e9pvisel\u0151je (gondok) sz\u00f3beli vagy \u00edr\u00e1sbeli k\u00e9relm\u00e9re, ind\u00edtv\u00e1ny\u00e1ra t\u00f6rt\u00e9nik.<\/p><p>A k\u00e9relem adatlapot az ell\u00e1t\u00e1st ig\u00e9nyl\u0151 szem\u00e9lynek kell al\u00e1\u00edrnia,\u00a0(illetve t\u00f6rv\u00e9nyes k\u00e9pvisel\u0151j\u00e9nek, amennyiben ell\u00e1t\u00e1st ig\u00e9nyl\u0151 cselekv\u0151k\u00e9pess\u00e9get teljesen korl\u00e1toz\u00f3 gondnoks\u00e1g alatt \u00e1ll, vagy r\u00e9szlegesen korl\u00e1toz\u00f3 gondnoks\u00e1g eset\u00e9n, amennyiben ebben az \u00fcgycsoportban korl\u00e1tozva van). A gondnoks\u00e1got igazol\u00f3 gy\u00e1mhat\u00f3s\u00e1gi hat\u00e1rozatot a k\u00e9relemhez be kell csatolni.<\/p><p>Mell\u00e9kelni kell az adott \u00e9vre \u00e9rv\u00e9nyes j\u00f6vedelmet igazol\u00f3 dokumentum m\u00e1solat\u00e1t.<br \/>Di\u00e9t\u00e1s \u00e9tkez\u00e9s ig\u00e9nyl\u00e9se eset\u00e9n a k\u00e9relemhez mell\u00e9kelni kell a szakorvosi javaslatot.<br \/>\u00c9tkeztet\u00e9s ig\u00e9nyl\u00e9se eset\u00e9n szoci\u00e1lisan r\u00e1szorul\u00f3 szem\u00e9ly, aki 31\/2023 (X.13.) \u00d6k rendelet 5.\u00a7. (1) bek. r\u00e1szorul\u00f3nak kell tekinteni:<\/p><ol><li>kora alapj\u00e1n azt a szem\u00e9lyt, aki a r\u00e1 ir\u00e1nyad\u00f3 \u00f6regs\u00e9gi nyugd\u00edj korhat\u00e1rt bet\u00f6lt\u00f6tte, \u00e9s ezt arra alkalmas okm\u00e1ny bemutat\u00e1s\u00e1val igazolja,<\/li><li>eg\u00e9szs\u00e9gi \u00e1llapota alapj\u00e1n azt a szem\u00e9lyt, aki kr\u00f3nikus vagy akut megbeteged\u00e9se miatt \u2013 a h\u00e1ziorvos, kezel\u0151orvos igazol\u00e1sa alapj\u00e1n \u2013 olyan m\u00e9rt\u00e9kben korl\u00e1tozott, hogy \u00f6nmaga ell\u00e1t\u00e1s\u00e1r\u00f3l nem tud gondoskodni,<\/li><li>fogyat\u00e9koss\u00e1ga alapj\u00e1n azt a szem\u00e9lyt, aki r\u00e1szorults\u00e1g\u00e1t fogyat\u00e9koss\u00e1g\u00e1nak fenn\u00e1ll\u00e1s\u00e1t igazol\u00f3 szakv\u00e9lem\u00e9nnyel igazolja, \u00e9s \u00f6nmaga ell\u00e1t\u00e1s\u00e1r\u00f3l nem tud gondoskodni,<\/li><li>pszichi\u00e1triai betegs\u00e9ge, illetve szenved\u00e9lybetegs\u00e9ge miatt azt a szem\u00e9lyt, aki fekv\u0151beteg-gy\u00f3gyint\u00e9zeti kezel\u00e9st nem ig\u00e9nyel, de \u00f6nmaga ell\u00e1t\u00e1s\u00e1r\u00f3l nem tud gondoskodni, \u00e9s pszichi\u00e1triai vagy szenved\u00e9lybetegs\u00e9g\u00e9t h\u00e1ziorvosi vagy kezel\u0151orvosi szakv\u00e9lem\u00e9nnyel igazolja,<\/li><li>hajl\u00e9ktalans\u00e1ga miatt r\u00e1szorul\u00f3nak kell tekinteni azt a szem\u00e9lyt, aki \u2013 nyilatkozata szerint \u2013 bejelentett lak\u00f3hellyel nem rendelkezik, vagy ha bejelentett lak\u00f3helye a hajl\u00e9ktalan sz\u00e1ll\u00e1s.<\/li><\/ol><p>A r\u00e1szorults\u00e1g t\u00e9ny\u00e9t a dokumentum k\u00e9relemhez t\u00f6rt\u00e9n\u0151 csatol\u00e1s\u00e1val igazolni sz\u00fcks\u00e9ges.<br \/>A kit\u00f6lt\u00f6tt k\u00e9relmet postai \u00faton, szem\u00e9lyesen, vagy elektronikusan az Alapszolg\u00e1ltat\u00e1si Centrum c\u00edm\u00e9n<\/p><h3><span style=\"color: var( --e-global-color-text ); font-family: var( --e-global-typography-text-font-family ), Sans-serif; font-weight: var( --e-global-typography-text-font-weight ); background-color: transparent; text-transform: none;\">9200 Mosonmagyar\u00f3v\u00e1r, Zichy Mih\u00e1ly u. 5.<\/span><\/h3><p>Telefon: 96\/206-041 vagy + 36\/20\/851-2781<br \/>e-mail: <a href=\"mailto:alapsziroda@szocmkt.hu\">alapsziroda@szocmkt.hu <\/a>lehet beny\u00fajtani.<\/p><p><strong><u>\u00dcgyf\u00e9lfogad\u00e1si Id\u0151:<\/u><\/strong><\/p><p><strong>H\u00e9tf\u0151 \u2013 Cs\u00fct\u00f6rt\u00f6k 8,00 \u2013 15, 00 \u00f3r\u00e1ig<br \/><\/strong><strong>P\u00e9nteken: 8,00 -13,00 \u00f3r\u00e1ig<\/strong><\/p><p>A k\u00e9relem elb\u00edr\u00e1l\u00e1sa ut\u00e1n, a be\u00e9rkez\u00e9sek sorrendj\u00e9ben az int\u00e9zm\u00e9ny azt nyilv\u00e1ntart\u00e1sba veszi \u00e9s a kapacit\u00e1sok f\u00fcggv\u00e9ny\u00e9ben indulhat a szolg\u00e1ltat\u00e1s ny\u00fajt\u00e1sa, azt megel\u0151z\u0151en a k\u00e9relmez\u0151vel az int\u00e9zm\u00e9ny meg\u00e1llapod\u00e1st k\u00f6t. Amennyiben a k\u00e9relem elutas\u00edt\u00e1sra ker\u00fcl, azt \u00edr\u00e1sban, indokl\u00e1ssal kell a szolg\u00e1ltat\u00f3nak megtenni.<\/p><p>A szolg\u00e1ltat\u00e1s\u00e9rt t\u00e9r\u00edt\u00e9si d\u00edjat kell fizetni, mely att\u00f3l f\u00fcgg, hogy az ig\u00e9nybevev\u0151nek mekkora j\u00f6vedelme van.<\/p>\t\t\t\t\t\t\t\t<\/div>\n\t\t\t\t<\/div>\n\t\t\t\t<div class=\"elementor-element elementor-element-8185a23 elementor-widget__width-initial elementor-widget elementor-widget-text-editor\" data-id=\"8185a23\" data-element_type=\"widget\" data-e-type=\"widget\" data-widget_type=\"text-editor.default\">\n\t\t\t\t<div class=\"elementor-widget-container\">\n\t\t\t\t\t\t\t\t\t<p>\u00a0<\/p><p><strong>\u00a0\u00c9TKEZTET\u00c9S HELYBEN FOGYASZT\u00c1SSAL, ELVITELLEL \u00c9S H\u00c1ZHOZ SZ\u00c1LL\u00cdT\u00c1S <\/strong><\/p><table><tbody><tr><td width=\"214\">\u00a0<\/td><td width=\"214\"><p>\u00a0<strong>\u00c9tkez\u00e9s helyben fogyaszt\u00e1ssal, elvitellel<\/strong><\/p><\/td><td width=\"214\"><p>\u00a0<strong>\u00c9tel h\u00e1zhoz sz\u00e1ll\u00edt\u00e1s\u00e1nak d\u00edja <\/strong><\/p><\/td><\/tr><tr><td width=\"214\"><p>\u00a0<strong>j\u00f6vedelmi kateg\u00f3ria<\/strong><\/p><\/td><td width=\"214\"><p>\u00a0<strong>fizetend\u0151 t\u00e9r\u00edt\u00e9si d\u00edj Ft\/nap<\/strong><\/p><\/td><td width=\"214\"><p>\u00a0<strong>fizetend\u0151 t\u00e9r\u00edt\u00e9si d\u00edj Ft\/nap<\/strong><\/p><\/td><\/tr><tr><td width=\"214\"><p>\u00a00 Ft<\/p><\/td><td width=\"214\"><p>\u00a0<strong>0 Ft<\/strong><\/p><\/td><td width=\"214\"><p>\u00a0<strong>0 Ft <\/strong><\/p><\/td><\/tr><tr><td width=\"214\"><p>\u00a01 Ft \u2013 35.625 Ft<\/p><\/td><td width=\"214\"><p>\u00a055,11 Ft + \u00c1fa =<strong> 70 Ft<\/strong><\/p><\/td><td width=\"214\"><p>\u00a047,24 Ft + \u00c1fa = <strong>60 Ft <\/strong><\/p><\/td><\/tr><tr><td width=\"214\"><p>\u00a035.626 Ft \u2013 42.750 Ft<\/p><\/td><td width=\"214\"><p>\u00a0<em>102,36<\/em> Ft + \u00c1fa = <strong>130 Ft<\/strong><\/p><\/td><td width=\"214\"><p>\u00a0<em>55,11 <\/em>Ft + \u00c1fa = <strong>70 Ft <\/strong><\/p><\/td><\/tr><tr><td width=\"214\"><p>\u00a042.751 Ft \u2013 57.000 Ft<\/p><\/td><td width=\"214\"><p>\u00a0157,48 Ft + \u00c1fa = <strong>200 Ft<\/strong><\/p><\/td><td width=\"214\"><p>\u00a059,06 Ft + \u00c1fa = <strong>75 Ft <\/strong><\/p><\/td><\/tr><tr><td width=\"214\"><p>\u00a057.001 Ft \u2013 71.250 Ft<\/p><\/td><td width=\"214\"><p>\u00a0220,47 Ft + \u00c1fa = <strong>280 Ft<\/strong><\/p><\/td><td width=\"214\"><p>\u00a062,99 Ft + \u00c1fa = <strong>80 Ft <\/strong><\/p><\/td><\/tr><tr><td width=\"214\"><p>\u00a071.251 Ft \u2013 85.500 Ft<\/p><\/td><td width=\"214\"><p>\u00a0299,21 Ft + \u00c1fa = <strong>380 Ft<\/strong><\/p><\/td><td width=\"214\"><p>\u00a066,93 Ft + \u00c1fa = <strong>85 Ft <\/strong><\/p><\/td><\/tr><tr><td width=\"214\"><p>\u00a085.501 Ft \u2013 99.750 Ft<\/p><\/td><td width=\"214\"><p>\u00a0370,07 Ft + \u00c1fa = <strong>470 Ft<\/strong><\/p><\/td><td width=\"214\"><p>\u00a078,74 Ft + \u00c1fa = <strong>100 Ft <\/strong><\/p><\/td><\/tr><tr><td width=\"214\"><p>\u00a099.751 Ft \u2013 114.000 Ft<\/p><\/td><td width=\"214\"><p>\u00a0433,07 Ft + \u00c1fa = <strong>550 Ft<\/strong><\/p><\/td><td width=\"214\"><p>\u00a082,68 Ft + \u00c1fa = <strong>105 Ft <\/strong><\/p><\/td><\/tr><tr><td width=\"214\"><p>\u00a0114.001 Ft \u2013 128.250 Ft<\/p><\/td><td width=\"214\"><p>\u00a0535,43 Ft + \u00c1fa = <strong>680 Ft<\/strong><\/p><\/td><td width=\"214\"><p>\u00a086,61 Ft + \u00c1fa = <strong>110 Ft <\/strong><\/p><\/td><\/tr><tr><td width=\"214\"><p>\u00a0128.251 Ft \u2013 142.500 Ft<\/p><\/td><td width=\"214\"><p>\u00a0614,17 Ft + \u00c1fa = <strong>780 Ft<\/strong><\/p><\/td><td width=\"214\"><p>\u00a090,55 Ft + \u00c1fa = <strong>115 Ft <\/strong><\/p><\/td><\/tr><tr><td width=\"214\"><p>\u00a0142.501 Ft \u2013 156.750 Ft<\/p><\/td><td width=\"214\"><p>\u00a0708,66 Ft + \u00c1fa = <strong>900 Ft<\/strong><\/p><\/td><td width=\"214\"><p>\u00a094,49 Ft + \u00c1fa = <strong>120 Ft <\/strong><\/p><\/td><\/tr><tr><td width=\"214\"><p>\u00a0156.751 Ft \u2013 171.000 Ft<\/p><\/td><td width=\"214\"><p>\u00a0866,14 Ft + \u00c1fa = <strong>1.100 Ft<\/strong><\/p><\/td><td width=\"214\"><p>\u00a0110,24 Ft + \u00c1fa =<strong> 140 Ft <\/strong><\/p><\/td><\/tr><tr><td width=\"214\"><p>\u00a0171.001 Ft \u2013 213.750 Ft<\/p><\/td><td width=\"214\"><p>\u00a01.023,62 Ft + \u00c1fa = <strong>1.300 Ft<\/strong><\/p><\/td><td width=\"214\"><p>\u00a0125,98 Ft + \u00c1fa = <strong>160 Ft <\/strong><\/p><\/td><\/tr><tr><td width=\"214\"><p>\u00a0213.751 Ft \u2013 256.500 Ft<\/p><\/td><td width=\"214\"><p>\u00a01.181,10 Ft + \u00c1fa = <strong>1.500 Ft<\/strong><\/p><\/td><td width=\"214\"><p>\u00a0157,48 Ft + \u00c1fa = <strong>200 Ft <\/strong><\/p><\/td><\/tr><tr><td width=\"214\"><p>\u00a0256.501 Ft &#8211; felett<\/p><\/td><td width=\"214\"><p>1338,58 Ft +\u00c1fa = <strong>1.700 Ft<\/strong><\/p><\/td><td width=\"214\"><p>196,85 Ft + \u00c1fa = <strong>250 Ft<\/strong><\/p><\/td><\/tr><tr><td colspan=\"3\" width=\"642\"><p>\u00a0<strong><em>* Ha az \u00e9tel lak\u00e1sra t\u00f6rt\u00e9n\u0151 kisz\u00e1ll\u00edt\u00e1sa k\u00f6z\u00f6s h\u00e1ztart\u00e1sban \u00e9l\u0151 szem\u00e9lyek r\u00e9sz\u00e9re t\u00f6rt\u00e9nik, a kisz\u00e1ll\u00edt\u00e1s\u00e9rt fizetend\u0151 szem\u00e9lyi t\u00e9r\u00edt\u00e9si d\u00edjat csak egy szem\u00e9lyre lehet meg\u00e1llap\u00edtani. <\/em><\/strong><\/p><\/td><\/tr><\/tbody><\/table>\t\t\t\t\t\t\t\t<\/div>\n\t\t\t\t<\/div>\n\t\t\t\t<div class=\"elementor-element elementor-element-982eafd elementor-button-warning elementor-align-center elementor-widget elementor-widget-button\" data-id=\"982eafd\" data-element_type=\"widget\" data-e-type=\"widget\" data-widget_type=\"button.default\">\n\t\t\t\t<div class=\"elementor-widget-container\">\n\t\t\t\t\t\t\t\t\t<div class=\"elementor-button-wrapper\">\n\t\t\t\t\t<a class=\"elementor-button elementor-button-link elementor-size-sm\" href=\"http:\/\/keszi.hu\/wp-content\/uploads\/2024\/05\/Kerelem-etkeztetes.pdf\" target=\"_blank\">\n\t\t\t\t\t\t<span class=\"elementor-button-content-wrapper\">\n\t\t\t\t\t\t\t\t\t<span class=\"elementor-button-text\">K\u00e9relem let\u00f6lt\u00e9se<\/span>\n\t\t\t\t\t<\/span>\n\t\t\t\t\t<\/a>\n\t\t\t\t<\/div>\n\t\t\t\t\t\t\t\t<\/div>\n\t\t\t\t<\/div>\n\t\t\t\t\t<\/div>\n\t\t<\/div>\n\t\t\t\t\t<\/div>\n\t\t<\/section>\n\t\t\t\t<\/div>\n\t\t","protected":false},"excerpt":{"rendered":"<p>\u00c9tkez\u00e9s ig\u00e9nybev\u00e9tele A szoci\u00e1lis ell\u00e1t\u00e1sok ig\u00e9nybev\u00e9tele \u00f6nk\u00e9ntes az ell\u00e1t\u00e1st ig\u00e9nyl\u0151, illetve t\u00f6rv\u00e9nyes k\u00e9pvisel\u0151je (gondok) sz\u00f3beli vagy \u00edr\u00e1sbeli k\u00e9relm\u00e9re, ind\u00edtv\u00e1ny\u00e1ra t\u00f6rt\u00e9nik. A k\u00e9relem adatlapot az ell\u00e1t\u00e1st ig\u00e9nyl\u0151 szem\u00e9lynek kell al\u00e1\u00edrnia,\u00a0(illetve t\u00f6rv\u00e9nyes k\u00e9pvisel\u0151j\u00e9nek, amennyiben ell\u00e1t\u00e1st ig\u00e9nyl\u0151 cselekv\u0151k\u00e9pess\u00e9get teljesen korl\u00e1toz\u00f3 gondnoks\u00e1g alatt \u00e1ll, vagy r\u00e9szlegesen korl\u00e1toz\u00f3 gondnoks\u00e1g eset\u00e9n, amennyiben ebben az \u00fcgycsoportban korl\u00e1tozva van). A gondnoks\u00e1got igazol\u00f3 gy\u00e1mhat\u00f3s\u00e1gi&#8230;<\/p>\n","protected":false},"author":1,"featured_media":0,"parent":0,"menu_order":0,"comment_status":"closed","ping_status":"closed","template":"","meta":{"_tbt_post_transparent":"","_tbt_post_title":"","_tbt_post_layout":"","_tbt_post_sidebar_id":"","_tbt_post_content_style":"","_tbt_post_vertical_padding":"","_tbt_post_feature":"","_tbt_post_feature_position":"","_tbt_post_header":false,"_tbt_post_footer":false},"class_list":["post-12830","page","type-page","status-publish","hentry"],"_links":{"self":[{"href":"https:\/\/keszi.hu\/index.php\/wp-json\/wp\/v2\/pages\/12830","targetHints":{"allow":["GET"]}}],"collection":[{"href":"https:\/\/keszi.hu\/index.php\/wp-json\/wp\/v2\/pages"}],"about":[{"href":"https:\/\/keszi.hu\/index.php\/wp-json\/wp\/v2\/types\/page"}],"author":[{"embeddable":true,"href":"https:\/\/keszi.hu\/index.php\/wp-json\/wp\/v2\/users\/1"}],"replies":[{"embeddable":true,"href":"https:\/\/keszi.hu\/index.php\/wp-json\/wp\/v2\/comments?post=12830"}],"version-history":[{"count":31,"href":"https:\/\/keszi.hu\/index.php\/wp-json\/wp\/v2\/pages\/12830\/revisions"}],"predecessor-version":[{"id":14622,"href":"https:\/\/keszi.hu\/index.php\/wp-json\/wp\/v2\/pages\/12830\/revisions\/14622"}],"wp:attachment":[{"href":"https:\/\/keszi.hu\/index.php\/wp-json\/wp\/v2\/media?parent=12830"}],"curies":[{"name":"wp","href":"https:\/\/api.w.org\/{rel}","templated":true}]}}