{"id":12806,"date":"2024-05-02T11:43:44","date_gmt":"2024-05-02T09:43:44","guid":{"rendered":"https:\/\/keszi.hu\/?page_id=12806"},"modified":"2024-05-15T10:40:44","modified_gmt":"2024-05-15T08:40:44","slug":"kozossegi-szolgalat-a-keszi-ben","status":"publish","type":"page","link":"https:\/\/keszi.hu\/index.php\/kozossegi-szolgalat-a-keszi-ben\/","title":{"rendered":"K\u00d6Z\u00d6SS\u00c9GI SZOLG\u00c1LAT A KESZI-ben"},"content":{"rendered":"\t\t<div data-elementor-type=\"wp-page\" data-elementor-id=\"12806\" class=\"elementor elementor-12806\">\n\t\t\t\t<div class=\"elementor-element elementor-element-4b9d390 e-flex e-con-boxed e-con e-parent\" data-id=\"4b9d390\" data-element_type=\"container\" data-e-type=\"container\">\n\t\t\t\t\t<div class=\"e-con-inner\">\n\t\t\t\t<div class=\"elementor-element elementor-element-3ce568c elementor-widget elementor-widget-heading\" data-id=\"3ce568c\" data-element_type=\"widget\" data-e-type=\"widget\" data-widget_type=\"heading.default\">\n\t\t\t\t<div class=\"elementor-widget-container\">\n\t\t\t\t\t<h2 class=\"elementor-heading-title elementor-size-default\">K\u00d6Z\u00d6SS\u00c9GI SZOLG\u00c1LAT A KESZI-ben:<\/h2>\t\t\t\t<\/div>\n\t\t\t\t<\/div>\n\t\t\t\t<div class=\"elementor-element elementor-element-79143da elementor-widget elementor-widget-text-editor\" data-id=\"79143da\" data-element_type=\"widget\" data-e-type=\"widget\" data-widget_type=\"text-editor.default\">\n\t\t\t\t<div class=\"elementor-widget-container\">\n\t\t\t\t\t\t\t\t\t<p><em>\u201eFord\u00edts egy kis energi\u00e1t arra, hogy a vil\u00e1g h\u00e9tr\u0151l h\u00e9tre kev\u00e9sb\u00e9 legyen sz\u00edv\u00e1s!\u201d<\/em><\/p><p><a href=\"https:\/\/www.citatum.hu\/szerzo\/Shonda_Rhimes\"><em>Shonda Rhimes<\/em><\/a><\/p><p>A hat\u00e1lyos t\u00f6rv\u00e9ny szerinti, az \u00e9retts\u00e9gi vizsg\u00e1hoz sz\u00fcks\u00e9ges 50 \u00f3ra k\u00f6z\u00f6ss\u00e9gi munka teljes\u00edthet\u0151 a KESZI minden egys\u00e9g\u00e9ben. Hasznos feladatokkal v\u00e1rjuk az embert\u00e1rsaik k\u00f6zvetlen seg\u00edt\u00e9sre nyitott di\u00e1kok <em>mellett<\/em>, a szoci\u00e1lis \u00e1gazat m\u0171k\u00f6d\u00e9s\u00e9hez elengedhetetlen tev\u00e9kenys\u00e9gek teljes\u00edt\u00e9s\u00e9re (int\u00e9zm\u00e9nyi udvarok k\u00f6z\u00f6s rendez\u00e9se\u2026) a tanul\u00f3kat. Meg\u00e1llapod\u00e1ssal rendelkez\u00fcnk az \u00f6sszes Mosonmagyar\u00f3v\u00e1r V\u00e1ros\u00e1ban m\u0171k\u00f6d\u0151 k\u00f6z\u00e9piskol\u00e1val \u00e9s t\u00f6bb tov\u00e1bbi megyei, orsz\u00e1gos oktat\u00e1si int\u00e9zm\u00e9nnyel.<\/p><p>K\u00f6z\u00f6ss\u00e9gi szolg\u00e1latra \u00e9rkez\u0151 di\u00e1kokat fogad a Kist\u00e9rs\u00e9gi Egyes\u00edtett Szoci\u00e1lis Int\u00e9zm\u00e9ny minden telephelye a k\u00f6vetkez\u0151 k\u00f6z\u00e9piskol\u00e1kb\u00f3l:<\/p><ol><li>Apor Vilmos Katolikus Iskolak\u00f6zpont \u2013 Gy\u0151r<\/li><li>Gy\u0151ri SZC Bercs\u00e9nyi Mikl\u00f3s K\u00f6zleked\u00e9si \u00e9s Sportiskolai Technikum \u2013 Gy\u0151r<\/li><li>Gy\u0151ri SZC P\u00e1lffy Mikl\u00f3s Kereskedelmi \u00e9s Logisztikai Technikum \u2013 Gy\u0151r<\/li><li>Gy\u0151ri SZC Hunyadi M\u00e1ty\u00e1s Technikum \u2013 Mosonmagyar\u00f3v\u00e1r<\/li><li>Piarista Gimn\u00e1zium \u2013 Mosonmagyar\u00f3v\u00e1r<\/li><li>Mosonmagyar\u00f3v\u00e1ri Kossuth Lajos Gimn\u00e1zium \u2013 Mosonmagyar\u00f3v\u00e1r<\/li><li>Soproni SZC Hunyadi\u00a0J\u00e1nos Technikum &#8211; Csorna<\/li><li>Szent-Gy\u00f6rgyi Albert Eg\u00e9szs\u00e9g\u00fcgyi \u00e9s Szoci\u00e1lis Technikum \u00e9s Szakk\u00e9pz\u0151 Iskola \u2013 Gy\u0151r<\/li><li>Gy\u0151ri SZC Gl\u00fcck Frigyes Turisztikai \u00e9s Vend\u00e9gl\u00e1t\u00f3ipari Technikum \u00e9s Szakk\u00e9pz\u0151 Iskola \u2013 Mosonmagyar\u00f3v\u00e1r<\/li><li>Kisalf\u00f6ldi ASzC Roth Gyula Erd\u00e9szeti Technikum Szakk\u00e9pz\u0151 Iskola \u2013 Sopron<\/li><li>Gy\u0151ri Szakk\u00e9pz\u00e9si Centrum Jedlik \u00c1nyos G\u00e9pipari \u00e9s Informatikai Technikum \u2013 Gy\u0151r<\/li><li>Czuczor Gergely Benc\u00e9s Gimn\u00e1zium \u2013 Gy\u0151r<\/li><li>Soproni SZC Porp\u00e1czy Alad\u00e1r Technikum \u2013 Fert\u0151d<\/li><li>Soproni Sz\u00e9chenyi Istv\u00e1n Gimn\u00e1zium \u2013 Sopron<\/li><li>Feh\u00e9rl\u00f3fia Waldolf \u00d3voda, \u00c1ltal\u00e1nos Iskola, Gimn\u00e1zium \u00e9s Alapfok\u00fa M\u0171v\u00e9szeti Iskola\u2013 Gy\u0151rs\u00f6v\u00e9nyh\u00e1za<\/li><li>ELTE Ap\u00e1czai Csere J\u00e1nos Gyakorl\u00f3 Gimn\u00e1zium \u2013 Bp.<\/li><li>Gy\u0151ri SzC Sport \u00e9s Kreat\u00edv Technikum\u2013 Gy\u0151r<\/li><li>Feh\u00e9r Mikl\u00f3s Labdar\u00fag\u00f3 Akad\u00e9mia \u2013 Gy\u0151r<\/li><li>Gy\u0151ri SzC Hild J\u00f3zsef \u00c9p\u00edt\u0151ipari Technikum \u2013 Gy\u0151r<\/li><li>R\u00e9vai Mikl\u00f3s Gimn\u00e1zium \u2013 Gy\u0151r<\/li><li>Gy\u0151ri SzC Luk\u00e1cs S\u00e1ndor J\u00e1rm\u0171ipari \u00e9s G\u00e9p\u00e9szeti Technikum\u2013 Gy\u0151r<\/li><li>Berzsenyi D\u00e1niel Evang\u00e9likus L\u00edceum \u2013 Sopron<\/li><li>Forr\u00e1s Waldorf Iskola &#8211; Gy\u0151r<\/li><\/ol>\t\t\t\t\t\t\t\t<\/div>\n\t\t\t\t<\/div>\n\t\t\t\t<div class=\"elementor-element elementor-element-ede9485 elementor-widget elementor-widget-gallery\" data-id=\"ede9485\" data-element_type=\"widget\" data-e-type=\"widget\" data-widget_type=\"gallery.default\">\n\t\t\t\t<div class=\"elementor-widget-container\">\n\t\t\t\t\t \t\t\t\t<\/div>\n\t\t\t\t<\/div>\n\t\t\t\t<div class=\"elementor-element elementor-element-944ea86 elementor-widget elementor-widget-text-editor\" data-id=\"944ea86\" data-element_type=\"widget\" data-e-type=\"widget\" data-widget_type=\"text-editor.default\">\n\t\t\t\t<div class=\"elementor-widget-container\">\n\t\t\t\t\t\t\t\t\t<p><strong style=\"color: var( --e-global-color-text ); font-family: var( --e-global-typography-text-font-family ), Sans-serif; text-align: var(--text-align); background-color: transparent;\">R\u00f3lunk mond\u00e1k<\/strong><\/p><p><strong>\u00a0<\/strong><span style=\"color: var( --e-global-color-text ); font-family: var( --e-global-typography-text-font-family ), Sans-serif; font-weight: var( --e-global-typography-text-font-weight ); text-align: var(--text-align); background-color: transparent;\">\u201e\u00d6nk\u00e9ntesnek lenni\u2026<\/span><\/p><p>Az igazi, \u0151szinte, \u00f6nzetlen szeretet az, ami mozgatja az embert.<\/p><p>Alapvet\u0151en empatikus \u00e9rz\u00e9s\u0171nek kell lennem, hiszen tudnom kell belegondolni abba, hogy ezeket az id\u0151seket kiszak\u00edtott\u00e1k a megszokott k\u00f6rnyezet\u00fckb\u0151l, elker\u00fcltek egy m\u00e1sik helyre \u00e9s \u0151k mag\u00e1nyosak lesznek emiatt, mert sok esetben a csal\u00e1d nem \u00fagy keresi \u0151ket, ahogyan szeretn\u00e9k. Ebben az \u00e1llapotban nekik sz\u00fcks\u00e9g\u00fck van fizikai \u00e9s lelki seg\u00edts\u00e9gre is: megigaz\u00edtom a takar\u00f3jukat, megitatom \u0151ket, vagy egyszer\u0171en csak megn\u00e9zem vel\u00fck a vir\u00e1gokat. Meghallgatom, hogy a gondolataik \u00e9ppen merre haladnak: tal\u00e1n \u00e9ppen egy kis \u00f6sszegz\u00e9st csin\u00e1lnak.<\/p><p>\u00d6nk\u00e9ntesk\u00e9nt r\u00e1\u00e9rek, \u00edgy h\u00e1t szeretn\u00e9k egy kis \u00f6r\u00f6met, vid\u00e1ms\u00e1got csemp\u00e9szni az itt \u00e9l\u0151k h\u00e9tk\u00f6znapjaiba.\u201d<\/p><p>\u201eM\u00e1r j\u00f3 p\u00e1r \u00e9ve vagyok szerencs\u00e9s r\u00e9sztvev\u0151je a h\u00edres naposh\u00e1zi nyaral\u00e1soknak. Hogy mi jut els\u0151re eszembe, ha r\u00e1 gondolok?.. Neh\u00e9z r\u00f6viden megfogalmazni, de els\u0151k\u00e9nt tal\u00e1n a boldogs\u00e1g. Boldogs\u00e1g, hogy mehet\u00fcnk, egy\u00fctt, \u00faj \u00e9lm\u00e9nyeket gy\u0171jteni\u2026 (\u2026) Kudarcok, amikor \u00fagy \u00e9reztem nem \u00fagy siker\u00fclt megoldani valamit ahogy szerettem volna, amikor nem j\u00f3l \u00edt\u00e9ltem meg egy helyzetet, amikor elszalasztottam egy pillanatot, m\u00e1shogy reag\u00e1ltam\u2026 (\u2026) A sikerek, amikor egy elkapott telefon besz\u00e9lget\u00e9sben a fiatal arr\u00f3l mes\u00e9l, milyen j\u00f3l \u00e9rzi itt mag\u00e1t \u00e9s am\u00fagy milyen j\u00f3 a csapatodban, vagy mikor a sokadik napon reggel arra \u00e9rkezel, hogy a fiatalod fel\u00f6lt\u00f6zve, megf\u00e9s\u00fclk\u00f6dve \u00e9s \u00f6sszek\u00e9sz\u00fclve v\u00e1r, \u00e9s aznap \u00e9jjel m\u00e9g a b\u0151r\u00f6ndj\u00e9t sem pakolta sz\u00e9t \u00e9s \u00e1t a szobat\u00e1rsa cuccaival, mert m\u00e1r 46x megk\u00e9rted r\u00e1 \u00e9s visszapakolt\u00e1l.. Vagy amikor otthon a buszr\u00f3l lesz\u00e1llva a fiatal azzal z\u00e1r, hogy j\u00f6v\u0151re is veled akar menni.. Az \u00e9rz\u00e9s, mikor \u00fagy z\u00e1rul a nap, hogy sok mosoly (\u00e9s r\u00e9szemr\u0151l p\u00e1r \u00f6r\u00f6mk\u00f6nny) van m\u00f6g\u00f6tt\u00fcnk.. H\u00e1t, a nyaral\u00e1ssal egy\u00fctt valahogy \u00edgy n\u0151ttem \u00e9n is. (\u2026) Az \u00e9vek alatt rengeteg koll\u00e9ga munk\u00e1j\u00e1t, tr\u00fckkjeit figyelhettem meg \u00e9s tanulhattam t\u0151l\u00fck \u00e9s nagyon h\u00e1l\u00e1s vagyok, hogy egy ilyen csapat r\u00e9sze lehetek. A t\u00e1borban annyit szoktunk egy\u00fctt nevetni, im\u00e1dom ezt! Meghat\u00e1roz\u00f3 \u00e9rz\u00e9s sz\u00e1momra a hazafele vezet\u0151 busz \u00fat.. Ahol nagyon f\u00e1radtan, de el\u00e9gedetten z\u00e1rom a hetet \u00e9s minden porcik\u00e1mban azt \u00e9rzem, hogy b\u00e1rmennyire f\u00e1radt is vagyok, annyira de annyira meg\u00e9rte. Ezt csak tet\u0151zik a lesz\u00e1ll\u00e1sn\u00e1l kapott h\u00e1l\u00e1s k\u00f6sz\u00f6netek, \u00f6lel\u00e9sek a hozz\u00e1tartoz\u00f3kt\u00f3l.. Sz\u00e1momra ekkor lesz igaz\u00e1n kerek minden.. \u00c9s egy j\u00f3 hossz\u00fa f\u00fcrd\u0151z\u00e9s \u00e9s h\u00e9tv\u00e9gi kialv\u00e1s ut\u00e1n, \u00fajra tudn\u00e1m kezdeni az eg\u00e9szet el\u0151lr\u0151l! H\u00e1t.. Valami ilyesmi naposh\u00e1zinak lenni! (\u2026)\u201d<\/p>\t\t\t\t\t\t\t\t<\/div>\n\t\t\t\t<\/div>\n\t\t\t\t\t<\/div>\n\t\t\t\t<\/div>\n\t\t\t\t<\/div>\n\t\t","protected":false},"excerpt":{"rendered":"<p>K\u00d6Z\u00d6SS\u00c9GI SZOLG\u00c1LAT A KESZI-ben: \u201eFord\u00edts egy kis energi\u00e1t arra, hogy a vil\u00e1g h\u00e9tr\u0151l h\u00e9tre kev\u00e9sb\u00e9 legyen sz\u00edv\u00e1s!\u201d Shonda Rhimes A hat\u00e1lyos t\u00f6rv\u00e9ny szerinti, az \u00e9retts\u00e9gi vizsg\u00e1hoz sz\u00fcks\u00e9ges 50 \u00f3ra k\u00f6z\u00f6ss\u00e9gi munka teljes\u00edthet\u0151 a KESZI minden egys\u00e9g\u00e9ben. Hasznos feladatokkal v\u00e1rjuk az embert\u00e1rsaik k\u00f6zvetlen seg\u00edt\u00e9sre nyitott di\u00e1kok mellett, a szoci\u00e1lis \u00e1gazat m\u0171k\u00f6d\u00e9s\u00e9hez elengedhetetlen tev\u00e9kenys\u00e9gek teljes\u00edt\u00e9s\u00e9re (int\u00e9zm\u00e9nyi udvarok&#8230;<\/p>\n","protected":false},"author":1,"featured_media":0,"parent":0,"menu_order":0,"comment_status":"closed","ping_status":"closed","template":"","meta":{"_tbt_post_transparent":"","_tbt_post_title":"","_tbt_post_layout":"","_tbt_post_sidebar_id":"","_tbt_post_content_style":"","_tbt_post_vertical_padding":"","_tbt_post_feature":"","_tbt_post_feature_position":"","_tbt_post_header":false,"_tbt_post_footer":false},"class_list":["post-12806","page","type-page","status-publish","hentry"],"_links":{"self":[{"href":"https:\/\/keszi.hu\/index.php\/wp-json\/wp\/v2\/pages\/12806","targetHints":{"allow":["GET"]}}],"collection":[{"href":"https:\/\/keszi.hu\/index.php\/wp-json\/wp\/v2\/pages"}],"about":[{"href":"https:\/\/keszi.hu\/index.php\/wp-json\/wp\/v2\/types\/page"}],"author":[{"embeddable":true,"href":"https:\/\/keszi.hu\/index.php\/wp-json\/wp\/v2\/users\/1"}],"replies":[{"embeddable":true,"href":"https:\/\/keszi.hu\/index.php\/wp-json\/wp\/v2\/comments?post=12806"}],"version-history":[{"count":10,"href":"https:\/\/keszi.hu\/index.php\/wp-json\/wp\/v2\/pages\/12806\/revisions"}],"predecessor-version":[{"id":14352,"href":"https:\/\/keszi.hu\/index.php\/wp-json\/wp\/v2\/pages\/12806\/revisions\/14352"}],"wp:attachment":[{"href":"https:\/\/keszi.hu\/index.php\/wp-json\/wp\/v2\/media?parent=12806"}],"curies":[{"name":"wp","href":"https:\/\/api.w.org\/{rel}","templated":true}]}}