{"id":12786,"date":"2024-05-02T11:24:11","date_gmt":"2024-05-02T09:24:11","guid":{"rendered":"https:\/\/keszi.hu\/?page_id=12786"},"modified":"2024-05-02T11:25:19","modified_gmt":"2024-05-02T09:25:19","slug":"szakapolas-a-bentlakasos-idosek-otthonaban","status":"publish","type":"page","link":"https:\/\/keszi.hu\/index.php\/szakapolas-a-bentlakasos-idosek-otthonaban\/","title":{"rendered":"SZAK\u00c1POL\u00c1S A BENTLAK\u00c1SOS ID\u0150SEK OTTHON\u00c1BAN"},"content":{"rendered":"\t\t<div data-elementor-type=\"wp-page\" data-elementor-id=\"12786\" class=\"elementor elementor-12786\">\n\t\t\t\t<div class=\"elementor-element elementor-element-b4314c0 e-flex e-con-boxed e-con e-parent\" data-id=\"b4314c0\" data-element_type=\"container\" data-e-type=\"container\">\n\t\t\t\t\t<div class=\"e-con-inner\">\n\t\t\t\t<div class=\"elementor-element elementor-element-ca5ee8a elementor-widget elementor-widget-heading\" data-id=\"ca5ee8a\" data-element_type=\"widget\" data-e-type=\"widget\" data-widget_type=\"heading.default\">\n\t\t\t\t<div class=\"elementor-widget-container\">\n\t\t\t\t\t<h3 class=\"elementor-heading-title elementor-size-default\">A szak\u00e1pol\u00e1s c\u00e9lja, feladata:<\/h3>\t\t\t\t<\/div>\n\t\t\t\t<\/div>\n\t\t\t\t<div class=\"elementor-element elementor-element-efb37ce elementor-widget elementor-widget-text-editor\" data-id=\"efb37ce\" data-element_type=\"widget\" data-e-type=\"widget\" data-widget_type=\"text-editor.default\">\n\t\t\t\t<div class=\"elementor-widget-container\">\n\t\t\t\t\t\t\t\t\t<p>A tart\u00f3s bentlak\u00e1sos elhelyez\u00e9st ig\u00e9nybe vev\u0151 gondozottak szak\u00e1pol\u00e1si feladatainak ell\u00e1t\u00e1sa, akik r\u00e9sz\u00e9re az int\u00e9zm\u00e9ny h\u00e1ziorvosa, vagy a fekv\u0151beteg-szakell\u00e1t\u00e1st ny\u00fajt\u00f3 szakorvos szak\u00e1pol\u00e1st rendel el. A szolg\u00e1ltat\u00e1s a 60\/2003. (X.20.) ESzCsM rendelet alapj\u00e1n folytatja m\u0171k\u00f6d\u00e9s\u00e9t. A Szt. 68\/A. \u00a7 (3) bekezd\u00e9se el\u0151\u00edrja, hogy bentlak\u00e1sos int\u00e9zm\u00e9nybe csak olyan szem\u00e9ly vehet\u0151 fel, akinek gondoz\u00e1si sz\u00fcks\u00e9glete III. fokozat\u00fa, ez\u00e9rt az elm\u00falt \u00e9vekben kifejezetten magas gondoz\u00e1si sz\u00fcks\u00e9glettel b\u00edr\u00f3 lak\u00f3k k\u00f6lt\u00f6znek be az otthonokba, \u00edgy egyre t\u00f6bb szak\u00e1pol\u00e1si tev\u00e9kenys\u00e9g elv\u00e9gz\u00e9s\u00e9re van sz\u00fcks\u00e9g.<\/p><p>Int\u00e9zm\u00e9nyeinkben egyre magasabb sz\u00e1mban jelentkezik a tart\u00f3s sebek szak\u00e1pol\u00e1s\u00e1nak feladatai, a mozg\u00e1sukban korl\u00e1tozott ell\u00e1tottjaink eset\u00e9ben a vizsg\u00e1lati anyagok, v\u00e1lad\u00e9kok helyben t\u00f6rt\u00e9n\u0151 lev\u00e9tel\u00e9nek sz\u00fcks\u00e9gess\u00e9ge.<\/p><p>Diagnosztikai vizsg\u00e1latok, pl. EKG helyben elv\u00e9gz\u00e9se, oxyg\u00e9n ter\u00e1pia biztos\u00edt\u00e1sa. A demenci\u00e1val \u00e9l\u0151 id\u0151sek eset\u00e9ben a betegs\u00e9g el\u0151rehalad\u00e1s\u00e1val nyel\u00e9si neh\u00e9zs\u00e9g, mozg\u00e1s k\u00e9ptelens\u00e9g alakul ki, ez\u00e9rt sz\u00fcks\u00e9ges a szak\u00e1pol\u00e1si feladatok elv\u00e9gz\u00e9se.<\/p><p>Gyorsabb \u00e9s hat\u00e9konyabb betegell\u00e1t\u00e1st tesz lehet\u0151v\u00e9, ha az int\u00e9zm\u00e9nyben v\u00e9gezhet\u0151 otthoni szak\u00e1pol\u00e1si tev\u00e9kenys\u00e9g biztos\u00edtott\u00e1 v\u00e1lik, \u00edgy a lehet\u0151 legr\u00f6videbb id\u0151 alatt a beteg hozz\u00e1 jut az ell\u00e1t\u00e1shoz.<\/p><p>Egyes t\u00f6r\u00e9sek, vagy s\u00falyos, hossz\u00fa fekv\u00e9ssel j\u00e1r\u00f3 betegs\u00e9gek ut\u00e1n elengedhetetlen\u00fcl sz\u00fcks\u00e9ges a szakszer\u0171 torn\u00e1ztat\u00e1s miel\u0151bbi megkezd\u00e9se, vagy folytat\u00e1sa, hiszen ez az egyik felt\u00e9tele a miel\u0151bbi gy\u00f3gyul\u00e1snak, \u00e9s az esetleges sz\u00f6v\u0151dm\u00e9nyek elker\u00fcl\u00e9s\u00e9nek. Sok\u00e9ves tapasztalataink azt mutatj\u00e1k, hogy az id\u0151s, f\u0151leg demenci\u00e1val \u00e9l\u0151 lak\u00f3ink nehezen fogadnak el \u00faj embereket, nagyobb bizalommal vannak a m\u00e1r j\u00f3l ismert gondoz\u00f3k fel\u00e9.<\/p>\t\t\t\t\t\t\t\t<\/div>\n\t\t\t\t<\/div>\n\t\t\t\t\t<\/div>\n\t\t\t\t<\/div>\n\t\t\t\t<\/div>\n\t\t","protected":false},"excerpt":{"rendered":"<p>A szak\u00e1pol\u00e1s c\u00e9lja, feladata: A tart\u00f3s bentlak\u00e1sos elhelyez\u00e9st ig\u00e9nybe vev\u0151 gondozottak szak\u00e1pol\u00e1si feladatainak ell\u00e1t\u00e1sa, akik r\u00e9sz\u00e9re az int\u00e9zm\u00e9ny h\u00e1ziorvosa, vagy a fekv\u0151beteg-szakell\u00e1t\u00e1st ny\u00fajt\u00f3 szakorvos szak\u00e1pol\u00e1st rendel el. A szolg\u00e1ltat\u00e1s a 60\/2003. (X.20.) ESzCsM rendelet alapj\u00e1n folytatja m\u0171k\u00f6d\u00e9s\u00e9t. A Szt. 68\/A. \u00a7 (3) bekezd\u00e9se el\u0151\u00edrja, hogy bentlak\u00e1sos int\u00e9zm\u00e9nybe csak olyan szem\u00e9ly vehet\u0151 fel, akinek gondoz\u00e1si sz\u00fcks\u00e9glete&#8230;<\/p>\n","protected":false},"author":1,"featured_media":0,"parent":0,"menu_order":0,"comment_status":"closed","ping_status":"closed","template":"","meta":{"_tbt_post_transparent":"","_tbt_post_title":"","_tbt_post_layout":"","_tbt_post_sidebar_id":"","_tbt_post_content_style":"","_tbt_post_vertical_padding":"","_tbt_post_feature":"","_tbt_post_feature_position":"","_tbt_post_header":false,"_tbt_post_footer":false},"class_list":["post-12786","page","type-page","status-publish","hentry"],"_links":{"self":[{"href":"https:\/\/keszi.hu\/index.php\/wp-json\/wp\/v2\/pages\/12786","targetHints":{"allow":["GET"]}}],"collection":[{"href":"https:\/\/keszi.hu\/index.php\/wp-json\/wp\/v2\/pages"}],"about":[{"href":"https:\/\/keszi.hu\/index.php\/wp-json\/wp\/v2\/types\/page"}],"author":[{"embeddable":true,"href":"https:\/\/keszi.hu\/index.php\/wp-json\/wp\/v2\/users\/1"}],"replies":[{"embeddable":true,"href":"https:\/\/keszi.hu\/index.php\/wp-json\/wp\/v2\/comments?post=12786"}],"version-history":[{"count":4,"href":"https:\/\/keszi.hu\/index.php\/wp-json\/wp\/v2\/pages\/12786\/revisions"}],"predecessor-version":[{"id":12790,"href":"https:\/\/keszi.hu\/index.php\/wp-json\/wp\/v2\/pages\/12786\/revisions\/12790"}],"wp:attachment":[{"href":"https:\/\/keszi.hu\/index.php\/wp-json\/wp\/v2\/media?parent=12786"}],"curies":[{"name":"wp","href":"https:\/\/api.w.org\/{rel}","templated":true}]}}