{"id":12722,"date":"2024-04-30T18:09:58","date_gmt":"2024-04-30T16:09:58","guid":{"rendered":"https:\/\/keszi.hu\/?page_id=12722"},"modified":"2024-05-15T16:02:41","modified_gmt":"2024-05-15T14:02:41","slug":"alcheimer-cafee","status":"publish","type":"page","link":"https:\/\/keszi.hu\/index.php\/alcheimer-cafee\/","title":{"rendered":"ALZHEIMER CAF\u00c9"},"content":{"rendered":"\t\t<div data-elementor-type=\"wp-page\" data-elementor-id=\"12722\" class=\"elementor elementor-12722\">\n\t\t\t\t<div class=\"elementor-element elementor-element-94e368a e-flex e-con-boxed e-con e-parent\" data-id=\"94e368a\" data-element_type=\"container\" data-e-type=\"container\">\n\t\t\t\t\t<div class=\"e-con-inner\">\n\t\t\t\t<div class=\"elementor-element elementor-element-fe6b8b2 elementor-widget elementor-widget-heading\" data-id=\"fe6b8b2\" data-element_type=\"widget\" data-e-type=\"widget\" data-widget_type=\"heading.default\">\n\t\t\t\t<div class=\"elementor-widget-container\">\n\t\t\t\t\t<h2 class=\"elementor-heading-title elementor-size-default\">ALZHEIMER CAF\u00c9 - El\u0151zm\u00e9nyek<\/h2>\t\t\t\t<\/div>\n\t\t\t\t<\/div>\n\t\t\t\t<div class=\"elementor-element elementor-element-92ac4e9 elementor-widget elementor-widget-text-editor\" data-id=\"92ac4e9\" data-element_type=\"widget\" data-e-type=\"widget\" data-widget_type=\"text-editor.default\">\n\t\t\t\t<div class=\"elementor-widget-container\">\n\t\t\t\t\t\t\t\t\t<p>Az els\u0151 Caf\u00e9 Gy\u0151rben Dr. Menyh\u00e1rt Mikl\u00f3s ir\u00e1ny\u00edt\u00e1s\u00e1val indult el, majd Tatab\u00e1ny\u00e1n tal\u00e1lt k\u00f6vet\u0151kre. <strong><u>Dr. Menyh\u00e1rt Mikl\u00f3s<\/u><\/strong> 2008-2012-ben Franciaorsz\u00e1gban szerezte meg m\u00e1sodik diplom\u00e1j\u00e1t neuro-pszichol\u00f3gia szakon. Strasbourgban egy speci\u00e1lis alzheimer r\u00e9szleg vezet\u0151jek\u00e9nt v\u00e9gezte, \u00e9s mind a mai napig v\u00e9gzi munk\u00e1j\u00e1t. Itt l\u00e1tott r\u00e1 arra, illetve tapasztalta meg, hogy a csal\u00e1dok, szakemberek nem rendelkeznek megfelel\u0151 ismeretekkel e t\u00e9m\u00e1ban. A bizonytalans\u00e1g, ismeretek hi\u00e1nya, elszigetelts\u00e9g \u00e9s a demens csal\u00e1dtagot gondoz\u00f3 hozz\u00e1tartoz\u00f3k folyamatos k\u00e9rd\u00e9sei k\u00e9sztett\u00e9k arra, hogy a Belgiumban, Sv\u00e1jcban m\u00e1r j\u00f3l m\u0171k\u00f6d\u0151 alzheimer k\u00e1v\u00e9z\u00f3t hozzon l\u00e9tre Magyarorsz\u00e1gon is. P\u00e1ly\u00e1zat seg\u00edts\u00e9g\u00e9vel Mosonmagyar\u00f3v\u00e1r, illetve Alap\u00edtv\u00e1nyunk is csatlakozott ehhez a nagyszer\u0171 kezdem\u00e9nyez\u00e9shez 2015-ben ind\u00edtottuk el a mosonmagyar\u00f3v\u00e1ri Alzheimer Caf\u00e9t.<a href=\"http:\/\/alzheimercafe.hu\"><img decoding=\"async\" class=\"alignleft wp-image-13381\" src=\"http:\/\/keszi.hu\/wp-content\/uploads\/2024\/05\/kep_2024-05-09_103337718.png\" alt=\"\" width=\"257\" height=\"191\" \/><\/a><\/p><p><strong>Tal\u00e1lkoz\u00f3k havonta egy alkalommal ker\u00fclnek megrendez\u00e9sre, amelyek t\u00e1rsalg\u00e1si, tal\u00e1lkoz\u00e1si lehet\u0151s\u00e9get biztos\u00edtanak az Alzheimer-k\u00f3rral \u00e9s m\u00e1s demenci\u00e1val \u00e9l\u0151knek, csal\u00e1dtagjaiknak \u00e9s az \u00e9rdekl\u0151d\u0151knek.<\/strong><\/p><p>Az Alzheimer Caf\u00e9 egy \u201ealulr\u00f3l\u201d szervez\u0151d\u0151 civil kezdem\u00e9nyez\u00e9s, ami k\u00e9pviseli \u00e9s t\u00e1mogatja a k\u00fcl\u00f6nf\u00e9le demenci\u00e1val \u00e9l\u0151 betegeket, \u00e9s csal\u00e1dtagjait. A Caf\u00e9 nyitott mindenki sz\u00e1m\u00e1ra, havonta egy alkalommal fix napon \u00e9s \u00f3r\u00e1ban tartjuk az \u00f6sszej\u00f6veteleket. Mosonmagyar\u00f3v\u00e1ron minden h\u00f3nap els\u0151 h\u00e9tf\u0151j\u00e9n, d\u00e9lut\u00e1n 5 \u00f3rai kezdettel az Alapszolg\u00e1ltat\u00e1si Centrum t\u00e1rgyal\u00f3j\u00e1ban (9200 Mosonmagyar\u00f3v\u00e1r, Zichy Mih\u00e1ly utca 5.). Az \u00f6sszej\u00f6vetelek sor\u00e1n \u00f6nk\u00e9ntes seg\u00edt\u0151k, a betegekkel foglalkoznak, hogy a hozz\u00e1tartoz\u00f3k r\u00e9szt vehessenek az el\u0151ad\u00e1sokon.<\/p><p>TABUK N\u00c9LK\u00dcL<\/p><p>A betegs\u00e9gr\u0151l tabuk n\u00e9lk\u00fcl besz\u00e9lget\u00fcnk, b\u00e1rmilyen k\u00e9rd\u00e9st fel lehet tenni, a k\u00f6z\u00f6ss\u00e9g t\u00e1mogatja \u00e9s seg\u00edti a r\u00e9sztvev\u0151 csal\u00e1dtagokat. A betegs\u00e9g az eg\u00e9sz csal\u00e1dot \u00e9rinti, a gondoz\u00f3k t\u00e1mogat\u00e1sa, meg\u00e9rt\u00e9se a legfontosabb c\u00e9lunk, ez\u00e1ltal is cs\u00f6kkentve a betegs\u00e9g miatt elszigetel\u0151d\u00e9st, a megb\u00e9lyegz\u00e9st.<\/p><h3>Demencia linkaj\u00e1nl\u00f3<\/h3><h4>Hazai oldalak<\/h4><ul><li><a href=\"https:\/\/modus.hu\/demencia\/\"><strong>https:\/\/modus.hu\/demencia\/<\/strong><\/a>\u2013 Modus Alap\u00edtv\u00e1ny<\/li><li><a href=\"https:\/\/www.egeszsegkalauz.hu\/\"><strong>https:\/\/www.egeszsegkalauz.hu\/<\/strong><\/a>\u2013 Eg\u00e9szs\u00e9gkalauz<\/li><li><a href=\"https:\/\/www.felejtek.hu\/\"><strong>https:\/\/www.felejtek.hu\/<\/strong><\/a>\u2013 Richter Gedeon Nyrt.<\/li><li><a href=\"https:\/\/www.hazipatika.com\/\"><strong>https:\/\/www.hazipatika.com\/<\/strong><\/a>\u2013 Centr\u00e1l C\u00e9gcsoport Zrt.<\/li><li><a href=\"https:\/\/inda.info.hu\/\"><strong>https:\/\/inda.info.hu\/<\/strong><\/a>\u2013 Katolikus Szeretetszolg\u00e1lat<\/li><li><a href=\"http:\/\/www.miet.hu\/hir\/39459\/alzheimer\"><strong>http:\/\/www.miet.hu\/hir\/39459\/alzheimer<\/strong><\/a> \u2013 Magyar Neurol\u00f3giai T\u00e1rsas\u00e1g<\/li><li><a href=\"http:\/\/webnover.hu\/\"><strong>http:\/\/webnover.hu\/<\/strong><\/a> \u2013 Magyar M\u00e1ltai Szeretetszolg\u00e1lat<\/li><li><a href=\"http:\/\/neurologiaikozpont.hu\/\"><strong>http:\/\/neurologiaikozpont.hu\/<\/strong><\/a>demencia &#8211; Neurol\u00f3giai K\u00f6zpont<\/li><li><a href=\"http:\/\/feledhetetlen.com\/\"><strong>http:\/\/feledhetetlen.com\/<\/strong><\/a> &#8211; dr. K\u00e1z\u00e1r \u00c1gnes<\/li><\/ul><p>Nemzetk\u00f6zi oldalak<\/p><p><a href=\"https:\/\/www.alzheimer-europe.org\/\"><strong>https:\/\/www.alzheimer-europe.org\/<\/strong><\/a>\u00a0\u2013 Alzheimer Europe nonprofit szervezet (angol nyelv\u0171)<br \/><a href=\"http:\/\/www.euro.who.int\/en\/health-topics\/noncommunicable-diseases\/mental-health\/areas-of-work\/dementia\"><strong>http:\/\/www.euro.who.int\/<\/strong><\/a>\u00a0\u2013 WHO Demencia t\u00e9m\u00e1j\u00fa weboldala (angol nyelv\u0171)<br \/><a href=\"http:\/\/www.aal-europe.eu\/\"><strong>http:\/\/www.aal-europe.eu\/<\/strong><\/a>\u00a0\u2013 Akt\u00edv id\u0151s\u00f6d\u00e9s program (angol nyelv\u0171)<\/p><p>A Demencia bolgaj\u00e1nl\u00f3<\/p><p><b>DemenSzia<\/b><\/p><p>A demenci\u00e1r\u00f3l k\u00e9sz\u00fclt r\u00f6vid, k\u00f6z\u00e9rthet\u0151, egym\u00e1sra \u00e9p\u00fcl\u0151 tartalm\u00fa vide\u00f3ink az otthoni gondoz\u00e1st seg\u00edtik. Megtekint\u00e9s\u00fckkel r\u00f6vid id\u0151 alatt, fontos inform\u00e1ci\u00f3khoz juthatnak a gondoz\u00e1st v\u00e9gz\u0151 hozz\u00e1tartoz\u00f3k!<\/p><p><a href=\"https:\/\/www.youtube.com\/channel\/UCe8LXsC8gCH69zxkqTzGziw\"><strong>A DemenSzia vide\u00f3blog a YouTube-on &gt;&gt;<\/strong><\/a><\/p><p>FACEBOOK OLDOLAK<\/p><ul><li>AlzheimerPercek \u2013 Feh\u00e9r Zita<\/li><li>DemenSzia \u2013 Cserb\u00e1n Ancsa<\/li><\/ul><p>K\u00d6NYVEK:<\/p><p>INDA projekt kiadv\u00e1nyai pl. Kapaszkod\u00f3 (k), Inform\u00e1ci\u00f3k Demenci\u00e1r\u00f3l Alapfokon<br \/>Juh\u00e1sz \u00c1gnes Mem\u00f3ria\u0151rz\u0151 \u2013 \u00fatmutat\u00f3 a demenci\u00e1val \u00e9l\u0151 betegek gondoz\u00e1s\u00e1hoz. (Balassi Kiad\u00f3)<br \/>Juh\u00e1sz \u00c1gnes Demencia szak\u00e1pol\u00e1s \u2013 \u00c9rezni. \u00c9rteni. Tudni! (Balassi Kiad\u00f3)<br \/>Palliat\u00edv ell\u00e1t\u00e1s 2020-2022 Dr. Cs\u00edkos \u00c1gnes \u2013 Medicina k\u00f6nyvkiad\u00f3 &#8211; <em>Demenci\u00e1val \u00e9l\u0151k palliat\u00edv ell\u00e1t\u00e1sa (a fejezet szerz\u0151je dr. Heim Szilvia PhD jel\u00f6lt, h\u00e1ziorvos, PTE \u00c1ltal\u00e1nos Orvostudom\u00e1nyi Kar Alapell\u00e1t\u00e1si Int\u00e9zet tudom\u00e1nyos seg\u00e9dmunktar\u00e1s)<\/em><\/p>\t\t\t\t\t\t\t\t<\/div>\n\t\t\t\t<\/div>\n\t\t\t\t\t<\/div>\n\t\t\t\t<\/div>\n\t\t\t\t<\/div>\n\t\t","protected":false},"excerpt":{"rendered":"<p>ALZHEIMER CAF\u00c9 &#8211; El\u0151zm\u00e9nyek Az els\u0151 Caf\u00e9 Gy\u0151rben Dr. Menyh\u00e1rt Mikl\u00f3s ir\u00e1ny\u00edt\u00e1s\u00e1val indult el, majd Tatab\u00e1ny\u00e1n tal\u00e1lt k\u00f6vet\u0151kre. Dr. Menyh\u00e1rt Mikl\u00f3s 2008-2012-ben Franciaorsz\u00e1gban szerezte meg m\u00e1sodik diplom\u00e1j\u00e1t neuro-pszichol\u00f3gia szakon. Strasbourgban egy speci\u00e1lis alzheimer r\u00e9szleg vezet\u0151jek\u00e9nt v\u00e9gezte, \u00e9s mind a mai napig v\u00e9gzi munk\u00e1j\u00e1t. Itt l\u00e1tott r\u00e1 arra, illetve tapasztalta meg, hogy a csal\u00e1dok, szakemberek nem&#8230;<\/p>\n","protected":false},"author":1,"featured_media":0,"parent":0,"menu_order":0,"comment_status":"closed","ping_status":"closed","template":"","meta":{"_tbt_post_transparent":"","_tbt_post_title":"","_tbt_post_layout":"","_tbt_post_sidebar_id":"","_tbt_post_content_style":"","_tbt_post_vertical_padding":"","_tbt_post_feature":"","_tbt_post_feature_position":"","_tbt_post_header":false,"_tbt_post_footer":false},"class_list":["post-12722","page","type-page","status-publish","hentry"],"_links":{"self":[{"href":"https:\/\/keszi.hu\/index.php\/wp-json\/wp\/v2\/pages\/12722","targetHints":{"allow":["GET"]}}],"collection":[{"href":"https:\/\/keszi.hu\/index.php\/wp-json\/wp\/v2\/pages"}],"about":[{"href":"https:\/\/keszi.hu\/index.php\/wp-json\/wp\/v2\/types\/page"}],"author":[{"embeddable":true,"href":"https:\/\/keszi.hu\/index.php\/wp-json\/wp\/v2\/users\/1"}],"replies":[{"embeddable":true,"href":"https:\/\/keszi.hu\/index.php\/wp-json\/wp\/v2\/comments?post=12722"}],"version-history":[{"count":20,"href":"https:\/\/keszi.hu\/index.php\/wp-json\/wp\/v2\/pages\/12722\/revisions"}],"predecessor-version":[{"id":14530,"href":"https:\/\/keszi.hu\/index.php\/wp-json\/wp\/v2\/pages\/12722\/revisions\/14530"}],"wp:attachment":[{"href":"https:\/\/keszi.hu\/index.php\/wp-json\/wp\/v2\/media?parent=12722"}],"curies":[{"name":"wp","href":"https:\/\/api.w.org\/{rel}","templated":true}]}}