{"id":12714,"date":"2024-04-30T18:06:33","date_gmt":"2024-04-30T16:06:33","guid":{"rendered":"https:\/\/keszi.hu\/?page_id=12714"},"modified":"2026-04-13T13:42:31","modified_gmt":"2026-04-13T11:42:31","slug":"demencia-tanacsadas","status":"publish","type":"page","link":"https:\/\/keszi.hu\/index.php\/demencia-tanacsadas\/","title":{"rendered":"DEMENCIA TAN\u00c1CSAD\u00c1S"},"content":{"rendered":"\t\t<div data-elementor-type=\"wp-page\" data-elementor-id=\"12714\" class=\"elementor elementor-12714\">\n\t\t\t\t<div class=\"elementor-element elementor-element-94e368a e-flex e-con-boxed e-con e-parent\" data-id=\"94e368a\" data-element_type=\"container\" data-e-type=\"container\">\n\t\t\t\t\t<div class=\"e-con-inner\">\n\t\t\t\t<div class=\"elementor-element elementor-element-fe6b8b2 elementor-widget elementor-widget-heading\" data-id=\"fe6b8b2\" data-element_type=\"widget\" data-e-type=\"widget\" data-widget_type=\"heading.default\">\n\t\t\t\t<div class=\"elementor-widget-container\">\n\t\t\t\t\t<h2 class=\"elementor-heading-title elementor-size-default\">Demencia<\/h2>\t\t\t\t<\/div>\n\t\t\t\t<\/div>\n\t\t\t\t<div class=\"elementor-element elementor-element-277f0cf elementor-widget elementor-widget-text-editor\" data-id=\"277f0cf\" data-element_type=\"widget\" data-e-type=\"widget\" data-widget_type=\"text-editor.default\">\n\t\t\t\t<div class=\"elementor-widget-container\">\n\t\t\t\t\t\t\t\t\t<p class=\"v1MsoNormal\">A Gondoskod\u00e1s Alap\u00edtv\u00e1ny\u00a0\u00e9s a Kist\u00e9rs\u00e9gi Egyes\u00edtett Szoci\u00e1lis Int\u00e9zm\u00e9ny ingyenes szolg\u00e1ltat\u00e1ssal b\u0151v\u00edtette feladatait.<br \/>Demencia tan\u00e1csad\u00e1son vehetnek r\u00e9szt azok az \u00e9rintettek, \u00e9rdekl\u0151d\u0151k, gondoz\u00f3 csal\u00e1dtagok, akik ismereteket, inform\u00e1ci\u00f3t szeretn\u00e9nek kapni ademenci\u00e1val, Alzheimer k\u00f3rral kapcsolatban. Elm\u00e9leti \u00e9s gyakorlati tan\u00e1csokat kaphatnak a demenci\u00e1val \u00e9l\u0151k gondoz\u00e1s\u00e1r\u00f3l. \u00a0<\/p><p class=\"v1MsoNormal\">T\u00e1j\u00e9koztat\u00e1st k\u00e9rhetnek az el\u00e9rhet\u0151 eg\u00e9szs\u00e9g\u00fcgyi \u00e9s szoci\u00e1lis szolg\u00e1ltat\u00e1sokr\u00f3l.<\/p><p class=\"v1MsoNormal\">A tan\u00e1csad\u00e1st Varga Csaba K\u00e1lm\u00e1nn\u00e9 \u00a0( Kl\u00e1ri) szoci\u00e1lis szakgondoz\u00f3 tartja.<\/p><p class=\"v1MsoNormal\">A tan\u00e1csad\u00e1sra el\u0151zetesen be kell jelentkezni \u2013 vagy a tan\u00e1csad\u00e1sra el\u0151zetesen id\u0151pontot kell egyeztetni, a 06- 20-377-0442 telefonsz\u00e1mon, vagy a\u00a0<a href=\"mailto:demenciatan%C3%A1csad%C3%A1s@gmail.com\" rel=\"noreferrer\">demenciatan\u00e1csad\u00e1s@gmail.com<\/a>\u00a0email-en.<\/p><p class=\"v1MsoNormal\">A szem\u00e9lyes besz\u00e9lget\u00e9s helysz\u00edne az Alapszolg\u00e1ltat\u00e1si Centrum, Mosonmagyar\u00f3v\u00e1r, Zichy Mih\u00e1ly u. 5.sz.<\/p><p class=\"v1MsoNormal\">Ezen a helysz\u00ednen m\u0171k\u00f6dik az Alzheimer Caf\u00e9 is, minden h\u00f3nap els\u0151 h\u00e9tf\u0151j\u00e9n, ahol szint\u00e9n seg\u00edts\u00e9get, t\u00e1mogat\u00e1st kaphatnak az \u00e9rintettek.<\/p>\t\t\t\t\t\t\t\t<\/div>\n\t\t\t\t<\/div>\n\t\t\t\t<div class=\"elementor-element elementor-element-92ac4e9 elementor-widget elementor-widget-text-editor\" data-id=\"92ac4e9\" data-element_type=\"widget\" data-e-type=\"widget\" data-widget_type=\"text-editor.default\">\n\t\t\t\t<div class=\"elementor-widget-container\">\n\t\t\t\t\t\t\t\t\t<p>A sz\u00fclet\u00e9skor v\u00e1rhat\u00f3 \u00e1tlagos \u00e9letkor lass\u00fa n\u00f6veked\u00e9se mellett egyre ink\u00e1bb sz\u00e1m\u00edtani lehet arra, hogy n\u00f6vekszik a demenci\u00e1val k\u00fczd\u0151 id\u0151sek sz\u00e1ma, amelyet a szakemberek jelenleg Magyarorsz\u00e1gon nem tudnak megbecs\u00fclni.<\/p><p><strong><em>Egy nap a kez\u00e9be vesz egy k\u00f6nyvet, de hi\u00e1ba olvas bele, nem \u00e9rti a szavakat. K\u00e9s\u0151bb elt\u00e9ved a saj\u00e1t otthona k\u00f6zel\u00e9ben. V\u00e9g\u00fcl m\u00e1r a szeretteit sem ismeri fel. A szervezet m\u00e9g m\u0171k\u00f6dik, de \u00f6n\u2026.. m\u00e1r elt\u0171nt.<\/em><\/strong><\/p><p>A latin eredet\u0171 demencia kifejez\u00e9s sz\u00f3 szerint &#8222;\u00e9sz, \u00e9rtelem n\u00e9lk\u00fcli \u00e1llapotot&#8221; jelent. Az orvosi haszn\u00e1latban azonban a szellemi k\u00e9pess\u00e9gek hanyatl\u00e1s\u00e1val, cs\u00f6kken\u00e9s\u00e9vel azonos. Kialakul\u00e1s\u00e1nak val\u00f3sz\u00edn\u0171s\u00e9ge az \u00e9letkor el\u0151rehaladt\u00e1val n\u0151 (65 \u00e9ves korban minden t\u00edzedik, 90 \u00e9ves korban minden harmadik embert \u00e9rint), a demenica m\u00e9gsem keverend\u0151 \u00f6ssze az \u00f6reged\u00e9ssel egy\u00fctt j\u00e1r\u00f3 szellemi hanyatl\u00e1ssal! Az ugyanis term\u00e9szetes, hogy id\u0151s\u00f6dve kevesebbre vagyunk k\u00e9pesek. A demencia enn\u00e9l t\u00f6bbet jelent: ekkor a szellemi hanyatl\u00e1s m\u00e9rt\u00e9ke k\u00f3ros!<\/p><p><img decoding=\"async\" class=\"wp-image-14532 alignright\" src=\"http:\/\/keszi.hu\/wp-content\/uploads\/2024\/05\/kep_2024-05-15_160650472.png\" alt=\"\" width=\"180\" height=\"180\" srcset=\"https:\/\/keszi.hu\/wp-content\/uploads\/2024\/05\/kep_2024-05-15_160650472.png 319w, https:\/\/keszi.hu\/wp-content\/uploads\/2024\/05\/kep_2024-05-15_160650472-300x300.png 300w, https:\/\/keszi.hu\/wp-content\/uploads\/2024\/05\/kep_2024-05-15_160650472-150x150.png 150w, https:\/\/keszi.hu\/wp-content\/uploads\/2024\/05\/kep_2024-05-15_160650472-100x100.png 100w\" sizes=\"(max-width: 180px) 100vw, 180px\" \/><strong><u><br \/><\/u><\/strong><\/p><p><strong><u>A demens beteg:<\/u><\/strong><\/p><ul><li>egyre kev\u00e9sb\u00e9 tud tiszt\u00e1n gondolkodni,<\/li><li>elfelejt dolgokat,<\/li><li>nem tud kommunik\u00e1lni, nem tudja kifejezni mag\u00e1t<\/li><li>egyre nehezebben tudja a mindennapi feladatokat elv\u00e9gezni, p\u00e9ld\u00e1ul f\u0151zni vagy fel\u00f6lt\u00f6zni.<\/li><li>depreszi\u00f3s lehet,<\/li><li>hangulata hull\u00e1mz\u00f3 lehet \u00e9s agressz\u00edvv\u00e9 v\u00e1lhat,<\/li><li>el\u0151fordulhat, hogy elk\u00f3borol vagy elt\u00e9ved.<\/li><\/ul><p><strong>\u00a0<\/strong><strong style=\"font-family: var(--global-body-font-family);\">ALZHEIMER-K\u00d3R<\/strong><\/p><p>A m\u00e1sik jelens\u00e9g, amivel az emberek gyakran keverik a demenci\u00e1t, az <strong>Alzheimer-k\u00f3r<\/strong>. Val\u00f3ban van \u00e1tfed\u00e9s, de az Alzheimer-k\u00f3r csak az egyik t\u00edpus\u00e1t k\u00e9pezi a demenci\u00e1nak. Teh\u00e1t minden Alzheimer-k\u00f3ros demens, de nem minden demens beteg Alzheimer-k\u00f3ros is egyben, hanem csup\u00e1n az 50-75 sz\u00e1zal\u00e9kuk. A k\u00f3r t\u00fcnetei a demencia t\u00fcneteihez k\u00e9pest a k\u00f6vetkez\u0151kkel eg\u00e9sz\u00fclnek ki: hib\u00e1s vagy cs\u00f6kkent \u00edt\u00e9l\u0151k\u00e9pess\u00e9g, besz\u00e9dzavarok, a begyakorolt mozg\u00e1sok zavara, t\u00e1rgyak rossz helyre t\u00e9tele, passzivit\u00e1s, hallucin\u00e1ci\u00f3k, t\u00e9veszm\u00e9k.<\/p><p><strong>VEGY\u00dcK \u00c9SZRE!<\/strong><\/p><p>J\u00f3 lenne, ha min\u00e9l t\u00f6bb demens beteget min\u00e9l kor\u00e1bban diagnosztiz\u00e1ln\u00e1nak, \u00e9s k\u00f6z\u00fcl\u00fck min\u00e9l t\u00f6bben ker\u00fcln\u00e9nek gondoz\u00e1sba! Fontos tudat\u00e1ban lenn\u00fcnk a fenti t\u00fcneteknek, hogy hozz\u00e1tartoz\u00f3nkon min\u00e9l el\u0151bb felismerj\u00fck ezeket &#8211; ugyanis a legt\u00f6bbsz\u00f6r nem a betegben, hanem csal\u00e1dtagj\u00e1ban mer\u00fcl fel a gyan\u00fa! Figyelj\u00fcnk fel arra, ha id\u0151sebb rokonunkn\u00e1l lass\u00fabb gondolkod\u00e1st, szellemi &#8222;elnehezed\u00e9st&#8221; \u00e9szlel\u00fcnk.<\/p>\t\t\t\t\t\t\t\t<\/div>\n\t\t\t\t<\/div>\n\t\t\t\t<div class=\"elementor-element elementor-element-a62d880 elementor-widget elementor-widget-text-editor\" data-id=\"a62d880\" data-element_type=\"widget\" data-e-type=\"widget\" data-widget_type=\"text-editor.default\">\n\t\t\t\t<div class=\"elementor-widget-container\">\n\t\t\t\t\t\t\t\t\t<p class=\"v1MsoNormal\"><b>Ha a demenci\u00e1t id\u0151ben diagnosztiz\u00e1lj\u00e1k, sok mindent tehet\u00fcnk az\u00e9rt, hogy a beteg megbirk\u00f3zzon a probl\u00e9m\u00e1kkal \u00e9s \u00e9letmin\u0151s\u00e9ge javuljon.<img decoding=\"async\" class=\"wp-image-14531 alignleft\" src=\"http:\/\/keszi.hu\/wp-content\/uploads\/2024\/05\/kep_2024-05-15_160539588.png\" alt=\"\" width=\"216\" height=\"158\" srcset=\"https:\/\/keszi.hu\/wp-content\/uploads\/2024\/05\/kep_2024-05-15_160539588.png 383w, https:\/\/keszi.hu\/wp-content\/uploads\/2024\/05\/kep_2024-05-15_160539588-300x220.png 300w\" sizes=\"(max-width: 216px) 100vw, 216px\" \/><\/b><\/p><p class=\"v1MsoNormal\"><b>\u00a0<\/b><span style=\"color: var( --e-global-color-text ); font-family: var( --e-global-typography-text-font-family ), Sans-serif; font-weight: var( --e-global-typography-text-font-weight ); text-align: var(--text-align); background-color: transparent;\">A legt\u00f6bb demens beteg\u00a0<\/span><b style=\"color: var( --e-global-color-text ); font-family: var( --e-global-typography-text-font-family ), Sans-serif; text-align: var(--text-align); background-color: transparent;\">65 \u00e9vn\u00e9l id\u0151sebb<\/b><span style=\"color: var( --e-global-color-text ); font-family: var( --e-global-typography-text-font-family ), Sans-serif; font-weight: var( --e-global-typography-text-font-weight ); text-align: var(--text-align); background-color: transparent;\">, de val\u00f3sz\u00edn\u0171leg t\u00f6bb ezer 65 \u00e9vn\u00e9l fiatalabb embert is s\u00fajt ez a betegs\u00e9g.<br \/><\/span><span style=\"color: var( --e-global-color-text ); font-family: var( --e-global-typography-text-font-family ), Sans-serif; font-weight: var( --e-global-typography-text-font-weight ); text-align: var(--text-align); background-color: transparent;\">A demencia\u00a0<\/span><b style=\"color: var( --e-global-color-text ); font-family: var( --e-global-typography-text-font-family ), Sans-serif; text-align: var(--text-align); background-color: transparent;\">nemt\u0151l, etnikai \u00e9s t\u00e1rsadalmi hovatartoz\u00e1st\u00f3l f\u00fcggetlen\u00fcl b\u00e1rkit \u00e9rinthet<\/b><span style=\"color: var( --e-global-color-text ); font-family: var( --e-global-typography-text-font-family ), Sans-serif; font-weight: var( --e-global-typography-text-font-weight ); text-align: var(--text-align); background-color: transparent;\">.<br \/><\/span><span style=\"color: var( --e-global-color-text ); font-family: var( --e-global-typography-text-font-family ), Sans-serif; font-weight: var( --e-global-typography-text-font-weight ); text-align: var(--text-align); background-color: transparent;\">A demencia nagyon megnehez\u00edti a betegek \u00e9s csal\u00e1djaik, gondoz\u00f3ik \u00e9let\u00e9t, nem csak eg\u00e9szs\u00e9g\u00fcgyi probl\u00e9ma, hanem kihat a t\u00e1rsas kapcsolatokra \u00e9s a szoci\u00e1lis h\u00e1tt\u00e9rre is.<\/span><\/p><p class=\"v1MsoNormal\">A\u00a0<b>csal\u00e1di gondoz\u00f3k\u00a0<\/b>gyakran maguk is id\u0151sek \u00e9s elesettek.\u00a0<b>A gondoz\u00e1s jelentette meger\u0151ltet\u00e9s\u00a0<\/b>a gondoz\u00f3 fizikai vagy ment\u00e1lis megbeteged\u00e9s\u00e9hez vezethet.<\/p><p class=\"v1MsoNormal\">A szoci\u00e1lis szolg\u00e1ltat\u00e1sok k\u00f6z\u00fcl sz\u00edvb\u0151l aj\u00e1nljuk a<b style=\"color: var( --e-global-color-text ); font-family: var( --e-global-typography-text-font-family ), Sans-serif; text-align: var(--text-align); background-color: transparent;\">\u00a0<\/b><\/p><p class=\"v1MsoNormal\"><b>ID\u0150SKOR\u00daAK NAPPALI ELL\u00c1T\u00c1SA \u2013 DEMENS SZEM\u00c9LYEK NAPPALI ELL\u00c1T\u00c1SA<\/b><\/p><p class=\"v1MsoNormal\">A szoci\u00e1lis alapszolg\u00e1ltat\u00e1sok k\u00f6z\u00fcl az id\u0151sek klubjai szolg\u00e1ltat\u00e1s\u00e1ban r\u00e9szes\u00fclhetnek azok az id\u0151sek is, akik rendelkeznek demencia k\u00f3rk\u00e9pet meg\u00e1llap\u00edt\u00f3 szakv\u00e9lem\u00e9nnyel.<\/p><p class=\"v1MsoNormal\">A\u00a0 nappali ell\u00e1t\u00e1s ir\u00e1nyelve a szem\u00e9lyk\u00f6zpont\u00fas\u00e1gra \u00e9p\u00fcl.<\/p><p class=\"v1MsoNormal\"><span style=\"color: var( --e-global-color-text ); font-family: var( --e-global-typography-text-font-family ), Sans-serif; text-align: var(--text-align); background-color: transparent;\"><b>A szem\u00e9lyk\u00f6zpont\u00fa gondoskod\u00e1s c\u00e9lja, hogy el\u0151seg\u00edtse:<\/b><\/span><\/p><ul type=\"disc\"><li class=\"v1MsoListParagraphCxSpFirst\">a demenci\u00e1val k\u00fczd\u0151 id\u0151s\u00f6d\u0151 embereknek,<\/li><li class=\"v1MsoListParagraphCxSpMiddle\">a csal\u00e1djaiknak,<\/li><li class=\"v1MsoListParagraphCxSpLast\">mindazoknak a \u201ej\u00f3l-l\u00e9t\u00e9t\u201d, akik t\u00f6r\u0151dnek vel\u00fck.<\/li><\/ul><p class=\"v1MsoNormal\"><b>A demenci\u00e1val k\u00fczd\u0151 szem\u00e9ly j\u00f3l-l\u00e9te itt azt jelenti, hogy:<\/b><\/p><ul type=\"disc\"><li class=\"v1MsoListParagraphCxSpFirst\">akt\u00edvan t\u00f6lti a napjait seg\u00edt\u0151 k\u00f6zrem\u0171k\u00f6d\u00e9ssel,<\/li><li class=\"v1MsoListParagraphCxSpMiddle\">biztons\u00e1gban \u00e9rzi mag\u00e1t,<\/li><li class=\"v1MsoListParagraphCxSpLast\">\u00e9rzelmi t\u00e1mogat\u00e1st kap.<\/li><\/ul><p class=\"v1MsoNormal\"><b>A jelz\u0151rendszeres h\u00e1zi seg\u00edts\u00e9gny\u00fajt\u00e1st<\/b><\/p><ul type=\"disc\"><li class=\"v1MsoListParagraphCxSpFirst\">\u00e1lland\u00f3 t\u00e1vfel\u00fcgyelet biztos\u00edt<\/li><li class=\"v1MsoListParagraphCxSpMiddle\">\u201egeoker\u00edt\u00e9s\u201d funkci\u00f3ja meghat\u00e1rozhatja pontosan hol van az id\u0151s<\/li><li class=\"v1MsoListParagraphCxSpLast\">es\u00e9s eset\u00e9n azonnal riasztja a diszp\u00e9cserk\u00f6zpontot<\/li><\/ul><p class=\"v1MsoNormal\">\u00a0<\/p><p class=\"v1MsoNormal\"><b>Az int\u00e9zm\u00e9ny \u00e9s a Gondoskod\u00e1s Alap\u00edtv\u00e1ny \u00e9vek \u00f3ta dolgozik az\u00e9rt, hogy Mosonmagyar\u00f3v\u00e1r demenciabar\u00e1t k\u00f6z\u00f6ss\u00e9g\u00e9 v\u00e1ljon.<\/b><\/p><ul type=\"disc\"><li class=\"v1MsoListParagraphCxSpFirst\">El\u0151ad\u00e1sokat tartottunk hozz\u00e1tartoz\u00f3knak a demenci\u00e1val kapcsolatban<\/li><li class=\"v1MsoListParagraphCxSpMiddle\">Alzheimer Caf\u00e9t ind\u00edtottunk 2015-ben a v\u00e1rosban<\/li><li class=\"v1MsoListParagraphCxSpMiddle\">Rendszeresen r\u00e9szt vett\u00fcnk v\u00e1rosi kitelep\u00fcl\u00e9seken<\/li><li class=\"v1MsoListParagraphCxSpMiddle\">Demenciabar\u00e1t konferenci\u00e1t szervezt\u00fcnk<\/li><li class=\"v1MsoListParagraphCxSpMiddle\">Demenciah\u00e1tizs\u00e1kot \u00e1ll\u00edtottunk \u00f6ssze a gondoz\u00f3 csal\u00e1doknak<\/li><li class=\"v1MsoListParagraphCxSpMiddle\">Demenciasz\u00ednez\u0151t k\u00e9sz\u00edtett\u00fcnk kisgyermekes csal\u00e1doknak<\/li><li class=\"v1MsoListParagraphCxSpLast\">K\u00fclf\u00f6ldi tanulm\u00e1nyutakon vett\u00fcnk r\u00e9szt, hogy tapasztalatokat gy\u0171jts\u00fcnk \u00e9s felhaszn\u00e1ljuk azt napi munk\u00e1nk sor\u00e1n.<\/li><\/ul>\t\t\t\t\t\t\t\t<\/div>\n\t\t\t\t<\/div>\n\t\t\t\t<div class=\"elementor-element elementor-element-d9b69a4 elementor-widget elementor-widget-gallery\" data-id=\"d9b69a4\" data-element_type=\"widget\" data-e-type=\"widget\" data-widget_type=\"gallery.default\">\n\t\t\t\t<div class=\"elementor-widget-container\">\n\t\t\t\t\t \t\t\t\t<\/div>\n\t\t\t\t<\/div>\n\t\t\t\t\t<\/div>\n\t\t\t\t<\/div>\n\t\t\t\t<\/div>\n\t\t","protected":false},"excerpt":{"rendered":"<p>Demencia A Gondoskod\u00e1s Alap\u00edtv\u00e1ny\u00a0\u00e9s a Kist\u00e9rs\u00e9gi Egyes\u00edtett Szoci\u00e1lis Int\u00e9zm\u00e9ny ingyenes szolg\u00e1ltat\u00e1ssal b\u0151v\u00edtette feladatait.Demencia tan\u00e1csad\u00e1son vehetnek r\u00e9szt azok az \u00e9rintettek, \u00e9rdekl\u0151d\u0151k, gondoz\u00f3 csal\u00e1dtagok, akik ismereteket, inform\u00e1ci\u00f3t szeretn\u00e9nek kapni ademenci\u00e1val, Alzheimer k\u00f3rral kapcsolatban. Elm\u00e9leti \u00e9s gyakorlati tan\u00e1csokat kaphatnak a demenci\u00e1val \u00e9l\u0151k gondoz\u00e1s\u00e1r\u00f3l. \u00a0 T\u00e1j\u00e9koztat\u00e1st k\u00e9rhetnek az el\u00e9rhet\u0151 eg\u00e9szs\u00e9g\u00fcgyi \u00e9s szoci\u00e1lis szolg\u00e1ltat\u00e1sokr\u00f3l. A tan\u00e1csad\u00e1st Varga Csaba K\u00e1lm\u00e1nn\u00e9 \u00a0(&#8230;<\/p>\n","protected":false},"author":1,"featured_media":0,"parent":0,"menu_order":0,"comment_status":"closed","ping_status":"closed","template":"","meta":{"_tbt_post_transparent":"","_tbt_post_title":"","_tbt_post_layout":"","_tbt_post_sidebar_id":"","_tbt_post_content_style":"","_tbt_post_vertical_padding":"","_tbt_post_feature":"","_tbt_post_feature_position":"","_tbt_post_header":false,"_tbt_post_footer":false},"class_list":["post-12714","page","type-page","status-publish","hentry"],"_links":{"self":[{"href":"https:\/\/keszi.hu\/index.php\/wp-json\/wp\/v2\/pages\/12714","targetHints":{"allow":["GET"]}}],"collection":[{"href":"https:\/\/keszi.hu\/index.php\/wp-json\/wp\/v2\/pages"}],"about":[{"href":"https:\/\/keszi.hu\/index.php\/wp-json\/wp\/v2\/types\/page"}],"author":[{"embeddable":true,"href":"https:\/\/keszi.hu\/index.php\/wp-json\/wp\/v2\/users\/1"}],"replies":[{"embeddable":true,"href":"https:\/\/keszi.hu\/index.php\/wp-json\/wp\/v2\/comments?post=12714"}],"version-history":[{"count":10,"href":"https:\/\/keszi.hu\/index.php\/wp-json\/wp\/v2\/pages\/12714\/revisions"}],"predecessor-version":[{"id":15434,"href":"https:\/\/keszi.hu\/index.php\/wp-json\/wp\/v2\/pages\/12714\/revisions\/15434"}],"wp:attachment":[{"href":"https:\/\/keszi.hu\/index.php\/wp-json\/wp\/v2\/media?parent=12714"}],"curies":[{"name":"wp","href":"https:\/\/api.w.org\/{rel}","templated":true}]}}