{"id":12683,"date":"2024-04-30T17:49:07","date_gmt":"2024-04-30T15:49:07","guid":{"rendered":"https:\/\/keszi.hu\/?page_id=12683"},"modified":"2025-06-23T11:31:48","modified_gmt":"2025-06-23T09:31:48","slug":"onkentesseg","status":"publish","type":"page","link":"https:\/\/keszi.hu\/index.php\/onkentesseg\/","title":{"rendered":"\u00d6NK\u00c9NTESS\u00c9G"},"content":{"rendered":"\t\t<div data-elementor-type=\"wp-page\" data-elementor-id=\"12683\" class=\"elementor elementor-12683\">\n\t\t\t\t<div class=\"elementor-element elementor-element-4b9d390 e-flex e-con-boxed e-con e-parent\" data-id=\"4b9d390\" data-element_type=\"container\" data-e-type=\"container\">\n\t\t\t\t\t<div class=\"e-con-inner\">\n\t\t\t\t<div class=\"elementor-element elementor-element-3ce568c elementor-widget elementor-widget-heading\" data-id=\"3ce568c\" data-element_type=\"widget\" data-e-type=\"widget\" data-widget_type=\"heading.default\">\n\t\t\t\t<div class=\"elementor-widget-container\">\n\t\t\t\t\t<h2 class=\"elementor-heading-title elementor-size-default\">T\u00c1RSADALMI SZEREPV\u00c1LLAL\u00c1S \/ V\u00c1RUNK! <\/h2>\t\t\t\t<\/div>\n\t\t\t\t<\/div>\n\t\t\t\t<div class=\"elementor-element elementor-element-cd9f77b elementor-widget elementor-widget-text-editor\" data-id=\"cd9f77b\" data-element_type=\"widget\" data-e-type=\"widget\" data-widget_type=\"text-editor.default\">\n\t\t\t\t<div class=\"elementor-widget-container\">\n\t\t\t\t\t\t\t\t\t<p><em>\u201eNincs er\u0151sebb egy elsz\u00e1nt \u00f6nk\u00e9ntesn\u00e9l.\u201d<\/em><\/p><p><a href=\"https:\/\/www.citatum.hu\/szerzo\/Pearl_Harbor_-_Egi_haboru\"><em>Pearl Harbor &#8211; \u00c9gi h\u00e1bor\u00fa c. film<\/em><\/a><\/p>\t\t\t\t\t\t\t\t<\/div>\n\t\t\t\t<\/div>\n\t\t\t\t<div class=\"elementor-element elementor-element-6d7a8b8 elementor-widget elementor-widget-text-editor\" data-id=\"6d7a8b8\" data-element_type=\"widget\" data-e-type=\"widget\" data-widget_type=\"text-editor.default\">\n\t\t\t\t<div class=\"elementor-widget-container\">\n\t\t\t\t\t\t\t\t\t<p><strong>\u00d6nk\u00e9ntes seg\u00edt\u0151k \u00e9s k\u00f6z\u00f6ss\u00e9gi szolg\u00e1latot teljes\u00edt\u0151 di\u00e1kok fogad\u00e1sa:<\/strong><\/p>\n<p><strong>Koordin\u00e1tor:<\/strong> Borsos Eszter: 06\/20\/531-96-60; 06\/96\/206-220; <br><strong>Email<\/strong>: naposhaz@keszi.hu<\/p>\t\t\t\t\t\t\t\t<\/div>\n\t\t\t\t<\/div>\n\t\t\t\t<div class=\"elementor-element elementor-element-a498ea6 elementor-widget elementor-widget-text-editor\" data-id=\"a498ea6\" data-element_type=\"widget\" data-e-type=\"widget\" data-widget_type=\"text-editor.default\">\n\t\t\t\t<div class=\"elementor-widget-container\">\n\t\t\t\t\t\t\t\t\t<p>A Kist\u00e9rs\u00e9gi Egyes\u00edtett Szoci\u00e1lis Int\u00e9zm\u00e9ny minden egys\u00e9ge elk\u00f6telezett az \u00f6nk\u00e9ntes seg\u00edt\u0151k \u00e9s a k\u00f6z\u00f6ss\u00e9gi szolg\u00e1latot teljes\u00edt\u0151 di\u00e1kok fogad\u00e1sa mellett. 2012-ben az els\u0151k k\u00f6z\u00f6tt regisztr\u00e1ltunk a fogad\u00f3 int\u00e9zm\u00e9nyek list\u00e1j\u00e1n, ez\u00e9rt hivatalos m\u00f3don: szerz\u0151d\u00e9st k\u00f6tve v\u00e1llaljuk a seg\u00edteni sz\u00e1nd\u00e9koz\u00f3k mentor\u00e1l\u00e1s\u00e1t. Az elm\u00falt \u00e9vtized bebizony\u00edtotta, hogy e nemes feladat gazdag\u00edtja mind az \u00f6nk\u00e9ntest, mind a h\u00e1tr\u00e1nyos helyzet\u0171 embereket. Int\u00e9zm\u00e9ny\u00fcnk sok projektje val\u00f3sult meg \u00f6nk\u00e9ntes seg\u00edt\u0151k k\u00f6zrem\u0171k\u00f6d\u00e9s\u00e9vel \u00e9s t\u00f6bben v\u00e1lasztott\u00e1k hivat\u00e1suknak a szoci\u00e1lis munk\u00e1t a j\u00f3 tapasztalatok ut\u00e1n.<\/p><p>\u00a0<\/p>\t\t\t\t\t\t\t\t<\/div>\n\t\t\t\t<\/div>\n\t\t\t\t<div class=\"elementor-element elementor-element-d2824c0 elementor-widget elementor-widget-video\" data-id=\"d2824c0\" data-element_type=\"widget\" data-e-type=\"widget\" data-settings=\"{&quot;video_type&quot;:&quot;hosted&quot;,&quot;autoplay&quot;:&quot;yes&quot;,&quot;controls&quot;:&quot;yes&quot;}\" data-widget_type=\"video.default\">\n\t\t\t\t<div class=\"elementor-widget-container\">\n\t\t\t\t\t\t\t<div class=\"e-hosted-video elementor-wrapper elementor-open-inline\">\n\t\t\t\t\t<video class=\"elementor-video\" src=\"http:\/\/keszi.hu\/wp-content\/uploads\/2025\/06\/charity_vegvari_janka-1.mp4\" autoplay=\"\" controls=\"\" controlsList=\"nodownload\" poster=\"http:\/\/keszi.hu\/wp-content\/uploads\/2025\/06\/kep_2025-06-16_092336582.png\"><\/video>\n\t\t\t\t<\/div>\n\t\t\t\t\t\t<\/div>\n\t\t\t\t<\/div>\n\t\t\t\t<div class=\"elementor-element elementor-element-5b4d4c2 elementor-widget elementor-widget-gallery\" data-id=\"5b4d4c2\" data-element_type=\"widget\" data-e-type=\"widget\" data-widget_type=\"gallery.default\">\n\t\t\t\t<div class=\"elementor-widget-container\">\n\t\t\t\t\t \t\t\t\t<\/div>\n\t\t\t\t<\/div>\n\t\t\t\t<div class=\"elementor-element elementor-element-ede9485 elementor-widget elementor-widget-gallery\" data-id=\"ede9485\" data-element_type=\"widget\" data-e-type=\"widget\" data-widget_type=\"gallery.default\">\n\t\t\t\t<div class=\"elementor-widget-container\">\n\t\t\t\t\t \t\t\t\t<\/div>\n\t\t\t\t<\/div>\n\t\t\t\t<div class=\"elementor-element elementor-element-944ea86 elementor-widget elementor-widget-text-editor\" data-id=\"944ea86\" data-element_type=\"widget\" data-e-type=\"widget\" data-widget_type=\"text-editor.default\">\n\t\t\t\t<div class=\"elementor-widget-container\">\n\t\t\t\t\t\t\t\t\t<p><strong style=\"color: var( --e-global-color-text ); font-family: var( --e-global-typography-text-font-family ), Sans-serif; text-align: var(--text-align); background-color: transparent;\">R\u00f3lunk mond\u00e1k<\/strong><\/p><p><strong>\u00a0<\/strong><span style=\"color: var( --e-global-color-text ); font-family: var( --e-global-typography-text-font-family ), Sans-serif; font-weight: var( --e-global-typography-text-font-weight ); text-align: var(--text-align); background-color: transparent;\">\u201e\u00d6nk\u00e9ntesnek lenni\u2026<\/span><\/p><p>Az igazi, \u0151szinte, \u00f6nzetlen szeretet az, ami mozgatja az embert.<\/p><p>Alapvet\u0151en empatikus \u00e9rz\u00e9s\u0171nek kell lennem, hiszen tudnom kell belegondolni abba, hogy ezeket az id\u0151seket kiszak\u00edtott\u00e1k a megszokott k\u00f6rnyezet\u00fckb\u0151l, elker\u00fcltek egy m\u00e1sik helyre \u00e9s \u0151k mag\u00e1nyosak lesznek emiatt, mert sok esetben a csal\u00e1d nem \u00fagy keresi \u0151ket, ahogyan szeretn\u00e9k. Ebben az \u00e1llapotban nekik sz\u00fcks\u00e9g\u00fck van fizikai \u00e9s lelki seg\u00edts\u00e9gre is: megigaz\u00edtom a takar\u00f3jukat, megitatom \u0151ket, vagy egyszer\u0171en csak megn\u00e9zem vel\u00fck a vir\u00e1gokat. Meghallgatom, hogy a gondolataik \u00e9ppen merre haladnak: tal\u00e1n \u00e9ppen egy kis \u00f6sszegz\u00e9st csin\u00e1lnak.<\/p><p>\u00d6nk\u00e9ntesk\u00e9nt r\u00e1\u00e9rek, \u00edgy h\u00e1t szeretn\u00e9k egy kis \u00f6r\u00f6met, vid\u00e1ms\u00e1got csemp\u00e9szni az itt \u00e9l\u0151k h\u00e9tk\u00f6znapjaiba.\u201d<\/p><p>\u201eM\u00e1r j\u00f3 p\u00e1r \u00e9ve vagyok szerencs\u00e9s r\u00e9sztvev\u0151je a h\u00edres naposh\u00e1zi nyaral\u00e1soknak. Hogy mi jut els\u0151re eszembe, ha r\u00e1 gondolok?.. Neh\u00e9z r\u00f6viden megfogalmazni, de els\u0151k\u00e9nt tal\u00e1n a boldogs\u00e1g. Boldogs\u00e1g, hogy mehet\u00fcnk, egy\u00fctt, \u00faj \u00e9lm\u00e9nyeket gy\u0171jteni\u2026 (\u2026) Kudarcok, amikor \u00fagy \u00e9reztem nem \u00fagy siker\u00fclt megoldani valamit ahogy szerettem volna, amikor nem j\u00f3l \u00edt\u00e9ltem meg egy helyzetet, amikor elszalasztottam egy pillanatot, m\u00e1shogy reag\u00e1ltam\u2026 (\u2026) A sikerek, amikor egy elkapott telefon besz\u00e9lget\u00e9sben a fiatal arr\u00f3l mes\u00e9l, milyen j\u00f3l \u00e9rzi itt mag\u00e1t \u00e9s am\u00fagy milyen j\u00f3 a csapatodban, vagy mikor a sokadik napon reggel arra \u00e9rkezel, hogy a fiatalod fel\u00f6lt\u00f6zve, megf\u00e9s\u00fclk\u00f6dve \u00e9s \u00f6sszek\u00e9sz\u00fclve v\u00e1r, \u00e9s aznap \u00e9jjel m\u00e9g a b\u0151r\u00f6ndj\u00e9t sem pakolta sz\u00e9t \u00e9s \u00e1t a szobat\u00e1rsa cuccaival, mert m\u00e1r 46x megk\u00e9rted r\u00e1 \u00e9s visszapakolt\u00e1l.. Vagy amikor otthon a buszr\u00f3l lesz\u00e1llva a fiatal azzal z\u00e1r, hogy j\u00f6v\u0151re is veled akar menni.. Az \u00e9rz\u00e9s, mikor \u00fagy z\u00e1rul a nap, hogy sok mosoly (\u00e9s r\u00e9szemr\u0151l p\u00e1r \u00f6r\u00f6mk\u00f6nny) van m\u00f6g\u00f6tt\u00fcnk.. H\u00e1t, a nyaral\u00e1ssal egy\u00fctt valahogy \u00edgy n\u0151ttem \u00e9n is. (\u2026) Az \u00e9vek alatt rengeteg koll\u00e9ga munk\u00e1j\u00e1t, tr\u00fckkjeit figyelhettem meg \u00e9s tanulhattam t\u0151l\u00fck \u00e9s nagyon h\u00e1l\u00e1s vagyok, hogy egy ilyen csapat r\u00e9sze lehetek. A t\u00e1borban annyit szoktunk egy\u00fctt nevetni, im\u00e1dom ezt! Meghat\u00e1roz\u00f3 \u00e9rz\u00e9s sz\u00e1momra a hazafele vezet\u0151 busz \u00fat.. Ahol nagyon f\u00e1radtan, de el\u00e9gedetten z\u00e1rom a hetet \u00e9s minden porcik\u00e1mban azt \u00e9rzem, hogy b\u00e1rmennyire f\u00e1radt is vagyok, annyira de annyira meg\u00e9rte. Ezt csak tet\u0151zik a lesz\u00e1ll\u00e1sn\u00e1l kapott h\u00e1l\u00e1s k\u00f6sz\u00f6netek, \u00f6lel\u00e9sek a hozz\u00e1tartoz\u00f3kt\u00f3l.. Sz\u00e1momra ekkor lesz igaz\u00e1n kerek minden.. \u00c9s egy j\u00f3 hossz\u00fa f\u00fcrd\u0151z\u00e9s \u00e9s h\u00e9tv\u00e9gi kialv\u00e1s ut\u00e1n, \u00fajra tudn\u00e1m kezdeni az eg\u00e9szet el\u0151lr\u0151l! H\u00e1t.. Valami ilyesmi naposh\u00e1zinak lenni! (\u2026)\u201d<\/p>\t\t\t\t\t\t\t\t<\/div>\n\t\t\t\t<\/div>\n\t\t\t\t\t<\/div>\n\t\t\t\t<\/div>\n\t\t\t\t<\/div>\n\t\t","protected":false},"excerpt":{"rendered":"<p>T\u00c1RSADALMI SZEREPV\u00c1LLAL\u00c1S \/ V\u00c1RUNK! \u201eNincs er\u0151sebb egy elsz\u00e1nt \u00f6nk\u00e9ntesn\u00e9l.\u201d Pearl Harbor &#8211; \u00c9gi h\u00e1bor\u00fa c. film \u00d6nk\u00e9ntes seg\u00edt\u0151k \u00e9s k\u00f6z\u00f6ss\u00e9gi szolg\u00e1latot teljes\u00edt\u0151 di\u00e1kok fogad\u00e1sa: Koordin\u00e1tor: Borsos Eszter: 06\/20\/531-96-60; 06\/96\/206-220; Email: naposhaz@keszi.hu A Kist\u00e9rs\u00e9gi Egyes\u00edtett Szoci\u00e1lis Int\u00e9zm\u00e9ny minden egys\u00e9ge elk\u00f6telezett az \u00f6nk\u00e9ntes seg\u00edt\u0151k \u00e9s a k\u00f6z\u00f6ss\u00e9gi szolg\u00e1latot teljes\u00edt\u0151 di\u00e1kok fogad\u00e1sa mellett. 2012-ben az els\u0151k k\u00f6z\u00f6tt regisztr\u00e1ltunk&#8230;<\/p>\n","protected":false},"author":1,"featured_media":0,"parent":0,"menu_order":0,"comment_status":"closed","ping_status":"closed","template":"","meta":{"_tbt_post_transparent":"","_tbt_post_title":"","_tbt_post_layout":"","_tbt_post_sidebar_id":"","_tbt_post_content_style":"","_tbt_post_vertical_padding":"","_tbt_post_feature":"","_tbt_post_feature_position":"","_tbt_post_header":false,"_tbt_post_footer":false},"class_list":["post-12683","page","type-page","status-publish","hentry"],"_links":{"self":[{"href":"https:\/\/keszi.hu\/index.php\/wp-json\/wp\/v2\/pages\/12683","targetHints":{"allow":["GET"]}}],"collection":[{"href":"https:\/\/keszi.hu\/index.php\/wp-json\/wp\/v2\/pages"}],"about":[{"href":"https:\/\/keszi.hu\/index.php\/wp-json\/wp\/v2\/types\/page"}],"author":[{"embeddable":true,"href":"https:\/\/keszi.hu\/index.php\/wp-json\/wp\/v2\/users\/1"}],"replies":[{"embeddable":true,"href":"https:\/\/keszi.hu\/index.php\/wp-json\/wp\/v2\/comments?post=12683"}],"version-history":[{"count":28,"href":"https:\/\/keszi.hu\/index.php\/wp-json\/wp\/v2\/pages\/12683\/revisions"}],"predecessor-version":[{"id":15076,"href":"https:\/\/keszi.hu\/index.php\/wp-json\/wp\/v2\/pages\/12683\/revisions\/15076"}],"wp:attachment":[{"href":"https:\/\/keszi.hu\/index.php\/wp-json\/wp\/v2\/media?parent=12683"}],"curies":[{"name":"wp","href":"https:\/\/api.w.org\/{rel}","templated":true}]}}