{"id":12661,"date":"2024-05-06T10:46:43","date_gmt":"2024-05-06T08:46:43","guid":{"rendered":"https:\/\/keszi.hu\/?page_id=12661"},"modified":"2024-05-24T17:33:29","modified_gmt":"2024-05-24T15:33:29","slug":"jelzorendszeres-hazi-segitsegnyujtas-igenybevetel","status":"publish","type":"page","link":"https:\/\/keszi.hu\/index.php\/jelzorendszeres-hazi-segitsegnyujtas-igenybevetel\/","title":{"rendered":"Jelz\u0151rendszeres h\u00e1zi seg\u00edts\u00e9gny\u00fajt\u00e1s Ig\u00e9nybev\u00e9tel"},"content":{"rendered":"\t\t<div data-elementor-type=\"wp-page\" data-elementor-id=\"12661\" class=\"elementor elementor-12661\">\n\t\t\t\t\t\t<section class=\"elementor-section elementor-top-section elementor-element elementor-element-8a043ee elementor-section-full_width elementor-section-height-default elementor-section-height-default\" data-id=\"8a043ee\" data-element_type=\"section\" data-e-type=\"section\">\n\t\t\t\t\t\t<div class=\"elementor-container elementor-column-gap-default\">\n\t\t\t\t\t<div class=\"elementor-column elementor-col-100 elementor-top-column elementor-element elementor-element-e2b040d about_cms_block\" data-id=\"e2b040d\" data-element_type=\"column\" data-e-type=\"column\" data-settings=\"{&quot;background_background&quot;:&quot;classic&quot;}\">\n\t\t\t<div class=\"elementor-widget-wrap elementor-element-populated\">\n\t\t\t\t\t\t<div class=\"elementor-element elementor-element-5f7ccfc elementor-widget elementor-widget-heading\" data-id=\"5f7ccfc\" data-element_type=\"widget\" data-e-type=\"widget\" data-widget_type=\"heading.default\">\n\t\t\t\t<div class=\"elementor-widget-container\">\n\t\t\t\t\t<h2 class=\"elementor-heading-title elementor-size-default\">Seg\u00e9lyh\u00edv\u00f3szolg\u00e1ltat\u00e1s, amely \u201e\u00e9letet menthet.\u201d<\/h2>\t\t\t\t<\/div>\n\t\t\t\t<\/div>\n\t\t\t\t<div class=\"elementor-element elementor-element-dfa6301 elementor-widget__width-initial elementor-widget elementor-widget-text-editor\" data-id=\"dfa6301\" data-element_type=\"widget\" data-e-type=\"widget\" data-widget_type=\"text-editor.default\">\n\t\t\t\t<div class=\"elementor-widget-container\">\n\t\t\t\t\t\t\t\t\t<p>A szoci\u00e1lis ell\u00e1t\u00e1sok ig\u00e9nybev\u00e9tele \u00f6nk\u00e9ntes az ell\u00e1t\u00e1st ig\u00e9nyl\u0151, illetve t\u00f6rv\u00e9nyes k\u00e9pvisel\u0151je (gondok) sz\u00f3beli vagy \u00edr\u00e1sbeli k\u00e9relm\u00e9re, ind\u00edtv\u00e1ny\u00e1ra t\u00f6rt\u00e9nik.<\/p><p>Jelz\u0151rendszeres h\u00e1zi seg\u00edts\u00e9gny\u00fajt\u00e1s ig\u00e9nybev\u00e9tele szempontj\u00e1b\u00f3l szoci\u00e1lisan r\u00e1szorult:<\/p><ul><li>az egyed\u00fcl \u00e9l\u0151 65 \u00e9v feletti szem\u00e9ly,<\/li><li>az egyed\u00fcl \u00e9l\u0151 s\u00falyosan fogyat\u00e9kos vagy pszichi\u00e1triai beteg szem\u00e9ly, vagy<\/li><li>a k\u00e9tszem\u00e9lyes h\u00e1ztart\u00e1sban \u00e9l\u0151 65 \u00e9v feletti, illetve s\u00falyosan fogyat\u00e9kos vagy pszichi\u00e1triai beteg szem\u00e9ly, ha eg\u00e9szs\u00e9gi \u00e1llapota indokolja a szolg\u00e1ltat\u00e1s folyamatos biztos\u00edt\u00e1s\u00e1t.<\/li><\/ul><p>A r\u00e1szorults\u00e1g t\u00e9ny\u00e9t, a dokumentum k\u00e9relemhez t\u00f6rt\u00e9n\u0151 csatol\u00e1s\u00e1val igazolni sz\u00fcks\u00e9ges. T\u00f6bb felt\u00e9tel egyidej\u0171 fenn\u00e1ll\u00e1sa eset\u00e9n, valamennyi felt\u00e9telt k\u00fcl\u00f6n kell igazolni.<\/p><p><strong>Ell\u00e1t\u00e1st ig\u00e9nyl\u0151\u00a0<\/strong><\/p><ul><li>az egyed\u00fcl \u00e9l\u00e9st nyilatkozat\u00e1val (el\u00e9rhet\u0151s\u00e9g biztos\u00edt\u00e1sa),<\/li><li>az \u00e9letkor\u00e1t a szem\u00e9lyazonos\u00edt\u00e1sra alkalmas okm\u00e1nyba val\u00f3 betekint\u00e9ssel,<\/li><li>a s\u00falyos fogyat\u00e9koss\u00e1got, pszichi\u00e1triai betegs\u00e9get igazol\u00f3 szakv\u00e9lem\u00e9ny\u00a0m\u00e1solat\u00e1nak becsatol\u00e1s\u00e1val igazolja.\u00a0\u00a0<\/li><\/ul><p>A k\u00e9relem adatlapot az ell\u00e1t\u00e1st ig\u00e9nyl\u0151 szem\u00e9lynek kell al\u00e1\u00edrnia,\u00a0(illetve t\u00f6rv\u00e9nyes k\u00e9pvisel\u0151j\u00e9nek, amennyiben ell\u00e1t\u00e1st ig\u00e9nyl\u0151 cselekv\u0151k\u00e9pess\u00e9get teljesen korl\u00e1toz\u00f3 gondnoks\u00e1g alatt \u00e1ll, vagy r\u00e9szlegesen korl\u00e1toz\u00f3 gondnoks\u00e1g eset\u00e9n, amennyiben ebben az \u00fcgycsoportban korl\u00e1tozva van). A gondnoks\u00e1got igazol\u00f3 gy\u00e1mhat\u00f3s\u00e1gi hat\u00e1rozatot a k\u00e9relemhez be kell csatolni.<\/p><p>Az Eg\u00e9szs\u00e9gi \u00e1llapotra vonatkoz\u00f3 igazol\u00e1st a h\u00e1zi orvos vagy kezel\u0151 orvos t\u00f6lti ki.<\/p><p>A kit\u00f6lt\u00f6tt k\u00e9relmet postai \u00faton, szem\u00e9lyesen, vagy elektronikusan az<\/p><p>Alapszolg\u00e1ltat\u00e1si Centrum<\/p><p>c\u00edm: 9200 Mosonmagyar\u00f3v\u00e1r, Zichy Mih\u00e1ly u. 5.<br \/>Telefon: 96\/206-041 vagy + 36\/20\/851-2781<br \/>e-mail: <a href=\"mailto:alapsziroda@szocmkt.hu\">alapsziroda@szocmkt.hu\u00a0<\/a> &#8211; lehet beny\u00fajtani.<\/p><p><strong><u>\u00dcgyf\u00e9lfogad\u00e1si Id\u0151:<\/u><\/strong><\/p><p><strong>H\u00e9tf\u0151 \u2013 Cs\u00fct\u00f6rt\u00f6k 8,00 \u2013 15, 00 \u00f3r\u00e1ig<\/strong><\/p><p><strong>P\u00e9nteken: 8,00 -13,00 \u00f3r\u00e1ig<\/strong><\/p><p><strong>\u00a0<\/strong>Az ell\u00e1t\u00e1sra vonatkoz\u00f3 ig\u00e9nyeket be\u00e9rkez\u00e9s\u00fck sorrendj\u00e9ben az int\u00e9zm\u00e9ny nyilv\u00e1ntart\u00e1sba veszi. Az ell\u00e1t\u00e1s biztos\u00edt\u00e1sa a be\u00e9rkez\u00e9s sorrendj\u00e9ben a kapacit\u00e1sok f\u00fcggv\u00e9ny\u00e9ben t\u00f6rt\u00e9nik.\u00a0\u00a0A szolg\u00e1ltat\u00e1s ny\u00fajt\u00e1st megel\u0151z\u0151en Meg\u00e1llapod\u00e1st k\u00f6t az int\u00e9zm\u00e9ny ell\u00e1t\u00e1st ig\u00e9nyl\u0151vel.<\/p>\t\t\t\t\t\t\t\t<\/div>\n\t\t\t\t<\/div>\n\t\t\t\t<div class=\"elementor-element elementor-element-7391153 elementor-widget elementor-widget-text-editor\" data-id=\"7391153\" data-element_type=\"widget\" data-e-type=\"widget\" data-widget_type=\"text-editor.default\">\n\t\t\t\t<div class=\"elementor-widget-container\">\n\t\t\t\t\t\t\t\t\t<p><strong>\u00a0Seg\u00e9lyh\u00edv\u00f3szolg\u00e1ltat\u00e1s, amely \u201e\u00e9letet menthet.\u201d <\/strong><\/p><p>Az egyszer\u0171en kezelhet\u0151 seg\u00e9lyh\u00edv\u00f3 k\u00e9sz\u00fcl\u00e9k, vesz\u00e9lyhelyzet eset\u00e9n riasztja a nap 24 \u00f3r\u00e1j\u00e1ban m\u0171k\u00f6d\u0151 diszp\u00e9cserszolg\u00e1latot \u00e9s <strong><u>m\u00e1r \u00e9rkezik is a szakk\u00e9pzett seg\u00edts\u00e9g! A hozz\u00e1tartoz\u00f3 minden esetben \u00e9rtes\u00edtve van a seg\u00e9lyh\u00edv\u00e1sr\u00f3l, de a seg\u00edts\u00e9get a koll\u00e9g\u00e1ink biztos\u00edtj\u00e1k.<\/u><\/strong><\/p><p>A szolg\u00e1ltat\u00e1st 65 \u00e9v felett lehet ig\u00e9nybe venni.<\/p><p><strong>Milyen esetekben jelent megold\u00e1st a jelz\u0151rendszeres \u201eSOS\u201d k\u00e9sz\u00fcl\u00e9k szolg\u00e1ltat\u00e1sa:<\/strong><\/p><ul><li>Ha egyed\u00fcl \u00e9l, \u00e9s \u00e9rezte m\u00e1r mag\u00e1t vesz\u00e9lyben az otthon\u00e1ban.<br \/>\u2022 Ha betegs\u00e9ge miatt, p\u00e9ld\u00e1ul v\u00e9rnyom\u00e1s ingadoz\u00e1s vagy cukorbetegs\u00e9g miatt el\u0151fordul a gyakori eszm\u00e9let\u00e9t veszt\u00e9s.<br \/>\u2022 Ha korl\u00e1tozottan, neh\u00e9zkesen tud k\u00f6zlekedni, ez\u00e9rt f\u00e9l az eles\u00e9st\u0151l.<br \/>\u2022 Ha elcs\u00faszik a f\u00fcrd\u0151szob\u00e1ban.<br \/>\u2022 Ha stroke vagy m\u00e1s betegs\u00e9g miatt elveszti az eszm\u00e9let\u00e9t.<br \/>\u2022 Ha el\u0151fordul, hogy elveszti a t\u00e1j\u00e9koz\u00f3d\u00e1si k\u00e9pess\u00e9g\u00e9t, vagy f\u00e9l, hogy elt\u00e9ved.<br \/>\u2022 Ha gyan\u00fas zajt hall a h\u00e1zban, f\u00e9l, vesz\u00e9lyben \u00e9rzi mag\u00e1t.<br \/>\u2022\u00a0<strong>B\u00e1rmikor, amikor \u00d6n vesz\u00e9lyben \u00e9rzi mag\u00e1t.<\/strong><\/li><\/ul><p><strong>Seg\u00e9lyh\u00edv\u00f3 k\u00e9sz\u00fcl\u00e9k m\u0171k\u00f6dtet\u00e9s\u00e9nek r\u00f6vid \u00f6sszefoglal\u00e1sa:<\/strong><\/p><p>Kism\u00e9ret\u0171, k\u00f6nny\u0171 eszk\u00f6z, mely eg\u00e9sz nap viselhet\u0151 nyakba akasztva.<\/p><ul><li>SIM k\u00e1rty\u00e1val m\u0171k\u00f6dik, ez\u00e9rt a lefedetts\u00e9g az eg\u00e9sz orsz\u00e1g ter\u00fclet\u00e9n biztos\u00edtott.<br \/>\u2022 GPS jelad\u00f3val rendelkezik, \u00edgy mindig meg tudjuk hat\u00e1rozni a visel\u0151je pontos helyzet\u00e9t.<br \/>\u2022 SOS p\u00e1nikgombbal l\u00e1ttuk el, mellyel azonnal, egyszer\u0171en el\u00e9rhet\u0151 a diszp\u00e9cserk\u00f6zpontunk.<br \/>\u2022 K\u00e9tir\u00e1ny\u00fa kommunik\u00e1ci\u00f3ra alkalmas, mint egy mobiltelefon.<br \/>\u2022 Eles\u00e9s-\u00e9rz\u00e9kel\u0151vel rendelkezik.<br \/>\u2022 Be\u00e1ll\u00edthat\u00f3 a Geo-ker\u00edt\u00e9s funkci\u00f3, hogy a k\u00e9sz\u00fcl\u00e9k jelz\u00e9st adjon le, ha a visel\u0151je kil\u00e9p egy el\u0151re meghat\u00e1rozott z\u00f3n\u00e1b\u00f3l.<br \/>\u2022 A k\u00e9sz\u00fcl\u00e9k 4 napig is m\u0171k\u00f6dhet egy t\u00f6lt\u00e9ssel, a lemer\u00fcl\u00e9sre pedig hangjelz\u00e9ssel figyelmeztet.<\/li><\/ul><p>Jelz\u0151rendszeres h\u00e1zi seg\u00edts\u00e9gny\u00fajt\u00e1s \u2013 Mosonmagyar\u00f3v\u00e1r t\u00e9rs\u00e9gi t\u00e1rsul\u00e1s valamennyi telep\u00fcl\u00e9s\u00e9n tudjuk biztos\u00edtani<\/p>\t\t\t\t\t\t\t\t<\/div>\n\t\t\t\t<\/div>\n\t\t\t\t<div class=\"elementor-element elementor-element-d159916 elementor-widget__width-initial elementor-widget elementor-widget-text-editor\" data-id=\"d159916\" data-element_type=\"widget\" data-e-type=\"widget\" data-widget_type=\"text-editor.default\">\n\t\t\t\t<div class=\"elementor-widget-container\">\n\t\t\t\t\t\t\t\t\t<p><span style=\"color: var( --e-global-color-text ); font-family: var( --e-global-typography-text-font-family ), Sans-serif; font-weight: var( --e-global-typography-text-font-weight ); background-color: transparent;\">A szolg\u00e1ltat\u00e1s t\u00e9r\u00edt\u00e9si d\u00edj k\u00f6teles.<\/span><\/p><p><strong>JELZ\u0150RENDSZERES H\u00c1ZI SEG\u00cdTS\u00c9GNY\u00daJT\u00c1S<\/strong><\/p><table><tbody><tr><td width=\"321\"><p>\u00a0<strong>j\u00f6vedelmi kateg\u00f3ria<\/strong><\/p><\/td><td width=\"321\"><p>\u00a0<strong>fizetend\u0151 t\u00e9r\u00edt\u00e9si d\u00edj\/nap <\/strong><\/p><\/td><\/tr><tr><td width=\"321\"><p>\u00a00 Ft \u2013 38.749 Ft<\/p><\/td><td width=\"321\"><p>\u00a0<strong>0 Ft <\/strong><\/p><\/td><\/tr><tr><td width=\"321\"><p>\u00a038.750 Ft \u2013 46.500 Ft<\/p><\/td><td width=\"321\"><p>\u00a0<strong>40 Ft <\/strong><\/p><\/td><\/tr><tr><td width=\"321\"><p>\u00a046.501 Ft \u2013 93.000 Ft<\/p><\/td><td width=\"321\"><p>\u00a0<strong>60 Ft <\/strong><\/p><\/td><\/tr><tr><td width=\"321\"><p>\u00a093.001 Ft \u2013 124.000 Ft<\/p><\/td><td width=\"321\"><p>\u00a0<strong>80 Ft <\/strong><\/p><\/td><\/tr><tr><td width=\"321\"><p>124.000 Ft- felett<\/p><\/td><td width=\"321\"><p><strong>100 Ft<\/strong><\/p><\/td><\/tr><\/tbody><\/table>\t\t\t\t\t\t\t\t<\/div>\n\t\t\t\t<\/div>\n\t\t\t\t<div class=\"elementor-element elementor-element-ebed8ed elementor-button-warning elementor-align-center elementor-widget elementor-widget-button\" data-id=\"ebed8ed\" data-element_type=\"widget\" data-e-type=\"widget\" data-widget_type=\"button.default\">\n\t\t\t\t<div class=\"elementor-widget-container\">\n\t\t\t\t\t\t\t\t\t<div class=\"elementor-button-wrapper\">\n\t\t\t\t\t<a class=\"elementor-button elementor-button-link elementor-size-sm\" href=\"http:\/\/keszi.hu\/wp-content\/uploads\/2024\/05\/Kerelem-jelzorendszeres-hazi-segitsegnyujtas.pdf\" target=\"_blank\">\n\t\t\t\t\t\t<span class=\"elementor-button-content-wrapper\">\n\t\t\t\t\t\t\t\t\t<span class=\"elementor-button-text\">K\u00e9relem let\u00f6lt\u00e9se<\/span>\n\t\t\t\t\t<\/span>\n\t\t\t\t\t<\/a>\n\t\t\t\t<\/div>\n\t\t\t\t\t\t\t\t<\/div>\n\t\t\t\t<\/div>\n\t\t\t\t\t<\/div>\n\t\t<\/div>\n\t\t\t\t\t<\/div>\n\t\t<\/section>\n\t\t\t\t<\/div>\n\t\t","protected":false},"excerpt":{"rendered":"<p>Seg\u00e9lyh\u00edv\u00f3szolg\u00e1ltat\u00e1s, amely \u201e\u00e9letet menthet.\u201d A szoci\u00e1lis ell\u00e1t\u00e1sok ig\u00e9nybev\u00e9tele \u00f6nk\u00e9ntes az ell\u00e1t\u00e1st ig\u00e9nyl\u0151, illetve t\u00f6rv\u00e9nyes k\u00e9pvisel\u0151je (gondok) sz\u00f3beli vagy \u00edr\u00e1sbeli k\u00e9relm\u00e9re, ind\u00edtv\u00e1ny\u00e1ra t\u00f6rt\u00e9nik. Jelz\u0151rendszeres h\u00e1zi seg\u00edts\u00e9gny\u00fajt\u00e1s ig\u00e9nybev\u00e9tele szempontj\u00e1b\u00f3l szoci\u00e1lisan r\u00e1szorult: az egyed\u00fcl \u00e9l\u0151 65 \u00e9v feletti szem\u00e9ly, az egyed\u00fcl \u00e9l\u0151 s\u00falyosan fogyat\u00e9kos vagy pszichi\u00e1triai beteg szem\u00e9ly, vagy a k\u00e9tszem\u00e9lyes h\u00e1ztart\u00e1sban \u00e9l\u0151 65 \u00e9v feletti, illetve s\u00falyosan&#8230;<\/p>\n","protected":false},"author":1,"featured_media":0,"parent":0,"menu_order":0,"comment_status":"closed","ping_status":"closed","template":"","meta":{"_tbt_post_transparent":"","_tbt_post_title":"","_tbt_post_layout":"","_tbt_post_sidebar_id":"","_tbt_post_content_style":"","_tbt_post_vertical_padding":"","_tbt_post_feature":"","_tbt_post_feature_position":"","_tbt_post_header":false,"_tbt_post_footer":false},"class_list":["post-12661","page","type-page","status-publish","hentry"],"_links":{"self":[{"href":"https:\/\/keszi.hu\/index.php\/wp-json\/wp\/v2\/pages\/12661","targetHints":{"allow":["GET"]}}],"collection":[{"href":"https:\/\/keszi.hu\/index.php\/wp-json\/wp\/v2\/pages"}],"about":[{"href":"https:\/\/keszi.hu\/index.php\/wp-json\/wp\/v2\/types\/page"}],"author":[{"embeddable":true,"href":"https:\/\/keszi.hu\/index.php\/wp-json\/wp\/v2\/users\/1"}],"replies":[{"embeddable":true,"href":"https:\/\/keszi.hu\/index.php\/wp-json\/wp\/v2\/comments?post=12661"}],"version-history":[{"count":34,"href":"https:\/\/keszi.hu\/index.php\/wp-json\/wp\/v2\/pages\/12661\/revisions"}],"predecessor-version":[{"id":14628,"href":"https:\/\/keszi.hu\/index.php\/wp-json\/wp\/v2\/pages\/12661\/revisions\/14628"}],"wp:attachment":[{"href":"https:\/\/keszi.hu\/index.php\/wp-json\/wp\/v2\/media?parent=12661"}],"curies":[{"name":"wp","href":"https:\/\/api.w.org\/{rel}","templated":true}]}}