{"id":12647,"date":"2024-04-30T16:51:10","date_gmt":"2024-04-30T14:51:10","guid":{"rendered":"https:\/\/keszi.hu\/?page_id=12647"},"modified":"2024-06-13T08:44:09","modified_gmt":"2024-06-13T06:44:09","slug":"krizis-idoszak-voros-kod","status":"publish","type":"page","link":"https:\/\/keszi.hu\/index.php\/krizis-idoszak-voros-kod\/","title":{"rendered":"KR\u00cdZIS ID\u0150SZAK \/V\u00d6R\u00d6S K\u00d3D"},"content":{"rendered":"\t\t<div data-elementor-type=\"wp-page\" data-elementor-id=\"12647\" class=\"elementor elementor-12647\">\n\t\t\t\t\t\t<section class=\"elementor-section elementor-top-section elementor-element elementor-element-8a043ee elementor-section-full_width elementor-section-height-default elementor-section-height-default\" data-id=\"8a043ee\" data-element_type=\"section\" data-e-type=\"section\">\n\t\t\t\t\t\t<div class=\"elementor-container elementor-column-gap-default\">\n\t\t\t\t\t<div class=\"elementor-column elementor-col-100 elementor-top-column elementor-element elementor-element-e2b040d about_cms_block\" data-id=\"e2b040d\" data-element_type=\"column\" data-e-type=\"column\" data-settings=\"{&quot;background_background&quot;:&quot;classic&quot;}\">\n\t\t\t<div class=\"elementor-widget-wrap elementor-element-populated\">\n\t\t\t\t\t\t<div class=\"elementor-element elementor-element-5f7ccfc elementor-widget elementor-widget-heading\" data-id=\"5f7ccfc\" data-element_type=\"widget\" data-e-type=\"widget\" data-widget_type=\"heading.default\">\n\t\t\t\t<div class=\"elementor-widget-container\">\n\t\t\t\t\t<h2 class=\"elementor-heading-title elementor-size-default\">KR\u00cdZIS ID\u0150SZAK \/V\u00d6R\u00d6S K\u00d3D\n<\/h2>\t\t\t\t<\/div>\n\t\t\t\t<\/div>\n\t\t\t\t\t<\/div>\n\t\t<\/div>\n\t\t\t\t\t<\/div>\n\t\t<\/section>\n\t\t<div class=\"elementor-element elementor-element-b4314c0 e-flex e-con-boxed e-con e-parent\" data-id=\"b4314c0\" data-element_type=\"container\" data-e-type=\"container\">\n\t\t\t\t\t<div class=\"e-con-inner\">\n\t\t\t\t<div class=\"elementor-element elementor-element-16afa45 elementor-widget elementor-widget-heading\" data-id=\"16afa45\" data-element_type=\"widget\" data-e-type=\"widget\" data-widget_type=\"heading.default\">\n\t\t\t\t<div class=\"elementor-widget-container\">\n\t\t\t\t\t<h3 class=\"elementor-heading-title elementor-size-default\">Kr\u00edzis: egy olyan id\u0151szak, amikor d\u00f6nt\u00e9st kell hoznunk!<\/h3>\t\t\t\t<\/div>\n\t\t\t\t<\/div>\n\t\t\t\t<div class=\"elementor-element elementor-element-b7e9d3f elementor-widget elementor-widget-text-editor\" data-id=\"b7e9d3f\" data-element_type=\"widget\" data-e-type=\"widget\" data-widget_type=\"text-editor.default\">\n\t\t\t\t<div class=\"elementor-widget-container\">\n\t\t\t\t\t\t\t\t\t<p><b>Hajl\u00e9ktalan ell\u00e1t\u00e1s telefonsz\u00e1m: Tel.:\u00a0<span style=\"font-family: 'Times New Roman', serif; font-size: 12pt; color: var( --e-global-color-text ); text-align: var(--text-align); background-color: transparent;\">06 96\/213-379<\/span><\/b><\/p><p><b>Csal\u00e1d- \u00e9s Gyermekj\u00f3l\u00e9ti k\u00f6zpont:\u00a0\u00a0<span style=\"font-family: 'Times New Roman', serif; font-size: 12pt; color: var( --e-global-color-text ); text-align: var(--text-align); background-color: transparent;\">Tel.: (20) 483-31-62<\/span><\/b><\/p><p style=\"margin-bottom: 0cm; text-align: justify; text-justify: inter-ideograph; line-height: 150%; mso-hyphenate: none;\"><span style=\"font-size: 12.0pt; mso-bidi-font-size: 11.0pt; line-height: 150%; font-family: 'Times New Roman',serif; mso-fareast-font-family: 'Times New Roman';\"><b>Email: jelzorendszermovar@gmail.com<\/b><\/span><\/p><p style=\"margin-bottom: 0cm; text-align: justify; text-justify: inter-ideograph; line-height: 150%; mso-hyphenate: none;\"><span style=\"font-size: 12.0pt; mso-bidi-font-size: 11.0pt; line-height: 150%; font-family: 'Times New Roman',serif; mso-fareast-font-family: 'Times New Roman';\">\u00a0<\/span><\/p><p>Magyarorsz\u00e1gon 99 utcai szoci\u00e1lis munk\u00e1t ell\u00e1t\u00f3 szolg\u00e1lat \u00e9s 7 region\u00e1lis diszp\u00e9cserszolg\u00e1lat m\u0171k\u00f6dik. Az utcai szoci\u00e1lis munk\u00e1t ell\u00e1t\u00f3 szolg\u00e1latok tev\u00e9kenys\u00e9g\u00fcket a jogszab\u00e1lyban meghat\u00e1rozottak szerint napi nyolc \u00f3r\u00e1ban v\u00e9gzik, amelynek egy r\u00e9sze a t\u00e9li kr\u00edzisid\u0151szakban 18 \u00e9s 22 \u00f3ra k\u00f6z\u00f6tti id\u0151szakra kell, hogy essen. E szolg\u00e1ltat\u00e1si id\u0151szakon t\u00fal is el\u0151fordulhatnak olyan, azonnali beavatkoz\u00e1st ig\u00e9nyl\u0151, az \u00e9letet vesz\u00e9lyeztet\u0151 esetek, amelyek halaszt\u00e1sa nem megengedhet\u0151. Ez\u00e9rt biztos\u00edtott v\u00e1rmegyei kr\u00edzisaut\u00f3 szolg\u00e1latok m\u0171k\u00f6dtet\u00e9se ez Gy\u0151r-Moson-Sopron v\u00e1rmegy\u00e9ben az al\u00e1bbi telefonsz\u00e1mon \u00e9rhet\u0151 el.<\/p><p>T\u00e9li kr\u00edzisid\u0151szakban &#8211; a diszp\u00e9cserszolg\u00e1lat<\/p><ol><li>\u00a0biztos\u00edtja, hogy az utcai szoci\u00e1lis munk\u00e1t v\u00e9gz\u0151 szolg\u00e1latok m\u0171k\u00f6d\u00e9si idej\u00e9n t\u00fal az illet\u00e9kess\u00e9gi ter\u00fclet\u00e9n m\u0171k\u00f6d\u0151 kr\u00edzisaut\u00f3 szolg\u00e1ltat\u00e1s folyamatosan biztos\u00edtott legyen, \u00e9s k\u00e9t \u00f3r\u00e1n bel\u00fcl a bejelent\u00e9s helysz\u00edn\u00e9re eljusson,<\/li><li>fogadja a konvergencia r\u00e9gi\u00f3kban &#8211; amennyiben m\u00e1s, a kr\u00edzishelyzetet kezel\u0151 szoci\u00e1lis szolg\u00e1ltat\u00f3 az adott ell\u00e1t\u00e1si ter\u00fcleten nem m\u0171k\u00f6dik, vagy m\u0171k\u00f6d\u00e9si idej\u00e9re tekintettel bevon\u00e1sa nem lehets\u00e9ges &#8211; a f\u0171tetlen ingatlanokban, testi \u00e9ps\u00e9get, eg\u00e9szs\u00e9get vesz\u00e9lyeztet\u0151 lakhat\u00e1si k\u00f6r\u00fclm\u00e9nyek k\u00f6z\u00f6tt \u00e9l\u0151, kritikus helyzetbe ker\u00fclt emberekre vonatkoz\u00f3 bejelent\u00e9seket,<\/li><li>\u00f6sszehangolja az illet\u00e9kess\u00e9gi ter\u00fclet\u00e9n m\u0171k\u00f6d\u0151 kr\u00edzisaut\u00f3 szolg\u00e1latok tev\u00e9kenys\u00e9g\u00e9t, \u00e9s<\/li><li>napi kapcsolatot tart az illet\u00e9kess\u00e9gi ter\u00fclet\u00e9hez tartoz\u00f3 csal\u00e1d- \u00e9s gyermekj\u00f3l\u00e9ti k\u00f6zponttal \u00e9s szolg\u00e1lattal.<\/li><\/ol><p><strong>Kiemelten fontos az ell\u00e1t\u00e1si ter\u00fcleten nem megfelel\u0151 helyen \u2013 utc\u00e1n, k\u00f6zter\u00fcleten, nem lak\u00e1s c\u00e9lj\u00e1ra szolg\u00e1l\u00f3 helyis\u00e9gben, elhagyott \u00fcres \u00e9p\u00fcletekben, parkokban, vas\u00fat\u00e1llom\u00e1son, alulj\u00e1r\u00f3ban, bev\u00e1s\u00e1rl\u00f3k\u00f6zpontokban, stb. \u2013 tart\u00f3zkod\u00f3 gyermekek (kiskor\u00fa), any\u00e1k gyermekkel, v\u00e1rand\u00f3s any\u00e1k, k\u00fcls\u00e9relmi nyomok, b\u0171ncselekm\u00e9nyre utal\u00f3 jelek vannak az \u00fcgyf\u00e9len, ha a tudata nem tiszta, nem k\u00e9pes kommunik\u00e1ci\u00f3ra azonnali jelz\u00e9st kell adni\u00a0 a szolg\u00e1latoknak: Hajl\u00e9ktalan ell\u00e1t\u00e1s, Csal\u00e1dseg\u00edt\u0151- \u00e9s Gyermekj\u00f3l\u00e9ti k\u00f6zpont.<\/strong><\/p><p><strong>V\u00f6r\u00f6s k\u00f3d<\/strong><\/p><p>V\u00f6r\u00f6s k\u00f3d figyelmeztet\u00e9st ad ki a Miniszt\u00e9rium, ha -10 C fok vagy ann\u00e1l alacsonyabb h\u0151m\u00e9rs\u00e9klet, vagy a napi k\u00f6z\u00e9ph\u0151m\u00e9rs\u00e9klet 27 C fok feletti.<\/p><p>A v\u00f6r\u00f6s k\u00f3d ideje alatt az ut\u00e1n \u00e9l\u0151, de elhelyez\u00e9st k\u00e9r\u0151 hajl\u00e9ktalan szem\u00e9lyek elhelyez\u00e9se els\u0151dlegesen a hajl\u00e9ktalan ell\u00e1t\u00e1st ny\u00fajt\u00f3 int\u00e9zm\u00e9nyek feladata.<\/p>\t\t\t\t\t\t\t\t<\/div>\n\t\t\t\t<\/div>\n\t\t\t\t\t<\/div>\n\t\t\t\t<\/div>\n\t\t\t\t<\/div>\n\t\t","protected":false},"excerpt":{"rendered":"<p>KR\u00cdZIS ID\u0150SZAK \/V\u00d6R\u00d6S K\u00d3D Kr\u00edzis: egy olyan id\u0151szak, amikor d\u00f6nt\u00e9st kell hoznunk! Hajl\u00e9ktalan ell\u00e1t\u00e1s telefonsz\u00e1m: Tel.:\u00a006 96\/213-379 Csal\u00e1d- \u00e9s Gyermekj\u00f3l\u00e9ti k\u00f6zpont:\u00a0\u00a0Tel.: (20) 483-31-62 Email: jelzorendszermovar@gmail.com \u00a0 Magyarorsz\u00e1gon 99 utcai szoci\u00e1lis munk\u00e1t ell\u00e1t\u00f3 szolg\u00e1lat \u00e9s 7 region\u00e1lis diszp\u00e9cserszolg\u00e1lat m\u0171k\u00f6dik. Az utcai szoci\u00e1lis munk\u00e1t ell\u00e1t\u00f3 szolg\u00e1latok tev\u00e9kenys\u00e9g\u00fcket a jogszab\u00e1lyban meghat\u00e1rozottak szerint napi nyolc \u00f3r\u00e1ban v\u00e9gzik, amelynek egy&#8230;<\/p>\n","protected":false},"author":1,"featured_media":0,"parent":0,"menu_order":0,"comment_status":"closed","ping_status":"closed","template":"","meta":{"_tbt_post_transparent":"","_tbt_post_title":"","_tbt_post_layout":"","_tbt_post_sidebar_id":"","_tbt_post_content_style":"","_tbt_post_vertical_padding":"","_tbt_post_feature":"","_tbt_post_feature_position":"","_tbt_post_header":false,"_tbt_post_footer":false},"class_list":["post-12647","page","type-page","status-publish","hentry"],"_links":{"self":[{"href":"https:\/\/keszi.hu\/index.php\/wp-json\/wp\/v2\/pages\/12647","targetHints":{"allow":["GET"]}}],"collection":[{"href":"https:\/\/keszi.hu\/index.php\/wp-json\/wp\/v2\/pages"}],"about":[{"href":"https:\/\/keszi.hu\/index.php\/wp-json\/wp\/v2\/types\/page"}],"author":[{"embeddable":true,"href":"https:\/\/keszi.hu\/index.php\/wp-json\/wp\/v2\/users\/1"}],"replies":[{"embeddable":true,"href":"https:\/\/keszi.hu\/index.php\/wp-json\/wp\/v2\/comments?post=12647"}],"version-history":[{"count":10,"href":"https:\/\/keszi.hu\/index.php\/wp-json\/wp\/v2\/pages\/12647\/revisions"}],"predecessor-version":[{"id":14725,"href":"https:\/\/keszi.hu\/index.php\/wp-json\/wp\/v2\/pages\/12647\/revisions\/14725"}],"wp:attachment":[{"href":"https:\/\/keszi.hu\/index.php\/wp-json\/wp\/v2\/media?parent=12647"}],"curies":[{"name":"wp","href":"https:\/\/api.w.org\/{rel}","templated":true}]}}