{"id":12624,"date":"2024-04-30T16:42:07","date_gmt":"2024-04-30T14:42:07","guid":{"rendered":"https:\/\/keszi.hu\/?page_id=12624"},"modified":"2024-06-12T16:25:53","modified_gmt":"2024-06-12T14:25:53","slug":"nappali-melegedo","status":"publish","type":"page","link":"https:\/\/keszi.hu\/index.php\/nappali-melegedo\/","title":{"rendered":"NAPPALI MELEGED\u0150"},"content":{"rendered":"\t\t<div data-elementor-type=\"wp-page\" data-elementor-id=\"12624\" class=\"elementor elementor-12624\">\n\t\t\t\t\t\t<section class=\"elementor-section elementor-top-section elementor-element elementor-element-8a043ee elementor-section-full_width elementor-section-height-default elementor-section-height-default\" data-id=\"8a043ee\" data-element_type=\"section\" data-e-type=\"section\">\n\t\t\t\t\t\t<div class=\"elementor-container elementor-column-gap-default\">\n\t\t\t\t\t<div class=\"elementor-column elementor-col-100 elementor-top-column elementor-element elementor-element-e2b040d about_cms_block\" data-id=\"e2b040d\" data-element_type=\"column\" data-e-type=\"column\" data-settings=\"{&quot;background_background&quot;:&quot;classic&quot;}\">\n\t\t\t<div class=\"elementor-widget-wrap elementor-element-populated\">\n\t\t\t\t\t\t<div class=\"elementor-element elementor-element-5f7ccfc elementor-widget elementor-widget-heading\" data-id=\"5f7ccfc\" data-element_type=\"widget\" data-e-type=\"widget\" data-widget_type=\"heading.default\">\n\t\t\t\t<div class=\"elementor-widget-container\">\n\t\t\t\t\t<h2 class=\"elementor-heading-title elementor-size-default\">NAPPALI MELEGED\u0150<\/h2>\t\t\t\t<\/div>\n\t\t\t\t<\/div>\n\t\t\t\t<div class=\"elementor-element elementor-element-dbba27a elementor-widget elementor-widget-text-editor\" data-id=\"dbba27a\" data-element_type=\"widget\" data-e-type=\"widget\" data-widget_type=\"text-editor.default\">\n\t\t\t\t<div class=\"elementor-widget-container\">\n\t\t\t\t\t\t\t\t\t<p><strong><em>\u201eAmikor a legrosszabbra fordulnak a dolgok, mindenki er\u0151sebbnek bizonyul, mint ahogy k\u00e9pzeli.\u201d<\/em><\/strong> (<a href=\"https:\/\/www.citatum.hu\/szerzo\/Jenny_Colgan\">Jenny Colgan<\/a>)<\/p>\t\t\t\t\t\t\t\t<\/div>\n\t\t\t\t<\/div>\n\t\t\t\t\t<\/div>\n\t\t<\/div>\n\t\t\t\t\t<\/div>\n\t\t<\/section>\n\t\t<div class=\"elementor-element elementor-element-b4314c0 e-flex e-con-boxed e-con e-parent\" data-id=\"b4314c0\" data-element_type=\"container\" data-e-type=\"container\">\n\t\t\t\t\t<div class=\"e-con-inner\">\n\t\t\t\t<div class=\"elementor-element elementor-element-935e8b1 elementor-widget elementor-widget-image\" data-id=\"935e8b1\" data-element_type=\"widget\" data-e-type=\"widget\" data-widget_type=\"image.default\">\n\t\t\t\t<div class=\"elementor-widget-container\">\n\t\t\t\t\t\t\t\t\t\t\t\t\t\t\t<img fetchpriority=\"high\" decoding=\"async\" width=\"945\" height=\"436\" src=\"https:\/\/keszi.hu\/wp-content\/uploads\/2024\/04\/kep_2024-04-30_164255090.png\" class=\"attachment-large size-large wp-image-12626\" alt=\"\" srcset=\"https:\/\/keszi.hu\/wp-content\/uploads\/2024\/04\/kep_2024-04-30_164255090.png 945w, https:\/\/keszi.hu\/wp-content\/uploads\/2024\/04\/kep_2024-04-30_164255090-300x138.png 300w, https:\/\/keszi.hu\/wp-content\/uploads\/2024\/04\/kep_2024-04-30_164255090-768x354.png 768w, https:\/\/keszi.hu\/wp-content\/uploads\/2024\/04\/kep_2024-04-30_164255090-600x277.png 600w\" sizes=\"(max-width: 945px) 100vw, 945px\" \/>\t\t\t\t\t\t\t\t\t\t\t\t\t\t\t<\/div>\n\t\t\t\t<\/div>\n\t\t\t\t<div class=\"elementor-element elementor-element-16afa45 elementor-widget elementor-widget-heading\" data-id=\"16afa45\" data-element_type=\"widget\" data-e-type=\"widget\" data-widget_type=\"heading.default\">\n\t\t\t\t<div class=\"elementor-widget-container\">\n\t\t\t\t\t<h3 class=\"elementor-heading-title elementor-size-default\">A szolg\u00e1ltat\u00e1s c\u00e9lja<\/h3>\t\t\t\t<\/div>\n\t\t\t\t<\/div>\n\t\t\t\t<div class=\"elementor-element elementor-element-b7e9d3f elementor-widget elementor-widget-text-editor\" data-id=\"b7e9d3f\" data-element_type=\"widget\" data-e-type=\"widget\" data-widget_type=\"text-editor.default\">\n\t\t\t\t<div class=\"elementor-widget-container\">\n\t\t\t\t\t\t\t\t\t<p><strong>El\u00e9rhet\u0151s\u00e9gek:<\/strong><br \/><strong>C\u00edm: 9200 Mosonmagyar\u00f3v\u00e1r Bar\u00e1ts\u00e1g u. 20.<\/strong><br \/><strong>Tel: +36 20 851 3103<\/strong><br \/><strong>Email: hajlektalanellatas@szocmkt.hu<\/strong><\/p><p>A meleged\u0151 feladata, hogy az utc\u00e1n l\u00e9v\u0151 hajl\u00e9ktalan szem\u00e9lyek nappali ell\u00e1t\u00e1s\u00e1t, az alapvet\u0151 emberi ig\u00e9nyeket kiel\u00e9g\u00edtse, biztos\u00edtsa az alapvet\u0151 \u00e9letvitelhez sz\u00fcks\u00e9ges felt\u00e9teleket, tov\u00e1bb\u00e1 v\u00e9delmet ny\u00fajtson az id\u0151j\u00e1r\u00e1s viszontags\u00e1gai ellen.<\/p><p>A nappali meleged\u0151ben nemenk\u00e9nt elk\u00fcl\u00f6n\u00edtett f\u00fcrd\u0151szob\u00e1k vannak, k\u00fcl\u00f6n konyhapult, mos\u00f3g\u00e9p, sz\u00e1r\u00edt\u00f3g\u00e9p \u00e1ll rendelkez\u00e9sre. 30 darab moshat\u00f3 sz\u00e9k\u00fcnk van. Itt telev\u00edzi\u00f3t is tudnak n\u00e9zni az ell\u00e1tottak, a k\u00f6nyvespolcainkr\u00f3l v\u00e1laszthatnak k\u00f6nyvet is.<\/p><p>A szolg\u00e1ltat\u00e1s t\u00e9r\u00edt\u00e9smentes.<\/p><p>Az int\u00e9zm\u00e9ny\u00fcnkbe kiszervezett bedolgoz\u00f3i munk\u00e1ba is bekapcsol\u00f3dhatnak. Az \u00e9p\u00fcletben van betegszoba is, sz\u00fcks\u00e9g eset\u00e9n, azt is ig\u00e9nybe tudj\u00e1k venni.<\/p><p>Ig\u00e9nybe tudj\u00e1k venni n\u00e9pkonyha szolg\u00e1ltat\u00e1s\u00e1t \u00e9s az \u00c9lelmiszerbankon kereszt\u00fcl kapott adom\u00e1nyb\u00f3l is r\u00e9szes\u00fclhetnek, a kiosztott \u00e9telt itt kultur\u00e1lt k\u00f6r\u00fclm\u00e9nyek k\u00f6z\u00f6tt tudj\u00e1k elfogyasztani.<\/p>\t\t\t\t\t\t\t\t<\/div>\n\t\t\t\t<\/div>\n\t\t\t\t<div class=\"elementor-element elementor-element-5678e3b elementor-widget elementor-widget-gallery\" data-id=\"5678e3b\" data-element_type=\"widget\" data-e-type=\"widget\" data-widget_type=\"gallery.default\">\n\t\t\t\t<div class=\"elementor-widget-container\">\n\t\t\t\t\t \t\t\t\t<\/div>\n\t\t\t\t<\/div>\n\t\t\t\t\t<\/div>\n\t\t\t\t<\/div>\n\t\t\t\t<\/div>\n\t\t","protected":false},"excerpt":{"rendered":"<p>NAPPALI MELEGED\u0150 \u201eAmikor a legrosszabbra fordulnak a dolgok, mindenki er\u0151sebbnek bizonyul, mint ahogy k\u00e9pzeli.\u201d (Jenny Colgan) A szolg\u00e1ltat\u00e1s c\u00e9lja El\u00e9rhet\u0151s\u00e9gek:C\u00edm: 9200 Mosonmagyar\u00f3v\u00e1r Bar\u00e1ts\u00e1g u. 20.Tel: +36 20 851 3103Email: hajlektalanellatas@szocmkt.hu A meleged\u0151 feladata, hogy az utc\u00e1n l\u00e9v\u0151 hajl\u00e9ktalan szem\u00e9lyek nappali ell\u00e1t\u00e1s\u00e1t, az alapvet\u0151 emberi ig\u00e9nyeket kiel\u00e9g\u00edtse, biztos\u00edtsa az alapvet\u0151 \u00e9letvitelhez sz\u00fcks\u00e9ges felt\u00e9teleket, tov\u00e1bb\u00e1 v\u00e9delmet ny\u00fajtson&#8230;<\/p>\n","protected":false},"author":1,"featured_media":0,"parent":0,"menu_order":0,"comment_status":"closed","ping_status":"closed","template":"","meta":{"_tbt_post_transparent":"","_tbt_post_title":"","_tbt_post_layout":"","_tbt_post_sidebar_id":"","_tbt_post_content_style":"","_tbt_post_vertical_padding":"","_tbt_post_feature":"","_tbt_post_feature_position":"","_tbt_post_header":false,"_tbt_post_footer":false},"class_list":["post-12624","page","type-page","status-publish","hentry"],"_links":{"self":[{"href":"https:\/\/keszi.hu\/index.php\/wp-json\/wp\/v2\/pages\/12624","targetHints":{"allow":["GET"]}}],"collection":[{"href":"https:\/\/keszi.hu\/index.php\/wp-json\/wp\/v2\/pages"}],"about":[{"href":"https:\/\/keszi.hu\/index.php\/wp-json\/wp\/v2\/types\/page"}],"author":[{"embeddable":true,"href":"https:\/\/keszi.hu\/index.php\/wp-json\/wp\/v2\/users\/1"}],"replies":[{"embeddable":true,"href":"https:\/\/keszi.hu\/index.php\/wp-json\/wp\/v2\/comments?post=12624"}],"version-history":[{"count":7,"href":"https:\/\/keszi.hu\/index.php\/wp-json\/wp\/v2\/pages\/12624\/revisions"}],"predecessor-version":[{"id":14706,"href":"https:\/\/keszi.hu\/index.php\/wp-json\/wp\/v2\/pages\/12624\/revisions\/14706"}],"wp:attachment":[{"href":"https:\/\/keszi.hu\/index.php\/wp-json\/wp\/v2\/media?parent=12624"}],"curies":[{"name":"wp","href":"https:\/\/api.w.org\/{rel}","templated":true}]}}