{"id":12585,"date":"2024-04-30T16:14:50","date_gmt":"2024-04-30T14:14:50","guid":{"rendered":"https:\/\/keszi.hu\/?page_id=12585"},"modified":"2024-12-30T09:31:47","modified_gmt":"2024-12-30T08:31:47","slug":"naposhaz-fogyatekossaggal-elok-nappali-intezmenye-2","status":"publish","type":"page","link":"https:\/\/keszi.hu\/index.php\/naposhaz-fogyatekossaggal-elok-nappali-intezmenye-2\/","title":{"rendered":"NAPOSH\u00c1Z &#8211; FOGYAT\u00c9KOSS\u00c1GGAL \u00c9L\u0150K NAPPALI INT\u00c9ZM\u00c9NYE"},"content":{"rendered":"\t\t<div data-elementor-type=\"wp-page\" data-elementor-id=\"12585\" class=\"elementor elementor-12585\">\n\t\t\t\t\t\t<section class=\"elementor-section elementor-top-section elementor-element elementor-element-8a043ee elementor-section-full_width elementor-section-height-default elementor-section-height-default\" data-id=\"8a043ee\" data-element_type=\"section\" data-e-type=\"section\">\n\t\t\t\t\t\t<div class=\"elementor-container elementor-column-gap-default\">\n\t\t\t\t\t<div class=\"elementor-column elementor-col-100 elementor-top-column elementor-element elementor-element-e2b040d about_cms_block\" data-id=\"e2b040d\" data-element_type=\"column\" data-e-type=\"column\" data-settings=\"{&quot;background_background&quot;:&quot;classic&quot;}\">\n\t\t\t<div class=\"elementor-widget-wrap elementor-element-populated\">\n\t\t\t\t\t\t<div class=\"elementor-element elementor-element-5f7ccfc elementor-widget elementor-widget-heading\" data-id=\"5f7ccfc\" data-element_type=\"widget\" data-e-type=\"widget\" data-widget_type=\"heading.default\">\n\t\t\t\t<div class=\"elementor-widget-container\">\n\t\t\t\t\t<h1 class=\"elementor-heading-title elementor-size-default\">Naposh\u00e1z \u2013 FOGYAT\u00c9KOSS\u00c1GGAL \u00c9L\u0150K NAPPALI INT\u00c9ZM\u00c9NYE<\/h1>\t\t\t\t<\/div>\n\t\t\t\t<\/div>\n\t\t\t\t<div class=\"elementor-element elementor-element-dbba27a elementor-widget elementor-widget-text-editor\" data-id=\"dbba27a\" data-element_type=\"widget\" data-e-type=\"widget\" data-widget_type=\"text-editor.default\">\n\t\t\t\t<div class=\"elementor-widget-container\">\n\t\t\t\t\t\t\t\t\t<p>Int\u00e9zm\u00e9ny\u00fcnk k\u00fcldet\u00e9s mondata: <em>B\u00e1nj \u00fagy velem, ahogy szeretn\u00e9d, hogy veled is b\u00e1njanak, ha az \u00e9n helyzetemen lenn\u00e9l!<\/em><\/p>\t\t\t\t\t\t\t\t<\/div>\n\t\t\t\t<\/div>\n\t\t\t\t\t<\/div>\n\t\t<\/div>\n\t\t\t\t\t<\/div>\n\t\t<\/section>\n\t\t<div class=\"elementor-element elementor-element-b4314c0 e-flex e-con-boxed e-con e-parent\" data-id=\"b4314c0\" data-element_type=\"container\" data-e-type=\"container\">\n\t\t\t\t\t<div class=\"e-con-inner\">\n\t\t\t\t<div class=\"elementor-element elementor-element-efb37ce elementor-widget elementor-widget-text-editor\" data-id=\"efb37ce\" data-element_type=\"widget\" data-e-type=\"widget\" data-widget_type=\"text-editor.default\">\n\t\t\t\t<div class=\"elementor-widget-container\">\n\t\t\t\t\t\t\t\t\t<p>A fogyat\u00e9koss\u00e1ggal \u00e9l\u0151 \u00e9s autista szem\u00e9lyek a t\u00e1rsadalom egyenl\u0151 m\u00e9lt\u00f3s\u00e1g\u00fa, egyenrang\u00fa tagjai, akik a mindenkit megillet\u0151 jogokkal \u00e9s lehet\u0151s\u00e9gekkel csak jelent\u0151s neh\u00e9zs\u00e9gek \u00e1r\u00e1n, vagy egy\u00e1ltal\u00e1n nem k\u00e9pesek \u00e9lni. A szolg\u00e1ltat\u00e1snak minden esetben azt kell szolg\u00e1lnia, hogy a fogyat\u00e9koss\u00e1ggal \u00e9l\u0151 szem\u00e9lyek \u00e9s az autista szem\u00e9lyek alkalmass\u00e1 v\u00e1ljanak a t\u00e1rsadalmi integr\u00e1ci\u00f3ra, \u00e9rjenek el k\u00e9pess\u00e9geikhez m\u00e9rt legmagasabb \u00f6n\u00e1ll\u00f3s\u00e1gi fokot. A t\u00e1rsadalmi elfogadtat\u00e1st, szeml\u00e9letv\u00e1ltoztat\u00e1st a s\u00e9r\u00fclt emberek \u00e9rt\u00e9keinek megismertet\u00e9s\u00e9n kereszt\u00fcl kell kezdem\u00e9nyezni. Ennek el\u00e9r\u00e9se \u00e9rdek\u00e9ben a szolg\u00e1ltat\u00e1s keretein bel\u00fcl sz\u00e9les nyilv\u00e1noss\u00e1g\u00fa programok szervez\u00e9s\u00e9t v\u00e1llaljuk, valamint f\u00f3kuszba \u00e1ll\u00edtjuk a munka vil\u00e1g\u00e1ba val\u00f3 bekapcsol\u00f3d\u00e1s. A szolg\u00e1ltat\u00e1s t\u00e9r\u00edt\u00e9si d\u00edjk\u00f6teles, melynek m\u00e9rt\u00e9ke az ell\u00e1tott j\u00f6vedelm\u00e9t\u0151l f\u00fcgg.<\/p><p>Kiemelt c\u00e9l minden gondoz\u00e1si csoport eset\u00e9n a csal\u00e1dok mentes\u00edt\u00e9se.<\/p><p>A KESZI keretein bel\u00fcl,\u00a0 a Naposh\u00e1z Fogyat\u00e9koss\u00e1ggal \u00c9l\u0151k Nappali Int\u00e9zm\u00e9nye telephely\u00e9n m\u0171k\u00f6dik a fejleszt\u0151 foglalkoztat\u00e1s szolg\u00e1ltat\u00e1s.<\/p><p>Az autista szem\u00e9lyeket gondoz\u00f3 csoportban t\u00f6reksz\u00fcnk a k\u00f6rnyezet \u00e9szlel\u00e9se \u00e9s annak rendben tart\u00e1sa ir\u00e1nti fog\u00e9konys\u00e1gra, szocioter\u00e1pi\u00e1s eszk\u00f6z\u00f6kkel t\u00f6rt\u00e9n\u0151, munkajelleg\u0171 tev\u00e9kenys\u00e9g kialak\u00edt\u00e1s\u00e1ra, szinten tart\u00e1s\u00e1ra.<\/p>\t\t\t\t\t\t\t\t<\/div>\n\t\t\t\t<\/div>\n\t\t\t\t<div class=\"elementor-element elementor-element-16afa45 elementor-widget elementor-widget-heading\" data-id=\"16afa45\" data-element_type=\"widget\" data-e-type=\"widget\" data-widget_type=\"heading.default\">\n\t\t\t\t<div class=\"elementor-widget-container\">\n\t\t\t\t\t<h3 class=\"elementor-heading-title elementor-size-default\">Fogyat\u00e9kos szem\u00e9lyek nappali ell\u00e1t\u00e1sa<\/h3>\t\t\t\t<\/div>\n\t\t\t\t<\/div>\n\t\t\t\t<div class=\"elementor-element elementor-element-b7e9d3f elementor-widget elementor-widget-text-editor\" data-id=\"b7e9d3f\" data-element_type=\"widget\" data-e-type=\"widget\" data-widget_type=\"text-editor.default\">\n\t\t\t\t<div class=\"elementor-widget-container\">\n\t\t\t\t\t\t\t\t\t<p style=\"text-align: center;\">\u201eEls\u0151sorban feln\u0151tt kor\u00fa, fogyat\u00e9koss\u00e1ggal \u00e9s\/vagy autizmussal \u00e9rintett szem\u00e9ly r\u00e9sz\u00e9re javaslom az ell\u00e1t\u00e1st. Aki r\u00e9szben \u00f6n\u00e1ll\u00f3, de t\u00e1mogat\u00e1st ig\u00e9nyel, egy\u00fattal \u00f6nk\u00e9nt \u00e9s sz\u00edvesen csatlakozik egy lelkes sorst\u00e1rs csoporthoz. Nyitottan \u00e1ll a mindennapi akad\u00e1lyok lek\u00fczd\u00e9s\u00e9hez, melyhez szakszer\u0171 seg\u00edts\u00e9get kaphat. Megragadja a lehet\u0151s\u00e9get a szabadid\u0151s rendezv\u00e9nyek \u00e9s az \u00f6nkifejez\u00e9st seg\u00edt\u0151 szakk\u00f6r\u00f6k megismer\u00e9s\u00e9ben.\u201d<\/p>\t\t\t\t\t\t\t\t<\/div>\n\t\t\t\t<\/div>\n\t\t\t\t<div class=\"elementor-element elementor-element-ca5ee8a elementor-widget elementor-widget-heading\" data-id=\"ca5ee8a\" data-element_type=\"widget\" data-e-type=\"widget\" data-widget_type=\"heading.default\">\n\t\t\t\t<div class=\"elementor-widget-container\">\n\t\t\t\t\t<h3 class=\"elementor-heading-title elementor-size-default\">Ki veheti ig\u00e9nybe?<\/h3>\t\t\t\t<\/div>\n\t\t\t\t<\/div>\n\t\t\t\t<div class=\"elementor-element elementor-element-7deba29 elementor-widget elementor-widget-text-editor\" data-id=\"7deba29\" data-element_type=\"widget\" data-e-type=\"widget\" data-widget_type=\"text-editor.default\">\n\t\t\t\t<div class=\"elementor-widget-container\">\n\t\t\t\t\t\t\t\t\t<ul><li><strong>\u00a0<\/strong><span style=\"font-family: var(--global-body-font-family);\">bet\u00f6lt\u00f6tte a 3. \u00e9let\u00e9v\u00e9t<\/span><\/li><li>nem tan\u00fas\u00edt vesz\u00e9lyeztet\u0151 magatart\u00e1st<\/li><li>\u00f6nkiszolg\u00e1l\u00e1sra r\u00e9szben k\u00e9pes, vagy \u00f6nell\u00e1t\u00e1sra nem k\u00e9pes, de fel\u00fcgyeletre szorul<\/li><li>nem ig\u00e9nyel orvosi ell\u00e1t\u00e1st, \u00e1lland\u00f3 \u00e1pol\u00e1st<\/li><li>gy\u00f3gypedag\u00f3giai nevel\u00e9si, oktat\u00e1si int\u00e9zm\u00e9nyben nevel\u00e9sre, oktat\u00e1sra, nem alkalmas \u00e9s felv\u00e9tele elhelyez\u00e9se kor\u00e1nak, \u00e1llapot\u00e1nak megfelel\u0151 oktat\u00e1si int\u00e9zm\u00e9nyben nem biztos\u00edthat\u00f3<\/li><li>fogyat\u00e9kos gyermek, tan\u00edt\u00e1si sz\u00fcnet idej\u00e9n<\/li><\/ul>\t\t\t\t\t\t\t\t<\/div>\n\t\t\t\t<\/div>\n\t\t\t\t<div class=\"elementor-element elementor-element-bd48c83 elementor-widget elementor-widget-heading\" data-id=\"bd48c83\" data-element_type=\"widget\" data-e-type=\"widget\" data-widget_type=\"heading.default\">\n\t\t\t\t<div class=\"elementor-widget-container\">\n\t\t\t\t\t<h3 class=\"elementor-heading-title elementor-size-default\">Ki jogosult az ell\u00e1t\u00e1sra?<\/h3>\t\t\t\t<\/div>\n\t\t\t\t<\/div>\n\t\t\t\t<div class=\"elementor-element elementor-element-3ba419d elementor-widget elementor-widget-text-editor\" data-id=\"3ba419d\" data-element_type=\"widget\" data-e-type=\"widget\" data-widget_type=\"text-editor.default\">\n\t\t\t\t<div class=\"elementor-widget-container\">\n\t\t\t\t\t\t\t\t\t<ul><li>a s\u00falyos fogyat\u00e9koss\u00e1g igazol\u00e1s\u00e1ra fogyat\u00e9koss\u00e1gi t\u00e1mogat\u00e1sban, vakok szem\u00e9lyi j\u00e1rad\u00e9k\u00e1ban, illetve magasabb \u00f6sszeg\u0171 csal\u00e1di p\u00f3tl\u00e9kban r\u00e9szes\u00fcl\u0151 szem\u00e9ly jogosults\u00e1g\u00e1t meg\u00e1llap\u00edt\u00f3 irat<\/li><li>a minimum 50 % eg\u00e9szs\u00e9gk\u00e1rosod\u00e1st igazol\u00f3 szakv\u00e9lem\u00e9ny<\/li><\/ul>\t\t\t\t\t\t\t\t<\/div>\n\t\t\t\t<\/div>\n\t\t\t\t<div class=\"elementor-element elementor-element-9a22923 elementor-widget elementor-widget-text-editor\" data-id=\"9a22923\" data-element_type=\"widget\" data-e-type=\"widget\" data-widget_type=\"text-editor.default\">\n\t\t\t\t<div class=\"elementor-widget-container\">\n\t\t\t\t\t\t\t\t\t<p><strong>Hogyan lehet a szolg\u00e1ltat\u00e1st ig\u00e9nyelni?<\/strong><\/p><ul><li>az ell\u00e1t\u00e1st ig\u00e9nyl\u0151, illetve t\u00f6rv\u00e9nyes k\u00e9pvisel\u0151je sz\u00f3beli vagy \u00edr\u00e1sbeli k\u00e9relm\u00e9re, ind\u00edtv\u00e1ny\u00e1ra t\u00f6rt\u00e9nik, teh\u00e1t <u>nyomtatv\u00e1nyt kell kit\u00f6lteni;<\/u><\/li><li>a k\u00e9relemhez <u>mell\u00e9kelni kell<\/u> a di\u00e9t\u00e1s \u00e9tkez\u00e9s sz\u00fcks\u00e9gess\u00e9g\u00e9t igazol\u00f3 iratokat, amennyiben a szolg\u00e1ltat\u00e1s r\u00e9szek\u00e9nt biztos\u00edtott \u00e9tkez\u00e9st di\u00e9t\u00e1s form\u00e1ban k\u00edv\u00e1nja ig\u00e9nybe venni;<\/li><\/ul><p><strong>Hogyan jutok hozz\u00e1 k\u00e9relem nyomtatv\u00e1nyhoz?<\/strong><\/p><ul><li>az int\u00e9zm\u00e9ny honlapj\u00e1r\u00f3l let\u00f6lthet\u0151 <span style=\"text-decoration: underline;\"><span style=\"color: #00ccff; text-decoration: underline;\"><a style=\"color: #00ccff; text-decoration: underline;\" href=\"https:\/\/keszi.hu\/index.php\/naposhaz-dokumentumok\/\">EZEN A LINKEN<\/a><\/span><\/span>;<\/li><li>a Naposh\u00e1z Fogyat\u00e9koss\u00e1ggal \u00c9l\u0151k Nappali Int\u00e9zm\u00e9nye telephely\u00e9n, el\u0151re egyeztett id\u0151pontban, szem\u00e9lyesen is \u00e1tvehet\u0151;<\/li><li>a t\u00e9rs\u00e9g telep\u00fcl\u00e9sein az \u00d6nkorm\u00e1nyzat \u00e9s a csal\u00e1dseg\u00edt\u0151 munkat\u00e1rs seg\u00edts\u00e9g\u00e9vel<\/li><\/ul><p><strong>Hol lehet a k\u00e9relmet (mell\u00e9kletekkel egy\u00fctt) beny\u00fajtani?<\/strong><\/p><ul><li>szem\u00e9lyesen, el\u0151re egyeztett id\u0151pontban az Naposh\u00e1z fogyat\u00e9koss\u00e1ggal \u00c9l\u0151k Nappali Int\u00e9zm\u00e9nye telephely\u00e9n (9200 Mosonmagyar\u00f3v\u00e1r, Lengy\u00e1ri u. 2.);<\/li><li>postai \u00faton t\u00f6rt\u00e9n\u0151 tov\u00e1bb\u00edt\u00e1ssal;<\/li><\/ul><p><strong>Mi t\u00f6rt\u00e9nik a k\u00e9relem beny\u00fajt\u00e1sa ut\u00e1n?<\/strong><\/p><ul><li>elb\u00edr\u00e1l\u00e1st k\u00f6vet\u0151en nyilv\u00e1ntart\u00e1sba vessz\u00fck;<\/li><li><u>v\u00e1r\u00f3lista<\/u> szerinti sorrendr\u0151l t\u00e1j\u00e9koztatjuk<\/li><li>telefonon \u00e9s szem\u00e9lyesen t\u00f6rt\u00e9n\u0151 egyeztet\u00e9s az ig\u00e9nybev\u00e9tel r\u00e9szleteir\u0151l<\/li><li>meg\u00e1llapod\u00e1s megk\u00f6t\u00e9s\u00e9re ker\u00fcl sor;<\/li><li>a k\u00e9relem esetleges elutas\u00edt\u00e1sa indokol\u00e1ssal \u00edr\u00e1sban t\u00f6rt\u00e9nik;<\/li><\/ul><p><strong>A nappali ell\u00e1t\u00e1st biztos\u00edt\u00f3 int\u00e9zm\u00e9ny l\u00e1togat\u00e1sa?<\/strong><\/p><ul><li>egy\u00e9ni egyeztet\u00e9s alapj\u00e1n t\u00f6rt\u00e9nik az int\u00e9zm\u00e9ny l\u00e1togat\u00e1s\u00e1nak m\u00f3dja, gyakoris\u00e1ga, a beilleszt\u00e9s sebess\u00e9ge<\/li><\/ul><p><u>Cikk let\u00f6lthet\u0151 dokumentum form\u00e1ban: <span style=\"color: #3366ff;\"><a style=\"color: #3366ff;\" href=\"http:\/\/keszi.hu\/wp-content\/uploads\/2024\/05\/Sarga-pulcsisok-Sarvaron.pdf\">\u201eS\u00e1rga pulcsisok\u201d S\u00e1rv\u00e1ron<\/a><\/span><\/u><\/p>\t\t\t\t\t\t\t\t<\/div>\n\t\t\t\t<\/div>\n\t\t\t\t\t<\/div>\n\t\t\t\t<\/div>\n\t\t\t\t<\/div>\n\t\t","protected":false},"excerpt":{"rendered":"<p>Naposh\u00e1z \u2013 FOGYAT\u00c9KOSS\u00c1GGAL \u00c9L\u0150K NAPPALI INT\u00c9ZM\u00c9NYE Int\u00e9zm\u00e9ny\u00fcnk k\u00fcldet\u00e9s mondata: B\u00e1nj \u00fagy velem, ahogy szeretn\u00e9d, hogy veled is b\u00e1njanak, ha az \u00e9n helyzetemen lenn\u00e9l! A fogyat\u00e9koss\u00e1ggal \u00e9l\u0151 \u00e9s autista szem\u00e9lyek a t\u00e1rsadalom egyenl\u0151 m\u00e9lt\u00f3s\u00e1g\u00fa, egyenrang\u00fa tagjai, akik a mindenkit megillet\u0151 jogokkal \u00e9s lehet\u0151s\u00e9gekkel csak jelent\u0151s neh\u00e9zs\u00e9gek \u00e1r\u00e1n, vagy egy\u00e1ltal\u00e1n nem k\u00e9pesek \u00e9lni. A szolg\u00e1ltat\u00e1snak minden esetben&#8230;<\/p>\n","protected":false},"author":1,"featured_media":0,"parent":0,"menu_order":0,"comment_status":"closed","ping_status":"closed","template":"","meta":{"_tbt_post_transparent":"","_tbt_post_title":"","_tbt_post_layout":"","_tbt_post_sidebar_id":"","_tbt_post_content_style":"","_tbt_post_vertical_padding":"","_tbt_post_feature":"","_tbt_post_feature_position":"","_tbt_post_header":false,"_tbt_post_footer":false},"class_list":["post-12585","page","type-page","status-publish","hentry"],"_links":{"self":[{"href":"https:\/\/keszi.hu\/index.php\/wp-json\/wp\/v2\/pages\/12585","targetHints":{"allow":["GET"]}}],"collection":[{"href":"https:\/\/keszi.hu\/index.php\/wp-json\/wp\/v2\/pages"}],"about":[{"href":"https:\/\/keszi.hu\/index.php\/wp-json\/wp\/v2\/types\/page"}],"author":[{"embeddable":true,"href":"https:\/\/keszi.hu\/index.php\/wp-json\/wp\/v2\/users\/1"}],"replies":[{"embeddable":true,"href":"https:\/\/keszi.hu\/index.php\/wp-json\/wp\/v2\/comments?post=12585"}],"version-history":[{"count":28,"href":"https:\/\/keszi.hu\/index.php\/wp-json\/wp\/v2\/pages\/12585\/revisions"}],"predecessor-version":[{"id":14931,"href":"https:\/\/keszi.hu\/index.php\/wp-json\/wp\/v2\/pages\/12585\/revisions\/14931"}],"wp:attachment":[{"href":"https:\/\/keszi.hu\/index.php\/wp-json\/wp\/v2\/media?parent=12585"}],"curies":[{"name":"wp","href":"https:\/\/api.w.org\/{rel}","templated":true}]}}