{"id":12576,"date":"2024-04-30T15:51:27","date_gmt":"2024-04-30T13:51:27","guid":{"rendered":"https:\/\/keszi.hu\/?page_id=12576"},"modified":"2025-12-15T15:00:24","modified_gmt":"2025-12-15T14:00:24","slug":"fogyatekosaggal-eloknek-nyujtott-szolgaltatasok","status":"publish","type":"page","link":"https:\/\/keszi.hu\/index.php\/fogyatekosaggal-eloknek-nyujtott-szolgaltatasok\/","title":{"rendered":"FOGYAT\u00c9KOS\u00c1GGAL \u00c9L\u0150KNEK NY\u00daJTOTT SZOLG\u00c1LTAT\u00c1SOK"},"content":{"rendered":"\t\t<div data-elementor-type=\"wp-page\" data-elementor-id=\"12576\" class=\"elementor elementor-12576\">\n\t\t\t\t\t\t<section class=\"elementor-section elementor-top-section elementor-element elementor-element-4c68b76 elementor-section-stretched service elementor-section-boxed elementor-section-height-default elementor-section-height-default\" data-id=\"4c68b76\" data-element_type=\"section\" data-e-type=\"section\" data-settings=\"{&quot;stretch_section&quot;:&quot;section-stretched&quot;}\">\n\t\t\t\t\t\t<div class=\"elementor-container elementor-column-gap-default\">\n\t\t\t\t\t<div class=\"elementor-column elementor-col-100 elementor-top-column elementor-element elementor-element-02a4ab0\" data-id=\"02a4ab0\" data-element_type=\"column\" data-e-type=\"column\">\n\t\t\t<div class=\"elementor-widget-wrap\">\n\t\t\t\t\t\t\t<\/div>\n\t\t<\/div>\n\t\t\t\t\t<\/div>\n\t\t<\/section>\n\t\t\t\t<section class=\"elementor-section elementor-top-section elementor-element elementor-element-ad3f89d elementor-section-stretched service elementor-section-boxed elementor-section-height-default elementor-section-height-default\" data-id=\"ad3f89d\" data-element_type=\"section\" data-e-type=\"section\" data-settings=\"{&quot;stretch_section&quot;:&quot;section-stretched&quot;}\">\n\t\t\t\t\t\t<div class=\"elementor-container elementor-column-gap-default\">\n\t\t\t\t\t<div class=\"elementor-column elementor-col-50 elementor-top-column elementor-element elementor-element-012fec7 cms-service\" data-id=\"012fec7\" data-element_type=\"column\" data-e-type=\"column\" data-settings=\"{&quot;background_background&quot;:&quot;gradient&quot;}\">\n\t\t\t<div class=\"elementor-widget-wrap elementor-element-populated\">\n\t\t\t\t\t\t<div class=\"elementor-element elementor-element-38926b2 elementor-widget__width-initial elementor-view-default elementor-position-block-start elementor-mobile-position-block-start elementor-widget elementor-widget-icon-box\" data-id=\"38926b2\" data-element_type=\"widget\" data-e-type=\"widget\" data-widget_type=\"icon-box.default\">\n\t\t\t\t<div class=\"elementor-widget-container\">\n\t\t\t\t\t\t\t<div class=\"elementor-icon-box-wrapper\">\n\n\t\t\t\t\t\t<div class=\"elementor-icon-box-icon\">\n\t\t\t\t<a href=\"https:\/\/keszi.hu\/index.php\/naposhaz-fogyatekossaggal-elok-nappali-intezmenye-2\/\" class=\"elementor-icon\" tabindex=\"-1\" aria-label=\"NAPOSH\u00c1Z\">\n\t\t\t\t<svg xmlns=\"http:\/\/www.w3.org\/2000\/svg\" xmlns:xlink=\"http:\/\/www.w3.org\/1999\/xlink\" width=\"96\" height=\"96\"><defs><clipPath id=\"clip0\"><rect x=\"0\" y=\"0\" width=\"96\" height=\"96\"><\/rect><\/clipPath><\/defs><g clip-path=\"url(#clip0)\"><path d=\"M4 45 22 45 22 51 4 51Z\" stroke=\"#000000\" stroke-width=\"1.33333\" fill=\"#FFFFFF\"><\/path><path d=\"M74 45 92 45 92 51 74 51Z\" stroke=\"#000000\" stroke-width=\"1.33333\" fill=\"#FFFFFF\"><\/path><path d=\"M70 48C70 60.1503 60.1503 70 48 70 35.8497 70 26 60.1503 26 48 26 35.8497 35.8497 26 48 26 60.1503 26 70 35.8497 70 48Z\" stroke=\"#000000\" stroke-width=\"1.33333\" fill=\"#FFFFFF\"><\/path><path d=\"M45 74 51 74 51 92 45 92Z\" stroke=\"#000000\" stroke-width=\"1.33333\" fill=\"#FFFFFF\"><\/path><path d=\"M45 4 51 4 51 22 45 22Z\" stroke=\"#000000\" stroke-width=\"1.33333\" fill=\"#FFFFFF\"><\/path><path d=\"M31.6873 68.4537 18.9595 81.1815 14.7169 76.9389 27.4447 64.2111Z\" stroke=\"#000000\" stroke-width=\"1.33332\" fill=\"#FFFFFF\"><\/path><path d=\"M81.2826 19.0586 68.5548 31.7864 64.3122 27.5438 77.04 14.816Z\" stroke=\"#000000\" stroke-width=\"1.33332\" fill=\"#FFFFFF\"><\/path><path d=\"M31.785 27.4455 27.5424 31.6881 14.8146 18.9603 19.0572 14.7177Z\" stroke=\"#000000\" stroke-width=\"1.33332\" fill=\"#FFFFFF\"><\/path><path d=\"M81.1839 77.0381 76.9413 81.2807 64.2135 68.5529 68.4561 64.3103Z\" stroke=\"#000000\" stroke-width=\"1.33332\" fill=\"#FFFFFF\"><\/path><\/g><\/svg>\t\t\t\t<\/a>\n\t\t\t<\/div>\n\t\t\t\n\t\t\t\t\t\t<div class=\"elementor-icon-box-content\">\n\n\t\t\t\t\t\t\t\t\t<h2 class=\"elementor-icon-box-title\">\n\t\t\t\t\t\t<a href=\"https:\/\/keszi.hu\/index.php\/naposhaz-fogyatekossaggal-elok-nappali-intezmenye-2\/\" >\n\t\t\t\t\t\t\tNAPOSH\u00c1Z\t\t\t\t\t\t<\/a>\n\t\t\t\t\t<\/h2>\n\t\t\t\t\n\t\t\t\t\t\t\t\t\t<p class=\"elementor-icon-box-description\">\n\t\t\t\t\t\tFOGYAT\u00c9KOSS\u00c1GGAL \u00c9L\u0150K NAPPALI INT\u00c9ZM\u00c9NYE\t\t\t\t\t<\/p>\n\t\t\t\t\n\t\t\t<\/div>\n\t\t\t\n\t\t<\/div>\n\t\t\t\t\t\t<\/div>\n\t\t\t\t<\/div>\n\t\t\t\t\t<\/div>\n\t\t<\/div>\n\t\t\t\t<div class=\"elementor-column elementor-col-50 elementor-top-column elementor-element elementor-element-1898104 cms-service\" data-id=\"1898104\" data-element_type=\"column\" data-e-type=\"column\" data-settings=\"{&quot;background_background&quot;:&quot;gradient&quot;}\">\n\t\t\t<div class=\"elementor-widget-wrap elementor-element-populated\">\n\t\t\t\t\t\t<div class=\"elementor-element elementor-element-39f5a03 elementor-widget__width-initial elementor-view-default elementor-position-block-start elementor-mobile-position-block-start elementor-widget elementor-widget-icon-box\" data-id=\"39f5a03\" data-element_type=\"widget\" data-e-type=\"widget\" data-widget_type=\"icon-box.default\">\n\t\t\t\t<div class=\"elementor-widget-container\">\n\t\t\t\t\t\t\t<div class=\"elementor-icon-box-wrapper\">\n\n\t\t\t\t\t\t<div class=\"elementor-icon-box-icon\">\n\t\t\t\t<a href=\"https:\/\/keszi.hu\/index.php\/fejleszto-foglalkoztatas\/\" class=\"elementor-icon\" tabindex=\"-1\" aria-label=\"FEJLESZT\u0150 FOGLALKOZTAT\u00c1S\">\n\t\t\t\t<svg xmlns=\"http:\/\/www.w3.org\/2000\/svg\" xmlns:xlink=\"http:\/\/www.w3.org\/1999\/xlink\" width=\"96\" height=\"96\" overflow=\"hidden\"><defs><clipPath id=\"clip0\"><rect x=\"0\" y=\"0\" width=\"96\" height=\"96\"><\/rect><\/clipPath><\/defs><g clip-path=\"url(#clip0)\"><path d=\"M37.82 67.5 58.18 67.5 59.81 51.61C55.9621 50.552 51.9906 50.0106 48 50 44.0105 50.0537 40.0432 50.6046 36.19 51.64Z\" stroke=\"#000000\" stroke-width=\"1.33333\" fill=\"#FFFFFF\"><\/path><path d=\"M76.8 59.6C73.1671 56.7579 69.0701 54.5656 64.69 53.12L63.21 67.5 63.76 67.5C64.7639 67.4901 65.6195 68.226 65.76 69.22L67.51 82 80 82 80 66C79.9478 63.4946 78.773 61.1451 76.8 59.6Z\" stroke=\"#000000\" stroke-width=\"1.33333\" fill=\"#FFFFFF\"><\/path><path d=\"M62.32 17.72C61.7 12.78 59.79 4 55.76 4 51.51 4 50.66 5.1 48.11 5.1 45.56 5.1 44.71 4 40.46 4 36.46 4 34.01 12.73 33.16 17.68 22.74 20.79 19.16 23.44 19.16 25.57 19.16 30 20.97 24.57 47.66 24.57 73.97 24.57 76.16 30 76.16 25.57 76.19 23.45 72.68 20.83 62.32 17.72Z\" stroke=\"#000000\" stroke-width=\"1.33333\" fill=\"#FFFFFF\"><\/path><path d=\"M47.69 27.57C42.4759 27.5378 37.2642 27.8015 32.08 28.36 32 28.9 32 29.45 32 30 32 38.8366 39.1634 46 48 46 56.8366 46 64 38.8366 64 30 64 29.48 64 29 63.92 28.45 58.5335 27.8206 53.113 27.5267 47.69 27.57Z\" stroke=\"#000000\" stroke-width=\"1.33333\" fill=\"#FFFFFF\"><\/path><path d=\"M17.78 87.63 17.78 53.78 20.25 53.78C23.4312 53.7745 26.0055 51.1912 26 48.01 26 48.0067 26 48.0033 26 48L26 35.28C26 34.4516 25.3284 33.78 24.5 33.78 23.6716 33.78 23 34.4516 23 35.28L23 48C23 49.5188 21.7688 50.75 20.25 50.75L20.16 50.75 20.16 35.28C20.16 34.4516 19.4884 33.78 18.66 33.78 17.8316 33.78 17.16 34.4516 17.16 35.28L17.16 50.78 14.49 50.78 14.49 35.28C14.49 34.4516 13.8184 33.78 12.99 33.78 12.1616 33.78 11.49 34.4516 11.49 35.28L11.49 50.75C10.0736 50.6155 8.99363 49.4228 9 48L9 35.28C9 34.4516 8.32843 33.78 7.5 33.78 6.67157 33.78 6 34.4516 6 35.28L6 48C6.0055 51.1734 8.57665 53.7445 11.75 53.75L13.75 53.75 13.75 87.63Z\" stroke=\"#000000\" stroke-width=\"1.33333\" fill=\"#FFFFFF\"><\/path><path d=\"M31.31 53.16C27.2312 54.6707 23.3577 56.6864 19.78 59.16L19.78 82 28.49 82 30.26 69.22C30.4005 68.226 31.2561 67.4901 32.26 67.5L32.81 67.5Z\" stroke=\"#000000\" stroke-width=\"1.33333\" fill=\"#FFFFFF\"><\/path><path d=\"M36.54 70.63C36.54 71.1823 36.0923 71.63 35.54 71.63 34.9877 71.63 34.54 71.1823 34.54 70.63 34.54 70.0777 34.9877 69.63 35.54 69.63 36.0923 69.63 36.54 70.0777 36.54 70.63Z\" stroke=\"#000000\" stroke-width=\"1.33333\" fill=\"#FFFFFF\"><\/path><path d=\"M35.54 72.13C34.7116 72.13 34.04 71.4584 34.04 70.63 34.04 69.8016 34.7116 69.13 35.54 69.13 36.3684 69.13 37.04 69.8016 37.04 70.63 37.04 71.4584 36.3684 72.13 35.54 72.13ZM35.54 70.13C35.2639 70.13 35.04 70.3539 35.04 70.63 35.0453 70.9039 35.2661 71.1247 35.54 71.13 35.8161 71.13 36.04 70.9061 36.04 70.63 36.04 70.3539 35.8161 70.13 35.54 70.13Z\" stroke=\"#000000\" stroke-width=\"1.33333\" fill=\"#FFFFFF\"><\/path><path d=\"M61.54 70.63C61.54 71.1823 61.0923 71.63 60.54 71.63 59.9877 71.63 59.54 71.1823 59.54 70.63 59.54 70.0777 59.9877 69.63 60.54 69.63 61.0923 69.63 61.54 70.0777 61.54 70.63Z\" stroke=\"#000000\" stroke-width=\"1.33333\" fill=\"#FFFFFF\"><\/path><path d=\"M60.54 72.13C59.7116 72.13 59.04 71.4584 59.04 70.63 59.04 69.8016 59.7116 69.13 60.54 69.13 61.3684 69.13 62.04 69.8016 62.04 70.63 62.04 71.4584 61.3684 72.13 60.54 72.13ZM60.54 70.13C60.2639 70.13 60.04 70.3539 60.04 70.63 60.0453 70.9039 60.2661 71.1247 60.54 71.13 60.8161 71.13 61.04 70.9061 61.04 70.63 61.04 70.3539 60.8161 70.13 60.54 70.13Z\" stroke=\"#000000\" stroke-width=\"1.33333\" fill=\"#FFFFFF\"><\/path><\/g><\/svg>\t\t\t\t<\/a>\n\t\t\t<\/div>\n\t\t\t\n\t\t\t\t\t\t<div class=\"elementor-icon-box-content\">\n\n\t\t\t\t\t\t\t\t\t<h2 class=\"elementor-icon-box-title\">\n\t\t\t\t\t\t<a href=\"https:\/\/keszi.hu\/index.php\/fejleszto-foglalkoztatas\/\" >\n\t\t\t\t\t\t\tFEJLESZT\u0150 FOGLALKOZTAT\u00c1S\t\t\t\t\t\t<\/a>\n\t\t\t\t\t<\/h2>\n\t\t\t\t\n\t\t\t\t\n\t\t\t<\/div>\n\t\t\t\n\t\t<\/div>\n\t\t\t\t\t\t<\/div>\n\t\t\t\t<\/div>\n\t\t\t\t\t<\/div>\n\t\t<\/div>\n\t\t\t\t\t<\/div>\n\t\t<\/section>\n\t\t\t\t<\/div>\n\t\t","protected":false},"excerpt":{"rendered":"<p>NAPOSH\u00c1Z FOGYAT\u00c9KOSS\u00c1GGAL \u00c9L\u0150K NAPPALI INT\u00c9ZM\u00c9NYE FEJLESZT\u0150 FOGLALKOZTAT\u00c1S<\/p>\n","protected":false},"author":1,"featured_media":0,"parent":0,"menu_order":0,"comment_status":"closed","ping_status":"closed","template":"","meta":{"_tbt_post_transparent":"","_tbt_post_title":"","_tbt_post_layout":"","_tbt_post_sidebar_id":"","_tbt_post_content_style":"","_tbt_post_vertical_padding":"","_tbt_post_feature":"","_tbt_post_feature_position":"","_tbt_post_header":false,"_tbt_post_footer":false},"class_list":["post-12576","page","type-page","status-publish","hentry"],"_links":{"self":[{"href":"https:\/\/keszi.hu\/index.php\/wp-json\/wp\/v2\/pages\/12576","targetHints":{"allow":["GET"]}}],"collection":[{"href":"https:\/\/keszi.hu\/index.php\/wp-json\/wp\/v2\/pages"}],"about":[{"href":"https:\/\/keszi.hu\/index.php\/wp-json\/wp\/v2\/types\/page"}],"author":[{"embeddable":true,"href":"https:\/\/keszi.hu\/index.php\/wp-json\/wp\/v2\/users\/1"}],"replies":[{"embeddable":true,"href":"https:\/\/keszi.hu\/index.php\/wp-json\/wp\/v2\/comments?post=12576"}],"version-history":[{"count":34,"href":"https:\/\/keszi.hu\/index.php\/wp-json\/wp\/v2\/pages\/12576\/revisions"}],"predecessor-version":[{"id":15204,"href":"https:\/\/keszi.hu\/index.php\/wp-json\/wp\/v2\/pages\/12576\/revisions\/15204"}],"wp:attachment":[{"href":"https:\/\/keszi.hu\/index.php\/wp-json\/wp\/v2\/media?parent=12576"}],"curies":[{"name":"wp","href":"https:\/\/api.w.org\/{rel}","templated":true}]}}