{"id":12550,"date":"2024-04-30T15:27:10","date_gmt":"2024-04-30T13:27:10","guid":{"rendered":"https:\/\/keszi.hu\/?page_id=12550"},"modified":"2024-05-22T13:32:15","modified_gmt":"2024-05-22T11:32:15","slug":"viragoskert-idosek-otthona-2","status":"publish","type":"page","link":"https:\/\/keszi.hu\/index.php\/viragoskert-idosek-otthona-2\/","title":{"rendered":"VIR\u00c1GOSKERT ID\u0150SEK OTTHONA"},"content":{"rendered":"\t\t<div data-elementor-type=\"wp-page\" data-elementor-id=\"12550\" class=\"elementor elementor-12550\">\n\t\t\t\t\t\t<section class=\"elementor-section elementor-top-section elementor-element elementor-element-8a043ee elementor-section-full_width elementor-section-height-default elementor-section-height-default\" data-id=\"8a043ee\" data-element_type=\"section\" data-e-type=\"section\">\n\t\t\t\t\t\t<div class=\"elementor-container elementor-column-gap-default\">\n\t\t\t\t\t<div class=\"elementor-column elementor-col-100 elementor-top-column elementor-element elementor-element-e2b040d about_cms_block\" data-id=\"e2b040d\" data-element_type=\"column\" data-e-type=\"column\" data-settings=\"{&quot;background_background&quot;:&quot;classic&quot;}\">\n\t\t\t<div class=\"elementor-widget-wrap elementor-element-populated\">\n\t\t\t\t\t\t<div class=\"elementor-element elementor-element-5f7ccfc elementor-widget elementor-widget-heading\" data-id=\"5f7ccfc\" data-element_type=\"widget\" data-e-type=\"widget\" data-widget_type=\"heading.default\">\n\t\t\t\t<div class=\"elementor-widget-container\">\n\t\t\t\t\t<h1 class=\"elementor-heading-title elementor-size-default\">Vir\u00e1goskert Id\u0151sek Otthona<\/h1>\t\t\t\t<\/div>\n\t\t\t\t<\/div>\n\t\t\t\t<div class=\"elementor-element elementor-element-dbba27a elementor-widget elementor-widget-text-editor\" data-id=\"dbba27a\" data-element_type=\"widget\" data-e-type=\"widget\" data-widget_type=\"text-editor.default\">\n\t\t\t\t<div class=\"elementor-widget-container\">\n\t\t\t\t\t\t\t\t\t<p><strong><em>\u201eEbben az \u00e9letben nem tehet\u00fcnk nagy dolgokat. Csak kis dolgokat tehet\u00fcnk, nagy szeretettel.!\u201d <\/em><\/strong>(Ter\u00e9z anya)<\/p>\t\t\t\t\t\t\t\t<\/div>\n\t\t\t\t<\/div>\n\t\t\t\t\t<\/div>\n\t\t<\/div>\n\t\t\t\t\t<\/div>\n\t\t<\/section>\n\t\t<div class=\"elementor-element elementor-element-b4314c0 e-flex e-con-boxed e-con e-parent\" data-id=\"b4314c0\" data-element_type=\"container\" data-e-type=\"container\">\n\t\t\t\t\t<div class=\"e-con-inner\">\n\t\t\t\t<div class=\"elementor-element elementor-element-efb37ce elementor-widget elementor-widget-text-editor\" data-id=\"efb37ce\" data-element_type=\"widget\" data-e-type=\"widget\" data-widget_type=\"text-editor.default\">\n\t\t\t\t<div class=\"elementor-widget-container\">\n\t\t\t\t\t\t\t\t\t<p><strong>A szolg\u00e1ltat\u00e1s c\u00e9lja<\/strong><\/p><p>A Vir\u00e1goskert Id\u0151sek Otthona szolg\u00e1ltat\u00e1sait ig\u00e9nybe vev\u0151, gondoz\u00e1sra szorul\u00f3 ember sz\u00fcks\u00e9gleteihez igazod\u00f3 seg\u00edts\u00e9gny\u00fajt\u00e1s biztos\u00edt\u00e1sa, amelynek m\u00e9rt\u00e9k\u00e9t \u00e9s m\u00f3dj\u00e1t mindenkor a seg\u00edts\u00e9gre szorul\u00f3 ember eg\u00e9szs\u00e9gi, pszich\u00e9s \u00e9s szoci\u00e1lis \u00e1llapota alapj\u00e1n hat\u00e1rozzuk meg \u00fagy, hogy az egy\u00e9n individu\u00e1lis szabads\u00e1ga \u00e9s \u00f6nrendelkez\u00e9si joga a legteljesebb m\u00e9rt\u00e9kben \u00e9rv\u00e9nyre jusson.<\/p><p><strong>A szolg\u00e1ltat\u00e1s feladata<\/strong><\/p><p>A Vir\u00e1goskert Id\u0151sek Otthona gondoskodik az \u00f6nmaguk ell\u00e1t\u00e1s\u00e1ra nem, vagy csak folyamatos seg\u00edts\u00e9ggel k\u00e9pes szem\u00e9lyek napi legal\u00e1bb \u00f6tsz\u00f6ri \u00e9tkeztet\u00e9s\u00e9r\u0151l, sz\u00fcks\u00e9g szerint ruh\u00e1zattal, illetve text\u00edli\u00e1val val\u00f3 ell\u00e1t\u00e1s\u00e1r\u00f3l, ment\u00e1lis gondoz\u00e1s\u00e1r\u00f3l, a k\u00fcl\u00f6n jogszab\u00e1lyban meghat\u00e1rozott eg\u00e9szs\u00e9g\u00fcgyi ell\u00e1t\u00e1s\u00e1r\u00f3l, valamint lakhat\u00e1s\u00e1r\u00f3l (a tov\u00e1bbiakban: teljes k\u00f6r\u0171 ell\u00e1t\u00e1s) felt\u00e9ve, hogy ell\u00e1t\u00e1suk m\u00e1s m\u00f3don nem oldhat\u00f3 meg.<\/p><p>A Vir\u00e1goskert Id\u0151sek Otthon\u00e1ba meghat\u00e1rozott gondoz\u00e1si sz\u00fcks\u00e9glettel rendelkez\u0151, de rendszeres fekv\u0151beteg-gy\u00f3gyint\u00e9zeti kezel\u00e9st nem ig\u00e9nyl\u0151, a r\u00e1 ir\u00e1nyad\u00f3 \u00f6regs\u00e9gi nyugd\u00edjkorhat\u00e1rt bet\u00f6lt\u00f6tt szem\u00e9ly l\u00e1that\u00f3 el. Az id\u0151sek otthon\u00e1ban a 18. \u00e9let\u00e9v\u00e9t bet\u00f6lt\u00f6tt, betegs\u00e9ge vagy fogyat\u00e9koss\u00e1ga miatt \u00f6nmag\u00e1r\u00f3l gondoskodni nem k\u00e9pes, gondoz\u00e1si sz\u00fcks\u00e9glettel rendelkez\u0151 szem\u00e9ly is ell\u00e1that\u00f3, ha ell\u00e1t\u00e1sa m\u00e1s t\u00edpus\u00fa, \u00e1pol\u00e1st-gondoz\u00e1st ny\u00fajt\u00f3 int\u00e9zm\u00e9nyben nem biztos\u00edthat\u00f3.<\/p><p>Az id\u0151sek otthon\u00e1n bel\u00fcl k\u00fcl\u00f6n gondoz\u00e1si egys\u00e9gben vagy csoportban kell ell\u00e1tni azt a szem\u00e9lyt, akin\u00e9l a k\u00fcl\u00f6n jogszab\u00e1lyban meghat\u00e1rozott szerv a demencia k\u00f6r\u00e9be tartoz\u00f3 k\u00f6z\u00e9ps\u00falyos vagy s\u00falyos k\u00f3rk\u00e9pet \u00e1llap\u00edt meg. Az int\u00e9zm\u00e9nyben k\u00e9t \u00e1gyas szob\u00e1k vannak, ez\u00e9rt a demenci\u00e1val \u00e9l\u0151k egy szob\u00e1ba k\u00f6lt\u00f6ztet\u00e9se jelenti a demenci\u00e1val \u00e9l\u0151k gondoz\u00e1si csoportj\u00e1t.<\/p><p>A Vir\u00e1goskert Id\u0151sek Otthon\u00e1ban az ell\u00e1t\u00e1s ig\u00e9nyl\u00e9sekor legal\u00e1bb egy \u00e9ve egy\u00fctt \u00e9l\u0151 h\u00e1zast\u00e1rsa, \u00e9lett\u00e1rsa, testv\u00e9re \u00e9s fogyat\u00e9kos k\u00f6zeli hozz\u00e1tartoz\u00f3ja a 68\/A. \u00a7 (3) bekezd\u00e9s\u00e9ben meghat\u00e1rozott gondoz\u00e1si sz\u00fcks\u00e9glet hi\u00e1ny\u00e1ban is felvehet\u0151.<\/p><p><strong>Az id\u0151sotthoni ell\u00e1t\u00e1s ir\u00e1nti k\u00e9relem alapj\u00e1n az int\u00e9zm\u00e9nyvezet\u0151 v\u00e9gzi el az ell\u00e1t\u00e1st ig\u00e9nyl\u0151 gondoz\u00e1si sz\u00fcks\u00e9glet\u00e9nek vizsg\u00e1lat\u00e1t.<\/strong><\/p><p><strong>Id\u0151sotthoni ell\u00e1t\u00e1s az \u00e9rt\u00e9kel\u0151 adatlap alapj\u00e1n III. fokozat\u00fa, teljes ell\u00e1t\u00e1sra szorul\u00f3, vagy a jogszab\u00e1lyban meghat\u00e1rozott egy\u00e9b k\u00f6r\u00fclm\u00e9nyeken alapul\u00f3 gondoz\u00e1si sz\u00fcks\u00e9glet meg\u00e1llap\u00edt\u00e1sa eset\u00e9n ny\u00fajthat\u00f3.<\/strong><\/p><p>Az int\u00e9zm\u00e9ny z\u00f6ld\u00f6vezeti k\u00f6rnyezetben ide\u00e1lis t\u00e1rgyi felt\u00e9telekkel rendelkezik. F\u0151k\u00f6zleked\u00e9si \u00fatvonal k\u00f6zel\u00e9ben, t\u00f6megk\u00f6zleked\u00e9si eszk\u00f6zzel is j\u00f3l megk\u00f6zel\u00edthet\u0151. \u00c9p\u00edt\u00e9szeti megold\u00e1sai lehet\u0151v\u00e9 teszi lak\u00f3i sz\u00e1m\u00e1ra a k\u00f6z\u00f6ss\u00e9gi \u00e9let mellett az intim z\u00f3na meg\u0151rz\u00e9s\u00e9t \u00e9s ez\u00e1ltal az emberi m\u00e9lt\u00f3s\u00e1g alapjait teremti meg. Az \u00e9p\u00fclet emelet\u00e9n helyezkedik el az otthon, a l\u00e9pcs\u0151h\u00e1z kapaszkod\u00f3val felszerelt, egy \u00fcl\u0151lift seg\u00edti az ell\u00e1t\u00e1st ig\u00e9nybe vev\u0151k emeletre jut\u00e1s\u00e1t. A Vir\u00e1goskert Id\u0151sek Otthona z\u00e1rt, rendezett udvarral rendelkezik, amely a demens ell\u00e1tottak v\u00e9delm\u00e9t \u00e9s \u00e9rdekeit is egyar\u00e1nt szolg\u00e1lja.<\/p><p>A foly\u00f3s\u00f3 kapaszkod\u00f3kkal van felszerelve az ell\u00e1tottak eg\u00e9szs\u00e9g\u00fcgyi \u00e1llapot\u00e1hoz igazodva a f\u00fcrd\u0151szob\u00e1k szint\u00e9nt kapaszkod\u00f3kkal felszereltek a b\u00fatorok az id\u0151sek sz\u00e1m\u00e1ra biztons\u00e1gosak, k\u00e9nyelmesek. A lak\u00f3k elhelyez\u00e9se 10 db k\u00e9t \u00e1gyas szob\u00e1ban t\u00f6rt\u00e9nik, ahol lehet\u0151s\u00e9g ny\u00edlik h\u00e1zasp\u00e1rok \u00e9s vagy csal\u00e1dtagok k\u00f6z\u00f6s elhelyez\u00e9s\u00e9re is. A lakr\u00e9szek alapb\u00fatorzata a lak\u00f3k eg\u00e9szs\u00e9gi \u00e1llapot\u00e1hoz \u00e9s \u00e9letkor\u00e1hoz lett kialak\u00edtva. Valamennyi lakr\u00e9szben h\u0171t\u0151 \u00e9s telev\u00edzi\u00f3 is tal\u00e1lhat\u00f3. A n\u0151v\u00e9rh\u00edv\u00f3 rendszer a biztons\u00e1got \u00e9s az azonnali seg\u00edts\u00e9get szolg\u00e1lja.<\/p><p><strong>A Vir\u00e1goskert Id\u0151sek Otthon\u00e1ban meleg\u00edt\u0151 konyha \u00e9s \u00e9tkez\u0151 is tal\u00e1lhat\u00f3, amely a k\u00f6z\u00f6ss\u00e9gi programok sz\u00edntere is.<\/strong><\/p><p>\u00a0<\/p>\t\t\t\t\t\t\t\t<\/div>\n\t\t\t\t<\/div>\n\t\t\t\t<div class=\"elementor-element elementor-element-54301b7 elementor-button-warning elementor-align-center elementor-widget elementor-widget-button\" data-id=\"54301b7\" data-element_type=\"widget\" data-e-type=\"widget\" data-widget_type=\"button.default\">\n\t\t\t\t<div class=\"elementor-widget-container\">\n\t\t\t\t\t\t\t\t\t<div class=\"elementor-button-wrapper\">\n\t\t\t\t\t<a class=\"elementor-button elementor-button-link elementor-size-sm\" href=\"https:\/\/keszi.hu\/index.php\/bentlakasos-otthonok-kerelmek\/\" target=\"_blank\">\n\t\t\t\t\t\t<span class=\"elementor-button-content-wrapper\">\n\t\t\t\t\t\t\t\t\t<span class=\"elementor-button-text\">Ig\u00e9nyl\u00e9s let\u00f6lt\u00e9se<\/span>\n\t\t\t\t\t<\/span>\n\t\t\t\t\t<\/a>\n\t\t\t\t<\/div>\n\t\t\t\t\t\t\t\t<\/div>\n\t\t\t\t<\/div>\n\t\t\t\t\t<\/div>\n\t\t\t\t<\/div>\n\t\t\t\t<\/div>\n\t\t","protected":false},"excerpt":{"rendered":"<p>Vir\u00e1goskert Id\u0151sek Otthona \u201eEbben az \u00e9letben nem tehet\u00fcnk nagy dolgokat. Csak kis dolgokat tehet\u00fcnk, nagy szeretettel.!\u201d (Ter\u00e9z anya) A szolg\u00e1ltat\u00e1s c\u00e9lja A Vir\u00e1goskert Id\u0151sek Otthona szolg\u00e1ltat\u00e1sait ig\u00e9nybe vev\u0151, gondoz\u00e1sra szorul\u00f3 ember sz\u00fcks\u00e9gleteihez igazod\u00f3 seg\u00edts\u00e9gny\u00fajt\u00e1s biztos\u00edt\u00e1sa, amelynek m\u00e9rt\u00e9k\u00e9t \u00e9s m\u00f3dj\u00e1t mindenkor a seg\u00edts\u00e9gre szorul\u00f3 ember eg\u00e9szs\u00e9gi, pszich\u00e9s \u00e9s szoci\u00e1lis \u00e1llapota alapj\u00e1n hat\u00e1rozzuk meg \u00fagy, hogy az&#8230;<\/p>\n","protected":false},"author":1,"featured_media":0,"parent":0,"menu_order":0,"comment_status":"closed","ping_status":"closed","template":"","meta":{"_tbt_post_transparent":"","_tbt_post_title":"","_tbt_post_layout":"","_tbt_post_sidebar_id":"","_tbt_post_content_style":"","_tbt_post_vertical_padding":"","_tbt_post_feature":"","_tbt_post_feature_position":"","_tbt_post_header":false,"_tbt_post_footer":false},"class_list":["post-12550","page","type-page","status-publish","hentry"],"_links":{"self":[{"href":"https:\/\/keszi.hu\/index.php\/wp-json\/wp\/v2\/pages\/12550","targetHints":{"allow":["GET"]}}],"collection":[{"href":"https:\/\/keszi.hu\/index.php\/wp-json\/wp\/v2\/pages"}],"about":[{"href":"https:\/\/keszi.hu\/index.php\/wp-json\/wp\/v2\/types\/page"}],"author":[{"embeddable":true,"href":"https:\/\/keszi.hu\/index.php\/wp-json\/wp\/v2\/users\/1"}],"replies":[{"embeddable":true,"href":"https:\/\/keszi.hu\/index.php\/wp-json\/wp\/v2\/comments?post=12550"}],"version-history":[{"count":28,"href":"https:\/\/keszi.hu\/index.php\/wp-json\/wp\/v2\/pages\/12550\/revisions"}],"predecessor-version":[{"id":14598,"href":"https:\/\/keszi.hu\/index.php\/wp-json\/wp\/v2\/pages\/12550\/revisions\/14598"}],"wp:attachment":[{"href":"https:\/\/keszi.hu\/index.php\/wp-json\/wp\/v2\/media?parent=12550"}],"curies":[{"name":"wp","href":"https:\/\/api.w.org\/{rel}","templated":true}]}}