{"id":12548,"date":"2024-04-30T15:26:09","date_gmt":"2024-04-30T13:26:09","guid":{"rendered":"https:\/\/keszi.hu\/?page_id=12548"},"modified":"2024-05-22T13:31:17","modified_gmt":"2024-05-22T11:31:17","slug":"aranykor-idosek-otthona","status":"publish","type":"page","link":"https:\/\/keszi.hu\/index.php\/aranykor-idosek-otthona\/","title":{"rendered":"ARANYKOR ID\u0150SEK OTTHONA"},"content":{"rendered":"\t\t<div data-elementor-type=\"wp-page\" data-elementor-id=\"12548\" class=\"elementor elementor-12548\">\n\t\t\t\t\t\t<section class=\"elementor-section elementor-top-section elementor-element elementor-element-8a043ee elementor-section-full_width elementor-section-height-default elementor-section-height-default\" data-id=\"8a043ee\" data-element_type=\"section\" data-e-type=\"section\">\n\t\t\t\t\t\t<div class=\"elementor-container elementor-column-gap-default\">\n\t\t\t\t\t<div class=\"elementor-column elementor-col-100 elementor-top-column elementor-element elementor-element-e2b040d about_cms_block\" data-id=\"e2b040d\" data-element_type=\"column\" data-e-type=\"column\" data-settings=\"{&quot;background_background&quot;:&quot;classic&quot;}\">\n\t\t\t<div class=\"elementor-widget-wrap elementor-element-populated\">\n\t\t\t\t\t\t<div class=\"elementor-element elementor-element-5f7ccfc elementor-widget elementor-widget-heading\" data-id=\"5f7ccfc\" data-element_type=\"widget\" data-e-type=\"widget\" data-widget_type=\"heading.default\">\n\t\t\t\t<div class=\"elementor-widget-container\">\n\t\t\t\t\t<h1 class=\"elementor-heading-title elementor-size-default\">Aranykor Id\u0151sek Otthona<\/h1>\t\t\t\t<\/div>\n\t\t\t\t<\/div>\n\t\t\t\t<div class=\"elementor-element elementor-element-dbba27a elementor-widget elementor-widget-text-editor\" data-id=\"dbba27a\" data-element_type=\"widget\" data-e-type=\"widget\" data-widget_type=\"text-editor.default\">\n\t\t\t\t<div class=\"elementor-widget-container\">\n\t\t\t\t\t\t\t\t\t<p><strong><em>\u201eEbben az \u00e9letben nem tehet\u00fcnk nagy dolgokat. Csak kis dolgokat tehet\u00fcnk, nagy szeretettel.!\u201d <\/em><\/strong>(Ter\u00e9z anya)<\/p>\t\t\t\t\t\t\t\t<\/div>\n\t\t\t\t<\/div>\n\t\t\t\t\t<\/div>\n\t\t<\/div>\n\t\t\t\t\t<\/div>\n\t\t<\/section>\n\t\t<div class=\"elementor-element elementor-element-0b1dcfa e-flex e-con-boxed e-con e-parent\" data-id=\"0b1dcfa\" data-element_type=\"container\" data-e-type=\"container\">\n\t\t\t\t\t<div class=\"e-con-inner\">\n\t\t\t\t<div class=\"elementor-element elementor-element-8aaa535 elementor-widget elementor-widget-text-editor\" data-id=\"8aaa535\" data-element_type=\"widget\" data-e-type=\"widget\" data-widget_type=\"text-editor.default\">\n\t\t\t\t<div class=\"elementor-widget-container\">\n\t\t\t\t\t\t\t\t\t<p><b>A szolg\u00e1ltat\u00e1s c\u00e9lja<\/b><\/p><p class=\"v1MsoNormal\">A szoci\u00e1lis ell\u00e1t\u00e1sok ig\u00e9nybev\u00e9tele \u00f6nk\u00e9ntes, az ell\u00e1t\u00e1st ig\u00e9nyl\u0151, illetve t\u00f6rv\u00e9nyes k\u00e9pvisel\u0151je sz\u00f3beli vagy \u00edr\u00e1sbeli k\u00e9relm\u00e9re, ind\u00edtv\u00e1ny\u00e1ra t\u00f6rt\u00e9nik.<\/p><p class=\"v1MsoNormal\">Az Eg\u00e9szs\u00e9gi \u00e1llapotra vonatkoz\u00f3 igazol\u00e1st h\u00e1ziorvossal vagy kezel\u0151orvossal kell kit\u00f6ltetni.<\/p><p class=\"v1MsoNormal\">J\u00f6vedelemnyilatkozathoz \u2013 amennyiben ell\u00e1t\u00e1st ig\u00e9nyl\u0151 vagy m\u00e1s szem\u00e9ly nem v\u00e1llalja az int\u00e9zm\u00e9nyi t\u00e9r\u00edt\u00e9si d\u00edjjal azonos szem\u00e9lyi t\u00e9r\u00edt\u00e9si d\u00edj megfizet\u00e9s\u00e9t \u2013 mell\u00e9kelni kell a j\u00f6vedelmet igazol\u00f3 iratot. Amennyiben ell\u00e1t\u00e1st ig\u00e9nyl\u0151n\u00e9l a demencia k\u00f3rk\u00e9p legal\u00e1bb k\u00f6z\u00e9ps\u00falyos fokozata igazolt, az ezt meg\u00e1llap\u00edt\u00f3 szakv\u00e9lem\u00e9nyt a k\u00e9relemhez be kell csatolni.<\/p><p class=\"v1MsoNormal\">A k\u00e9relmet \u00e9s a J\u00f6vedelemnyilatkozatot az ell\u00e1t\u00e1st ig\u00e9nyl\u0151nek kell al\u00e1\u00edrnia (illetve t\u00f6rv\u00e9nyes k\u00e9pvisel\u0151j\u00e9nek, amennyiben ell\u00e1t\u00e1st ig\u00e9nyl\u0151 cselekv\u0151k\u00e9pess\u00e9get teljesen korl\u00e1toz\u00f3 gondnoks\u00e1g alatt \u00e1ll, vagy r\u00e9szlegesen korl\u00e1toz\u00f3 gondnoks\u00e1g eset\u00e9n, amennyiben ebben az \u00fcgycsoportban korl\u00e1tozva van). A gondnoks\u00e1got igazol\u00f3 gy\u00e1mhat\u00f3s\u00e1gi hat\u00e1rozatot a k\u00e9relemhez be kell csatolni.<\/p><p class=\"v1MsoNormal\">Amennyiben k\u00e9relmez\u0151 eg\u00e9szs\u00e9gi \u00e1llapot\u00e1b\u00f3l kifoly\u00f3lag\u00a0<b>al\u00e1\u00edrni nem tud<\/b>, a t\u00e9nyt a k\u00e9relmen fel kell t\u00fcntetni \u00e9s azt az orvossal le kell igazoltatni. \u00a0<\/p><p class=\"v1MsoNormal\">A k\u00e9relmet (mell\u00e9kletekkel egy\u00fctt) szem\u00e9lyesen, \u00fcgyf\u00e9lfogad\u00e1si id\u0151ben a Kist\u00e9rs\u00e9gi Egyes\u00edtett Szoci\u00e1lis Int\u00e9zm\u00e9ny Titk\u00e1rs\u00e1g\u00e1n lehet beny\u00fajtani, illetve lehet\u0151s\u00e9g van a k\u00e9relem postal\u00e1d\u00e1ban t\u00f6rt\u00e9n\u0151 elhelyez\u00e9s\u00e9re vagy postai \u00faton t\u00f6rt\u00e9n\u0151 tov\u00e1bb\u00edt\u00e1s\u00e1ra.<\/p><p class=\"v1MsoNormal\"><b>Az Aranykor Id\u0151sek Otthon\u00e1ba t\u00f6rt\u00e9n\u0151 elhelyez\u00e9s el\u0151tt el\u0151gondoz\u00e1st kell v\u00e9gezni.<\/b><\/p><p class=\"v1MsoNormal\">Az ell\u00e1t\u00e1sra vonatkoz\u00f3 ig\u00e9nyeket be\u00e9rkez\u00e9s\u00fck sorrendj\u00e9ben az int\u00e9zm\u00e9ny nyilv\u00e1ntart\u00e1sba veszi.<\/p><p class=\"v1MsoNormal\"><strong>A k\u00e9relem elb\u00edr\u00e1l\u00e1sa sor\u00e1n amennyiben nem id\u0151sotthoni elhelyez\u00e9sre jogosult a k\u00e9relmez\u0151 a k\u00e9relem elutas\u00edt\u00e1sra ker\u00fcl, az \u00edr\u00e1sban \u00e9s indokl\u00e1ssal kell megtenni.<\/strong><\/p><p class=\"v1MsoNormal\"><strong>Az ell\u00e1t\u00e1s biztos\u00edt\u00e1sa a kapacit\u00e1sok f\u00fcggv\u00e9ny\u00e9ben t\u00f6rt\u00e9nik. \u00a0<\/strong><\/p><p class=\"v1MsoNormal\"><strong>A meg\u00e1llapod\u00e1s megk\u00f6t\u00e9s\u00e9re a KESZI Titk\u00e1rs\u00e1g\u00e1n ker\u00fcl sor a bek\u00f6lt\u00f6z\u00e9s napj\u00e1n.\u00a0<\/strong><\/p>\t\t\t\t\t\t\t\t<\/div>\n\t\t\t\t<\/div>\n\t\t\t\t<div class=\"elementor-element elementor-element-74318b2 elementor-button-warning elementor-align-center elementor-widget elementor-widget-button\" data-id=\"74318b2\" data-element_type=\"widget\" data-e-type=\"widget\" data-widget_type=\"button.default\">\n\t\t\t\t<div class=\"elementor-widget-container\">\n\t\t\t\t\t\t\t\t\t<div class=\"elementor-button-wrapper\">\n\t\t\t\t\t<a class=\"elementor-button elementor-button-link elementor-size-sm\" href=\"https:\/\/keszi.hu\/index.php\/bentlakasos-otthonok-kerelmek\/\" target=\"_blank\">\n\t\t\t\t\t\t<span class=\"elementor-button-content-wrapper\">\n\t\t\t\t\t\t\t\t\t<span class=\"elementor-button-text\">Ig\u00e9nyl\u00e9s let\u00f6lt\u00e9se<\/span>\n\t\t\t\t\t<\/span>\n\t\t\t\t\t<\/a>\n\t\t\t\t<\/div>\n\t\t\t\t\t\t\t\t<\/div>\n\t\t\t\t<\/div>\n\t\t\t\t\t<\/div>\n\t\t\t\t<\/div>\n\t\t\t\t<\/div>\n\t\t","protected":false},"excerpt":{"rendered":"<p>Aranykor Id\u0151sek Otthona \u201eEbben az \u00e9letben nem tehet\u00fcnk nagy dolgokat. Csak kis dolgokat tehet\u00fcnk, nagy szeretettel.!\u201d (Ter\u00e9z anya) A szolg\u00e1ltat\u00e1s c\u00e9lja A szoci\u00e1lis ell\u00e1t\u00e1sok ig\u00e9nybev\u00e9tele \u00f6nk\u00e9ntes, az ell\u00e1t\u00e1st ig\u00e9nyl\u0151, illetve t\u00f6rv\u00e9nyes k\u00e9pvisel\u0151je sz\u00f3beli vagy \u00edr\u00e1sbeli k\u00e9relm\u00e9re, ind\u00edtv\u00e1ny\u00e1ra t\u00f6rt\u00e9nik. Az Eg\u00e9szs\u00e9gi \u00e1llapotra vonatkoz\u00f3 igazol\u00e1st h\u00e1ziorvossal vagy kezel\u0151orvossal kell kit\u00f6ltetni. J\u00f6vedelemnyilatkozathoz \u2013 amennyiben ell\u00e1t\u00e1st ig\u00e9nyl\u0151 vagy m\u00e1s&#8230;<\/p>\n","protected":false},"author":1,"featured_media":0,"parent":0,"menu_order":0,"comment_status":"closed","ping_status":"closed","template":"","meta":{"_tbt_post_transparent":"","_tbt_post_title":"","_tbt_post_layout":"","_tbt_post_sidebar_id":"","_tbt_post_content_style":"","_tbt_post_vertical_padding":"","_tbt_post_feature":"","_tbt_post_feature_position":"","_tbt_post_header":false,"_tbt_post_footer":false},"class_list":["post-12548","page","type-page","status-publish","hentry"],"_links":{"self":[{"href":"https:\/\/keszi.hu\/index.php\/wp-json\/wp\/v2\/pages\/12548","targetHints":{"allow":["GET"]}}],"collection":[{"href":"https:\/\/keszi.hu\/index.php\/wp-json\/wp\/v2\/pages"}],"about":[{"href":"https:\/\/keszi.hu\/index.php\/wp-json\/wp\/v2\/types\/page"}],"author":[{"embeddable":true,"href":"https:\/\/keszi.hu\/index.php\/wp-json\/wp\/v2\/users\/1"}],"replies":[{"embeddable":true,"href":"https:\/\/keszi.hu\/index.php\/wp-json\/wp\/v2\/comments?post=12548"}],"version-history":[{"count":43,"href":"https:\/\/keszi.hu\/index.php\/wp-json\/wp\/v2\/pages\/12548\/revisions"}],"predecessor-version":[{"id":14595,"href":"https:\/\/keszi.hu\/index.php\/wp-json\/wp\/v2\/pages\/12548\/revisions\/14595"}],"wp:attachment":[{"href":"https:\/\/keszi.hu\/index.php\/wp-json\/wp\/v2\/media?parent=12548"}],"curies":[{"name":"wp","href":"https:\/\/api.w.org\/{rel}","templated":true}]}}