{"id":12537,"date":"2024-04-30T15:20:16","date_gmt":"2024-04-30T13:20:16","guid":{"rendered":"https:\/\/keszi.hu\/?page_id=12537"},"modified":"2024-05-22T13:29:38","modified_gmt":"2024-05-22T11:29:38","slug":"idosek-gondozohaza-atmeneti-ellatast-nyujto-intezmeny","status":"publish","type":"page","link":"https:\/\/keszi.hu\/index.php\/idosek-gondozohaza-atmeneti-ellatast-nyujto-intezmeny\/","title":{"rendered":"ID\u0150SEK GONDOZ\u00d3H\u00c1ZA \u00c1TMENETI ELL\u00c1T\u00c1ST NY\u00daJT\u00d3 INT\u00c9ZM\u00c9NY"},"content":{"rendered":"\t\t<div data-elementor-type=\"wp-page\" data-elementor-id=\"12537\" class=\"elementor elementor-12537\">\n\t\t\t\t\t\t<section class=\"elementor-section elementor-top-section elementor-element elementor-element-8a043ee elementor-section-full_width elementor-section-height-default elementor-section-height-default\" data-id=\"8a043ee\" data-element_type=\"section\" data-e-type=\"section\">\n\t\t\t\t\t\t<div class=\"elementor-container elementor-column-gap-default\">\n\t\t\t\t\t<div class=\"elementor-column elementor-col-100 elementor-top-column elementor-element elementor-element-e2b040d about_cms_block\" data-id=\"e2b040d\" data-element_type=\"column\" data-e-type=\"column\" data-settings=\"{&quot;background_background&quot;:&quot;classic&quot;}\">\n\t\t\t<div class=\"elementor-widget-wrap elementor-element-populated\">\n\t\t\t\t\t\t<div class=\"elementor-element elementor-element-5f7ccfc elementor-widget elementor-widget-heading\" data-id=\"5f7ccfc\" data-element_type=\"widget\" data-e-type=\"widget\" data-widget_type=\"heading.default\">\n\t\t\t\t<div class=\"elementor-widget-container\">\n\t\t\t\t\t<h2 class=\"elementor-heading-title elementor-size-default\">ID\u0150SEK GONDOZ\u00d3H\u00c1ZA<\/h2>\t\t\t\t<\/div>\n\t\t\t\t<\/div>\n\t\t\t\t<div class=\"elementor-element elementor-element-dbba27a elementor-widget elementor-widget-text-editor\" data-id=\"dbba27a\" data-element_type=\"widget\" data-e-type=\"widget\" data-widget_type=\"text-editor.default\">\n\t\t\t\t<div class=\"elementor-widget-container\">\n\t\t\t\t\t\t\t\t\t<p><strong><em>\u201eEbben az \u00e9letben nem tehet\u00fcnk nagy dolgokat. Csak kis dolgokat tehet\u00fcnk, nagy szeretettel.!\u201d <\/em><\/strong>(Ter\u00e9z anya)<\/p>\t\t\t\t\t\t\t\t<\/div>\n\t\t\t\t<\/div>\n\t\t\t\t\t<\/div>\n\t\t<\/div>\n\t\t\t\t\t<\/div>\n\t\t<\/section>\n\t\t<div class=\"elementor-element elementor-element-d4379b3 e-flex e-con-boxed e-con e-parent\" data-id=\"d4379b3\" data-element_type=\"container\" data-e-type=\"container\">\n\t\t\t\t\t<div class=\"e-con-inner\">\n\t\t\t\t<div class=\"elementor-element elementor-element-ee3d786 elementor-widget elementor-widget-text-editor\" data-id=\"ee3d786\" data-element_type=\"widget\" data-e-type=\"widget\" data-widget_type=\"text-editor.default\">\n\t\t\t\t<div class=\"elementor-widget-container\">\n\t\t\t\t\t\t\t\t\t<p>A szolg\u00e1ltat\u00e1s c\u00e9lja<\/p><p><span style=\"color: var( --e-global-color-text ); font-family: var( --e-global-typography-text-font-family ), Sans-serif; font-weight: var( --e-global-typography-text-font-weight ); text-align: var(--text-align); background-color: transparent;\">Az Id\u0151sek Gondoz\u00f3h\u00e1za c\u00e9lja, hogy a szoci\u00e1lis szolg\u00e1ltat\u00e1sban r\u00e9szes\u00fcl\u0151k testi-lelki \u00e9s szoci\u00e1lis eg\u00e9szs\u00e9g\u00e9t a lehet\u0151 legtov\u00e1bb fenntartsa, \u00f6nrendelkez\u00e9si jog\u00e1t \u00e9s alapvet\u0151 emberi \u00e9s \u00e1llampolg\u00e1ri jogait tiszteletben tartsa, egy\u00fcttm\u0171k\u00f6dve az ell\u00e1t\u00e1sban r\u00e9szes\u00fcl\u0151kkel \u00e9s term\u00e9szetes &#8211; csal\u00e1di-t\u00e1maszaival.<\/span><\/p><p><span style=\"color: var( --e-global-color-text ); font-family: var( --e-global-typography-text-font-family ), Sans-serif; font-weight: var( --e-global-typography-text-font-weight ); text-align: var(--text-align); background-color: transparent;\">Az int\u00e9zm\u00e9ny c\u00e9lja az Id\u0151sek Gondoz\u00f3h\u00e1za szolg\u00e1ltat\u00e1sait ig\u00e9nybe vev\u0151, gondoz\u00e1sra szorul\u00f3 ember sz\u00fcks\u00e9gleteihez igazod\u00f3 seg\u00edts\u00e9gny\u00fajt\u00e1s biztos\u00edt\u00e1sa, amelynek m\u00e9rt\u00e9k\u00e9t \u00e9s m\u00f3dj\u00e1t mindenkor a seg\u00edts\u00e9gre szorul\u00f3 ember eg\u00e9szs\u00e9gi, pszich\u00e9s \u00e9s szoci\u00e1lis \u00e1llapota alapj\u00e1n hat\u00e1rozzuk meg \u00fagy, hogy az egy\u00e9n individu\u00e1lis szabads\u00e1ga \u00e9s \u00f6nrendelkez\u00e9si joga a legteljesebb m\u00e9rt\u00e9kben \u00e9rv\u00e9nyre jusson.<\/span><\/p><p><b><span style=\"color: var( --e-global-color-text ); font-family: var( --e-global-typography-text-font-family ), Sans-serif; text-align: var(--text-align); background-color: transparent;\">\u00a0A szolg\u00e1ltat\u00e1s feladata<\/span><br \/><\/b><\/p><p><span style=\"color: var( --e-global-color-text ); font-family: var( --e-global-typography-text-font-family ), Sans-serif; font-weight: var( --e-global-typography-text-font-weight ); text-align: var(--text-align); background-color: transparent;\">Az Id\u0151sek Gondoz\u00f3h\u00e1za \u00e1tmeneti jelleggel, legfeljebb egy \u00e9vig biztos\u00edt teljes k\u00f6r\u0171 ell\u00e1t\u00e1st azon id\u0151skor\u00faaknak, valamint a 18. \u00e9let\u00e9v\u00fcket bet\u00f6lt\u00f6tt beteg szem\u00e9lyeknek, akik \u00f6nmagukr\u00f3l betegs\u00e9g\u00fck miatt, vagy m\u00e1s okb\u00f3l otthonukban ideiglenesen nem k\u00e9pesek gondoskodni. Az \u00e1tmeneti elhelyez\u00e9s k\u00fcl\u00f6n\u00f6s m\u00e9lt\u00e1nyl\u00e1st \u00e9rdeml\u0151 esetben az int\u00e9zm\u00e9ny orvosi szakv\u00e9lem\u00e9ny\u00e9nek figyelembev\u00e9tel\u00e9vel egy alkalommal, egy \u00e9vvel meghosszabb\u00edthat\u00f3. Az Id\u0151sek Gondoz\u00f3h\u00e1za gondoskodik az ell\u00e1tottak napi \u00f6tsz\u00f6ri \u00e9tkeztet\u00e9s\u00e9r\u0151l, sz\u00fcks\u00e9g szerint ruh\u00e1zattal, illetve text\u00edli\u00e1val val\u00f3 ell\u00e1t\u00e1s\u00e1r\u00f3l, ment\u00e1lis gondoz\u00e1s\u00e1r\u00f3l, a k\u00fcl\u00f6n jogszab\u00e1lyban meghat\u00e1rozott eg\u00e9szs\u00e9g\u00fcgyi ell\u00e1t\u00e1s\u00e1r\u00f3l, valamint lakhat\u00e1s\u00e1r\u00f3l (a tov\u00e1bbiakban: teljes k\u00f6r\u0171 ell\u00e1t\u00e1s) felt\u00e9ve, hogy ell\u00e1t\u00e1suk m\u00e1s m\u00f3don nem oldhat\u00f3 meg. Az Id\u0151sek Gondoz\u00f3h\u00e1z\u00e1ban t\u00f6rt\u00e9n\u0151 teljes k\u00f6r\u0171 ell\u00e1t\u00e1st a 1993 \u00e9vi III.tv. (tov\u00e1bbiakban Szt.) 68. \u00a7 alapj\u00e1n a k\u00f6vetkez\u0151 szem\u00e9lyek vehetik ig\u00e9nybe:<\/span><\/p><p><span style=\"color: var( --e-global-color-text ); font-family: var( --e-global-typography-text-font-family ), Sans-serif; font-weight: var( --e-global-typography-text-font-weight ); text-align: var(--text-align); background-color: transparent;\">Az Id\u0151sek Gondoz\u00f3h\u00e1z\u00e1ban a 18. \u00e9let\u00e9v\u00e9t bet\u00f6lt\u00f6tt, betegs\u00e9ge vagy fogyat\u00e9koss\u00e1ga miatt \u00f6nmag\u00e1r\u00f3l gondoskodni nem k\u00e9pes, gondoz\u00e1si sz\u00fcks\u00e9glettel nem vagy rendelkez\u0151 szem\u00e9ly is ell\u00e1that\u00f3, ha ell\u00e1t\u00e1sa m\u00e1s t\u00edpus\u00fa, \u00e1pol\u00e1st-gondoz\u00e1st ny\u00fajt\u00f3 int\u00e9zm\u00e9nyben nem biztos\u00edthat\u00f3.<\/span><\/p><p><span style=\"color: var( --e-global-color-text ); font-family: var( --e-global-typography-text-font-family ), Sans-serif; font-weight: var( --e-global-typography-text-font-weight ); text-align: var(--text-align); background-color: transparent;\">\u00a0Az Id\u0151sek Gondoz\u00f3h\u00e1z\u00e1n bel\u00fcl k\u00fcl\u00f6n gondoz\u00e1si egys\u00e9gben vannak ell\u00e1tva azok a szem\u00e9lyek, akin\u00e9l a k\u00fcl\u00f6n jogszab\u00e1lyban meghat\u00e1rozott szerv a demencia k\u00f6r\u00e9be tartoz\u00f3 k\u00f6z\u00e9ps\u00falyos vagy s\u00falyos k\u00f3rk\u00e9pet \u00e1llap\u00edt meg.<\/span><\/p><div>\u00a0<\/div>\t\t\t\t\t\t\t\t<\/div>\n\t\t\t\t<\/div>\n\t\t\t\t<div class=\"elementor-element elementor-element-9634730 elementor-button-warning elementor-align-center elementor-widget elementor-widget-button\" data-id=\"9634730\" data-element_type=\"widget\" data-e-type=\"widget\" data-widget_type=\"button.default\">\n\t\t\t\t<div class=\"elementor-widget-container\">\n\t\t\t\t\t\t\t\t\t<div class=\"elementor-button-wrapper\">\n\t\t\t\t\t<a class=\"elementor-button elementor-button-link elementor-size-sm\" href=\"https:\/\/keszi.hu\/index.php\/bentlakasos-otthonok-kerelmek\/\" target=\"_blank\">\n\t\t\t\t\t\t<span class=\"elementor-button-content-wrapper\">\n\t\t\t\t\t\t\t\t\t<span class=\"elementor-button-text\">Ig\u00e9nyl\u00e9s let\u00f6lt\u00e9se<\/span>\n\t\t\t\t\t<\/span>\n\t\t\t\t\t<\/a>\n\t\t\t\t<\/div>\n\t\t\t\t\t\t\t\t<\/div>\n\t\t\t\t<\/div>\n\t\t\t\t\t<\/div>\n\t\t\t\t<\/div>\n\t\t\t\t<\/div>\n\t\t","protected":false},"excerpt":{"rendered":"<p>ID\u0150SEK GONDOZ\u00d3H\u00c1ZA \u201eEbben az \u00e9letben nem tehet\u00fcnk nagy dolgokat. Csak kis dolgokat tehet\u00fcnk, nagy szeretettel.!\u201d (Ter\u00e9z anya) A szolg\u00e1ltat\u00e1s c\u00e9lja Az Id\u0151sek Gondoz\u00f3h\u00e1za c\u00e9lja, hogy a szoci\u00e1lis szolg\u00e1ltat\u00e1sban r\u00e9szes\u00fcl\u0151k testi-lelki \u00e9s szoci\u00e1lis eg\u00e9szs\u00e9g\u00e9t a lehet\u0151 legtov\u00e1bb fenntartsa, \u00f6nrendelkez\u00e9si jog\u00e1t \u00e9s alapvet\u0151 emberi \u00e9s \u00e1llampolg\u00e1ri jogait tiszteletben tartsa, egy\u00fcttm\u0171k\u00f6dve az ell\u00e1t\u00e1sban r\u00e9szes\u00fcl\u0151kkel \u00e9s term\u00e9szetes &#8211; csal\u00e1di-t\u00e1maszaival&#8230;.<\/p>\n","protected":false},"author":1,"featured_media":0,"parent":0,"menu_order":0,"comment_status":"closed","ping_status":"closed","template":"","meta":{"_tbt_post_transparent":"","_tbt_post_title":"","_tbt_post_layout":"","_tbt_post_sidebar_id":"","_tbt_post_content_style":"","_tbt_post_vertical_padding":"","_tbt_post_feature":"","_tbt_post_feature_position":"","_tbt_post_header":false,"_tbt_post_footer":false},"class_list":["post-12537","page","type-page","status-publish","hentry"],"_links":{"self":[{"href":"https:\/\/keszi.hu\/index.php\/wp-json\/wp\/v2\/pages\/12537","targetHints":{"allow":["GET"]}}],"collection":[{"href":"https:\/\/keszi.hu\/index.php\/wp-json\/wp\/v2\/pages"}],"about":[{"href":"https:\/\/keszi.hu\/index.php\/wp-json\/wp\/v2\/types\/page"}],"author":[{"embeddable":true,"href":"https:\/\/keszi.hu\/index.php\/wp-json\/wp\/v2\/users\/1"}],"replies":[{"embeddable":true,"href":"https:\/\/keszi.hu\/index.php\/wp-json\/wp\/v2\/comments?post=12537"}],"version-history":[{"count":46,"href":"https:\/\/keszi.hu\/index.php\/wp-json\/wp\/v2\/pages\/12537\/revisions"}],"predecessor-version":[{"id":14592,"href":"https:\/\/keszi.hu\/index.php\/wp-json\/wp\/v2\/pages\/12537\/revisions\/14592"}],"wp:attachment":[{"href":"https:\/\/keszi.hu\/index.php\/wp-json\/wp\/v2\/media?parent=12537"}],"curies":[{"name":"wp","href":"https:\/\/api.w.org\/{rel}","templated":true}]}}