{"id":12413,"date":"2024-04-30T10:37:09","date_gmt":"2024-04-30T08:37:09","guid":{"rendered":"https:\/\/keszi.hu\/?page_id=12413"},"modified":"2024-05-10T15:15:23","modified_gmt":"2024-05-10T13:15:23","slug":"idosek-nappali-ellatasa-demens-szemelyek-nappali-ellatasa","status":"publish","type":"page","link":"https:\/\/keszi.hu\/index.php\/idosek-nappali-ellatasa-demens-szemelyek-nappali-ellatasa\/","title":{"rendered":"Id\u0151sek Nappali ell\u00e1t\u00e1sa Demens szem\u00e9lyek Nappali ell\u00e1t\u00e1sa"},"content":{"rendered":"\t\t<div data-elementor-type=\"wp-page\" data-elementor-id=\"12413\" class=\"elementor elementor-12413\">\n\t\t\t\t\t\t<section class=\"elementor-section elementor-top-section elementor-element elementor-element-f21c524 elementor-section-boxed elementor-section-height-default elementor-section-height-default\" data-id=\"f21c524\" data-element_type=\"section\" data-e-type=\"section\">\n\t\t\t\t\t\t<div class=\"elementor-container elementor-column-gap-default\">\n\t\t\t\t\t<div class=\"elementor-column elementor-col-33 elementor-top-column elementor-element elementor-element-81eadb7\" data-id=\"81eadb7\" data-element_type=\"column\" data-e-type=\"column\">\n\t\t\t<div class=\"elementor-widget-wrap elementor-element-populated\">\n\t\t\t\t\t\t<div class=\"elementor-element elementor-element-6e2011a elementor-widget elementor-widget-image\" data-id=\"6e2011a\" data-element_type=\"widget\" data-e-type=\"widget\" data-widget_type=\"image.default\">\n\t\t\t\t<div class=\"elementor-widget-container\">\n\t\t\t\t\t\t\t\t\t\t\t\t\t\t\t\t<a href=\"http:\/\/keszi.hu\/wp-content\/uploads\/2024\/05\/kep_2024-05-10_125642584.png\" data-elementor-open-lightbox=\"yes\" data-elementor-lightbox-title=\"k\u00e9p_2024-05-10_125642584\" data-e-action-hash=\"#elementor-action%3Aaction%3Dlightbox%26settings%3DeyJpZCI6MTM1NzQsInVybCI6Imh0dHBzOlwvXC9rZXN6aS5odVwvd3AtY29udGVudFwvdXBsb2Fkc1wvMjAyNFwvMDVcL2tlcF8yMDI0LTA1LTEwXzEyNTY0MjU4NC5wbmcifQ%3D%3D\">\n\t\t\t\t\t\t\t<img fetchpriority=\"high\" decoding=\"async\" width=\"2048\" height=\"1536\" src=\"https:\/\/keszi.hu\/wp-content\/uploads\/2024\/05\/kep_2024-05-10_125642584.png\" class=\"attachment-full size-full wp-image-13574\" alt=\"\" srcset=\"https:\/\/keszi.hu\/wp-content\/uploads\/2024\/05\/kep_2024-05-10_125642584.png 2048w, https:\/\/keszi.hu\/wp-content\/uploads\/2024\/05\/kep_2024-05-10_125642584-300x225.png 300w, https:\/\/keszi.hu\/wp-content\/uploads\/2024\/05\/kep_2024-05-10_125642584-1024x768.png 1024w, https:\/\/keszi.hu\/wp-content\/uploads\/2024\/05\/kep_2024-05-10_125642584-768x576.png 768w, https:\/\/keszi.hu\/wp-content\/uploads\/2024\/05\/kep_2024-05-10_125642584-1536x1152.png 1536w, https:\/\/keszi.hu\/wp-content\/uploads\/2024\/05\/kep_2024-05-10_125642584-600x450.png 600w\" sizes=\"(max-width: 2048px) 100vw, 2048px\" \/>\t\t\t\t\t\t\t\t<\/a>\n\t\t\t\t\t\t\t\t\t\t\t\t\t\t\t<\/div>\n\t\t\t\t<\/div>\n\t\t\t\t\t<\/div>\n\t\t<\/div>\n\t\t\t\t<div class=\"elementor-column elementor-col-66 elementor-top-column elementor-element elementor-element-377789e about_cms_block\" data-id=\"377789e\" data-element_type=\"column\" data-e-type=\"column\" data-settings=\"{&quot;background_background&quot;:&quot;classic&quot;}\">\n\t\t\t<div class=\"elementor-widget-wrap elementor-element-populated\">\n\t\t\t\t\t\t<div class=\"elementor-element elementor-element-adc7182 elementor-widget elementor-widget-heading\" data-id=\"adc7182\" data-element_type=\"widget\" data-e-type=\"widget\" data-widget_type=\"heading.default\">\n\t\t\t\t<div class=\"elementor-widget-container\">\n\t\t\t\t\t<h2 class=\"elementor-heading-title elementor-size-default\">\u00a0Id\u0151sek Nappali ell\u00e1t\u00e1sai<\/h2>\t\t\t\t<\/div>\n\t\t\t\t<\/div>\n\t\t\t\t<div class=\"elementor-element elementor-element-84fa8b1 elementor-widget__width-initial elementor-widget elementor-widget-text-editor\" data-id=\"84fa8b1\" data-element_type=\"widget\" data-e-type=\"widget\" data-widget_type=\"text-editor.default\">\n\t\t\t\t<div class=\"elementor-widget-container\">\n\t\t\t\t\t\t\t\t\t<p><strong style=\"color: var( --e-global-color-text ); font-family: var( --e-global-typography-text-font-family ), Sans-serif; background-color: transparent;\">Id\u0151sek Nappali ell\u00e1t\u00e1sa \/Demens szem\u00e9lyek Nappali ell\u00e1t\u00e1sa<br \/><\/strong><strong style=\"color: var( --e-global-color-text ); font-family: var( --e-global-typography-text-font-family ), Sans-serif; background-color: transparent;\">9200 Mosonmagyar\u00f3v\u00e1r, Szent Istv\u00e1n kir\u00e1ly u. 109.<br \/><\/strong><strong style=\"color: var( --e-global-color-text ); font-family: var( --e-global-typography-text-font-family ), Sans-serif; background-color: transparent;\">el\u00e9rhet\u0151s\u00e9gek: 96\/212 109 +36 20\u00a0564 3330\u00a0<\/strong><a style=\"font-family: var( --e-global-typography-text-font-family ), Sans-serif; font-weight: var( --e-global-typography-text-font-weight );\" href=\"mailto:mosonik@szocmkt.hu\"><strong>mosonik@szocmkt.hu<\/strong><\/a><\/p>\t\t\t\t\t\t\t\t<\/div>\n\t\t\t\t<\/div>\n\t\t\t\t\t<\/div>\n\t\t<\/div>\n\t\t\t\t\t<\/div>\n\t\t<\/section>\n\t\t\t\t<\/div>\n\t\t","protected":false},"excerpt":{"rendered":"<p>\u00a0Id\u0151sek Nappali ell\u00e1t\u00e1sai Id\u0151sek Nappali ell\u00e1t\u00e1sa \/Demens szem\u00e9lyek Nappali ell\u00e1t\u00e1sa9200 Mosonmagyar\u00f3v\u00e1r, Szent Istv\u00e1n kir\u00e1ly u. 109.el\u00e9rhet\u0151s\u00e9gek: 96\/212 109 +36 20\u00a0564 3330\u00a0mosonik@szocmkt.hu<\/p>\n","protected":false},"author":1,"featured_media":0,"parent":0,"menu_order":0,"comment_status":"closed","ping_status":"closed","template":"","meta":{"_tbt_post_transparent":"","_tbt_post_title":"","_tbt_post_layout":"","_tbt_post_sidebar_id":"","_tbt_post_content_style":"","_tbt_post_vertical_padding":"","_tbt_post_feature":"","_tbt_post_feature_position":"","_tbt_post_header":false,"_tbt_post_footer":false},"class_list":["post-12413","page","type-page","status-publish","hentry"],"_links":{"self":[{"href":"https:\/\/keszi.hu\/index.php\/wp-json\/wp\/v2\/pages\/12413","targetHints":{"allow":["GET"]}}],"collection":[{"href":"https:\/\/keszi.hu\/index.php\/wp-json\/wp\/v2\/pages"}],"about":[{"href":"https:\/\/keszi.hu\/index.php\/wp-json\/wp\/v2\/types\/page"}],"author":[{"embeddable":true,"href":"https:\/\/keszi.hu\/index.php\/wp-json\/wp\/v2\/users\/1"}],"replies":[{"embeddable":true,"href":"https:\/\/keszi.hu\/index.php\/wp-json\/wp\/v2\/comments?post=12413"}],"version-history":[{"count":19,"href":"https:\/\/keszi.hu\/index.php\/wp-json\/wp\/v2\/pages\/12413\/revisions"}],"predecessor-version":[{"id":13756,"href":"https:\/\/keszi.hu\/index.php\/wp-json\/wp\/v2\/pages\/12413\/revisions\/13756"}],"wp:attachment":[{"href":"https:\/\/keszi.hu\/index.php\/wp-json\/wp\/v2\/media?parent=12413"}],"curies":[{"name":"wp","href":"https:\/\/api.w.org\/{rel}","templated":true}]}}