{"id":12405,"date":"2024-04-30T10:26:36","date_gmt":"2024-04-30T08:26:36","guid":{"rendered":"https:\/\/keszi.hu\/?page_id=12405"},"modified":"2024-06-13T08:37:23","modified_gmt":"2024-06-13T06:37:23","slug":"nepkonyha-krizisetkezes","status":"publish","type":"page","link":"https:\/\/keszi.hu\/index.php\/nepkonyha-krizisetkezes\/","title":{"rendered":"N\u00e9pkonyha\/Kr\u00edzis\u00e9tkez\u00e9s"},"content":{"rendered":"\t\t<div data-elementor-type=\"wp-page\" data-elementor-id=\"12405\" class=\"elementor elementor-12405\">\n\t\t\t\t<div class=\"elementor-element elementor-element-402b1ea e-flex e-con-boxed e-con e-parent\" data-id=\"402b1ea\" data-element_type=\"container\" data-e-type=\"container\">\n\t\t\t\t\t<div class=\"e-con-inner\">\n\t\t\t\t<div class=\"elementor-element elementor-element-e80bfcf elementor-widget elementor-widget-heading\" data-id=\"e80bfcf\" data-element_type=\"widget\" data-e-type=\"widget\" data-widget_type=\"heading.default\">\n\t\t\t\t<div class=\"elementor-widget-container\">\n\t\t\t\t\t<h2 class=\"elementor-heading-title elementor-size-default\">N\u00e9pkonyha\/Kr\u00edzis\u00e9tkez\u00e9s\n<\/h2>\t\t\t\t<\/div>\n\t\t\t\t<\/div>\n\t\t\t\t\t<\/div>\n\t\t\t\t<\/div>\n\t\t<div class=\"elementor-element elementor-element-8ea5100 e-flex e-con-boxed e-con e-parent\" data-id=\"8ea5100\" data-element_type=\"container\" data-e-type=\"container\">\n\t\t\t\t\t<div class=\"e-con-inner\">\n\t\t<div class=\"elementor-element elementor-element-f06fc4a e-con-full e-flex e-con e-child\" data-id=\"f06fc4a\" data-element_type=\"container\" data-e-type=\"container\">\n\t\t\t\t<div class=\"elementor-element elementor-element-519d49f elementor-widget elementor-widget-image\" data-id=\"519d49f\" data-element_type=\"widget\" data-e-type=\"widget\" data-widget_type=\"image.default\">\n\t\t\t\t<div class=\"elementor-widget-container\">\n\t\t\t\t\t\t\t\t\t\t\t\t\t\t\t<img fetchpriority=\"high\" decoding=\"async\" width=\"393\" height=\"182\" src=\"https:\/\/keszi.hu\/wp-content\/uploads\/2024\/06\/kep_2024-06-13_083514881.png\" class=\"attachment-large size-large wp-image-14715\" alt=\"\" srcset=\"https:\/\/keszi.hu\/wp-content\/uploads\/2024\/06\/kep_2024-06-13_083514881.png 393w, https:\/\/keszi.hu\/wp-content\/uploads\/2024\/06\/kep_2024-06-13_083514881-300x139.png 300w\" sizes=\"(max-width: 393px) 100vw, 393px\" \/>\t\t\t\t\t\t\t\t\t\t\t\t\t\t\t<\/div>\n\t\t\t\t<\/div>\n\t\t\t\t<div class=\"elementor-element elementor-element-0025ed1 elementor-widget elementor-widget-image\" data-id=\"0025ed1\" data-element_type=\"widget\" data-e-type=\"widget\" data-widget_type=\"image.default\">\n\t\t\t\t<div class=\"elementor-widget-container\">\n\t\t\t\t\t\t\t\t\t\t\t\t\t\t\t<img decoding=\"async\" width=\"1024\" height=\"683\" src=\"https:\/\/keszi.hu\/wp-content\/uploads\/2024\/05\/Hajlektalanok-Atmeneti-Szallasa-1024x683.jpg\" class=\"attachment-large size-large wp-image-13327\" alt=\"\" srcset=\"https:\/\/keszi.hu\/wp-content\/uploads\/2024\/05\/Hajlektalanok-Atmeneti-Szallasa-1024x683.jpg 1024w, https:\/\/keszi.hu\/wp-content\/uploads\/2024\/05\/Hajlektalanok-Atmeneti-Szallasa-300x200.jpg 300w, https:\/\/keszi.hu\/wp-content\/uploads\/2024\/05\/Hajlektalanok-Atmeneti-Szallasa-768x512.jpg 768w, https:\/\/keszi.hu\/wp-content\/uploads\/2024\/05\/Hajlektalanok-Atmeneti-Szallasa-600x400.jpg 600w, https:\/\/keszi.hu\/wp-content\/uploads\/2024\/05\/Hajlektalanok-Atmeneti-Szallasa.jpg 1113w\" sizes=\"(max-width: 1024px) 100vw, 1024px\" \/>\t\t\t\t\t\t\t\t\t\t\t\t\t\t\t<\/div>\n\t\t\t\t<\/div>\n\t\t\t\t<\/div>\n\t\t<div class=\"elementor-element elementor-element-36a6b69 e-con-full e-flex e-con e-child\" data-id=\"36a6b69\" data-element_type=\"container\" data-e-type=\"container\">\n\t\t\t\t<div class=\"elementor-element elementor-element-ebd347d elementor-widget elementor-widget-text-editor\" data-id=\"ebd347d\" data-element_type=\"widget\" data-e-type=\"widget\" data-widget_type=\"text-editor.default\">\n\t\t\t\t<div class=\"elementor-widget-container\">\n\t\t\t\t\t\t\t\t\t<p><strong>A szolg\u00e1ltat\u00e1s c\u00e9lja<\/strong><\/p><p>A n\u00e9pkonyha c\u00e9lja, feladata, hogy azoknak a r\u00e1szorul\u00f3knak, els\u0151sorban hajl\u00e9ktalanoknak biztos\u00edt h\u00e9tk\u00f6znapokokon napi egyszeri, egy t\u00e1l meleg \u00e9telt, akik j\u00f6vedelemmel nem rendelkeznek, illetve j\u00f6vedelm\u00fck olyan alacsony, hogy rendszeres \u00e9tkez\u00e9s\u00fckr\u0151l \u00f6ner\u0151b\u0151l gondoskodni nem k\u00e9pesek \u00e9s m\u00e1s \u00e9tkez\u00e9si form\u00e1t nem vesznek ig\u00e9nybe. A r\u00e1szorul\u00f3k \u00e9letform\u00e1ja miatt alkalmi \u00e9tkeztet\u00e9s biztos\u00edt\u00e1s\u00e1ra is lehet\u0151s\u00e9g van.<\/p><p>Tov\u00e1bbi c\u00e9l a n\u00e9pkonyhai szolg\u00e1ltat\u00e1s biztos\u00edt\u00e1s\u00e1val, hogy\u00a0a t\u00e9li id\u0151szakban jelentkez\u0151 fokozott vesz\u00e9lyeket (fagy\u00e1s, leh\u0171l\u00e9s, betegs\u00e9gek) a meleg \u00e9telhez jut\u00e1ssal cs\u00f6kkents\u00fck.<\/p><p><strong>A szolg\u00e1ltat\u00e1s t\u00e9r\u00edt\u00e9s mentes.<\/strong><\/p><p><strong>El\u00e9rhet\u0151s\u00e9gek<\/strong>:<\/p><p><strong>C\u00edm: 9200 Mosonmagyar\u00f3v\u00e1r Bar\u00e1ts\u00e1g u. 20.<\/strong><br \/><strong>Tel: +36 20 851 3103<\/strong><br \/><strong>Email: hajlektalanellatas@szocmkt.hu<\/strong><\/p>\t\t\t\t\t\t\t\t<\/div>\n\t\t\t\t<\/div>\n\t\t\t\t<\/div>\n\t\t\t\t\t<\/div>\n\t\t\t\t<\/div>\n\t\t\t\t<\/div>\n\t\t","protected":false},"excerpt":{"rendered":"<p>N\u00e9pkonyha\/Kr\u00edzis\u00e9tkez\u00e9s A szolg\u00e1ltat\u00e1s c\u00e9lja A n\u00e9pkonyha c\u00e9lja, feladata, hogy azoknak a r\u00e1szorul\u00f3knak, els\u0151sorban hajl\u00e9ktalanoknak biztos\u00edt h\u00e9tk\u00f6znapokokon napi egyszeri, egy t\u00e1l meleg \u00e9telt, akik j\u00f6vedelemmel nem rendelkeznek, illetve j\u00f6vedelm\u00fck olyan alacsony, hogy rendszeres \u00e9tkez\u00e9s\u00fckr\u0151l \u00f6ner\u0151b\u0151l gondoskodni nem k\u00e9pesek \u00e9s m\u00e1s \u00e9tkez\u00e9si form\u00e1t nem vesznek ig\u00e9nybe. A r\u00e1szorul\u00f3k \u00e9letform\u00e1ja miatt alkalmi \u00e9tkeztet\u00e9s biztos\u00edt\u00e1s\u00e1ra is lehet\u0151s\u00e9g van. Tov\u00e1bbi&#8230;<\/p>\n","protected":false},"author":1,"featured_media":0,"parent":0,"menu_order":0,"comment_status":"closed","ping_status":"closed","template":"","meta":{"_tbt_post_transparent":"","_tbt_post_title":"","_tbt_post_layout":"","_tbt_post_sidebar_id":"","_tbt_post_content_style":"","_tbt_post_vertical_padding":"","_tbt_post_feature":"","_tbt_post_feature_position":"","_tbt_post_header":false,"_tbt_post_footer":false},"class_list":["post-12405","page","type-page","status-publish","hentry"],"_links":{"self":[{"href":"https:\/\/keszi.hu\/index.php\/wp-json\/wp\/v2\/pages\/12405","targetHints":{"allow":["GET"]}}],"collection":[{"href":"https:\/\/keszi.hu\/index.php\/wp-json\/wp\/v2\/pages"}],"about":[{"href":"https:\/\/keszi.hu\/index.php\/wp-json\/wp\/v2\/types\/page"}],"author":[{"embeddable":true,"href":"https:\/\/keszi.hu\/index.php\/wp-json\/wp\/v2\/users\/1"}],"replies":[{"embeddable":true,"href":"https:\/\/keszi.hu\/index.php\/wp-json\/wp\/v2\/comments?post=12405"}],"version-history":[{"count":28,"href":"https:\/\/keszi.hu\/index.php\/wp-json\/wp\/v2\/pages\/12405\/revisions"}],"predecessor-version":[{"id":14718,"href":"https:\/\/keszi.hu\/index.php\/wp-json\/wp\/v2\/pages\/12405\/revisions\/14718"}],"wp:attachment":[{"href":"https:\/\/keszi.hu\/index.php\/wp-json\/wp\/v2\/media?parent=12405"}],"curies":[{"name":"wp","href":"https:\/\/api.w.org\/{rel}","templated":true}]}}