{"id":12400,"date":"2024-04-30T10:26:01","date_gmt":"2024-04-30T08:26:01","guid":{"rendered":"https:\/\/keszi.hu\/?page_id=12400"},"modified":"2024-06-12T16:21:09","modified_gmt":"2024-06-12T14:21:09","slug":"ejjeli-menedekhely-2","status":"publish","type":"page","link":"https:\/\/keszi.hu\/index.php\/ejjeli-menedekhely-2\/","title":{"rendered":"\u00c9jjeli Mened\u00e9khely"},"content":{"rendered":"\t\t<div data-elementor-type=\"wp-page\" data-elementor-id=\"12400\" class=\"elementor elementor-12400\">\n\t\t\t\t<div class=\"elementor-element elementor-element-d4cf083 e-flex e-con-boxed e-con e-parent\" data-id=\"d4cf083\" data-element_type=\"container\" data-e-type=\"container\">\n\t\t\t\t\t<div class=\"e-con-inner\">\n\t\t\t\t<div class=\"elementor-element elementor-element-8a4396e elementor-widget elementor-widget-heading\" data-id=\"8a4396e\" data-element_type=\"widget\" data-e-type=\"widget\" data-widget_type=\"heading.default\">\n\t\t\t\t<div class=\"elementor-widget-container\">\n\t\t\t\t\t<h2 class=\"elementor-heading-title elementor-size-default\">\u00c9JJELI MENED\u00c9KHELY<\/h2>\t\t\t\t<\/div>\n\t\t\t\t<\/div>\n\t\t\t\t<div class=\"elementor-element elementor-element-c4480ab elementor-widget elementor-widget-text-editor\" data-id=\"c4480ab\" data-element_type=\"widget\" data-e-type=\"widget\" data-widget_type=\"text-editor.default\">\n\t\t\t\t<div class=\"elementor-widget-container\">\n\t\t\t\t\t\t\t\t\t<p><strong><em>\u201eA bizonytalans\u00e1g a legrosszabb, rosszabb m\u00e9g a biztos rosszn\u00e1l is, hiszen b\u00e1rmi megt\u00f6rt\u00e9nhet.\u201d <\/em><\/strong>(Fahidi \u00c9va)<\/p>\t\t\t\t\t\t\t\t<\/div>\n\t\t\t\t<\/div>\n\t\t\t\t\t<\/div>\n\t\t\t\t<\/div>\n\t\t<div class=\"elementor-element elementor-element-2df5a04 e-flex e-con-boxed e-con e-parent\" data-id=\"2df5a04\" data-element_type=\"container\" data-e-type=\"container\">\n\t\t\t\t\t<div class=\"e-con-inner\">\n\t\t<div class=\"elementor-element elementor-element-0eceaf1 e-con-full e-flex e-con e-child\" data-id=\"0eceaf1\" data-element_type=\"container\" data-e-type=\"container\">\n\t\t\t\t<div class=\"elementor-element elementor-element-c1e64c4 elementor-widget elementor-widget-image\" data-id=\"c1e64c4\" data-element_type=\"widget\" data-e-type=\"widget\" data-widget_type=\"image.default\">\n\t\t\t\t<div class=\"elementor-widget-container\">\n\t\t\t\t\t\t\t\t\t\t\t\t\t\t\t<img fetchpriority=\"high\" decoding=\"async\" width=\"945\" height=\"436\" src=\"https:\/\/keszi.hu\/wp-content\/uploads\/2024\/04\/kep_2024-04-30_163938501.png\" class=\"attachment-large size-large wp-image-12620\" alt=\"\" srcset=\"https:\/\/keszi.hu\/wp-content\/uploads\/2024\/04\/kep_2024-04-30_163938501.png 945w, https:\/\/keszi.hu\/wp-content\/uploads\/2024\/04\/kep_2024-04-30_163938501-300x138.png 300w, https:\/\/keszi.hu\/wp-content\/uploads\/2024\/04\/kep_2024-04-30_163938501-768x354.png 768w, https:\/\/keszi.hu\/wp-content\/uploads\/2024\/04\/kep_2024-04-30_163938501-600x277.png 600w\" sizes=\"(max-width: 945px) 100vw, 945px\" \/>\t\t\t\t\t\t\t\t\t\t\t\t\t\t\t<\/div>\n\t\t\t\t<\/div>\n\t\t\t\t<\/div>\n\t\t<div class=\"elementor-element elementor-element-5c707ef e-con-full e-flex e-con e-child\" data-id=\"5c707ef\" data-element_type=\"container\" data-e-type=\"container\">\n\t\t\t\t<div class=\"elementor-element elementor-element-3acc556 elementor-widget elementor-widget-text-editor\" data-id=\"3acc556\" data-element_type=\"widget\" data-e-type=\"widget\" data-widget_type=\"text-editor.default\">\n\t\t\t\t<div class=\"elementor-widget-container\">\n\t\t\t\t\t\t\t\t\t<p>A hajl\u00e9ktalanok \u00e9jjeli mened\u00e9khely\u00e9nek els\u0151dleges c\u00e9lja sz\u00e1ll\u00e1s, mened\u00e9k biztos\u00edt\u00e1sa az \u00f6nell\u00e1t\u00e1sra \u00e9s a k\u00f6z\u00f6ss\u00e9gi egy\u00fctt\u00e9l\u00e9s szab\u00e1lyainak betart\u00e1s\u00e1ra k\u00e9pes hajl\u00e9ktalan n\u0151k \u00e9s f\u00e9rfiak sz\u00e1m\u00e1ra, enged\u00e9lyezett f\u00e9r\u0151hely 6 f\u0151. A hajl\u00e9ktalan szem\u00e9lyek \u00e9jszakai pihen\u00e9s\u00e9t, valamint kr\u00edzishelyzetben \u00e9jszakai sz\u00e1ll\u00e1s biztos\u00edt\u00e1s\u00e1t lehet\u0151v\u00e9 tev\u0151 szolg\u00e1ltat\u00e1s.<\/p><p>A k\u00f6zvetlen \u00e9letvesz\u00e9ly elh\u00e1r\u00edt\u00e1sa mellett c\u00e9lunk, hogy a szoci\u00e1lis munka eszk\u00f6zeivel \u00e9s m\u00f3dszereivel seg\u00edts\u00fck a hajl\u00e9ktalans\u00e1gb\u00f3l t\u00f6rt\u00e9n\u0151 kil\u00e9p\u00e9st \u00e9s\/vagy egy\u00e9ni sz\u00fcks\u00e9gleteiknek megfelel\u0151 m\u00e1s szoci\u00e1lis ell\u00e1t\u00e1s ig\u00e9nybev\u00e9tel\u00e9t.<\/p><p>A h\u00e9t minden napj\u00e1n <strong>18 \u00e9s 08 \u00f3ra<\/strong> k\u00f6z\u00f6tt tart nyitva.<br \/><span style=\"background-color: transparent; color: var( --e-global-color-text ); font-family: var( --e-global-typography-text-font-family ), Sans-serif; text-align: var(--text-align);\"><span style=\"font-weight: var( --e-global-typography-text-font-weight );\">A szolg\u00e1ltat\u00e1s t\u00e9r\u00edt\u00e9s mentes<\/span><br \/><\/span><strong style=\"color: var( --e-global-color-text ); font-family: var( --e-global-typography-text-font-family ), Sans-serif; text-align: var(--text-align); background-color: transparent;\">9200 Mosonmagyar\u00f3v\u00e1r Bar\u00e1ts\u00e1g u. 20.<br \/><\/strong><strong style=\"color: var( --e-global-color-text ); font-family: var( --e-global-typography-text-font-family ), Sans-serif; text-align: var(--text-align); background-color: transparent;\">El\u00e9rhet\u0151s\u00e9gek: +36 20\u00a0851 3103\u00a0<\/strong><a style=\"font-family: var( --e-global-typography-text-font-family ), Sans-serif; font-weight: var( --e-global-typography-text-font-weight ); text-align: var(--text-align);\" href=\"mailto:hajlektalaniroda@szocmkt.hu\"><strong>hajlektalaniroda@szocmkt.hu<\/strong><\/a><b><br \/><\/b><span style=\"color: var( --e-global-color-text ); font-family: var( --e-global-typography-text-font-family ), Sans-serif; font-weight: var( --e-global-typography-text-font-weight ); text-align: var(--text-align); background-color: transparent;\">A h\u00e9t minden napj\u00e1n <\/span><strong style=\"color: var( --e-global-color-text ); font-family: var( --e-global-typography-text-font-family ), Sans-serif; text-align: var(--text-align); background-color: transparent;\">18 \u00e9s 08 \u00f3ra<\/strong><span style=\"color: var( --e-global-color-text ); font-family: var( --e-global-typography-text-font-family ), Sans-serif; font-weight: var( --e-global-typography-text-font-weight ); text-align: var(--text-align); background-color: transparent;\"> k\u00f6z\u00f6tt tart nyitva.<\/span><\/p>\t\t\t\t\t\t\t\t<\/div>\n\t\t\t\t<\/div>\n\t\t\t\t<\/div>\n\t\t\t\t\t<\/div>\n\t\t\t\t<\/div>\n\t\t\t\t<\/div>\n\t\t","protected":false},"excerpt":{"rendered":"<p>\u00c9JJELI MENED\u00c9KHELY \u201eA bizonytalans\u00e1g a legrosszabb, rosszabb m\u00e9g a biztos rosszn\u00e1l is, hiszen b\u00e1rmi megt\u00f6rt\u00e9nhet.\u201d (Fahidi \u00c9va) A hajl\u00e9ktalanok \u00e9jjeli mened\u00e9khely\u00e9nek els\u0151dleges c\u00e9lja sz\u00e1ll\u00e1s, mened\u00e9k biztos\u00edt\u00e1sa az \u00f6nell\u00e1t\u00e1sra \u00e9s a k\u00f6z\u00f6ss\u00e9gi egy\u00fctt\u00e9l\u00e9s szab\u00e1lyainak betart\u00e1s\u00e1ra k\u00e9pes hajl\u00e9ktalan n\u0151k \u00e9s f\u00e9rfiak sz\u00e1m\u00e1ra, enged\u00e9lyezett f\u00e9r\u0151hely 6 f\u0151. A hajl\u00e9ktalan szem\u00e9lyek \u00e9jszakai pihen\u00e9s\u00e9t, valamint kr\u00edzishelyzetben \u00e9jszakai sz\u00e1ll\u00e1s biztos\u00edt\u00e1s\u00e1t lehet\u0151v\u00e9&#8230;<\/p>\n","protected":false},"author":1,"featured_media":0,"parent":0,"menu_order":0,"comment_status":"closed","ping_status":"closed","template":"","meta":{"_tbt_post_transparent":"","_tbt_post_title":"","_tbt_post_layout":"","_tbt_post_sidebar_id":"","_tbt_post_content_style":"","_tbt_post_vertical_padding":"","_tbt_post_feature":"","_tbt_post_feature_position":"","_tbt_post_header":false,"_tbt_post_footer":false},"class_list":["post-12400","page","type-page","status-publish","hentry"],"_links":{"self":[{"href":"https:\/\/keszi.hu\/index.php\/wp-json\/wp\/v2\/pages\/12400","targetHints":{"allow":["GET"]}}],"collection":[{"href":"https:\/\/keszi.hu\/index.php\/wp-json\/wp\/v2\/pages"}],"about":[{"href":"https:\/\/keszi.hu\/index.php\/wp-json\/wp\/v2\/types\/page"}],"author":[{"embeddable":true,"href":"https:\/\/keszi.hu\/index.php\/wp-json\/wp\/v2\/users\/1"}],"replies":[{"embeddable":true,"href":"https:\/\/keszi.hu\/index.php\/wp-json\/wp\/v2\/comments?post=12400"}],"version-history":[{"count":16,"href":"https:\/\/keszi.hu\/index.php\/wp-json\/wp\/v2\/pages\/12400\/revisions"}],"predecessor-version":[{"id":14697,"href":"https:\/\/keszi.hu\/index.php\/wp-json\/wp\/v2\/pages\/12400\/revisions\/14697"}],"wp:attachment":[{"href":"https:\/\/keszi.hu\/index.php\/wp-json\/wp\/v2\/media?parent=12400"}],"curies":[{"name":"wp","href":"https:\/\/api.w.org\/{rel}","templated":true}]}}