{"id":12395,"date":"2024-04-30T10:25:20","date_gmt":"2024-04-30T08:25:20","guid":{"rendered":"https:\/\/keszi.hu\/?page_id=12395"},"modified":"2024-05-08T16:49:54","modified_gmt":"2024-05-08T14:49:54","slug":"hajlektalanok-atmeneti-szalloja","status":"publish","type":"page","link":"https:\/\/keszi.hu\/index.php\/hajlektalanok-atmeneti-szalloja\/","title":{"rendered":"Hajl\u00e9ktalanok \u00c1tmeneti Sz\u00e1ll\u00f3ja"},"content":{"rendered":"\t\t<div data-elementor-type=\"wp-page\" data-elementor-id=\"12395\" class=\"elementor elementor-12395\">\n\t\t\t\t\t\t<section class=\"elementor-section elementor-top-section elementor-element elementor-element-f21c524 elementor-section-boxed elementor-section-height-default elementor-section-height-default\" data-id=\"f21c524\" data-element_type=\"section\" data-e-type=\"section\">\n\t\t\t\t\t\t<div class=\"elementor-container elementor-column-gap-default\">\n\t\t\t\t\t<div class=\"elementor-column elementor-col-33 elementor-top-column elementor-element elementor-element-81eadb7\" data-id=\"81eadb7\" data-element_type=\"column\" data-e-type=\"column\">\n\t\t\t<div class=\"elementor-widget-wrap elementor-element-populated\">\n\t\t\t\t\t\t<div class=\"elementor-element elementor-element-6e2011a elementor-widget elementor-widget-image\" data-id=\"6e2011a\" data-element_type=\"widget\" data-e-type=\"widget\" data-widget_type=\"image.default\">\n\t\t\t\t<div class=\"elementor-widget-container\">\n\t\t\t\t\t\t\t\t\t\t\t\t\t\t\t\t<a href=\"#\">\n\t\t\t\t\t\t\t<img fetchpriority=\"high\" decoding=\"async\" width=\"1113\" height=\"742\" src=\"https:\/\/keszi.hu\/wp-content\/uploads\/2024\/05\/Hajlektalanok-Atmeneti-Szallasa.jpg\" class=\"attachment-full size-full wp-image-13327\" alt=\"\" srcset=\"https:\/\/keszi.hu\/wp-content\/uploads\/2024\/05\/Hajlektalanok-Atmeneti-Szallasa.jpg 1113w, https:\/\/keszi.hu\/wp-content\/uploads\/2024\/05\/Hajlektalanok-Atmeneti-Szallasa-300x200.jpg 300w, https:\/\/keszi.hu\/wp-content\/uploads\/2024\/05\/Hajlektalanok-Atmeneti-Szallasa-1024x683.jpg 1024w, https:\/\/keszi.hu\/wp-content\/uploads\/2024\/05\/Hajlektalanok-Atmeneti-Szallasa-768x512.jpg 768w, https:\/\/keszi.hu\/wp-content\/uploads\/2024\/05\/Hajlektalanok-Atmeneti-Szallasa-600x400.jpg 600w\" sizes=\"(max-width: 1113px) 100vw, 1113px\" \/>\t\t\t\t\t\t\t\t<\/a>\n\t\t\t\t\t\t\t\t\t\t\t\t\t\t\t<\/div>\n\t\t\t\t<\/div>\n\t\t\t\t\t<\/div>\n\t\t<\/div>\n\t\t\t\t<div class=\"elementor-column elementor-col-66 elementor-top-column elementor-element elementor-element-377789e about_cms_block\" data-id=\"377789e\" data-element_type=\"column\" data-e-type=\"column\" data-settings=\"{&quot;background_background&quot;:&quot;classic&quot;}\">\n\t\t\t<div class=\"elementor-widget-wrap elementor-element-populated\">\n\t\t\t\t\t\t<div class=\"elementor-element elementor-element-adc7182 elementor-widget elementor-widget-heading\" data-id=\"adc7182\" data-element_type=\"widget\" data-e-type=\"widget\" data-widget_type=\"heading.default\">\n\t\t\t\t<div class=\"elementor-widget-container\">\n\t\t\t\t\t<h2 class=\"elementor-heading-title elementor-size-default\">Hajl\u00e9ktalanok \u00c1tmeneti Sz\u00e1ll\u00f3ja<\/h2>\t\t\t\t<\/div>\n\t\t\t\t<\/div>\n\t\t\t\t<div class=\"elementor-element elementor-element-84fa8b1 elementor-widget__width-initial elementor-widget elementor-widget-text-editor\" data-id=\"84fa8b1\" data-element_type=\"widget\" data-e-type=\"widget\" data-widget_type=\"text-editor.default\">\n\t\t\t\t<div class=\"elementor-widget-container\">\n\t\t\t\t\t\t\t\t\t<p><strong>9200 Mosonmagyar\u00f3v\u00e1r Bar\u00e1ts\u00e1g u. 20.<\/strong><\/p><p><strong>el\u00e9rhet\u0151s\u00e9gek: +36 20\u00a0851 3103\u00a0<\/strong><a href=\"mailto:hajlektalaniroda@szocmkt.hu\"><strong>hajlektalaniroda@szocmkt.hu<\/strong><\/a><\/p>\t\t\t\t\t\t\t\t<\/div>\n\t\t\t\t<\/div>\n\t\t\t\t\t<\/div>\n\t\t<\/div>\n\t\t\t\t\t<\/div>\n\t\t<\/section>\n\t\t\t\t<\/div>\n\t\t","protected":false},"excerpt":{"rendered":"<p>Hajl\u00e9ktalanok \u00c1tmeneti Sz\u00e1ll\u00f3ja 9200 Mosonmagyar\u00f3v\u00e1r Bar\u00e1ts\u00e1g u. 20. el\u00e9rhet\u0151s\u00e9gek: +36 20\u00a0851 3103\u00a0hajlektalaniroda@szocmkt.hu<\/p>\n","protected":false},"author":1,"featured_media":0,"parent":0,"menu_order":0,"comment_status":"closed","ping_status":"closed","template":"","meta":{"_tbt_post_transparent":"","_tbt_post_title":"","_tbt_post_layout":"","_tbt_post_sidebar_id":"","_tbt_post_content_style":"","_tbt_post_vertical_padding":"","_tbt_post_feature":"","_tbt_post_feature_position":"","_tbt_post_header":false,"_tbt_post_footer":false},"class_list":["post-12395","page","type-page","status-publish","hentry"],"_links":{"self":[{"href":"https:\/\/keszi.hu\/index.php\/wp-json\/wp\/v2\/pages\/12395","targetHints":{"allow":["GET"]}}],"collection":[{"href":"https:\/\/keszi.hu\/index.php\/wp-json\/wp\/v2\/pages"}],"about":[{"href":"https:\/\/keszi.hu\/index.php\/wp-json\/wp\/v2\/types\/page"}],"author":[{"embeddable":true,"href":"https:\/\/keszi.hu\/index.php\/wp-json\/wp\/v2\/users\/1"}],"replies":[{"embeddable":true,"href":"https:\/\/keszi.hu\/index.php\/wp-json\/wp\/v2\/comments?post=12395"}],"version-history":[{"count":7,"href":"https:\/\/keszi.hu\/index.php\/wp-json\/wp\/v2\/pages\/12395\/revisions"}],"predecessor-version":[{"id":13330,"href":"https:\/\/keszi.hu\/index.php\/wp-json\/wp\/v2\/pages\/12395\/revisions\/13330"}],"wp:attachment":[{"href":"https:\/\/keszi.hu\/index.php\/wp-json\/wp\/v2\/media?parent=12395"}],"curies":[{"name":"wp","href":"https:\/\/api.w.org\/{rel}","templated":true}]}}