{"id":12385,"date":"2024-04-30T10:23:40","date_gmt":"2024-04-30T08:23:40","guid":{"rendered":"https:\/\/keszi.hu\/?page_id=12385"},"modified":"2024-06-13T08:46:41","modified_gmt":"2024-06-13T06:46:41","slug":"hajlektalan-ellato-szolgalat","status":"publish","type":"page","link":"https:\/\/keszi.hu\/index.php\/hajlektalan-ellato-szolgalat\/","title":{"rendered":"Hajl\u00e9ktalan ell\u00e1t\u00f3 szolg\u00e1lat"},"content":{"rendered":"\t\t<div data-elementor-type=\"wp-page\" data-elementor-id=\"12385\" class=\"elementor elementor-12385\">\n\t\t\t\t\t\t<section class=\"elementor-section elementor-top-section elementor-element elementor-element-f21c524 elementor-section-boxed elementor-section-height-default elementor-section-height-default\" data-id=\"f21c524\" data-element_type=\"section\" data-e-type=\"section\">\n\t\t\t\t\t\t<div class=\"elementor-container elementor-column-gap-default\">\n\t\t\t\t\t<div class=\"elementor-column elementor-col-33 elementor-top-column elementor-element elementor-element-81eadb7\" data-id=\"81eadb7\" data-element_type=\"column\" data-e-type=\"column\">\n\t\t\t<div class=\"elementor-widget-wrap elementor-element-populated\">\n\t\t\t\t\t\t<div class=\"elementor-element elementor-element-6e2011a elementor-widget elementor-widget-image\" data-id=\"6e2011a\" data-element_type=\"widget\" data-e-type=\"widget\" data-widget_type=\"image.default\">\n\t\t\t\t<div class=\"elementor-widget-container\">\n\t\t\t\t\t\t\t\t\t\t\t\t\t\t\t\t<a href=\"http:\/\/keszi.hu\/wp-content\/uploads\/2024\/05\/Hajlektalan-ellatas.jpg\" data-elementor-open-lightbox=\"yes\" data-elementor-lightbox-title=\"Hajl\u00e9ktalan ell\u00e1t\u00e1s\" data-e-action-hash=\"#elementor-action%3Aaction%3Dlightbox%26settings%3DeyJpZCI6MTMzMjAsInVybCI6Imh0dHBzOlwvXC9rZXN6aS5odVwvd3AtY29udGVudFwvdXBsb2Fkc1wvMjAyNFwvMDVcL0hhamxla3RhbGFuLWVsbGF0YXMuanBnIn0%3D\">\n\t\t\t\t\t\t\t<img fetchpriority=\"high\" decoding=\"async\" width=\"1113\" height=\"742\" src=\"https:\/\/keszi.hu\/wp-content\/uploads\/2024\/05\/Hajlektalan-ellatas.jpg\" class=\"attachment-full size-full wp-image-13320\" alt=\"\" srcset=\"https:\/\/keszi.hu\/wp-content\/uploads\/2024\/05\/Hajlektalan-ellatas.jpg 1113w, https:\/\/keszi.hu\/wp-content\/uploads\/2024\/05\/Hajlektalan-ellatas-300x200.jpg 300w, https:\/\/keszi.hu\/wp-content\/uploads\/2024\/05\/Hajlektalan-ellatas-1024x683.jpg 1024w, https:\/\/keszi.hu\/wp-content\/uploads\/2024\/05\/Hajlektalan-ellatas-768x512.jpg 768w, https:\/\/keszi.hu\/wp-content\/uploads\/2024\/05\/Hajlektalan-ellatas-600x400.jpg 600w\" sizes=\"(max-width: 1113px) 100vw, 1113px\" \/>\t\t\t\t\t\t\t\t<\/a>\n\t\t\t\t\t\t\t\t\t\t\t\t\t\t\t<\/div>\n\t\t\t\t<\/div>\n\t\t\t\t\t<\/div>\n\t\t<\/div>\n\t\t\t\t<div class=\"elementor-column elementor-col-66 elementor-top-column elementor-element elementor-element-377789e about_cms_block\" data-id=\"377789e\" data-element_type=\"column\" data-e-type=\"column\" data-settings=\"{&quot;background_background&quot;:&quot;classic&quot;}\">\n\t\t\t<div class=\"elementor-widget-wrap elementor-element-populated\">\n\t\t\t\t\t\t<div class=\"elementor-element elementor-element-adc7182 elementor-widget elementor-widget-heading\" data-id=\"adc7182\" data-element_type=\"widget\" data-e-type=\"widget\" data-widget_type=\"heading.default\">\n\t\t\t\t<div class=\"elementor-widget-container\">\n\t\t\t\t\t<h2 class=\"elementor-heading-title elementor-size-default\">\u00a0Hajl\u00e9ktalan ell\u00e1t\u00f3 szolg\u00e1lat<\/h2>\t\t\t\t<\/div>\n\t\t\t\t<\/div>\n\t\t\t\t<div class=\"elementor-element elementor-element-84fa8b1 elementor-widget__width-initial elementor-widget elementor-widget-text-editor\" data-id=\"84fa8b1\" data-element_type=\"widget\" data-e-type=\"widget\" data-widget_type=\"text-editor.default\">\n\t\t\t\t<div class=\"elementor-widget-container\">\n\t\t\t\t\t\t\t\t\t<p style=\"margin-bottom: var(--global-md-spacing);\"><strong>9200 Mosonmagyar\u00f3v\u00e1r, Bar\u00e1ts\u00e1g u. 20.<\/strong><\/p><p style=\"margin-bottom: var(--global-md-spacing);\"><strong style=\"color: var( --e-global-color-text ); font-family: var( --e-global-typography-text-font-family ), Sans-serif; text-align: var(--text-align); background-color: transparent;\">Szakmai vezet\u0151: Galazka Szabina<\/strong><\/p><p style=\"margin-bottom: var(--global-md-spacing);\"><strong>el\u00e9rhet\u0151s\u00e9gek:<br \/><\/strong><strong style=\"color: var( --e-global-color-text ); font-family: var( --e-global-typography-text-font-family ), Sans-serif; background-color: transparent;\">Tel: +36 20 403 2359<br \/><\/strong><strong style=\"color: var( --e-global-color-text ); font-family: var( --e-global-typography-text-font-family ), Sans-serif; background-color: transparent;\">Email: hajlektalanellatas@szocmkt.hu<\/strong><\/p>\t\t\t\t\t\t\t\t<\/div>\n\t\t\t\t<\/div>\n\t\t\t\t\t<\/div>\n\t\t<\/div>\n\t\t\t\t\t<\/div>\n\t\t<\/section>\n\t\t\t\t<\/div>\n\t\t","protected":false},"excerpt":{"rendered":"<p>\u00a0Hajl\u00e9ktalan ell\u00e1t\u00f3 szolg\u00e1lat 9200 Mosonmagyar\u00f3v\u00e1r, Bar\u00e1ts\u00e1g u. 20. Szakmai vezet\u0151: Galazka Szabina el\u00e9rhet\u0151s\u00e9gek:Tel: +36 20 403 2359Email: hajlektalanellatas@szocmkt.hu<\/p>\n","protected":false},"author":1,"featured_media":0,"parent":0,"menu_order":0,"comment_status":"closed","ping_status":"closed","template":"","meta":{"_tbt_post_transparent":"","_tbt_post_title":"","_tbt_post_layout":"","_tbt_post_sidebar_id":"","_tbt_post_content_style":"","_tbt_post_vertical_padding":"","_tbt_post_feature":"","_tbt_post_feature_position":"","_tbt_post_header":false,"_tbt_post_footer":false},"class_list":["post-12385","page","type-page","status-publish","hentry"],"_links":{"self":[{"href":"https:\/\/keszi.hu\/index.php\/wp-json\/wp\/v2\/pages\/12385","targetHints":{"allow":["GET"]}}],"collection":[{"href":"https:\/\/keszi.hu\/index.php\/wp-json\/wp\/v2\/pages"}],"about":[{"href":"https:\/\/keszi.hu\/index.php\/wp-json\/wp\/v2\/types\/page"}],"author":[{"embeddable":true,"href":"https:\/\/keszi.hu\/index.php\/wp-json\/wp\/v2\/users\/1"}],"replies":[{"embeddable":true,"href":"https:\/\/keszi.hu\/index.php\/wp-json\/wp\/v2\/comments?post=12385"}],"version-history":[{"count":22,"href":"https:\/\/keszi.hu\/index.php\/wp-json\/wp\/v2\/pages\/12385\/revisions"}],"predecessor-version":[{"id":14737,"href":"https:\/\/keszi.hu\/index.php\/wp-json\/wp\/v2\/pages\/12385\/revisions\/14737"}],"wp:attachment":[{"href":"https:\/\/keszi.hu\/index.php\/wp-json\/wp\/v2\/media?parent=12385"}],"curies":[{"name":"wp","href":"https:\/\/api.w.org\/{rel}","templated":true}]}}