{"id":12375,"date":"2024-04-30T10:21:48","date_gmt":"2024-04-30T08:21:48","guid":{"rendered":"https:\/\/keszi.hu\/?page_id=12375"},"modified":"2024-05-13T14:22:34","modified_gmt":"2024-05-13T12:22:34","slug":"aranykor-idosek-otthona-idosek-gondozohaza","status":"publish","type":"page","link":"https:\/\/keszi.hu\/index.php\/aranykor-idosek-otthona-idosek-gondozohaza\/","title":{"rendered":"Aranykor Id\u0151sek Otthona  Id\u0151sek Gondoz\u00f3h\u00e1za"},"content":{"rendered":"\t\t<div data-elementor-type=\"wp-page\" data-elementor-id=\"12375\" class=\"elementor elementor-12375\">\n\t\t\t\t\t\t<section class=\"elementor-section elementor-top-section elementor-element elementor-element-f21c524 elementor-section-boxed elementor-section-height-default elementor-section-height-default\" data-id=\"f21c524\" data-element_type=\"section\" data-e-type=\"section\">\n\t\t\t\t\t\t<div class=\"elementor-container elementor-column-gap-default\">\n\t\t\t\t\t<div class=\"elementor-column elementor-col-33 elementor-top-column elementor-element elementor-element-81eadb7\" data-id=\"81eadb7\" data-element_type=\"column\" data-e-type=\"column\">\n\t\t\t<div class=\"elementor-widget-wrap elementor-element-populated\">\n\t\t\t\t\t\t<div class=\"elementor-element elementor-element-6e2011a elementor-widget elementor-widget-image\" data-id=\"6e2011a\" data-element_type=\"widget\" data-e-type=\"widget\" data-widget_type=\"image.default\">\n\t\t\t\t<div class=\"elementor-widget-container\">\n\t\t\t\t\t\t\t\t\t\t\t\t\t\t\t\t<a href=\"http:\/\/keszi.hu\/wp-content\/uploads\/2024\/05\/Aranykor-Idosek-Otthona-Uttoro-utca-felol.jpg\" data-elementor-open-lightbox=\"yes\" data-elementor-lightbox-title=\"Aranykor Id\u0151sek Otthona (\u00dattor\u0151 utca fel\u00f6l)\" data-e-action-hash=\"#elementor-action%3Aaction%3Dlightbox%26settings%3DeyJpZCI6MTMyNjEsInVybCI6Imh0dHBzOlwvXC9rZXN6aS5odVwvd3AtY29udGVudFwvdXBsb2Fkc1wvMjAyNFwvMDVcL0FyYW55a29yLUlkb3Nlay1PdHRob25hLVV0dG9yby11dGNhLWZlbG9sLmpwZyJ9\">\n\t\t\t\t\t\t\t<img fetchpriority=\"high\" decoding=\"async\" width=\"1113\" height=\"742\" src=\"https:\/\/keszi.hu\/wp-content\/uploads\/2024\/05\/Aranykor-Idosek-Otthona-Uttoro-utca-felol.jpg\" class=\"attachment-full size-full wp-image-13261\" alt=\"\" srcset=\"https:\/\/keszi.hu\/wp-content\/uploads\/2024\/05\/Aranykor-Idosek-Otthona-Uttoro-utca-felol.jpg 1113w, https:\/\/keszi.hu\/wp-content\/uploads\/2024\/05\/Aranykor-Idosek-Otthona-Uttoro-utca-felol-300x200.jpg 300w, https:\/\/keszi.hu\/wp-content\/uploads\/2024\/05\/Aranykor-Idosek-Otthona-Uttoro-utca-felol-1024x683.jpg 1024w, https:\/\/keszi.hu\/wp-content\/uploads\/2024\/05\/Aranykor-Idosek-Otthona-Uttoro-utca-felol-768x512.jpg 768w, https:\/\/keszi.hu\/wp-content\/uploads\/2024\/05\/Aranykor-Idosek-Otthona-Uttoro-utca-felol-600x400.jpg 600w\" sizes=\"(max-width: 1113px) 100vw, 1113px\" \/>\t\t\t\t\t\t\t\t<\/a>\n\t\t\t\t\t\t\t\t\t\t\t\t\t\t\t<\/div>\n\t\t\t\t<\/div>\n\t\t\t\t\t<\/div>\n\t\t<\/div>\n\t\t\t\t<div class=\"elementor-column elementor-col-66 elementor-top-column elementor-element elementor-element-377789e about_cms_block\" data-id=\"377789e\" data-element_type=\"column\" data-e-type=\"column\" data-settings=\"{&quot;background_background&quot;:&quot;classic&quot;}\">\n\t\t\t<div class=\"elementor-widget-wrap elementor-element-populated\">\n\t\t\t\t\t\t<div class=\"elementor-element elementor-element-adc7182 elementor-widget__width-initial elementor-widget elementor-widget-heading\" data-id=\"adc7182\" data-element_type=\"widget\" data-e-type=\"widget\" data-widget_type=\"heading.default\">\n\t\t\t\t<div class=\"elementor-widget-container\">\n\t\t\t\t\t<h2 class=\"elementor-heading-title elementor-size-default\">Aranykor Id\u0151sek Otthona \/ Id\u0151sek Gondoz\u00f3h\u00e1za<\/h2>\t\t\t\t<\/div>\n\t\t\t\t<\/div>\n\t\t\t\t<div class=\"elementor-element elementor-element-84fa8b1 elementor-widget__width-initial elementor-widget elementor-widget-text-editor\" data-id=\"84fa8b1\" data-element_type=\"widget\" data-e-type=\"widget\" data-widget_type=\"text-editor.default\">\n\t\t\t\t<div class=\"elementor-widget-container\">\n\t\t\t\t\t\t\t\t\t<p><u><b><br \/><\/b><\/u>9200 Mosonmagyar\u00f3v\u00e1r, Soproni u. 65.<br \/><strong>Szakmai vezet\u0151: Kov\u00e1cs \u00c1gota<\/strong><br \/>El\u00e9rhet\u0151s\u00e9gek:+36 20\u00a0250 5473\u00a0<a href=\"mailto:idosbentlakas@szocmkt.hu\">idosbentlakas@szocmkt.hu<\/a><\/p><p><strong>Vezet\u0151\u00e1pol\u00f3: Szab\u00f3 J\u00e1nosn\u00e9<br \/><\/strong>el\u00e9rhet\u0151s\u00e9gek:+36 20\u00a0251 1014\u00a0<a href=\"mailto:vezetoapolo@szocmkt.hu\">vezetoapolo@szocmk.hu<\/a><\/p><p><strong>Vezet\u0151 szak\u00e1pol\u00f3: R\u00e9dl Eszter<br \/><\/strong>el\u00e9rhet\u0151s\u00e9gek:+36 20 311 3981 <a href=\"mailto:vezetoapolo@szocmkt.hu\">kesziaranykor@gmail.com<\/a><\/p><p><strong>\u00a0<\/strong><\/p>\t\t\t\t\t\t\t\t<\/div>\n\t\t\t\t<\/div>\n\t\t\t\t\t<\/div>\n\t\t<\/div>\n\t\t\t\t\t<\/div>\n\t\t<\/section>\n\t\t\t\t<\/div>\n\t\t","protected":false},"excerpt":{"rendered":"<p>Aranykor Id\u0151sek Otthona \/ Id\u0151sek Gondoz\u00f3h\u00e1za 9200 Mosonmagyar\u00f3v\u00e1r, Soproni u. 65.Szakmai vezet\u0151: Kov\u00e1cs \u00c1gotaEl\u00e9rhet\u0151s\u00e9gek:+36 20\u00a0250 5473\u00a0idosbentlakas@szocmkt.hu Vezet\u0151\u00e1pol\u00f3: Szab\u00f3 J\u00e1nosn\u00e9el\u00e9rhet\u0151s\u00e9gek:+36 20\u00a0251 1014\u00a0vezetoapolo@szocmk.hu Vezet\u0151 szak\u00e1pol\u00f3: R\u00e9dl Eszterel\u00e9rhet\u0151s\u00e9gek:+36 20 311 3981 kesziaranykor@gmail.com \u00a0<\/p>\n","protected":false},"author":1,"featured_media":0,"parent":0,"menu_order":0,"comment_status":"closed","ping_status":"closed","template":"","meta":{"_tbt_post_transparent":"","_tbt_post_title":"","_tbt_post_layout":"","_tbt_post_sidebar_id":"","_tbt_post_content_style":"","_tbt_post_vertical_padding":"","_tbt_post_feature":"","_tbt_post_feature_position":"","_tbt_post_header":false,"_tbt_post_footer":false},"class_list":["post-12375","page","type-page","status-publish","hentry"],"_links":{"self":[{"href":"https:\/\/keszi.hu\/index.php\/wp-json\/wp\/v2\/pages\/12375","targetHints":{"allow":["GET"]}}],"collection":[{"href":"https:\/\/keszi.hu\/index.php\/wp-json\/wp\/v2\/pages"}],"about":[{"href":"https:\/\/keszi.hu\/index.php\/wp-json\/wp\/v2\/types\/page"}],"author":[{"embeddable":true,"href":"https:\/\/keszi.hu\/index.php\/wp-json\/wp\/v2\/users\/1"}],"replies":[{"embeddable":true,"href":"https:\/\/keszi.hu\/index.php\/wp-json\/wp\/v2\/comments?post=12375"}],"version-history":[{"count":19,"href":"https:\/\/keszi.hu\/index.php\/wp-json\/wp\/v2\/pages\/12375\/revisions"}],"predecessor-version":[{"id":14042,"href":"https:\/\/keszi.hu\/index.php\/wp-json\/wp\/v2\/pages\/12375\/revisions\/14042"}],"wp:attachment":[{"href":"https:\/\/keszi.hu\/index.php\/wp-json\/wp\/v2\/media?parent=12375"}],"curies":[{"name":"wp","href":"https:\/\/api.w.org\/{rel}","templated":true}]}}