{"id":12315,"date":"2024-04-26T17:32:15","date_gmt":"2024-04-26T15:32:15","guid":{"rendered":"https:\/\/keszi.hu\/?page_id=12315"},"modified":"2024-05-13T13:28:12","modified_gmt":"2024-05-13T11:28:12","slug":"idosek-nappali-ellatasai-demens-szemelyek-nappali-ellatasa","status":"publish","type":"page","link":"https:\/\/keszi.hu\/index.php\/idosek-nappali-ellatasai-demens-szemelyek-nappali-ellatasa\/","title":{"rendered":"ID\u0150SEK NAPPALI ELL\u00c1T\u00c1SAI \/DEMENS SZEM\u00c9LYEK NAPPALI ELL\u00c1T\u00c1SA"},"content":{"rendered":"\t\t<div data-elementor-type=\"wp-page\" data-elementor-id=\"12315\" class=\"elementor elementor-12315\">\n\t\t\t\t<div class=\"elementor-element elementor-element-3509ad1 e-flex e-con-boxed e-con e-parent\" data-id=\"3509ad1\" data-element_type=\"container\" data-e-type=\"container\">\n\t\t\t\t\t<div class=\"e-con-inner\">\n\t\t\t\t<div class=\"elementor-element elementor-element-d34f222 elementor-widget elementor-widget-text-editor\" data-id=\"d34f222\" data-element_type=\"widget\" data-e-type=\"widget\" data-widget_type=\"text-editor.default\">\n\t\t\t\t<div class=\"elementor-widget-container\">\n\t\t\t\t\t\t\t\t\t<p><em>\u201eMost m\u00e1r r\u00e1d v\u00e1r a feladat, \/ nyisd h\u00e1t meg a sz\u00edvedet! \/ Jusson nekik gondoskod\u00e1s, \/ meleg\u00edt\u0151 szeretet. \/ Ne az\u00e9rt, mert elv\u00e1rhat\u00f3, \/ ne az\u00e9rt tedd \u0150vel\u00fck. \/ Csak eml\u00e9kezz, te r\u00f3lad \/ sz\u00f3lt sok\u00e1ig az \u00e9let\u00fck. \/ L\u00e9gy mellett\u00fck, ha teheted, \/ &#8211; kis vil\u00e1guk oly rideg. \/ \u00d6leld \u0150ket szeretettel, \/ meleg\u00edtsen a sz\u00edved.\u201d \u00a0\u00a0\u00a0\u00a0\u00a0\u00a0\u00a0\u00a0\u00a0\u00a0\u00a0\u00a0\u00a0\u00a0\u00a0\u00a0\u00a0\u00a0\u00a0\u00a0\u00a0\u00a0\u00a0\u00a0\u00a0\u00a0\u00a0\u00a0\u00a0\u00a0\u00a0\u00a0\u00a0\u00a0\u00a0\u00a0\u00a0\u00a0\u00a0\u00a0\u00a0\u00a0 \u00a0\u00a0\u00a0\u00a0\u00a0\u00a0\u00a0\u00a0\u00a0\u00a0\u00a0\u00a0\u00a0\u00a0\u00a0\u00a0\u00a0\u00a0\u00a0\u00a0\u00a0\u00a0\u00a0\u00a0\u00a0\u00a0\u00a0\u00a0\u00a0\u00a0\u00a0\u00a0\u00a0\u00a0\u00a0 \u00a0\u00a0\u00a0\u00a0\u00a0\u00a0(Aranyos Ervin)<\/em><\/p>\t\t\t\t\t\t\t\t<\/div>\n\t\t\t\t<\/div>\n\t\t\t\t<div class=\"elementor-element elementor-element-1cf1740 elementor-widget elementor-widget-heading\" data-id=\"1cf1740\" data-element_type=\"widget\" data-e-type=\"widget\" data-widget_type=\"heading.default\">\n\t\t\t\t<div class=\"elementor-widget-container\">\n\t\t\t\t\t<h3 class=\"elementor-heading-title elementor-size-default\">A szolg\u00e1ltat\u00e1s c\u00e9lja, feladata\n<\/h3>\t\t\t\t<\/div>\n\t\t\t\t<\/div>\n\t\t\t\t<div class=\"elementor-element elementor-element-186224a elementor-widget elementor-widget-text-editor\" data-id=\"186224a\" data-element_type=\"widget\" data-e-type=\"widget\" data-widget_type=\"text-editor.default\">\n\t\t\t\t<div class=\"elementor-widget-container\">\n\t\t\t\t\t\t\t\t\t<p class=\"v1MsoNormal\"><b><i>Milyen szolg\u00e1ltat\u00e1st biztos\u00edtunk?<\/i><\/b><\/p><ul type=\"disc\"><li class=\"v1al\"><span class=\"v1highlighted\"><b>id\u0151s szem\u00e9lyek nappali ell\u00e1t\u00e1s\u00e1t<\/b>: ide tartozik a saj\u00e1t otthonukban \u00e9l\u0151, id\u0151s koruk miatt szoci\u00e1lis \u00e9s ment\u00e1lis t\u00e1mogat\u00e1sra szorul\u00f3, \u00f6nmagukr\u00f3l val\u00f3 gondoskod\u00e1sra r\u00e9szben k\u00e9pes szem\u00e9lyek int\u00e9zm\u00e9nyi napk\u00f6zbeni ell\u00e1t\u00e1s\u00e1val, annak t\u00e1mogat\u00e1s\u00e1val \u00f6sszef\u00fcgg\u0151 feladatok ell\u00e1t\u00e1sa<\/span><\/li><li class=\"v1al\"><span class=\"v1highlighted\"><b>demens szem\u00e9lyek nappali ell\u00e1t\u00e1s\u00e1t<\/b>: ide tartozik a demenci\u00e1juk miatt szoci\u00e1lis \u00e9s ment\u00e1lis t\u00e1mogat\u00e1sra szorul\u00f3, \u00f6nmagukr\u00f3l val\u00f3 gondoskod\u00e1sra r\u00e9szben k\u00e9pes szem\u00e9lyek int\u00e9zm\u00e9nyi napk\u00f6zbeni ell\u00e1t\u00e1s\u00e1val, annak t\u00e1mogat\u00e1s\u00e1val \u00f6sszef\u00fcgg\u0151 feladatok ell\u00e1t\u00e1sa (<\/span>a Pszichi\u00e1triai\/Neurol\u00f3giai Szakkoll\u00e9gium \u00e1ltal befogadott demencia centrum, a Nemzeti Rehabilit\u00e1ci\u00f3s \u00e9s Szoci\u00e1lis Hivatal, a rehabilit\u00e1ci\u00f3s szak\u00e9rt\u0151i szerv, vagy pszichi\u00e1ter, neurol\u00f3gus, geri\u00e1ter szakorvos demencia k\u00f3rk\u00e9pet meg\u00e1llap\u00edt\u00f3 szakv\u00e9lem\u00e9ny\u00e9vel rendelkez\u0151 szem\u00e9lyeket l\u00e1tja el.)<\/li><\/ul><p class=\"v1MsoNormal\"><b><i>Ki veheti ig\u00e9nybe?<\/i><\/b><b><i><\/i><\/b><\/p><ul type=\"disc\"><li class=\"v1MsoListParagraph\">A saj\u00e1t otthonukban \u00e9l\u0151, tizennyolcadik \u00e9let\u00e9v\u00fcket bet\u00f6lt\u00f6tt, eg\u00e9szs\u00e9gi \u00e1llapotuk vagy id\u0151s koruk miatt szoci\u00e1lis \u00e9s ment\u00e1lis t\u00e1mogat\u00e1sra szorul\u00f3, \u00f6nmaguk ell\u00e1t\u00e1s\u00e1ra r\u00e9szben k\u00e9pes szem\u00e9lyek.<\/li><\/ul><p class=\"v1al\"><b><i>C\u00e9lunk:<\/i><\/b><\/p><ul type=\"disc\"><li class=\"v1al\">A szolg\u00e1ltat\u00e1st ig\u00e9nybe vev\u0151k sz\u00e1m\u00e1ra a nappali ell\u00e1t\u00e1s biztos\u00edt\u00e1sa, m\u00f3dot adva ezzel a k\u00f6z\u00f6ss\u00e9gi egy\u00fcttl\u00e9tre, a pihen\u00e9sre, a k\u00f6z\u00f6ss\u00e9gi programokon val\u00f3 r\u00e9szv\u00e9telre, a napi \u00e9letritmus biztos\u00edt\u00e1s\u00e1val. Az id\u0151sek klubja els\u0151sorban a saj\u00e1t otthonukban \u00e9l\u0151k r\u00e9sz\u00e9re biztos\u00edt lehet\u0151s\u00e9get a napk\u00f6zbeni tart\u00f3zkod\u00e1sra, \u00e9tkez\u00e9sre, foglalkoztat\u00e1sra, t\u00e1rsas kapcsolatokra, valamint alapvet\u0151 higi\u00e9niai sz\u00fcks\u00e9gletek kiel\u00e9g\u00edt\u00e9s\u00e9re.<i><\/i><\/li><\/ul><p class=\"v1MsoNormal\"><b><i>Mivel foglalkozunk a nappali ell\u00e1t\u00e1s sor\u00e1n?<\/i><\/b><\/p><p class=\"v1MsoNormal\">\u00b7\u00a0\u00a0\u00a0\u00a0\u00a0\u00a0\u00a0Ment\u00e1lis gondoz\u00e1s, Mozg\u00e1ster\u00e1pia, Zeneter\u00e1pia, T\u00e1ncter\u00e1pia, M\u0171v\u00e9szetter\u00e1pia, J\u00e1t\u00e9kter\u00e1pia\u00a0 Biblioter\u00e1pia, Szoci\u00e1lis inform\u00e1ci\u00f3s szolg\u00e1ltat\u00e1s,<\/p><p><b><i>Hogyan lehet a szolg\u00e1ltat\u00e1st ig\u00e9nybe venni?<\/i><\/b><\/p><ul type=\"disc\"><li><i>az ell\u00e1t\u00e1st ig\u00e9nyl\u0151, illetve t\u00f6rv\u00e9nyes k\u00e9pvisel\u0151je sz\u00f3beli vagy \u00edr\u00e1sbeli k\u00e9relm\u00e9re, ind\u00edtv\u00e1ny\u00e1ra t\u00f6rt\u00e9nik<\/i><\/li><\/ul><p><b><i>Hogyan jutok hozz\u00e1 k\u00e9relem nyomtatv\u00e1nyhoz?<\/i><\/b><\/p><ul type=\"disc\"><li><i>az int\u00e9zm\u00e9ny honlapj\u00e1r\u00f3l let\u00f6lthet\u0151;<\/i><\/li><li><i>az Alapszolg\u00e1ltat\u00e1si Centrum K\u00f6zponti irod\u00e1j\u00e1ban szem\u00e9lyesen is \u00e1tvehet\u0151;<\/i><\/li><li><i>a t\u00e9rs\u00e9g telep\u00fcl\u00e9sein az \u00d6nkorm\u00e1nyzat \u00e9s a csal\u00e1dseg\u00edt\u0151 munkat\u00e1rs seg\u00edts\u00e9g\u00e9vel<\/i><\/li><\/ul><p><b><i>Hol lehet a k\u00e9relmet (mell\u00e9kletekkel egy\u00fctt)\u00a0 beny\u00fajtani?<\/i><\/b><\/p><ul type=\"disc\"><li><i>szem\u00e9lyesen, \u00fcgyf\u00e9lfogad\u00e1si id\u0151ben az Alapszolg\u00e1ltat\u00e1si Centrum k\u00f6zponti irod\u00e1j\u00e1ban (9200 Mosonmagyar\u00f3v\u00e1r, Zichy Mih\u00e1ly u. 5.);<\/i><\/li><li><i>b\u00e1rmely id\u0151sek klubj\u00e1ban a munkat\u00e1rsakn\u00e1l<\/i><\/li><li><i>postai \u00faton t\u00f6rt\u00e9n\u0151 tov\u00e1bb\u00edt\u00e1ssal;<\/i><\/li><\/ul><p><b><i>Mi t\u00f6rt\u00e9nik a k\u00e9relem beny\u00fajt\u00e1sa ut\u00e1n?<\/i><\/b><\/p><ul type=\"disc\"><li><i>elb\u00edr\u00e1l\u00e1st k\u00f6vet\u0151en nyilv\u00e1ntart\u00e1sba vessz\u00fck;<\/i><\/li><li><i>meg\u00e1llapod\u00e1s megk\u00f6t\u00e9s\u00e9re ker\u00fcl sor;<\/i><\/li><li><i>a k\u00e9relem esetleges elutas\u00edt\u00e1sa indokol\u00e1ssal \u00edr\u00e1sban t\u00f6rt\u00e9nik;<\/i><\/li><\/ul><p><b><i><u>Telephelyek\/Id\u0151sek klubja egys\u00e9gei:<\/u><\/i><\/b><\/p><ul type=\"disc\"><li>Mosoni Id\u0151sek Klubja, 9200 Mosonmagyar\u00f3v\u00e1r Szent Istv\u00e1n kir. u. 109.<\/li><li>\u00d3v\u00e1ri Id\u0151sek Klubja, 9200 Mosonmagyar\u00f3v\u00e1r, Zichy Mih\u00e1ly u. 5.<\/li><li>J\u00e1nossomorjai Id\u0151sek Klubja, 9241 J\u00e1nossomorja, Iparos u. 26.<\/li><li>L\u00e9b\u00e9nyi Id\u0151sek Klubja, 9155 L\u00e9b\u00e9ny, Iskola u. 13.<\/li><li>Hegyeshalomi Id\u0151sek Klubja, 9222 Hegyeshalom, F\u0151 \u00fat 158.<\/li><\/ul><p>A szolg\u00e1ltat\u00e1st valamennyi telep\u00fcl\u00e9sr\u0151l ig\u00e9nybe lehet venni.<\/p>\t\t\t\t\t\t\t\t<\/div>\n\t\t\t\t<\/div>\n\t\t\t\t\t<\/div>\n\t\t\t\t<\/div>\n\t\t\t\t<\/div>\n\t\t","protected":false},"excerpt":{"rendered":"<p>\u201eMost m\u00e1r r\u00e1d v\u00e1r a feladat, \/ nyisd h\u00e1t meg a sz\u00edvedet! \/ Jusson nekik gondoskod\u00e1s, \/ meleg\u00edt\u0151 szeretet. \/ Ne az\u00e9rt, mert elv\u00e1rhat\u00f3, \/ ne az\u00e9rt tedd \u0150vel\u00fck. \/ Csak eml\u00e9kezz, te r\u00f3lad \/ sz\u00f3lt sok\u00e1ig az \u00e9let\u00fck. \/ L\u00e9gy mellett\u00fck, ha teheted, \/ &#8211; kis vil\u00e1guk oly rideg. \/ \u00d6leld \u0150ket szeretettel, \/&#8230;<\/p>\n","protected":false},"author":1,"featured_media":0,"parent":0,"menu_order":0,"comment_status":"closed","ping_status":"closed","template":"","meta":{"_tbt_post_transparent":"","_tbt_post_title":"","_tbt_post_layout":"","_tbt_post_sidebar_id":"","_tbt_post_content_style":"","_tbt_post_vertical_padding":"","_tbt_post_feature":"","_tbt_post_feature_position":"","_tbt_post_header":false,"_tbt_post_footer":false},"class_list":["post-12315","page","type-page","status-publish","hentry"],"_links":{"self":[{"href":"https:\/\/keszi.hu\/index.php\/wp-json\/wp\/v2\/pages\/12315","targetHints":{"allow":["GET"]}}],"collection":[{"href":"https:\/\/keszi.hu\/index.php\/wp-json\/wp\/v2\/pages"}],"about":[{"href":"https:\/\/keszi.hu\/index.php\/wp-json\/wp\/v2\/types\/page"}],"author":[{"embeddable":true,"href":"https:\/\/keszi.hu\/index.php\/wp-json\/wp\/v2\/users\/1"}],"replies":[{"embeddable":true,"href":"https:\/\/keszi.hu\/index.php\/wp-json\/wp\/v2\/comments?post=12315"}],"version-history":[{"count":31,"href":"https:\/\/keszi.hu\/index.php\/wp-json\/wp\/v2\/pages\/12315\/revisions"}],"predecessor-version":[{"id":13977,"href":"https:\/\/keszi.hu\/index.php\/wp-json\/wp\/v2\/pages\/12315\/revisions\/13977"}],"wp:attachment":[{"href":"https:\/\/keszi.hu\/index.php\/wp-json\/wp\/v2\/media?parent=12315"}],"curies":[{"name":"wp","href":"https:\/\/api.w.org\/{rel}","templated":true}]}}