{"id":12156,"date":"2024-04-09T16:01:45","date_gmt":"2024-04-09T14:01:45","guid":{"rendered":"https:\/\/keszi.hu\/?page_id=12156"},"modified":"2024-05-15T16:01:14","modified_gmt":"2024-05-15T14:01:14","slug":"demencia","status":"publish","type":"page","link":"https:\/\/keszi.hu\/index.php\/demencia\/","title":{"rendered":"DEMENCIA"},"content":{"rendered":"\t\t<div data-elementor-type=\"wp-page\" data-elementor-id=\"12156\" class=\"elementor elementor-12156\">\n\t\t\t\t\t\t<section class=\"elementor-section elementor-top-section elementor-element elementor-element-b39d80b elementor-section-stretched service elementor-section-boxed elementor-section-height-default elementor-section-height-default\" data-id=\"b39d80b\" data-element_type=\"section\" data-e-type=\"section\" data-settings=\"{&quot;stretch_section&quot;:&quot;section-stretched&quot;}\">\n\t\t\t\t\t\t<div class=\"elementor-container elementor-column-gap-default\">\n\t\t\t\t\t<div class=\"elementor-column elementor-col-50 elementor-top-column elementor-element elementor-element-5237d20 cms-service\" data-id=\"5237d20\" data-element_type=\"column\" data-e-type=\"column\" data-settings=\"{&quot;background_background&quot;:&quot;gradient&quot;}\">\n\t\t\t<div class=\"elementor-widget-wrap elementor-element-populated\">\n\t\t\t\t\t\t<div class=\"elementor-element elementor-element-7327852 elementor-widget__width-initial elementor-view-default elementor-position-block-start elementor-mobile-position-block-start elementor-widget elementor-widget-icon-box\" data-id=\"7327852\" data-element_type=\"widget\" data-e-type=\"widget\" data-widget_type=\"icon-box.default\">\n\t\t\t\t<div class=\"elementor-widget-container\">\n\t\t\t\t\t\t\t<div class=\"elementor-icon-box-wrapper\">\n\n\t\t\t\t\t\t<div class=\"elementor-icon-box-icon\">\n\t\t\t\t<a href=\"https:\/\/keszi.hu\/index.php\/alcheimer-cafee\/\" class=\"elementor-icon\" tabindex=\"-1\" aria-label=\"ALZHEIMER CAF\u00c9\">\n\t\t\t\t<svg xmlns=\"http:\/\/www.w3.org\/2000\/svg\" xmlns:xlink=\"http:\/\/www.w3.org\/1999\/xlink\" width=\"96\" height=\"96\"><defs><clipPath id=\"clip0\"><rect x=\"0\" y=\"0\" width=\"96\" height=\"96\"><\/rect><\/clipPath><\/defs><g clip-path=\"url(#clip0)\"><path d=\"M59.7 40.8 50.8 40.8C47 40.8 43.9 43.8 43.9 47.6L43.9 55 39.4 55 39.4 49.1C39.4 47 39.5 44.3 38 42.6 37.1 41.6 36.1 40.8 35 40 34.2 39.5 33.4 38.9 32.8 38.1 32.5 37.7 32.3 37.2 32.1 36.7 33.3 36.2 34.6 36.1 35.8 36.2 36.4 36.2 36.9 35.8 36.9 35.2 37 34.6 36.6 34.1 36.1 33.9 34.6 33.7 33 33.9 31.5 34.4 31.5 34.2 31.5 34 31.4 33.9 31.3 33 31.5 32.1 31.7 31.2 32.5 29.1 34.5 28.2 36.4 27.5 36.7 27.4 37.1 27.3 37.6 27.2L37.9 27.1 38 27.1C38.5 27.2 38.9 27.3 39.3 27.4L39.8 27.5 40.4 27.6C41.4 28.8 41.9 30.3 41.8 31.8 41.7 33.3 41 34.7 39.8 35.7 39.4 36.1 39.3 36.8 39.7 37.3 40.1 37.7 40.7 37.8 41.2 37.4 41.9 36.8 42.5 36.1 42.9 35.3L43 35.3C44.7 35.1 46.4 34.6 47.9 33.8 48.1 33.6 48.3 33.4 48.4 33.1 48.5 32.8 48.4 32.5 48.2 32.3 47.8 31.8 47.2 31.7 46.7 32 45.8 32.5 44.9 32.9 43.8 33 43.9 32.7 44 32.3 44 32 44.1 30.7 43.9 29.4 43.4 28.3 44.2 28.4 45 28.5 45.8 28.5 46.5 28.5 47.2 28.4 47.9 28.3 49.2 29.9 50.9 31 52.9 31.5 55.5 32.8 57.9 34.5 57.9 37.3 57.9 37.7 58.1 38.2 58.4 38.4 58.8 38.6 59.2 38.6 59.6 38.4 60 38.2 60.2 37.7 60.1 37.3 60.1 35.1 59.1 33.1 57.4 31.8 58.8 31.7 60 31 60.9 30 61.3 29.5 61.2 28.8 60.8 28.4 60.3 28 59.6 28.1 59.2 28.5 58.7 29.1 57.4 29.6 55.5 29.5 53.6 29.5 51.7 28.8 50.3 27.6 51.9 26.9 53.3 25.7 54.2 24.2 54.5 23.7 54.3 23 53.8 22.6 53.3 22.3 52.6 22.5 52.3 23 50.6 26.1 47 27 41.3 25.6 42.6 24.5 43.2 22.8 43 21.1 43 20.7 42.8 20.3 42.4 20.1 42 19.9 41.6 19.9 41.2 20.2 40.8 20.4 40.7 20.9 40.7 21.3 40.8 23.9 39.4 24.4 37.1 25.1 36.8 25.2 36.4 25.3 36.1 25.4 35.5 24 34.2 22.9 32.7 22.5 32.3 22.4 31.9 22.5 31.6 22.8 31.3 23.1 31.2 23.5 31.3 24 31.4 24.4 31.7 24.7 32.2 24.8 33 25 33.6 25.6 34 26.3L34 26.4C32.1 27.2 30.6 28.7 29.9 30.6 29.7 31 29.6 31.5 29.6 32 29.4 31.8 29.2 31.6 29.1 31.3 28.7 30.5 28.4 29.5 28.3 28.6 28.2 28.2 27.9 27.8 27.6 27.7 27.2 27.5 26.8 27.6 26.5 27.9 26.2 28.2 26 28.6 26.2 29 26.4 30.2 26.7 31.3 27.3 32.3 27.9 33.3 28.7 34.1 29.8 34.6 29.9 36 30.4 37.4 31.1 38.7 30.4 39.6 29.5 40.3 28.5 40.9 28.2 41.1 28 41.5 27.9 41.9 27.9 42.3 28.1 42.7 28.5 42.9 28.9 43.1 29.3 43.1 29.6 42.8 30.6 42.1 31.5 41.4 32.3 40.5 32.9 41 33.5 41.4 34.1 41.8 35.1 42.4 35.9 43.1 36.7 44 37.6 45.1 37.6 47.2 37.6 49L37.6 55 33 55C33 47.6 29.4 47.2 29 47 27.5 46.6 23.6 44.5 22.7 40.3 22.6 40.1 22.6 39.8 22.6 39.6 20.9 37.2 21 33.9 22.9 31.6 22.7 30.9 22.6 30.2 22.6 29.5 22.6 26.3 24.9 23.5 28.1 22.9 29.1 20.1 31.7 18.2 34.6 18.3 35.1 18.3 35.7 18.4 36.2 18.5 37.4 17.1 39.1 16.3 41 16.1 42.9 16 44.7 16.6 46.1 17.9 47.9 16.7 50.1 16.4 52.1 17 54.2 17.6 55.8 19.2 56.5 21.2L56.9 21.2C60.7 21.2 63.7 24.2 63.8 28L63.8 28.3C66.1 29.6 67.4 32.1 67.2 34.7 66.4 38.2 63.3 40.9 59.7 40.8ZM81 51.3 74.1 39.4 74.1 39C74.5 28 68.9 17.7 59.4 12.2 49.9 6.6 38.2 6.6 28.7 12.2 19.2 17.7 13.6 28 14 39 14 48.4 18.3 57.3 25.8 63L25.8 88 57.4 88 57.4 76.1 62.3 76.1C65.5 76.1 68.5 74.9 70.7 72.6 72.9 70.4 74.1 67.3 74.1 64.2L74.1 58.2 78.5 58.2C81.1 58 83.4 55 81 51.3Z\" stroke=\"#000000\" stroke-width=\"1.33333\" fill=\"#FFFFFF\"><\/path><\/g><\/svg>\t\t\t\t<\/a>\n\t\t\t<\/div>\n\t\t\t\n\t\t\t\t\t\t<div class=\"elementor-icon-box-content\">\n\n\t\t\t\t\t\t\t\t\t<h2 class=\"elementor-icon-box-title\">\n\t\t\t\t\t\t<a href=\"https:\/\/keszi.hu\/index.php\/alcheimer-cafee\/\" >\n\t\t\t\t\t\t\tALZHEIMER CAF\u00c9\t\t\t\t\t\t<\/a>\n\t\t\t\t\t<\/h2>\n\t\t\t\t\n\t\t\t\t\n\t\t\t<\/div>\n\t\t\t\n\t\t<\/div>\n\t\t\t\t\t\t<\/div>\n\t\t\t\t<\/div>\n\t\t\t\t\t<\/div>\n\t\t<\/div>\n\t\t\t\t<div class=\"elementor-column elementor-col-50 elementor-top-column elementor-element elementor-element-009dc84 cms-service\" data-id=\"009dc84\" data-element_type=\"column\" data-e-type=\"column\" data-settings=\"{&quot;background_background&quot;:&quot;gradient&quot;}\">\n\t\t\t<div class=\"elementor-widget-wrap elementor-element-populated\">\n\t\t\t\t\t\t<div class=\"elementor-element elementor-element-9cb10bd elementor-widget__width-initial elementor-view-default elementor-position-block-start elementor-mobile-position-block-start elementor-widget elementor-widget-icon-box\" data-id=\"9cb10bd\" data-element_type=\"widget\" data-e-type=\"widget\" data-widget_type=\"icon-box.default\">\n\t\t\t\t<div class=\"elementor-widget-container\">\n\t\t\t\t\t\t\t<div class=\"elementor-icon-box-wrapper\">\n\n\t\t\t\t\t\t<div class=\"elementor-icon-box-icon\">\n\t\t\t\t<a href=\"https:\/\/keszi.hu\/index.php\/demencia-tanacsadas\/\" class=\"elementor-icon\" tabindex=\"-1\" aria-label=\"DEMENCIA TAN\u00c1CSAD\u00c1S\">\n\t\t\t\t<svg xmlns=\"http:\/\/www.w3.org\/2000\/svg\" xmlns:xlink=\"http:\/\/www.w3.org\/1999\/xlink\" width=\"96\" height=\"96\"><defs><clipPath id=\"clip0\"><rect x=\"0\" y=\"0\" width=\"96\" height=\"96\"><\/rect><\/clipPath><\/defs><g clip-path=\"url(#clip0)\"><path d=\"M64 30C64 38.8366 56.8366 46 48 46 39.1634 46 32 38.8366 32 30 32 21.1634 39.1634 14 48 14 56.8366 14 64 21.1634 64 30Z\" stroke=\"#000000\" stroke-width=\"1.33333\" fill=\"#FFFFFF\"><\/path><path d=\"M59.22 59.75C59.2255 61.0147 60.2553 62.0355 61.52 62.03 62.7847 62.0245 63.8055 60.9947 63.8 59.73 63.7945 58.4692 62.7708 57.45 61.51 57.45 60.2508 57.4444 59.2255 58.4607 59.2199 59.7199 59.2199 59.7299 59.2199 59.74 59.22 59.75ZM61.51 58.46C62.2224 58.4545 62.8044 59.0275 62.81 59.74 62.8155 60.4524 62.2424 61.0344 61.53 61.0399 60.8176 61.0454 60.2356 60.4724 60.23 59.76 60.23 59.7566 60.23 59.7533 60.23 59.75 60.2245 59.0431 60.7931 58.4656 61.5 58.46 61.5033 58.46 61.5067 58.46 61.51 58.46Z\" stroke=\"#000000\" stroke-width=\"1.33333\" fill=\"#FFFFFF\"><\/path><path d=\"M76.8 59.6C72.5301 56.3115 67.6738 53.8647 62.49 52.39L62.49 56.27C64.0396 56.7189 65.107 58.1367 65.11 59.75 65.11 61.7382 63.4982 63.35 61.51 63.35 59.5218 63.35 57.91 61.7382 57.91 59.75 57.913 58.1367 58.9804 56.7189 60.53 56.27L60.53 51.81C56.4583 50.6249 52.2407 50.0157 48 50 43.624 50.0732 39.2766 50.7221 35.07 51.93L35.07 57.12C38.6166 57.6362 41.2477 60.676 41.25 64.26 41.2452 64.7452 40.9822 65.191 40.56 65.43L40.56 73.87C40.5357 74.8823 39.7826 75.7284 38.78 75.87 38.6517 76.3113 38.2392 76.6083 37.78 76.59L37.44 76.59C36.6806 76.6548 36.0125 76.0918 35.9476 75.3324 35.8828 74.573 36.4459 73.9048 37.2053 73.84 37.2834 73.8333 37.3619 73.8333 37.44 73.84L37.78 73.84C38.2125 73.8079 38.6164 74.0583 38.78 74.46 39.0293 74.355 39.191 74.1105 39.19 73.84L39.19 65.43C38.7583 65.2007 38.4918 64.7487 38.5 64.26 38.5 61.7968 36.5032 59.8 34.04 59.8 31.5768 59.8 29.58 61.7968 29.58 64.26 29.5711 64.744 29.3093 65.188 28.89 65.43L28.89 73.87C28.889 74.1405 29.0507 74.385 29.3 74.49 29.4927 74.114 29.8775 73.8754 30.3 73.87L30.64 73.87C31.3994 73.9348 31.9625 74.603 31.8976 75.3624 31.8405 76.0318 31.3095 76.5629 30.64 76.62L30.3 76.62C29.8408 76.6383 29.4283 76.3413 29.3 75.9 28.2974 75.7584 27.5443 74.9123 27.52 73.9L27.52 65.43C27.0883 65.2007 26.8218 64.7487 26.83 64.26 26.8316 60.6793 29.4574 57.6407 33 57.12L33 52.56C28.071 54.1859 23.4153 56.5458 19.19 59.56 17.21 61.1158 16.0379 63.4821 16 66L16 82 80 82 80 66C79.9478 63.4946 78.773 61.1451 76.8 59.6Z\" stroke=\"#000000\" stroke-width=\"1.33333\" fill=\"#FFFFFF\"><\/path><\/g><\/svg>\t\t\t\t<\/a>\n\t\t\t<\/div>\n\t\t\t\n\t\t\t\t\t\t<div class=\"elementor-icon-box-content\">\n\n\t\t\t\t\t\t\t\t\t<h2 class=\"elementor-icon-box-title\">\n\t\t\t\t\t\t<a href=\"https:\/\/keszi.hu\/index.php\/demencia-tanacsadas\/\" >\n\t\t\t\t\t\t\tDEMENCIA TAN\u00c1CSAD\u00c1S\t\t\t\t\t\t<\/a>\n\t\t\t\t\t<\/h2>\n\t\t\t\t\n\t\t\t\t\n\t\t\t<\/div>\n\t\t\t\n\t\t<\/div>\n\t\t\t\t\t\t<\/div>\n\t\t\t\t<\/div>\n\t\t\t\t\t<\/div>\n\t\t<\/div>\n\t\t\t\t\t<\/div>\n\t\t<\/section>\n\t\t\t\t<section class=\"elementor-section elementor-top-section elementor-element elementor-element-4c68b76 elementor-section-stretched service elementor-section-boxed elementor-section-height-default elementor-section-height-default\" data-id=\"4c68b76\" data-element_type=\"section\" data-e-type=\"section\" data-settings=\"{&quot;stretch_section&quot;:&quot;section-stretched&quot;}\">\n\t\t\t\t\t\t<div class=\"elementor-container elementor-column-gap-default\">\n\t\t\t\t\t<div class=\"elementor-column elementor-col-100 elementor-top-column elementor-element elementor-element-02a4ab0\" data-id=\"02a4ab0\" data-element_type=\"column\" data-e-type=\"column\">\n\t\t\t<div class=\"elementor-widget-wrap\">\n\t\t\t\t\t\t\t<\/div>\n\t\t<\/div>\n\t\t\t\t\t<\/div>\n\t\t<\/section>\n\t\t\t\t<\/div>\n\t\t","protected":false},"excerpt":{"rendered":"<p>ALZHEIMER CAF\u00c9 DEMENCIA TAN\u00c1CSAD\u00c1S<\/p>\n","protected":false},"author":1,"featured_media":0,"parent":0,"menu_order":0,"comment_status":"closed","ping_status":"closed","template":"","meta":{"_tbt_post_transparent":"","_tbt_post_title":"","_tbt_post_layout":"","_tbt_post_sidebar_id":"","_tbt_post_content_style":"","_tbt_post_vertical_padding":"","_tbt_post_feature":"","_tbt_post_feature_position":"","_tbt_post_header":false,"_tbt_post_footer":false},"class_list":["post-12156","page","type-page","status-publish","hentry"],"_links":{"self":[{"href":"https:\/\/keszi.hu\/index.php\/wp-json\/wp\/v2\/pages\/12156","targetHints":{"allow":["GET"]}}],"collection":[{"href":"https:\/\/keszi.hu\/index.php\/wp-json\/wp\/v2\/pages"}],"about":[{"href":"https:\/\/keszi.hu\/index.php\/wp-json\/wp\/v2\/types\/page"}],"author":[{"embeddable":true,"href":"https:\/\/keszi.hu\/index.php\/wp-json\/wp\/v2\/users\/1"}],"replies":[{"embeddable":true,"href":"https:\/\/keszi.hu\/index.php\/wp-json\/wp\/v2\/comments?post=12156"}],"version-history":[{"count":25,"href":"https:\/\/keszi.hu\/index.php\/wp-json\/wp\/v2\/pages\/12156\/revisions"}],"predecessor-version":[{"id":14529,"href":"https:\/\/keszi.hu\/index.php\/wp-json\/wp\/v2\/pages\/12156\/revisions\/14529"}],"wp:attachment":[{"href":"https:\/\/keszi.hu\/index.php\/wp-json\/wp\/v2\/media?parent=12156"}],"curies":[{"name":"wp","href":"https:\/\/api.w.org\/{rel}","templated":true}]}}