{"id":12148,"date":"2024-04-09T15:56:59","date_gmt":"2024-04-09T13:56:59","guid":{"rendered":"https:\/\/keszi.hu\/?page_id=12148"},"modified":"2025-04-09T11:43:02","modified_gmt":"2025-04-09T09:43:02","slug":"hajlektalan-ellatas","status":"publish","type":"page","link":"https:\/\/keszi.hu\/index.php\/hajlektalan-ellatas\/","title":{"rendered":"HAJL\u00c9KTALAN ELL\u00c1T\u00c1S"},"content":{"rendered":"\t\t<div data-elementor-type=\"wp-page\" data-elementor-id=\"12148\" class=\"elementor elementor-12148\">\n\t\t\t\t\t\t<section class=\"elementor-section elementor-top-section elementor-element elementor-element-b39d80b elementor-section-stretched service elementor-section-boxed elementor-section-height-default elementor-section-height-default\" data-id=\"b39d80b\" data-element_type=\"section\" data-e-type=\"section\" data-settings=\"{&quot;stretch_section&quot;:&quot;section-stretched&quot;}\">\n\t\t\t\t\t\t<div class=\"elementor-container elementor-column-gap-default\">\n\t\t\t\t\t<div class=\"elementor-column elementor-col-33 elementor-top-column elementor-element elementor-element-5237d20 cms-service\" data-id=\"5237d20\" data-element_type=\"column\" data-e-type=\"column\" data-settings=\"{&quot;background_background&quot;:&quot;gradient&quot;}\">\n\t\t\t<div class=\"elementor-widget-wrap elementor-element-populated\">\n\t\t\t\t\t\t<div class=\"elementor-element elementor-element-7327852 elementor-widget__width-initial elementor-view-default elementor-position-block-start elementor-mobile-position-block-start elementor-widget elementor-widget-icon-box\" data-id=\"7327852\" data-element_type=\"widget\" data-e-type=\"widget\" data-widget_type=\"icon-box.default\">\n\t\t\t\t<div class=\"elementor-widget-container\">\n\t\t\t\t\t\t\t<div class=\"elementor-icon-box-wrapper\">\n\n\t\t\t\t\t\t<div class=\"elementor-icon-box-icon\">\n\t\t\t\t<a href=\"https:\/\/keszi.hu\/index.php\/ejjeli-menedekhely\/\" class=\"elementor-icon\" tabindex=\"-1\" aria-label=\"\u00c9JJELI MENED\u00c9KHELY\">\n\t\t\t\t<svg xmlns=\"http:\/\/www.w3.org\/2000\/svg\" xmlns:xlink=\"http:\/\/www.w3.org\/1999\/xlink\" width=\"96\" height=\"96\"><defs><clipPath id=\"clip0\"><rect x=\"0\" y=\"0\" width=\"96\" height=\"96\"><\/rect><\/clipPath><\/defs><g clip-path=\"url(#clip0)\"><path d=\"M48 12 48 12 6 52 10.5 55.8 48 20.2 48 20.2 85.5 55.8 90 52Z\" stroke=\"#000000\" stroke-width=\"1.33333\" fill=\"#FFFFFF\"><\/path><path d=\"M18 54.3 18 84 42 84 42 59 54 59 54 84 78 84 78 54.3 48 25.8 18 54.3Z\" stroke=\"#000000\" stroke-width=\"1.33333\" fill=\"#FFFFFF\"><\/path><\/g><\/svg>\t\t\t\t<\/a>\n\t\t\t<\/div>\n\t\t\t\n\t\t\t\t\t\t<div class=\"elementor-icon-box-content\">\n\n\t\t\t\t\t\t\t\t\t<h2 class=\"elementor-icon-box-title\">\n\t\t\t\t\t\t<a href=\"https:\/\/keszi.hu\/index.php\/ejjeli-menedekhely\/\" >\n\t\t\t\t\t\t\t\u00c9JJELI MENED\u00c9KHELY\t\t\t\t\t\t<\/a>\n\t\t\t\t\t<\/h2>\n\t\t\t\t\n\t\t\t\t\n\t\t\t<\/div>\n\t\t\t\n\t\t<\/div>\n\t\t\t\t\t\t<\/div>\n\t\t\t\t<\/div>\n\t\t\t\t\t<\/div>\n\t\t<\/div>\n\t\t\t\t<div class=\"elementor-column elementor-col-33 elementor-top-column elementor-element elementor-element-009dc84 cms-service\" data-id=\"009dc84\" data-element_type=\"column\" data-e-type=\"column\" data-settings=\"{&quot;background_background&quot;:&quot;gradient&quot;}\">\n\t\t\t<div class=\"elementor-widget-wrap elementor-element-populated\">\n\t\t\t\t\t\t<div class=\"elementor-element elementor-element-9cb10bd elementor-widget__width-initial elementor-view-default elementor-position-block-start elementor-mobile-position-block-start elementor-widget elementor-widget-icon-box\" data-id=\"9cb10bd\" data-element_type=\"widget\" data-e-type=\"widget\" data-widget_type=\"icon-box.default\">\n\t\t\t\t<div class=\"elementor-widget-container\">\n\t\t\t\t\t\t\t<div class=\"elementor-icon-box-wrapper\">\n\n\t\t\t\t\t\t<div class=\"elementor-icon-box-icon\">\n\t\t\t\t<a href=\"https:\/\/keszi.hu\/index.php\/hajlektalanok-atmeneti-szalloja-2\/\" class=\"elementor-icon\" tabindex=\"-1\" aria-label=\"HAJL\u00c9KTALANOK \u00c1TMENETI SZ\u00c1LL\u00d3JA\">\n\t\t\t\t<svg xmlns=\"http:\/\/www.w3.org\/2000\/svg\" xmlns:xlink=\"http:\/\/www.w3.org\/1999\/xlink\" width=\"96\" height=\"96\"><defs><clipPath id=\"clip0\"><rect x=\"0\" y=\"0\" width=\"96\" height=\"96\"><\/rect><\/clipPath><\/defs><g clip-path=\"url(#clip0)\"><path d=\"M89 39C87.3 39 86 40.3 86 42L86 56C86 51.6 82.4 48 78 48L32.6 48C32.8 47.4 33 46.7 33 46 33 42.7 30.3 40 27 40L16 40C12.7 40 10 42.7 10 46L10 27C10 25.3 8.7 24 7 24 5.3 24 4 25.3 4 27L4 72 10 72 10 62 86 62 86 72 92 72 92 42C92 40.3 90.7 39 89 39ZM16 44 27 44C28.1 44 29 44.9 29 46 29 47.1 28.1 48 27 48L16 48C14.9 48 14 47.1 14 46 14 44.9 14.9 44 16 44ZM10 56 10 52 78 52C80.2 52 82 53.8 82 56L10 56Z\" stroke=\"#000000\" stroke-width=\"1.33333\" fill=\"#FFFFFF\"><\/path><\/g><\/svg>\t\t\t\t<\/a>\n\t\t\t<\/div>\n\t\t\t\n\t\t\t\t\t\t<div class=\"elementor-icon-box-content\">\n\n\t\t\t\t\t\t\t\t\t<h2 class=\"elementor-icon-box-title\">\n\t\t\t\t\t\t<a href=\"https:\/\/keszi.hu\/index.php\/hajlektalanok-atmeneti-szalloja-2\/\" >\n\t\t\t\t\t\t\tHAJL\u00c9KTALANOK \u00c1TMENETI SZ\u00c1LL\u00d3JA\t\t\t\t\t\t<\/a>\n\t\t\t\t\t<\/h2>\n\t\t\t\t\n\t\t\t\t\n\t\t\t<\/div>\n\t\t\t\n\t\t<\/div>\n\t\t\t\t\t\t<\/div>\n\t\t\t\t<\/div>\n\t\t\t\t\t<\/div>\n\t\t<\/div>\n\t\t\t\t<div class=\"elementor-column elementor-col-33 elementor-top-column elementor-element elementor-element-33e4775 cms-service\" data-id=\"33e4775\" data-element_type=\"column\" data-e-type=\"column\" data-settings=\"{&quot;background_background&quot;:&quot;gradient&quot;}\">\n\t\t\t<div class=\"elementor-widget-wrap elementor-element-populated\">\n\t\t\t\t\t\t<div class=\"elementor-element elementor-element-7f57e9a elementor-widget__width-initial elementor-view-default elementor-position-block-start elementor-mobile-position-block-start elementor-widget elementor-widget-icon-box\" data-id=\"7f57e9a\" data-element_type=\"widget\" data-e-type=\"widget\" data-widget_type=\"icon-box.default\">\n\t\t\t\t<div class=\"elementor-widget-container\">\n\t\t\t\t\t\t\t<div class=\"elementor-icon-box-wrapper\">\n\n\t\t\t\t\t\t<div class=\"elementor-icon-box-icon\">\n\t\t\t\t<a href=\"https:\/\/keszi.hu\/index.php\/nappali-melegedo\/\" class=\"elementor-icon\" tabindex=\"-1\" aria-label=\"NAPPALI MELEGED\u0150\">\n\t\t\t\t<svg xmlns=\"http:\/\/www.w3.org\/2000\/svg\" xmlns:xlink=\"http:\/\/www.w3.org\/1999\/xlink\" width=\"96\" height=\"96\"><defs><clipPath id=\"clip0\"><rect x=\"0\" y=\"0\" width=\"96\" height=\"96\"><\/rect><\/clipPath><\/defs><g clip-path=\"url(#clip0)\"><path d=\"M63 31.28 45 14.14 45 14.14 9 48.39 12.89 51.71 45 21.21 45 21.21 61.71 37.09C62.0145 35.1276 62.4454 33.1869 63 31.28Z\" stroke=\"#000000\" stroke-width=\"1.33333\" fill=\"#FFFFFF\"><\/path><path d=\"M79 75 79 54.81C85 53.73 89.5 47.91 89.5 39.62 89.5 30.42 80 11.4 77 11.4 74 11.4 64.5 30.4 64.5 39.62 64.5 47.91 69.05 53.73 75 54.81L75 75 71 75 71 56.66C65.7 54.17 62 48.4 61.56 41.2L45 26 19 49.87 19 75 13 75 13 73.51 14.69 73.51C15.389 73.5038 15.9869 73.0062 16.12 72.32L16.12 72.32C16.4065 71.0554 17.0283 69.8913 17.92 68.95 18.0447 68.8327 18.0506 68.6365 17.9333 68.5118 17.8506 68.424 17.7245 68.392 17.61 68.43 15.8628 68.8376 14.2654 69.7281 13 71L13 68.2C17.46 67.46 15 61.65 15 61.65 14.9159 61.5009 14.7268 61.4482 14.5777 61.5323 14.5285 61.5601 14.4878 61.6008 14.46 61.65L13.39 63.47 12.32 61.65C12.2609 61.5516 12.1548 61.491 12.04 61.49 11.9288 61.4944 11.8273 61.5545 11.77 61.65L10.7 63.47 9.59 61.65C9.49963 61.4981 9.30325 61.4483 9.15137 61.5386 9.10555 61.5659 9.06726 61.6042 9.04 61.65 9.04 61.65 6.55 67.45 11.04 68.2L11.04 70.94C9.77087 69.6939 8.18264 68.8219 6.45 68.42 6.28749 68.3661 6.11207 68.4542 6.0582 68.6167 6.02025 68.7312 6.05216 68.8573 6.14 68.94 7.03499 69.879 7.65727 71.044 7.94 72.31L7.94 72.31C8.07311 72.9962 8.67103 73.4938 9.37 73.5L11 73.5 11 75 3 75 3 81 92 81 92 75ZM35 64 25 64 25 54 35 54ZM50 75 40 75 40 54 50 54ZM65 64 55 64 55 54 65 54Z\" stroke=\"#000000\" stroke-width=\"1.33333\" fill=\"#FFFFFF\"><\/path><\/g><\/svg>\t\t\t\t<\/a>\n\t\t\t<\/div>\n\t\t\t\n\t\t\t\t\t\t<div class=\"elementor-icon-box-content\">\n\n\t\t\t\t\t\t\t\t\t<h2 class=\"elementor-icon-box-title\">\n\t\t\t\t\t\t<a href=\"https:\/\/keszi.hu\/index.php\/nappali-melegedo\/\" >\n\t\t\t\t\t\t\tNAPPALI MELEGED\u0150\t\t\t\t\t\t<\/a>\n\t\t\t\t\t<\/h2>\n\t\t\t\t\n\t\t\t\t\n\t\t\t<\/div>\n\t\t\t\n\t\t<\/div>\n\t\t\t\t\t\t<\/div>\n\t\t\t\t<\/div>\n\t\t\t\t\t<\/div>\n\t\t<\/div>\n\t\t\t\t\t<\/div>\n\t\t<\/section>\n\t\t\t\t<section class=\"elementor-section elementor-top-section elementor-element elementor-element-ad3f89d elementor-section-stretched service elementor-section-boxed elementor-section-height-default elementor-section-height-default\" data-id=\"ad3f89d\" data-element_type=\"section\" data-e-type=\"section\" data-settings=\"{&quot;stretch_section&quot;:&quot;section-stretched&quot;}\">\n\t\t\t\t\t\t<div class=\"elementor-container elementor-column-gap-default\">\n\t\t\t\t\t<div class=\"elementor-column elementor-col-33 elementor-top-column elementor-element elementor-element-012fec7 cms-service\" data-id=\"012fec7\" data-element_type=\"column\" data-e-type=\"column\" data-settings=\"{&quot;background_background&quot;:&quot;gradient&quot;}\">\n\t\t\t<div class=\"elementor-widget-wrap elementor-element-populated\">\n\t\t\t\t\t\t<div class=\"elementor-element elementor-element-38926b2 elementor-widget__width-initial elementor-view-default elementor-position-block-start elementor-mobile-position-block-start elementor-widget elementor-widget-icon-box\" data-id=\"38926b2\" data-element_type=\"widget\" data-e-type=\"widget\" data-widget_type=\"icon-box.default\">\n\t\t\t\t<div class=\"elementor-widget-container\">\n\t\t\t\t\t\t\t<div class=\"elementor-icon-box-wrapper\">\n\n\t\t\t\t\t\t<div class=\"elementor-icon-box-icon\">\n\t\t\t\t<a href=\"https:\/\/keszi.hu\/index.php\/utcai-szocialis-munka\/\" class=\"elementor-icon\" tabindex=\"-1\" aria-label=\"UTCAI SZOCI\u00c1LIS MUNKA\">\n\t\t\t\t<svg xmlns=\"http:\/\/www.w3.org\/2000\/svg\" xmlns:xlink=\"http:\/\/www.w3.org\/1999\/xlink\" width=\"96\" height=\"96\"><defs><clipPath id=\"clip0\"><rect x=\"0\" y=\"0\" width=\"96\" height=\"96\"><\/rect><\/clipPath><\/defs><g clip-path=\"url(#clip0)\"><path d=\"M44.9 72.4C44.4 72.4 43.8 72.3 43.4 71.9 42.6 71.2 42.5 69.9 43.2 69.1L47.1 64.6C47.8 63.8 49.1 63.7 49.9 64.4 50.7 65.1 50.8 66.4 50.1 67.2L46.2 71.7C45.9 72.1 45.4 72.3 44.9 72.4Z\" stroke=\"#000000\" stroke-width=\"1.33333\" fill=\"#FFFFFF\"><\/path><path d=\"M38.8 70.1C38.1 70.2 37.5 70 36.9 69.5 35.9 68.6 35.8 67 36.7 66L41.3 60.7C42.2 59.7 43.8 59.6 44.8 60.5 45.8 61.4 45.9 63 45 64L40.4 69.3C40 69.8 39.4 70.1 38.8 70.1Z\" stroke=\"#000000\" stroke-width=\"1.33333\" fill=\"#FFFFFF\"><\/path><path d=\"M32.5 66.4C31.7 66.5 30.9 66.2 30.3 65.7 29.1 64.6 28.9 62.7 30 61.5L34.6 56.2C35.7 55 37.6 54.8 38.8 55.9 40 57 40.2 58.9 39.1 60.1L34.5 65.4C34 66 33.2 66.4 32.5 66.4Z\" stroke=\"#000000\" stroke-width=\"1.33333\" fill=\"#FFFFFF\"><\/path><path d=\"M25.2 62.7C24.4 62.8 23.6 62.5 23 62 21.8 60.9 21.6 59 22.7 57.8L28 51.8C29.1 50.6 31 50.4 32.2 51.5 33.4 52.6 33.6 54.5 32.5 55.7L27.2 61.7C26.6 62.3 25.9 62.6 25.2 62.7Z\" stroke=\"#000000\" stroke-width=\"1.33333\" fill=\"#FFFFFF\"><\/path><path d=\"M4.6 40.7 12.3 45.4C13.2 46 14.5 45.7 15 44.7L24.3 29.3C24.9 28.4 24.6 27.1 23.6 26.6L16 21.9 4.6 40.7Z\" stroke=\"#000000\" stroke-width=\"1.33333\" fill=\"#FFFFFF\"><\/path><path d=\"M69.4 53.8 53.3 40 52.2 39 45.3 46.9C44.3 48.1 42.9 48.8 41.3 48.9 41.1 48.9 40.9 48.9 40.8 48.9 39.3 48.9 37.9 48.4 36.9 47.4 34.4 45.2 34.2 41.4 36.3 38.9L42.2 32.1C37.6 31.5 31.7 33.9 25.6 30.9L16.9 45.3 23.7 53.2 26.3 50.2C27.2 49.1 28.6 48.5 30.1 48.5L30.1 48.5C31.3 48.5 32.5 48.9 33.4 49.7 34.5 50.6 35 51.9 35.1 53.3 35.6 53.1 36.2 53 36.8 53 38 53 39.2 53.4 40.1 54.2 41.2 55.2 41.8 56.5 41.8 57.9 42.2 57.8 42.7 57.7 43.1 57.7L43.1 57.7C44.2 57.7 45.2 58.1 46.1 58.8 47 59.6 47.5 60.7 47.6 61.9 47.9 61.8 48.3 61.7 48.7 61.7L48.7 61.7C49.7 61.7 50.6 62 51.3 62.7 52.1 63.4 52.6 64.4 52.7 65.4 52.8 66.5 52.4 67.5 51.7 68.3L48.3 72.2 49.7 73.3C50.4 73.7 51.2 74 52.1 73.9 54.3 73.7 55.9 71.8 55.7 69.6 55.7 69.6 55.7 69.5 55.7 69.5 56 69.6 56.4 69.6 56.7 69.6 58.9 69.4 60.5 67.5 60.3 65.3 60.3 65.3 60.3 65.2 60.3 65.2 60.6 65.3 61 65.3 61.3 65.3 63.5 65.1 65.1 63.2 64.9 61 64.9 60.8 64.8 60.6 64.8 60.4 65.4 60.7 66.1 60.9 66.9 60.8 69.1 60.6 70.7 58.7 70.5 56.5 70.6 55.4 70.1 54.5 69.4 53.8Z\" stroke=\"#000000\" stroke-width=\"1.33333\" fill=\"#FFFFFF\"><\/path><path d=\"M91.4 40.7 83.7 45.4C82.8 46 81.5 45.7 81 44.7L71.7 29.3C71.1 28.4 71.4 27.1 72.4 26.6L80.1 21.9 91.4 40.7Z\" stroke=\"#000000\" stroke-width=\"1.33333\" fill=\"#FFFFFF\"><\/path><path d=\"M70.5 31.3C62.2 34.3 56.2 31.4 49.5 30.1 49.4 30.1 49 30 49 30 47.8 29.9 46.5 30.3 45.6 31.3L37.7 40.3C36.2 42 36.4 44.5 38.1 45.9 39 46.6 40 47 41.1 46.9 42.1 46.8 43.1 46.4 43.8 45.5 43.8 45.5 52 36.1 52 36.1L70.7 52.2 70.7 52.2 70.7 52.2C71.2 52.7 71.4 52.9 71.8 53.5L79 45.2 70.5 31.3Z\" stroke=\"#000000\" stroke-width=\"1.33333\" fill=\"#FFFFFF\"><\/path><\/g><\/svg>\t\t\t\t<\/a>\n\t\t\t<\/div>\n\t\t\t\n\t\t\t\t\t\t<div class=\"elementor-icon-box-content\">\n\n\t\t\t\t\t\t\t\t\t<h2 class=\"elementor-icon-box-title\">\n\t\t\t\t\t\t<a href=\"https:\/\/keszi.hu\/index.php\/utcai-szocialis-munka\/\" >\n\t\t\t\t\t\t\tUTCAI SZOCI\u00c1LIS MUNKA\t\t\t\t\t\t<\/a>\n\t\t\t\t\t<\/h2>\n\t\t\t\t\n\t\t\t\t\n\t\t\t<\/div>\n\t\t\t\n\t\t<\/div>\n\t\t\t\t\t\t<\/div>\n\t\t\t\t<\/div>\n\t\t\t\t\t<\/div>\n\t\t<\/div>\n\t\t\t\t<div class=\"elementor-column elementor-col-33 elementor-top-column elementor-element elementor-element-1898104 cms-service\" data-id=\"1898104\" data-element_type=\"column\" data-e-type=\"column\" data-settings=\"{&quot;background_background&quot;:&quot;gradient&quot;}\">\n\t\t\t<div class=\"elementor-widget-wrap elementor-element-populated\">\n\t\t\t\t\t\t<div class=\"elementor-element elementor-element-39f5a03 elementor-widget__width-initial elementor-view-default elementor-position-block-start elementor-mobile-position-block-start elementor-widget elementor-widget-icon-box\" data-id=\"39f5a03\" data-element_type=\"widget\" data-e-type=\"widget\" data-widget_type=\"icon-box.default\">\n\t\t\t\t<div class=\"elementor-widget-container\">\n\t\t\t\t\t\t\t<div class=\"elementor-icon-box-wrapper\">\n\n\t\t\t\t\t\t<div class=\"elementor-icon-box-icon\">\n\t\t\t\t<a href=\"https:\/\/keszi.hu\/index.php\/nepkonyha-krizisetkezes\/\" class=\"elementor-icon\" tabindex=\"-1\" aria-label=\"N\u00c9PKONYHA\">\n\t\t\t\t<svg xmlns=\"http:\/\/www.w3.org\/2000\/svg\" xmlns:xlink=\"http:\/\/www.w3.org\/1999\/xlink\" width=\"96\" height=\"96\"><defs><clipPath id=\"clip0\"><rect x=\"0\" y=\"0\" width=\"96\" height=\"96\"><\/rect><\/clipPath><\/defs><g clip-path=\"url(#clip0)\"><path d=\"M39.1 25.7C38.3 26.5 38.3 27.7 39.1 28.5 39.5 28.9 40 29.1 40.5 29.1 41 29.1 41.5 28.9 41.9 28.5 44.6 25.8 44.6 21.3 41.9 18.6 40.7 17.4 40.7 15.5 41.9 14.4 42.7 13.6 42.7 12.4 41.9 11.6 41.1 10.8 39.9 10.8 39.1 11.6 36.4 14.3 36.4 18.8 39.1 21.5 40.2 22.7 40.2 24.6 39.1 25.7Z\" stroke=\"#000000\" stroke-width=\"1.33333\" fill=\"#FFFFFF\"><\/path><path d=\"M50 31.6C49.2 32.4 49.2 33.6 50 34.4 50.4 34.8 50.9 35 51.4 35 51.9 35 52.4 34.8 52.8 34.4 55.5 31.7 55.5 27.2 52.8 24.5 51.6 23.3 51.6 21.4 52.8 20.3 53.6 19.5 53.6 18.3 52.8 17.5 52 16.7 50.8 16.7 50 17.5 47.3 20.2 47.3 24.7 50 27.4 51.2 28.5 51.2 30.4 50 31.6Z\" stroke=\"#000000\" stroke-width=\"1.33333\" fill=\"#FFFFFF\"><\/path><path d=\"M29.1 31.6C28.3 32.4 28.3 33.6 29.1 34.4 29.5 34.8 30 35 30.5 35 31 35 31.5 34.8 31.9 34.4 34.6 31.7 34.6 27.2 31.9 24.5 30.7 23.3 30.7 21.4 31.9 20.3 32.7 19.5 32.7 18.3 31.9 17.5 31.1 16.7 29.9 16.7 29.1 17.5 26.4 20.2 26.4 24.7 29.1 27.4 30.2 28.5 30.2 30.4 29.1 31.6Z\" stroke=\"#000000\" stroke-width=\"1.33333\" fill=\"#FFFFFF\"><\/path><path d=\"M53.4 85C55.6 82.7 57.5 79.9 59.1 76.6 60.7 77.2 62.4 77.5 64.3 77.5 72.7 77.5 79.5 70.7 79.5 62.3 79.4 54.1 73 47.4 65 47L65 41 17 41 17 49C17 64.3 21.6 77.7 28.6 85L53.4 85ZM64.9 53.1C69.7 53.4 73.5 57.4 73.5 62.3 73.4 67.4 69.3 71.5 64.2 71.5 63.2 71.5 62.3 71.3 61.4 71.1 63.3 65.8 64.5 59.6 64.9 53.1ZM27 50 32 45 37 45 42 50 42 65 27 65 27 50Z\" stroke=\"#000000\" stroke-width=\"1.33333\" fill=\"#FFFFFF\"><\/path><\/g><\/svg>\t\t\t\t<\/a>\n\t\t\t<\/div>\n\t\t\t\n\t\t\t\t\t\t<div class=\"elementor-icon-box-content\">\n\n\t\t\t\t\t\t\t\t\t<h2 class=\"elementor-icon-box-title\">\n\t\t\t\t\t\t<a href=\"https:\/\/keszi.hu\/index.php\/nepkonyha-krizisetkezes\/\" >\n\t\t\t\t\t\t\tN\u00c9PKONYHA\t\t\t\t\t\t<\/a>\n\t\t\t\t\t<\/h2>\n\t\t\t\t\n\t\t\t\t\n\t\t\t<\/div>\n\t\t\t\n\t\t<\/div>\n\t\t\t\t\t\t<\/div>\n\t\t\t\t<\/div>\n\t\t\t\t\t<\/div>\n\t\t<\/div>\n\t\t\t\t<div class=\"elementor-column elementor-col-33 elementor-top-column elementor-element elementor-element-2acc661 cms-service\" data-id=\"2acc661\" data-element_type=\"column\" data-e-type=\"column\" data-settings=\"{&quot;background_background&quot;:&quot;gradient&quot;}\">\n\t\t\t<div class=\"elementor-widget-wrap elementor-element-populated\">\n\t\t\t\t\t\t<div class=\"elementor-element elementor-element-34de224 elementor-widget__width-initial elementor-view-default elementor-position-block-start elementor-mobile-position-block-start elementor-widget elementor-widget-icon-box\" data-id=\"34de224\" data-element_type=\"widget\" data-e-type=\"widget\" data-widget_type=\"icon-box.default\">\n\t\t\t\t<div class=\"elementor-widget-container\">\n\t\t\t\t\t\t\t<div class=\"elementor-icon-box-wrapper\">\n\n\t\t\t\t\t\t<div class=\"elementor-icon-box-icon\">\n\t\t\t\t<a href=\"https:\/\/keszi.hu\/index.php\/krizis-idoszak-voros-kod\/\" class=\"elementor-icon\" tabindex=\"-1\" aria-label=\"KR\u00cdZIS \/ V\u00d6R\u00d6S K\u00d3D\">\n\t\t\t\t<svg xmlns=\"http:\/\/www.w3.org\/2000\/svg\" xmlns:xlink=\"http:\/\/www.w3.org\/1999\/xlink\" width=\"96\" height=\"96\"><defs><clipPath id=\"clip0\"><rect x=\"0\" y=\"0\" width=\"96\" height=\"96\"><\/rect><\/clipPath><\/defs><g clip-path=\"url(#clip0)\"><path d=\"M52.75 39.05 43.94 39.05C43.1116 39.05 42.44 39.7216 42.44 40.55 42.44 41.3784 43.1116 42.05 43.94 42.05L52.75 42.05C53.5784 42.05 54.25 41.3784 54.25 40.55 54.25 39.7216 53.5784 39.05 52.75 39.05Z\" stroke=\"#000000\" stroke-width=\"1.33333\" fill=\"#FFFFFF\"><\/path><path d=\"M48.34 47C50.0301 46.9984 51.4294 45.6865 51.54 44L45.15 44C45.2555 45.6849 46.6518 46.998 48.34 47Z\" stroke=\"#000000\" stroke-width=\"1.33333\" fill=\"#FFFFFF\"><\/path><path d=\"M48.34 10.44 48.34 10.44C41.356 10.4877 35.6847 16.0969 35.56 23.08L35.56 23.52C35.5939 25.0537 35.8951 26.5698 36.45 28 36.9668 29.3361 37.7187 30.5689 38.67 31.64 39.8559 33.1376 40.8627 34.7687 41.67 36.5 41.8378 36.8331 42.1771 37.0451 42.55 37.05L54.15 37.05C54.5229 37.0451 54.8622 36.8331 55.03 36.5 55.838 34.7691 56.8448 33.1381 58.03 31.64 58.9752 30.5662 59.7234 29.334 60.24 28 60.7798 26.5828 61.0806 25.0857 61.13 23.57L61.13 23.13C61.0268 16.1258 55.3448 10.4882 48.34 10.44ZM58.18 23.44C58.1386 24.6207 57.902 25.7865 57.48 26.89 57.0858 27.8809 56.5206 28.7948 55.81 29.59 54.6865 30.9516 53.7235 32.4381 52.94 34.02L43.75 34.02C42.9629 32.4379 41.9966 30.9514 40.87 29.59 40.1625 28.7944 39.6006 27.8805 39.21 26.89 38.788 25.7865 38.5514 24.6207 38.51 23.44L38.51 23.08C38.6023 17.7077 42.967 13.3918 48.34 13.36L48.34 13.36C53.7147 13.3917 58.0824 17.7061 58.18 23.08Z\" stroke=\"#000000\" stroke-width=\"1.33333\" fill=\"#FFFFFF\"><\/path><path d=\"M43.52 26.33 48.81 16 48.81 21.98 54.3 20.89 48.81 31 48.81 25.13 43.52 26.33Z\" stroke=\"#000000\" stroke-width=\"1.33333\" fill=\"#FFFFFF\"><\/path><path d=\"M76.84 53.53C76.84 57.8268 73.3568 61.31 69.06 61.31 64.7632 61.31 61.28 57.8268 61.28 53.53 61.28 49.2332 64.7632 45.75 69.06 45.75 73.3568 45.75 76.84 49.2332 76.84 53.53Z\" stroke=\"#000000\" stroke-width=\"1.33333\" fill=\"#FFFFFF\"><\/path><path d=\"M35.34 53.53C35.34 57.8268 31.8568 61.31 27.56 61.31 23.2632 61.31 19.78 57.8268 19.78 53.53 19.78 49.2332 23.2632 45.75 27.56 45.75 31.8568 45.75 35.34 49.2332 35.34 53.53Z\" stroke=\"#000000\" stroke-width=\"1.33333\" fill=\"#FFFFFF\"><\/path><path d=\"M83.06 68.05C80.819 66.3046 78.226 65.0662 75.46 64.42 73.3785 63.8128 71.2275 63.4767 69.06 63.42 66.8874 63.4152 64.7276 63.7527 62.66 64.42 60.5887 64.972 58.6082 65.8208 56.78 66.94 56.66 67.08 56.55 67.22 56.42 67.35 59.3282 68.1327 62.0489 69.4931 64.42 71.35 66.291 72.7156 67.3833 74.9039 67.35 77.22L67.35 79 84.62 79 84.62 71.17C84.6501 69.9355 84.0656 68.7666 83.06 68.05Z\" stroke=\"#000000\" stroke-width=\"1.33333\" fill=\"#FFFFFF\"><\/path><path d=\"M29.29 77.22C29.2922 74.9698 30.3237 72.8442 32.09 71.45L32.21 71.35 32.34 71.26C34.7382 69.554 37.3909 68.2378 40.2 67.36 40 67.15 39.82 66.93 39.63 66.71 37.8726 65.6812 35.9766 64.91 34 64.42 31.9187 63.812 29.7675 63.4758 27.6 63.42 25.4274 63.4159 23.2678 63.7534 21.2 64.42 18.4725 65.1725 15.8996 66.4015 13.6 68.05 12.615 68.7884 12.0248 69.9392 12 71.17L12 79 29.29 79Z\" stroke=\"#000000\" stroke-width=\"1.33333\" fill=\"#FFFFFF\"><\/path><path d=\"M32.75 85 32.75 77.22C32.7547 75.9963 33.332 74.8454 34.31 74.11 36.6054 72.4545 39.1797 71.2249 41.91 70.48 43.9767 69.8088 46.1371 69.4712 48.31 69.48 50.478 69.5309 52.6298 69.8672 54.71 70.48 57.4814 71.1196 60.0789 72.3587 62.32 74.11 63.3216 74.8245 63.9025 75.9901 63.87 77.22L63.87 85Z\" stroke=\"#000000\" stroke-width=\"1.33333\" fill=\"#FFFFFF\"><\/path><path d=\"M56.09 59.58C56.09 63.8768 52.6068 67.36 48.31 67.36 44.0132 67.36 40.53 63.8768 40.53 59.58 40.53 55.2832 44.0132 51.8 48.31 51.8 52.6068 51.8 56.09 55.2832 56.09 59.58Z\" stroke=\"#000000\" stroke-width=\"1.33333\" fill=\"#FFFFFF\"><\/path><\/g><\/svg>\t\t\t\t<\/a>\n\t\t\t<\/div>\n\t\t\t\n\t\t\t\t\t\t<div class=\"elementor-icon-box-content\">\n\n\t\t\t\t\t\t\t\t\t<h2 class=\"elementor-icon-box-title\">\n\t\t\t\t\t\t<a href=\"https:\/\/keszi.hu\/index.php\/krizis-idoszak-voros-kod\/\" >\n\t\t\t\t\t\t\tKR\u00cdZIS \/ V\u00d6R\u00d6S K\u00d3D\t\t\t\t\t\t<\/a>\n\t\t\t\t\t<\/h2>\n\t\t\t\t\n\t\t\t\t\n\t\t\t<\/div>\n\t\t\t\n\t\t<\/div>\n\t\t\t\t\t\t<\/div>\n\t\t\t\t<\/div>\n\t\t\t\t\t<\/div>\n\t\t<\/div>\n\t\t\t\t\t<\/div>\n\t\t<\/section>\n\t\t\t\t<\/div>\n\t\t","protected":false},"excerpt":{"rendered":"<p>\u00c9JJELI MENED\u00c9KHELY HAJL\u00c9KTALANOK \u00c1TMENETI SZ\u00c1LL\u00d3JA NAPPALI MELEGED\u0150 UTCAI SZOCI\u00c1LIS MUNKA N\u00c9PKONYHA KR\u00cdZIS \/ V\u00d6R\u00d6S K\u00d3D<\/p>\n","protected":false},"author":1,"featured_media":0,"parent":0,"menu_order":0,"comment_status":"closed","ping_status":"closed","template":"","meta":{"_tbt_post_transparent":"","_tbt_post_title":"","_tbt_post_layout":"","_tbt_post_sidebar_id":"","_tbt_post_content_style":"","_tbt_post_vertical_padding":"","_tbt_post_feature":"","_tbt_post_feature_position":"","_tbt_post_header":false,"_tbt_post_footer":false},"class_list":["post-12148","page","type-page","status-publish","hentry"],"_links":{"self":[{"href":"https:\/\/keszi.hu\/index.php\/wp-json\/wp\/v2\/pages\/12148","targetHints":{"allow":["GET"]}}],"collection":[{"href":"https:\/\/keszi.hu\/index.php\/wp-json\/wp\/v2\/pages"}],"about":[{"href":"https:\/\/keszi.hu\/index.php\/wp-json\/wp\/v2\/types\/page"}],"author":[{"embeddable":true,"href":"https:\/\/keszi.hu\/index.php\/wp-json\/wp\/v2\/users\/1"}],"replies":[{"embeddable":true,"href":"https:\/\/keszi.hu\/index.php\/wp-json\/wp\/v2\/comments?post=12148"}],"version-history":[{"count":37,"href":"https:\/\/keszi.hu\/index.php\/wp-json\/wp\/v2\/pages\/12148\/revisions"}],"predecessor-version":[{"id":15028,"href":"https:\/\/keszi.hu\/index.php\/wp-json\/wp\/v2\/pages\/12148\/revisions\/15028"}],"wp:attachment":[{"href":"https:\/\/keszi.hu\/index.php\/wp-json\/wp\/v2\/media?parent=12148"}],"curies":[{"name":"wp","href":"https:\/\/api.w.org\/{rel}","templated":true}]}}