{"id":12137,"date":"2024-04-09T15:52:25","date_gmt":"2024-04-09T13:52:25","guid":{"rendered":"https:\/\/keszi.hu\/?page_id=12137"},"modified":"2025-12-15T15:02:25","modified_gmt":"2025-12-15T14:02:25","slug":"segits-velunk","status":"publish","type":"page","link":"https:\/\/keszi.hu\/index.php\/segits-velunk\/","title":{"rendered":"SEG\u00cdTS VEL\u00dcNK"},"content":{"rendered":"\t\t<div data-elementor-type=\"wp-page\" data-elementor-id=\"12137\" class=\"elementor elementor-12137\">\n\t\t\t\t\t\t<section class=\"elementor-section elementor-top-section elementor-element elementor-element-b39d80b elementor-section-stretched service elementor-section-boxed elementor-section-height-default elementor-section-height-default\" data-id=\"b39d80b\" data-element_type=\"section\" data-e-type=\"section\" data-settings=\"{&quot;stretch_section&quot;:&quot;section-stretched&quot;}\">\n\t\t\t\t\t\t<div class=\"elementor-container elementor-column-gap-default\">\n\t\t\t\t\t<div class=\"elementor-column elementor-col-33 elementor-top-column elementor-element elementor-element-5237d20 cms-service\" data-id=\"5237d20\" data-element_type=\"column\" data-e-type=\"column\" data-settings=\"{&quot;background_background&quot;:&quot;gradient&quot;}\">\n\t\t\t<div class=\"elementor-widget-wrap elementor-element-populated\">\n\t\t\t\t\t\t<div class=\"elementor-element elementor-element-7327852 elementor-widget__width-initial elementor-view-default elementor-position-block-start elementor-mobile-position-block-start elementor-widget elementor-widget-icon-box\" data-id=\"7327852\" data-element_type=\"widget\" data-e-type=\"widget\" data-widget_type=\"icon-box.default\">\n\t\t\t\t<div class=\"elementor-widget-container\">\n\t\t\t\t\t\t\t<div class=\"elementor-icon-box-wrapper\">\n\n\t\t\t\t\t\t<div class=\"elementor-icon-box-icon\">\n\t\t\t\t<a href=\"https:\/\/keszi.hu\/index.php\/tamogatas\/\" class=\"elementor-icon\" tabindex=\"-1\" aria-label=\"GONDOSKOD\u00c1S ALAP\u00cdTV\u00c1NY\">\n\t\t\t\t<svg xmlns=\"http:\/\/www.w3.org\/2000\/svg\" xmlns:xlink=\"http:\/\/www.w3.org\/1999\/xlink\" width=\"96\" height=\"96\"><defs><clipPath id=\"clip0\"><rect x=\"0\" y=\"0\" width=\"96\" height=\"96\"><\/rect><\/clipPath><\/defs><g clip-path=\"url(#clip0)\"><path d=\"M19 25C19 27.7614 16.7614 30 14 30 11.2386 30 9 27.7614 9 25 9 22.2386 11.2386 20 14 20 16.7614 20 19 22.2386 19 25Z\" stroke=\"#000000\" stroke-width=\"1.33333\" fill=\"#FFFFFF\"><\/path><path d=\"M25.93 50.43C25.985 50.1359 25.985 49.8341 25.93 49.54L24.5 43.29 24 40.72 24 40.72 22.72 34.92C22.615 34.4754 22.3609 34.0801 22 33.8 20.8004 32.8632 19.4469 32.1424 18 31.67 15.3875 30.777 12.5525 30.777 9.94 31.67 8.51333 32.1467 7.18021 32.8674 6 33.8 5.654 34.0864 5.41447 34.4809 5.32 34.92L2.06 49.44C1.77511 50.5586 2.45093 51.6963 3.5695 51.9812 3.59621 51.988 3.62304 51.9943 3.65 52 3.76644 52.0102 3.88356 52.0102 4 52 4.95634 52.0223 5.79459 51.3643 6 50.43L9 37 9 44.1 6 59 9 59 9 76 13 76 13 59 15 59 15 76 19 76 19 59 22 59 19 44.11 19 37 22 50.43C22.2054 51.3643 23.0437 52.0223 24 52 24.9224 51.9681 25.711 51.3266 25.93 50.43Z\" stroke=\"#000000\" stroke-width=\"1.33333\" fill=\"#FFFFFF\"><\/path><path d=\"M45 25C45 27.7614 42.7614 30 40 30 37.2386 30 35 27.7614 35 25 35 22.2386 37.2386 20 40 20 42.7614 20 45 22.2386 45 25Z\" stroke=\"#000000\" stroke-width=\"1.33333\" fill=\"#FFFFFF\"><\/path><path d=\"M50 40.72 50 40.78 48.7 34.92C48.6055 34.4809 48.366 34.0864 48.02 33.8 43.3183 30.1293 36.7217 30.1293 32.02 33.8 31.6697 34.0826 31.4291 34.4788 31.34 34.92L28.07 49.54C27.8436 50.6493 28.5593 51.7322 29.6686 51.9586 29.8007 51.9856 29.9352 51.9994 30.07 52 31.0002 51.9892 31.8001 51.3385 32 50.43L35 37 35 76 39 76 39 53 41 53 41 76 45 76 45 37 48.09 50.43C48.2882 51.3313 49.0774 51.98 50 52L50 52C50.9563 52.0223 51.7946 51.3643 52 50.43Z\" stroke=\"#000000\" stroke-width=\"1.33333\" fill=\"#FFFFFF\"><\/path><path d=\"M84.1 63.13C81.9092 70.735 73.9682 75.1241 66.3632 72.9333 60.2144 71.162 55.9851 65.5288 56 59.13 56 59 56 58.87 56 58.73L54.45 53.54C51.0093 62.1777 55.2223 71.9693 63.86 75.41 72.4977 78.8507 82.2893 74.6377 85.73 66Z\" stroke=\"#000000\" stroke-width=\"1.33333\" fill=\"#FFFFFF\"><\/path><path d=\"M93.72 64.81 86.24 51.76C85.7928 50.9896 84.9708 50.5138 84.08 50.51L74.08 50.51C74.09 50.4002 74.09 50.2898 74.08 50.18L72.63 39C72.2882 36.4525 69.9481 34.6628 67.4 35 66.9436 35.066 66.499 35.1974 66.08 35.39 65.8681 35.4464 65.6635 35.5269 65.47 35.63L55.47 41.48C54.4761 42.0662 54.0099 43.2544 54.34 44.36L57.34 54.41C57.6545 55.4672 58.627 56.1915 59.73 56.19 59.9735 56.1912 60.216 56.1575 60.45 56.09 61.7701 55.6858 62.5192 54.2946 62.13 52.97L59.67 44.81 63.2 42.75 64.83 51.75C65.2355 53.9725 67.1708 55.5881 69.43 55.59 69.7118 55.5881 69.9929 55.5614 70.27 55.51L70.36 55.51 82.61 55.57 89.38 67.37C89.8234 68.1504 90.6524 68.6318 91.55 68.63 92.9307 68.6327 94.0522 67.5157 94.0549 66.1349 94.0558 65.6944 93.9403 65.2615 93.72 64.88Z\" stroke=\"#000000\" stroke-width=\"1.33333\" fill=\"#FFFFFF\"><\/path><path d=\"M72.54 28.64C72.54 31.4014 70.3014 33.64 67.54 33.64 64.7786 33.64 62.54 31.4014 62.54 28.64 62.54 25.8786 64.7786 23.64 67.54 23.64 70.3014 23.64 72.54 25.8786 72.54 28.64Z\" stroke=\"#000000\" stroke-width=\"1.33333\" fill=\"#FFFFFF\"><\/path><\/g><\/svg>\t\t\t\t<\/a>\n\t\t\t<\/div>\n\t\t\t\n\t\t\t\t\t\t<div class=\"elementor-icon-box-content\">\n\n\t\t\t\t\t\t\t\t\t<h2 class=\"elementor-icon-box-title\">\n\t\t\t\t\t\t<a href=\"https:\/\/keszi.hu\/index.php\/tamogatas\/\" >\n\t\t\t\t\t\t\tGONDOSKOD\u00c1S ALAP\u00cdTV\u00c1NY\t\t\t\t\t\t<\/a>\n\t\t\t\t\t<\/h2>\n\t\t\t\t\n\t\t\t\t\n\t\t\t<\/div>\n\t\t\t\n\t\t<\/div>\n\t\t\t\t\t\t<\/div>\n\t\t\t\t<\/div>\n\t\t\t\t\t<\/div>\n\t\t<\/div>\n\t\t\t\t<div class=\"elementor-column elementor-col-33 elementor-top-column elementor-element elementor-element-009dc84 cms-service\" data-id=\"009dc84\" data-element_type=\"column\" data-e-type=\"column\" data-settings=\"{&quot;background_background&quot;:&quot;gradient&quot;}\">\n\t\t\t<div class=\"elementor-widget-wrap elementor-element-populated\">\n\t\t\t\t\t\t<div class=\"elementor-element elementor-element-9cb10bd elementor-widget__width-initial elementor-view-default elementor-position-block-start elementor-mobile-position-block-start elementor-widget elementor-widget-icon-box\" data-id=\"9cb10bd\" data-element_type=\"widget\" data-e-type=\"widget\" data-widget_type=\"icon-box.default\">\n\t\t\t\t<div class=\"elementor-widget-container\">\n\t\t\t\t\t\t\t<div class=\"elementor-icon-box-wrapper\">\n\n\t\t\t\t\t\t<div class=\"elementor-icon-box-icon\">\n\t\t\t\t<a href=\"https:\/\/keszi.hu\/index.php\/onkentesseg\/\" class=\"elementor-icon\" tabindex=\"-1\" aria-label=\"\u00d6NK\u00c9NTESS\u00c9G\">\n\t\t\t\t<svg xmlns=\"http:\/\/www.w3.org\/2000\/svg\" xmlns:xlink=\"http:\/\/www.w3.org\/1999\/xlink\" width=\"96\" height=\"96\"><defs><clipPath id=\"clip0\"><rect x=\"0\" y=\"0\" width=\"96\" height=\"96\"><\/rect><\/clipPath><\/defs><g clip-path=\"url(#clip0)\"><path d=\"M83 25C83 27.7614 80.7614 30 78 30 75.2386 30 73 27.7614 73 25 73 22.2386 75.2386 20 78 20 80.7614 20 83 22.2386 83 25Z\" stroke=\"#000000\" stroke-width=\"1.33333\" fill=\"#FFFFFF\"><\/path><path d=\"M23 25C23 27.7614 20.7614 30 18 30 15.2386 30 13 27.7614 13 25 13 22.2386 15.2386 20 18 20 20.7614 20 23 22.2386 23 25Z\" stroke=\"#000000\" stroke-width=\"1.33333\" fill=\"#FFFFFF\"><\/path><path d=\"M63 25C63 27.7614 60.7614 30 58 30 55.2386 30 53 27.7614 53 25 53 22.2386 55.2386 20 58 20 60.7614 20 63 22.2386 63 25Z\" stroke=\"#000000\" stroke-width=\"1.33333\" fill=\"#FFFFFF\"><\/path><path d=\"M43 25C43 27.7614 40.7614 30 38 30 35.2386 30 33 27.7614 33 25 33 22.2386 35.2386 20 38 20 40.7614 20 43 22.2386 43 25Z\" stroke=\"#000000\" stroke-width=\"1.33333\" fill=\"#FFFFFF\"><\/path><path d=\"M89.9 49.5 86.7 34.9C86.6 34.5 86.4 34.1 86 33.8 84.8 32.9 83.5 32.1 82 31.7 80.7 31.3 79.4 31 78 31 76.6 31 75.2 31.2 74 31.7 72.5 32.2 71.2 32.9 70 33.8 69.6 34.1 69.4 34.5 69.3 34.9L68 40.8 68 40.8 66.7 34.9C66.6 34.5 66.4 34.1 66 33.8 64.8 32.9 63.5 32.1 62 31.7 60.7 31.3 59.4 31 58 31 56.6 31 55.2 31.2 54 31.7 52.5 32.2 51.2 32.9 50 33.8 49.6 34.1 49.4 34.5 49.3 34.9L48 40.7 48 40.8 46.7 34.9C46.6 34.5 46.4 34.1 46 33.8 44.8 32.9 43.5 32.1 42 31.7 40.7 31.3 39.4 31 38 31 36.6 31 35.2 31.2 34 31.7 32.5 32.2 31.2 32.9 30 33.8 29.6 34.1 29.4 34.5 29.3 34.9L28 40.7 28 40.7 26.7 34.9C26.6 34.5 26.4 34.1 26 33.8 24.8 32.9 23.5 32.1 22 31.7 20.7 31.3 19.4 31 18 31 16.6 31 15.2 31.2 14 31.7 12.5 32.2 11.2 32.9 10 33.8 9.6 34.1 9.4 34.5 9.3 34.9L6.1 49.4C5.8 50.5 6.5 51.7 7.7 51.9 7.8 51.9 7.9 51.9 8 51.9 8.9 51.9 9.7 51.3 10 50.3L13 37 13 44.1 10 59 13 59 13 76 17 76 17 59 19 59 19 76 23 76 23 59 26 59 23 44.1 23 37 26 50.4C26.2 51.3 27 52 27.9 52L27.9 52C28.8 52 29.6 51.4 29.8 50.4L33 37 33 53 33 76 37 76 37 53 39 53 39 76 43 76 43 53 43 37 46 50.4C46.2 51.3 47 52 48 52 48 52 48 52 48 52L48 52C48.9 52 49.7 51.4 49.9 50.4L53 37 53 44.2 50 59 53 59 53 76 57 76 57 59 59 59 59 76 63 76 63 59 66 59 63 44 63 37 66 50.4C66.2 51.3 67 52 68 52 68 52 68 52 68 52L68 52C68 52 68 52 68 52 68.9 52 69.7 51.4 70 50.4L73 37 73 53 73 76 77 76 77 53 79 53 79 76 83 76 83 53 83 37 86 50.4C86.2 51.3 87 52 88 52 88.2 52 88.5 52 88.7 51.9 89.6 51.5 90.1 50.5 89.9 49.5Z\" stroke=\"#000000\" stroke-width=\"1.33333\" fill=\"#FFFFFF\"><\/path><\/g><\/svg>\t\t\t\t<\/a>\n\t\t\t<\/div>\n\t\t\t\n\t\t\t\t\t\t<div class=\"elementor-icon-box-content\">\n\n\t\t\t\t\t\t\t\t\t<h2 class=\"elementor-icon-box-title\">\n\t\t\t\t\t\t<a href=\"https:\/\/keszi.hu\/index.php\/onkentesseg\/\" >\n\t\t\t\t\t\t\t\u00d6NK\u00c9NTESS\u00c9G\t\t\t\t\t\t<\/a>\n\t\t\t\t\t<\/h2>\n\t\t\t\t\n\t\t\t\t\n\t\t\t<\/div>\n\t\t\t\n\t\t<\/div>\n\t\t\t\t\t\t<\/div>\n\t\t\t\t<\/div>\n\t\t\t\t\t<\/div>\n\t\t<\/div>\n\t\t\t\t<div class=\"elementor-column elementor-col-33 elementor-top-column elementor-element elementor-element-33e4775 cms-service\" data-id=\"33e4775\" data-element_type=\"column\" data-e-type=\"column\" data-settings=\"{&quot;background_background&quot;:&quot;gradient&quot;}\">\n\t\t\t<div class=\"elementor-widget-wrap elementor-element-populated\">\n\t\t\t\t\t\t<div class=\"elementor-element elementor-element-7f57e9a elementor-widget__width-initial elementor-view-default elementor-position-block-start elementor-mobile-position-block-start elementor-widget elementor-widget-icon-box\" data-id=\"7f57e9a\" data-element_type=\"widget\" data-e-type=\"widget\" data-widget_type=\"icon-box.default\">\n\t\t\t\t<div class=\"elementor-widget-container\">\n\t\t\t\t\t\t\t<div class=\"elementor-icon-box-wrapper\">\n\n\t\t\t\t\t\t<div class=\"elementor-icon-box-icon\">\n\t\t\t\t<a href=\"https:\/\/keszi.hu\/index.php\/kozossegi-szolgalat-a-keszi-ben\/\" class=\"elementor-icon\" tabindex=\"-1\" aria-label=\"K\u00d6Z\u00d6SS\u00c9GI SZOLG\u00c1LAT\">\n\t\t\t\t<svg xmlns=\"http:\/\/www.w3.org\/2000\/svg\" xmlns:xlink=\"http:\/\/www.w3.org\/1999\/xlink\" width=\"96\" height=\"96\"><defs><clipPath id=\"clip0\"><rect x=\"0\" y=\"0\" width=\"96\" height=\"96\"><\/rect><\/clipPath><\/defs><g clip-path=\"url(#clip0)\"><path d=\"M55 26.9C55 30.8 51.9 33.9 48 33.9 44.1 33.9 41 30.8 41 26.9 41 23 44.1 19.9 48 19.9 51.9 19.9 55 23.1 55 26.9\" stroke=\"#000000\" stroke-width=\"1.33333\" fill=\"#FFFFFF\"><\/path><path d=\"M83 30.9C83 34.8 79.9 37.9 76 37.9 72.1 37.9 69 34.8 69 30.9 69 27 72.1 23.9 76 23.9 79.9 23.9 83 27 83 30.9\" stroke=\"#000000\" stroke-width=\"1.33333\" fill=\"#FFFFFF\"><\/path><path d=\"M27 30.9C27 34.8 23.9 37.9 20 37.9 16.1 37.9 13 34.8 13 30.9 13 27 16.1 23.9 20 23.9 23.9 23.9 27 27 27 30.9\" stroke=\"#000000\" stroke-width=\"1.33333\" fill=\"#FFFFFF\"><\/path><path d=\"M8.6 76.1C8.6 61.5 26.2 49.7 48 49.7 69.7 49.7 87.4 61.5 87.4 76.1L8.6 76.1Z\" stroke=\"#000000\" stroke-width=\"1.33333\" fill=\"#FFFFFF\"><\/path><path d=\"M17.6 53.4C21.8 50.6 26.7 48.4 32 47L32 45.9C32 44.8 31.5 43.7 30.8 43 30.5 42.7 29.8 42.3 28.9 41.9 23.4 39.3 16.9 39.3 11.3 41.8 10.3 42.2 9.5 42.7 9.1 43 8.5 43.7 8 44.8 8 45.9L8 62.9C10.3 59.4 13.5 56.1 17.6 53.4\" stroke=\"#000000\" stroke-width=\"1.33333\" fill=\"#FFFFFF\"><\/path><path d=\"M60 46 60 41.9C60 40.8 59.5 39.7 58.8 39 58.5 38.7 57.8 38.3 56.9 37.9 51.4 35.3 44.9 35.3 39.3 37.8 38.3 38.2 37.5 38.7 37.1 39 36.3 39.7 35.9 40.8 35.9 41.9L35.9 46C39.8 45.2 43.8 44.8 47.9 44.8 52 44.8 56.1 45.3 60 46\" stroke=\"#000000\" stroke-width=\"1.33333\" fill=\"#FFFFFF\"><\/path><path d=\"M88 62.9 88 45.9C88 44.8 87.5 43.7 86.8 43 86.5 42.7 85.8 42.3 84.9 41.9 79.4 39.3 72.9 39.3 67.3 41.8 66.3 42.2 65.5 42.7 65.1 43 64.3 43.7 63.9 44.8 63.9 45.9L63.9 47C69.2 48.4 74.1 50.6 78.3 53.4 82.5 56.1 85.7 59.4 88 62.9\" stroke=\"#000000\" stroke-width=\"1.33333\" fill=\"#FFFFFF\"><\/path><\/g><\/svg>\t\t\t\t<\/a>\n\t\t\t<\/div>\n\t\t\t\n\t\t\t\t\t\t<div class=\"elementor-icon-box-content\">\n\n\t\t\t\t\t\t\t\t\t<h2 class=\"elementor-icon-box-title\">\n\t\t\t\t\t\t<a href=\"https:\/\/keszi.hu\/index.php\/kozossegi-szolgalat-a-keszi-ben\/\" >\n\t\t\t\t\t\t\tK\u00d6Z\u00d6SS\u00c9GI SZOLG\u00c1LAT\t\t\t\t\t\t<\/a>\n\t\t\t\t\t<\/h2>\n\t\t\t\t\n\t\t\t\t\n\t\t\t<\/div>\n\t\t\t\n\t\t<\/div>\n\t\t\t\t\t\t<\/div>\n\t\t\t\t<\/div>\n\t\t\t\t\t<\/div>\n\t\t<\/div>\n\t\t\t\t\t<\/div>\n\t\t<\/section>\n\t\t\t\t<section class=\"elementor-section elementor-top-section elementor-element elementor-element-4c68b76 elementor-section-stretched service elementor-section-boxed elementor-section-height-default elementor-section-height-default\" data-id=\"4c68b76\" data-element_type=\"section\" data-e-type=\"section\" data-settings=\"{&quot;stretch_section&quot;:&quot;section-stretched&quot;}\">\n\t\t\t\t\t\t<div class=\"elementor-container elementor-column-gap-default\">\n\t\t\t\t\t<div class=\"elementor-column elementor-col-100 elementor-top-column elementor-element elementor-element-02a4ab0\" data-id=\"02a4ab0\" data-element_type=\"column\" data-e-type=\"column\">\n\t\t\t<div class=\"elementor-widget-wrap\">\n\t\t\t\t\t\t\t<\/div>\n\t\t<\/div>\n\t\t\t\t\t<\/div>\n\t\t<\/section>\n\t\t\t\t<\/div>\n\t\t","protected":false},"excerpt":{"rendered":"<p>GONDOSKOD\u00c1S ALAP\u00cdTV\u00c1NY \u00d6NK\u00c9NTESS\u00c9G K\u00d6Z\u00d6SS\u00c9GI SZOLG\u00c1LAT<\/p>\n","protected":false},"author":1,"featured_media":0,"parent":0,"menu_order":0,"comment_status":"closed","ping_status":"closed","template":"","meta":{"_tbt_post_transparent":"","_tbt_post_title":"","_tbt_post_layout":"","_tbt_post_sidebar_id":"","_tbt_post_content_style":"","_tbt_post_vertical_padding":"","_tbt_post_feature":"","_tbt_post_feature_position":"","_tbt_post_header":false,"_tbt_post_footer":false},"class_list":["post-12137","page","type-page","status-publish","hentry"],"_links":{"self":[{"href":"https:\/\/keszi.hu\/index.php\/wp-json\/wp\/v2\/pages\/12137","targetHints":{"allow":["GET"]}}],"collection":[{"href":"https:\/\/keszi.hu\/index.php\/wp-json\/wp\/v2\/pages"}],"about":[{"href":"https:\/\/keszi.hu\/index.php\/wp-json\/wp\/v2\/types\/page"}],"author":[{"embeddable":true,"href":"https:\/\/keszi.hu\/index.php\/wp-json\/wp\/v2\/users\/1"}],"replies":[{"embeddable":true,"href":"https:\/\/keszi.hu\/index.php\/wp-json\/wp\/v2\/comments?post=12137"}],"version-history":[{"count":37,"href":"https:\/\/keszi.hu\/index.php\/wp-json\/wp\/v2\/pages\/12137\/revisions"}],"predecessor-version":[{"id":15207,"href":"https:\/\/keszi.hu\/index.php\/wp-json\/wp\/v2\/pages\/12137\/revisions\/15207"}],"wp:attachment":[{"href":"https:\/\/keszi.hu\/index.php\/wp-json\/wp\/v2\/media?parent=12137"}],"curies":[{"name":"wp","href":"https:\/\/api.w.org\/{rel}","templated":true}]}}