{"id":11888,"date":"2024-03-20T15:28:39","date_gmt":"2024-03-20T14:28:39","guid":{"rendered":"https:\/\/keszi.hu\/?page_id=11888"},"modified":"2025-01-27T12:06:47","modified_gmt":"2025-01-27T11:06:47","slug":"hazi-segitsegnyujtas","status":"publish","type":"page","link":"https:\/\/keszi.hu\/index.php\/hazi-segitsegnyujtas\/","title":{"rendered":"H\u00e1zi seg\u00edts\u00e9gny\u00fajt\u00e1s"},"content":{"rendered":"\t\t<div data-elementor-type=\"wp-page\" data-elementor-id=\"11888\" class=\"elementor elementor-11888\">\n\t\t\t\t\t\t<section class=\"elementor-section elementor-top-section elementor-element elementor-element-8a043ee elementor-section-full_width elementor-section-height-default elementor-section-height-default\" data-id=\"8a043ee\" data-element_type=\"section\" data-e-type=\"section\">\n\t\t\t\t\t\t<div class=\"elementor-container elementor-column-gap-default\">\n\t\t\t\t\t<div class=\"elementor-column elementor-col-100 elementor-top-column elementor-element elementor-element-e2b040d about_cms_block\" data-id=\"e2b040d\" data-element_type=\"column\" data-e-type=\"column\" data-settings=\"{&quot;background_background&quot;:&quot;classic&quot;}\">\n\t\t\t<div class=\"elementor-widget-wrap elementor-element-populated\">\n\t\t\t\t\t\t<div class=\"elementor-element elementor-element-5f7ccfc elementor-widget elementor-widget-heading\" data-id=\"5f7ccfc\" data-element_type=\"widget\" data-e-type=\"widget\" data-widget_type=\"heading.default\">\n\t\t\t\t<div class=\"elementor-widget-container\">\n\t\t\t\t\t<h2 class=\"elementor-heading-title elementor-size-default\">H\u00e1zi seg\u00edts\u00e9gny\u00fajt\u00e1s<\/h2>\t\t\t\t<\/div>\n\t\t\t\t<\/div>\n\t\t\t\t<div class=\"elementor-element elementor-element-c54aef2 elementor-widget__width-initial elementor-widget elementor-widget-text-editor\" data-id=\"c54aef2\" data-element_type=\"widget\" data-e-type=\"widget\" data-widget_type=\"text-editor.default\">\n\t\t\t\t<div class=\"elementor-widget-container\">\n\t\t\t\t\t\t\t\t\t<p class=\"v1MsoNormal\"><b><i>Ki veheti ig\u00e9nybe?<\/i><\/b><\/p>\n<ul type=\"disc\">\n<li class=\"v1MsoListParagraph\"><i>A h\u00e1zi seg\u00edts\u00e9gny\u00fajt\u00e1s ig\u00e9nybev\u00e9tele \u00f6nk\u00e9ntes, az ell\u00e1t\u00e1st ig\u00e9nyl\u0151, illetve t\u00f6rv\u00e9nyes k\u00e9pvisel\u0151je k\u00e9relm\u00e9re, ind\u00edtv\u00e1ny\u00e1ra t\u00f6rt\u00e9nik. B\u00e1rki ig\u00e9nybe veheti, akinek a gondoz\u00e1si sz\u00fcks\u00e9glete azt megk\u00edv\u00e1nja.<b><\/b><\/i><\/li>\n<\/ul>\n<p class=\"v1MsoNormal\"><b><i>&nbsp;<\/i><\/b><b style=\"color: var( --e-global-color-text ); font-family: var( --e-global-typography-text-font-family ), Sans-serif; background-color: transparent;\"><i>Miben tudunk seg\u00edteni?<\/i><\/b><\/p>\n<p class=\"v1MsoListParagraphCxSpLast\"><b>&nbsp;<\/b><span style=\"color: var( --e-global-color-text ); font-family: var( --e-global-typography-text-font-family ), Sans-serif; font-weight: var( --e-global-typography-text-font-weight ); background-color: transparent;\">A h\u00e1zi seg\u00edts\u00e9gny\u00fajt\u00e1s sor\u00e1n az ig\u00e9nybe vev\u0151 \u00f6n\u00e1ll\u00f3 \u00e9letvitel\u00e9nek fenntart\u00e1sa \u00e9rdek\u00e9ben sz\u00fcks\u00e9ges ell\u00e1t\u00e1st \u2013sz\u00fcks\u00e9gleteinek megfelel\u0151en &#8211; lak\u00e1s\u00e1n, lak\u00f3k\u00f6rnyezet\u00e9ben biztos\u00edtjuk.<\/span><\/p>\n<p class=\"v1MsoNormal\">A h\u00e1zi seg\u00edts\u00e9gny\u00fajt\u00e1sban dolgoz\u00f3 gondoz\u00f3 feladata ell\u00e1t\u00e1sa sor\u00e1n seg\u00edts\u00e9get ny\u00fajt ahhoz, hogy az ell\u00e1t\u00e1st ig\u00e9nybe vev\u0151 fizikai, ment\u00e1lis, szoci\u00e1lis sz\u00fcks\u00e9glete&nbsp;<b>saj\u00e1t k\u00f6rnyezet\u00e9ben<\/b>, az \u00e9letkor\u00e1nak, \u00e9lethelyzet\u00e9nek \u00e9s eg\u00e9szs\u00e9gi \u00e1llapot\u00e1nak megfelel\u0151en, a megl\u00e9v\u0151 k\u00e9pess\u00e9geinek fenntart\u00e1s\u00e1val, felhaszn\u00e1l\u00e1s\u00e1val, fejleszt\u00e9s\u00e9vel biztos\u00edtott legyen.<\/p>\n<p class=\"v1MsoNormal\"><span lang=\"X-NONE\">A gondoz\u00f3k&nbsp;<b>h\u00e9tf\u0151t\u0151l &#8211; p\u00e9ntekig 0<\/b><\/span><b>7<\/b><b><span lang=\"X-NONE\">:<\/span><\/b><b>3<\/b><b><span lang=\"X-NONE\">0 &#8211; 1<\/span><\/b><b>5<\/b><b><span lang=\"X-NONE\">:<\/span><\/b><b>5<\/b><b><span lang=\"X-NONE\">0 k\u00f6z\u00f6tt<\/span><\/b><span lang=\"X-NONE\">&nbsp;l\u00e1togatj\u00e1k meg otthonukban a gondoz\u00e1st ig\u00e9nybe vev\u0151ket. A szem\u00e9lyes tal\u00e1lkoz\u00e1sok s\u0171r\u0171s\u00e9ge illetve id\u0151tartama a k\u00e9relmez\u0151 \u00e1llapot\u00e1t\u00f3l f\u00fcgg.&nbsp;<\/span>A szolg\u00e1ltat\u00e1s sor\u00e1n alap\u00e1pol\u00e1si feladatokat v\u00e9gz\u00fcnk.<\/p>\n<p class=\"v1MsoNormal\">Az ell\u00e1t\u00e1s t\u00e9r\u00edt\u00e9si d\u00edj k\u00f6teles, melynek m\u00e9rt\u00e9ke az ell\u00e1tott j\u00f6vedelm\u00e9t\u0151l \u00e9s a gondoz\u00e1si \u00f3r\u00e1k mennyis\u00e9g\u00e9t\u0151l f\u00fcgg.<\/p>\n<p class=\"v1MsoListParagraph\"><b><i>&nbsp;<\/i><\/b><b style=\"color: var( --e-global-color-text ); font-family: var( --e-global-typography-text-font-family ), Sans-serif; background-color: transparent;\"><i>Hogyan lehet ig\u00e9nyelni?<\/i><\/b><\/p>\n<ul type=\"disc\">\n<li><i>az ell\u00e1t\u00e1st ig\u00e9nyl\u0151, illetve t\u00f6rv\u00e9nyes k\u00e9pvisel\u0151je sz\u00f3beli vagy \u00edr\u00e1sbeli k\u00e9relm\u00e9re, ind\u00edtv\u00e1ny\u00e1ra t\u00f6rt\u00e9nik,<\/i><\/li>\n<li class=\"v1MsoListParagraphCxSpFirst\"><i>a h\u00e1zi seg\u00edts\u00e9gny\u00fajt\u00e1s ig\u00e9nybev\u00e9tel\u00e9t megel\u0151z\u0151en vizsg\u00e1lni kell a gondoz\u00e1si sz\u00fcks\u00e9gletet. A gondoz\u00e1si sz\u00fcks\u00e9glet vizsg\u00e1lata keret\u00e9ben ker\u00fcl meg\u00e1llap\u00edt\u00e1sra, hogy az ell\u00e1t\u00e1st ig\u00e9nyl\u0151 eset\u00e9ben szoci\u00e1lis seg\u00edt\u00e9s vagy szem\u00e9lyi gondoz\u00e1s indokolt.<\/i><b><i><\/i><\/b><\/li>\n<\/ul>\n<p class=\"v1MsoListParagraphCxSpMiddle\"><b><i>&nbsp;<\/i><\/b><b style=\"color: var( --e-global-color-text ); font-family: var( --e-global-typography-text-font-family ), Sans-serif; background-color: transparent;\"><i>Hogyan jutok hozz\u00e1 k\u00e9relem nyomtatv\u00e1nyhoz?<\/i><\/b><\/p>\n<ul type=\"disc\">\n<li><i>az int\u00e9zm\u00e9ny honlapj\u00e1r\u00f3l let\u00f6lthet\u0151;<\/i><\/li>\n<li><i>az Alapszolg\u00e1ltat\u00e1si Centrum K\u00f6zponti irod\u00e1j\u00e1ban szem\u00e9lyesen is \u00e1tvehet\u0151;<\/i><\/li>\n<li><i>a t\u00e9rs\u00e9g telep\u00fcl\u00e9sein az \u00d6nkorm\u00e1nyzat \u00e9s a csal\u00e1dseg\u00edt\u0151 munkat\u00e1rs, h\u00e1zi gondoz\u00f3 seg\u00edts\u00e9g\u00e9vel<\/i><\/li>\n<\/ul>\n<p><b><i>Hol lehet a k\u00e9relmet (mell\u00e9kletekkel egy\u00fctt)&nbsp; beny\u00fajtani?<\/i><\/b><\/p>\n<ul type=\"disc\">\n<li><i>szem\u00e9lyesen, \u00fcgyf\u00e9lfogad\u00e1si id\u0151ben az Alapszolg\u00e1ltat\u00e1si Centrum k\u00f6zponti irod\u00e1j\u00e1ban (9200 Mosonmagyar\u00f3v\u00e1r, Zichy Mih\u00e1ly u. 5.);<\/i><\/li>\n<li><i>postai \u00faton t\u00f6rt\u00e9n\u0151 tov\u00e1bb\u00edt\u00e1ssal;<\/i><\/li>\n<\/ul>\n<p><b><i>Mi t\u00f6rt\u00e9nik a k\u00e9relem beny\u00fajt\u00e1sa ut\u00e1n?<\/i><\/b><\/p>\n<ul type=\"disc\">\n<li><i>elb\u00edr\u00e1l\u00e1st k\u00f6vet\u0151en nyilv\u00e1ntart\u00e1sba vessz\u00fck;<\/i><\/li>\n<li><i>meg\u00e1llapod\u00e1s megk\u00f6t\u00e9s\u00e9re ker\u00fcl sor;<\/i><\/li>\n<li><i>a k\u00e9relem esetleges elutas\u00edt\u00e1sa indokol\u00e1ssal \u00edr\u00e1sban t\u00f6rt\u00e9nik;<\/i><\/li>\n<\/ul>\n<p class=\"v1MsoNormal\">Az al\u00e1bbi telep\u00fcl\u00e9seken \u00e9rhet\u0151 el a szolg\u00e1ltat\u00e1s<\/p>\n<p class=\"v1MsoListParagraphCxSpFirst\">H\u00e1zi seg\u00edts\u00e9gny\u00fajt\u00e1s&nbsp;\u2013 \u00c1sv\u00e1nyr\u00e1r\u00f3, Bezenye, Darn\u00f3zseli, Dunakiliti, Dunaremete, Dunasziget, Feketeerd\u0151, Hal\u00e1szi, Hegyeshalom, H\u00e9derv\u00e1r, J\u00e1nossomorja, K\u00e1rolyh\u00e1za, Kimle, Kisbodak, Lev\u00e9l, L\u00e9b\u00e9ny, Lip\u00f3t, M\u00e1riak\u00e1lnok, Mecs\u00e9r, Mosonmagyar\u00f3v\u00e1r, Mosonszentmikl\u00f3s, Mosonszolnok, Mosonudvar, P\u00fcski, Rajka, \u00dajr\u00f3naf\u0151, V\u00e1rbalog&nbsp;<\/p>\n<p class=\"v1MsoListParagraphCxSpMiddle\">\n<\/p>\t\t\t\t\t\t\t\t<\/div>\n\t\t\t\t<\/div>\n\t\t\t\t<div class=\"elementor-element elementor-element-10b4f03 elementor-button-warning elementor-align-center elementor-widget elementor-widget-button\" data-id=\"10b4f03\" data-element_type=\"widget\" data-e-type=\"widget\" data-widget_type=\"button.default\">\n\t\t\t\t<div class=\"elementor-widget-container\">\n\t\t\t\t\t\t\t\t\t<div class=\"elementor-button-wrapper\">\n\t\t\t\t\t<a class=\"elementor-button elementor-button-link elementor-size-sm\" href=\"https:\/\/keszi.hu\/index.php\/hazi-segitsegnyujtas-igenyles\/\" target=\"_blank\">\n\t\t\t\t\t\t<span class=\"elementor-button-content-wrapper\">\n\t\t\t\t\t\t\t\t\t<span class=\"elementor-button-text\">Tov\u00e1bb az ig\u00e9nyl\u00e9shez<\/span>\n\t\t\t\t\t<\/span>\n\t\t\t\t\t<\/a>\n\t\t\t\t<\/div>\n\t\t\t\t\t\t\t\t<\/div>\n\t\t\t\t<\/div>\n\t\t\t\t\t<\/div>\n\t\t<\/div>\n\t\t\t\t\t<\/div>\n\t\t<\/section>\n\t\t\t\t<\/div>\n\t\t","protected":false},"excerpt":{"rendered":"<p>H\u00e1zi seg\u00edts\u00e9gny\u00fajt\u00e1s Ki veheti ig\u00e9nybe? A h\u00e1zi seg\u00edts\u00e9gny\u00fajt\u00e1s ig\u00e9nybev\u00e9tele \u00f6nk\u00e9ntes, az ell\u00e1t\u00e1st ig\u00e9nyl\u0151, illetve t\u00f6rv\u00e9nyes k\u00e9pvisel\u0151je k\u00e9relm\u00e9re, ind\u00edtv\u00e1ny\u00e1ra t\u00f6rt\u00e9nik. B\u00e1rki ig\u00e9nybe veheti, akinek a gondoz\u00e1si sz\u00fcks\u00e9glete azt megk\u00edv\u00e1nja. &nbsp;Miben tudunk seg\u00edteni? &nbsp;A h\u00e1zi seg\u00edts\u00e9gny\u00fajt\u00e1s sor\u00e1n az ig\u00e9nybe vev\u0151 \u00f6n\u00e1ll\u00f3 \u00e9letvitel\u00e9nek fenntart\u00e1sa \u00e9rdek\u00e9ben sz\u00fcks\u00e9ges ell\u00e1t\u00e1st \u2013sz\u00fcks\u00e9gleteinek megfelel\u0151en &#8211; lak\u00e1s\u00e1n, lak\u00f3k\u00f6rnyezet\u00e9ben biztos\u00edtjuk. A h\u00e1zi seg\u00edts\u00e9gny\u00fajt\u00e1sban dolgoz\u00f3 gondoz\u00f3&#8230;<\/p>\n","protected":false},"author":1,"featured_media":0,"parent":0,"menu_order":0,"comment_status":"closed","ping_status":"closed","template":"","meta":{"_tbt_post_transparent":"","_tbt_post_title":"","_tbt_post_layout":"","_tbt_post_sidebar_id":"","_tbt_post_content_style":"","_tbt_post_vertical_padding":"","_tbt_post_feature":"","_tbt_post_feature_position":"","_tbt_post_header":false,"_tbt_post_footer":false},"class_list":["post-11888","page","type-page","status-publish","hentry"],"_links":{"self":[{"href":"https:\/\/keszi.hu\/index.php\/wp-json\/wp\/v2\/pages\/11888","targetHints":{"allow":["GET"]}}],"collection":[{"href":"https:\/\/keszi.hu\/index.php\/wp-json\/wp\/v2\/pages"}],"about":[{"href":"https:\/\/keszi.hu\/index.php\/wp-json\/wp\/v2\/types\/page"}],"author":[{"embeddable":true,"href":"https:\/\/keszi.hu\/index.php\/wp-json\/wp\/v2\/users\/1"}],"replies":[{"embeddable":true,"href":"https:\/\/keszi.hu\/index.php\/wp-json\/wp\/v2\/comments?post=11888"}],"version-history":[{"count":25,"href":"https:\/\/keszi.hu\/index.php\/wp-json\/wp\/v2\/pages\/11888\/revisions"}],"predecessor-version":[{"id":14962,"href":"https:\/\/keszi.hu\/index.php\/wp-json\/wp\/v2\/pages\/11888\/revisions\/14962"}],"wp:attachment":[{"href":"https:\/\/keszi.hu\/index.php\/wp-json\/wp\/v2\/media?parent=11888"}],"curies":[{"name":"wp","href":"https:\/\/api.w.org\/{rel}","templated":true}]}}