{"id":11811,"date":"2024-03-19T10:55:39","date_gmt":"2024-03-19T09:55:39","guid":{"rendered":"https:\/\/keszi.hu\/?page_id=11811"},"modified":"2024-04-30T18:18:10","modified_gmt":"2024-04-30T16:18:10","slug":"elhelyezes-igenybevetel","status":"publish","type":"page","link":"https:\/\/keszi.hu\/index.php\/elhelyezes-igenybevetel\/","title":{"rendered":"Elhelyez\u00e9s\/Ig\u00e9nybev\u00e9tel"},"content":{"rendered":"\t\t<div data-elementor-type=\"wp-page\" data-elementor-id=\"11811\" class=\"elementor elementor-11811\">\n\t\t\t\t\t\t<section class=\"elementor-section elementor-top-section elementor-element elementor-element-abd6d36 elementor-section-full_width elementor-section-height-default elementor-section-height-default\" data-id=\"abd6d36\" data-element_type=\"section\" data-e-type=\"section\">\n\t\t\t\t\t\t<div class=\"elementor-container elementor-column-gap-default\">\n\t\t\t\t\t<div class=\"elementor-column elementor-col-100 elementor-top-column elementor-element elementor-element-7f9c7ff\" data-id=\"7f9c7ff\" data-element_type=\"column\" data-e-type=\"column\">\n\t\t\t<div class=\"elementor-widget-wrap elementor-element-populated\">\n\t\t\t\t\t\t<div class=\"elementor-element elementor-element-9c9198f elementor-widget elementor-widget-heading\" data-id=\"9c9198f\" data-element_type=\"widget\" data-e-type=\"widget\" data-widget_type=\"heading.default\">\n\t\t\t\t<div class=\"elementor-widget-container\">\n\t\t\t\t\t<h2 class=\"elementor-heading-title elementor-size-default\">A szoci\u00e1lis ell\u00e1t\u00e1sokat sz\u00f3ban, vagy \u00edr\u00e1sban k\u00e9relmezni kell.<\/h2>\t\t\t\t<\/div>\n\t\t\t\t<\/div>\n\t\t\t\t\t<\/div>\n\t\t<\/div>\n\t\t\t\t\t<\/div>\n\t\t<\/section>\n\t\t<div class=\"elementor-element elementor-element-f0f7022 e-flex e-con-boxed e-con e-parent\" data-id=\"f0f7022\" data-element_type=\"container\" data-e-type=\"container\">\n\t\t\t\t\t<div class=\"e-con-inner\">\n\t\t\t\t<div class=\"elementor-element elementor-element-e3649c6 elementor-widget elementor-widget-text-editor\" data-id=\"e3649c6\" data-element_type=\"widget\" data-e-type=\"widget\" data-widget_type=\"text-editor.default\">\n\t\t\t\t<div class=\"elementor-widget-container\">\n\t\t\t\t\t\t\t\t\t<p><strong><u>Alapszolg\u00e1ltat\u00e1si Centrum<\/u><\/strong> Irod\u00e1j\u00e1ban (9200 Mosonmagyar\u00f3v\u00e1r, Zichy Mih\u00e1ly u. 5.)<\/p><p><strong style=\"color: var( --e-global-color-text ); font-family: var( --e-global-typography-text-font-family ), Sans-serif; text-align: var(--text-align); background-color: transparent;\"><u>Id\u0151sek Bentlak\u00e1sos Otthonai:<\/u><\/strong><\/p><p>A t\u00e1rsult telep\u00fcl\u00e9sekr\u0151l lehet beadni k\u00e9relem adatlapot.<\/p><p><strong style=\"color: var( --e-global-color-text ); font-family: var( --e-global-typography-text-font-family ), Sans-serif; text-align: var(--text-align); background-color: transparent;\">Id\u0151sek Gondoz\u00f3h\u00e1za \u2013 \u00c1tmeneti elhelyez\u00e9st ny\u00fajt\u00f3 int\u00e9zm\u00e9ny<\/strong><span style=\"color: var( --e-global-color-text ); font-family: var( --e-global-typography-text-font-family ), Sans-serif; font-weight: var( --e-global-typography-text-font-weight ); text-align: var(--text-align); background-color: transparent;\"> (1 \u00e9v)<br \/><\/span><span style=\"background-color: transparent; color: var( --e-global-color-text ); font-family: var( --e-global-typography-text-font-family ), Sans-serif; font-weight: var( --e-global-typography-text-font-weight ); text-align: var(--text-align);\">9200 Mosonmagyar\u00f3v\u00e1r, Soproni u 65.<br \/><\/span><span style=\"background-color: transparent; color: var( --e-global-color-text ); font-family: var( --e-global-typography-text-font-family ), Sans-serif; font-weight: var( --e-global-typography-text-font-weight ); text-align: var(--text-align);\">Szakmai vezet\u0151: \u00a0Kov\u00e1cs \u00c1gota\u00a0\u00a0\u00a0\u00a0\u00a0\u00a0\u00a0\u00a0\u00a0\u00a0\u00a0\u00a0 +36\/20\/ 250 5473<br \/><\/span><span style=\"background-color: transparent; color: var( --e-global-color-text ); font-family: var( --e-global-typography-text-font-family ), Sans-serif; font-weight: var( --e-global-typography-text-font-weight ); text-align: var(--text-align);\">Vezet\u0151 \u00e1pol\u00f3: Szab\u00f3 J\u00e1nosn\u00e9 +36\/20 \/ 251 1014<\/span><\/p><p><b>Vir\u00e1goskert Id\u0151sek Otthona<br \/><\/b><span style=\"color: var( --e-global-color-text ); font-family: var( --e-global-typography-text-font-family ), Sans-serif; font-weight: var( --e-global-typography-text-font-weight ); text-align: var(--text-align); background-color: transparent;\">9200 Mosonmagyar\u00f3v\u00e1r, Lengy\u00e1ri u. 2.<br \/><\/span><span style=\"color: var( --e-global-color-text ); font-family: var( --e-global-typography-text-font-family ), Sans-serif; font-weight: var( --e-global-typography-text-font-weight ); text-align: var(--text-align); background-color: transparent;\">Egyszeri bel\u00e9p\u00e9si hozz\u00e1j\u00e1rul\u00e1st kell fizetni<br \/><\/span><span style=\"color: var( --e-global-color-text ); font-family: var( --e-global-typography-text-font-family ), Sans-serif; font-weight: var( --e-global-typography-text-font-weight ); text-align: var(--text-align); background-color: transparent;\">Szakmai vezet\u0151: \u00a0\u00a0Kov\u00e1cs \u00c1gota\u00a0\u00a0\u00a0\u00a0\u00a0\u00a0\u00a0\u00a0\u00a0\u00a0\u00a0\u00a0 +36\/20\/ 250 5473<br \/><\/span><span style=\"color: var( --e-global-color-text ); font-family: var( --e-global-typography-text-font-family ), Sans-serif; font-weight: var( --e-global-typography-text-font-weight ); text-align: var(--text-align); background-color: transparent;\">Vezet\u0151 \u00e1pol\u00f3: Szab\u00f3 J\u00e1nosn\u00e9 +36\/20 \/ 251 1014<\/span><\/p><p><b>Aranykor Id\u0151sek Otthona<br \/><\/b><span style=\"color: var( --e-global-color-text ); font-family: var( --e-global-typography-text-font-family ), Sans-serif; font-weight: var( --e-global-typography-text-font-weight ); text-align: var(--text-align); background-color: transparent;\">9200 Mosonmagyar\u00f3v\u00e1r, Soproni u. 65.<br \/><\/span><span style=\"color: var( --e-global-color-text ); font-family: var( --e-global-typography-text-font-family ), Sans-serif; font-weight: var( --e-global-typography-text-font-weight ); text-align: var(--text-align); background-color: transparent;\">Szakmai vezet\u0151: \u00a0Kov\u00e1cs \u00c1gota\u00a0\u00a0\u00a0\u00a0\u00a0\u00a0\u00a0\u00a0\u00a0\u00a0\u00a0\u00a0\u00a0\u00a0\u00a0 +36\/20\/ 250 5473<br \/><\/span><span style=\"color: var( --e-global-color-text ); font-family: var( --e-global-typography-text-font-family ), Sans-serif; font-weight: var( --e-global-typography-text-font-weight ); text-align: var(--text-align); background-color: transparent;\">Vezet\u0151 \u00e1pol\u00f3: Szab\u00f3 J\u00e1nosn\u00e9 +36\/20 \/ 251\u00a0101<\/span><\/p><p><strong>\u00a0<\/strong><\/p>\t\t\t\t\t\t\t\t<\/div>\n\t\t\t\t<\/div>\n\t\t\t\t\t<\/div>\n\t\t\t\t<\/div>\n\t\t\t\t<\/div>\n\t\t","protected":false},"excerpt":{"rendered":"<p>A szoci\u00e1lis ell\u00e1t\u00e1sokat sz\u00f3ban, vagy \u00edr\u00e1sban k\u00e9relmezni kell. Alapszolg\u00e1ltat\u00e1si Centrum Irod\u00e1j\u00e1ban (9200 Mosonmagyar\u00f3v\u00e1r, Zichy Mih\u00e1ly u. 5.) Id\u0151sek Bentlak\u00e1sos Otthonai: A t\u00e1rsult telep\u00fcl\u00e9sekr\u0151l lehet beadni k\u00e9relem adatlapot. Id\u0151sek Gondoz\u00f3h\u00e1za \u2013 \u00c1tmeneti elhelyez\u00e9st ny\u00fajt\u00f3 int\u00e9zm\u00e9ny (1 \u00e9v)9200 Mosonmagyar\u00f3v\u00e1r, Soproni u 65.Szakmai vezet\u0151: \u00a0Kov\u00e1cs \u00c1gota\u00a0\u00a0\u00a0\u00a0\u00a0\u00a0\u00a0\u00a0\u00a0\u00a0\u00a0\u00a0 +36\/20\/ 250 5473Vezet\u0151 \u00e1pol\u00f3: Szab\u00f3 J\u00e1nosn\u00e9 +36\/20 \/ 251 1014 Vir\u00e1goskert Id\u0151sek&#8230;<\/p>\n","protected":false},"author":1,"featured_media":0,"parent":0,"menu_order":0,"comment_status":"closed","ping_status":"closed","template":"","meta":{"_tbt_post_transparent":"","_tbt_post_title":"","_tbt_post_layout":"","_tbt_post_sidebar_id":"","_tbt_post_content_style":"","_tbt_post_vertical_padding":"","_tbt_post_feature":"","_tbt_post_feature_position":"","_tbt_post_header":false,"_tbt_post_footer":false},"class_list":["post-11811","page","type-page","status-publish","hentry"],"_links":{"self":[{"href":"https:\/\/keszi.hu\/index.php\/wp-json\/wp\/v2\/pages\/11811","targetHints":{"allow":["GET"]}}],"collection":[{"href":"https:\/\/keszi.hu\/index.php\/wp-json\/wp\/v2\/pages"}],"about":[{"href":"https:\/\/keszi.hu\/index.php\/wp-json\/wp\/v2\/types\/page"}],"author":[{"embeddable":true,"href":"https:\/\/keszi.hu\/index.php\/wp-json\/wp\/v2\/users\/1"}],"replies":[{"embeddable":true,"href":"https:\/\/keszi.hu\/index.php\/wp-json\/wp\/v2\/comments?post=11811"}],"version-history":[{"count":10,"href":"https:\/\/keszi.hu\/index.php\/wp-json\/wp\/v2\/pages\/11811\/revisions"}],"predecessor-version":[{"id":12744,"href":"https:\/\/keszi.hu\/index.php\/wp-json\/wp\/v2\/pages\/11811\/revisions\/12744"}],"wp:attachment":[{"href":"https:\/\/keszi.hu\/index.php\/wp-json\/wp\/v2\/media?parent=11811"}],"curies":[{"name":"wp","href":"https:\/\/api.w.org\/{rel}","templated":true}]}}