{"id":2450,"date":"2023-10-27T13:09:27","date_gmt":"2023-10-27T11:09:27","guid":{"rendered":"https:\/\/wp.themedemo.org\/WCM07\/WCM070151\/?page_id=2450"},"modified":"2025-11-18T13:37:01","modified_gmt":"2025-11-18T12:37:01","slug":"kapcsolat","status":"publish","type":"page","link":"http:\/\/keszi.hu\/index.php\/kapcsolat\/","title":{"rendered":"Kapcsolat"},"content":{"rendered":"\t\t<div data-elementor-type=\"wp-page\" data-elementor-id=\"2450\" class=\"elementor elementor-2450\">\n\t\t\t\t\t\t<div class=\"elementor-section elementor-top-section elementor-element elementor-element-270e0d3 elementor-section-boxed elementor-section-height-default elementor-section-height-default\" data-id=\"270e0d3\" data-element_type=\"section\" data-e-type=\"section\">\n\t\t\t\t\t\t<div class=\"elementor-container elementor-column-gap-default\">\n\t\t\t\t\t<div class=\"elementor-column elementor-col-100 elementor-top-column elementor-element elementor-element-9f93685\" data-id=\"9f93685\" data-element_type=\"column\" data-e-type=\"column\">\n\t\t\t<div class=\"elementor-widget-wrap elementor-element-populated\">\n\t\t\t\t\t\t<div class=\"elementor-element elementor-element-cc2b167 elementor-widget elementor-widget-google_maps\" data-id=\"cc2b167\" data-element_type=\"widget\" data-e-type=\"widget\" data-widget_type=\"google_maps.default\">\n\t\t\t\t<div class=\"elementor-widget-container\">\n\t\t\t\t\t\t\t<div class=\"elementor-custom-embed\">\n\t\t\t<iframe loading=\"lazy\"\n\t\t\t\t\tsrc=\"https:\/\/maps.google.com\/maps?q=mosonmagyarovar%2C%20magyarorszag&#038;t=m&#038;z=11&#038;output=embed&#038;iwloc=near\"\n\t\t\t\t\ttitle=\"mosonmagyarovar, magyarorszag\"\n\t\t\t\t\taria-label=\"mosonmagyarovar, magyarorszag\"\n\t\t\t><\/iframe>\n\t\t<\/div>\n\t\t\t\t\t\t<\/div>\n\t\t\t\t<\/div>\n\t\t\t\t\t<\/div>\n\t\t<\/div>\n\t\t\t\t\t<\/div>\n\t\t<\/div>\n\t\t<div class=\"elementor-element elementor-element-53cc7a3 e-flex e-con-boxed e-con e-parent\" data-id=\"53cc7a3\" data-element_type=\"container\" data-e-type=\"container\">\n\t\t\t\t\t<div class=\"e-con-inner\">\n\t\t\t\t<div class=\"elementor-element elementor-element-4432027 elementor-widget elementor-widget-text-editor\" data-id=\"4432027\" data-element_type=\"widget\" data-e-type=\"widget\" data-widget_type=\"text-editor.default\">\n\t\t\t\t<div class=\"elementor-widget-container\">\n\t\t\t\t\t\t\t\t\t<p>\u00a0<\/p><table style=\"margin-bottom: 0px; padding: 0px; list-style: none; border: none; border-collapse: collapse; border-spacing: 0px; width: 940px; color: #878787; font-family: Arial, Helvetica, sans-serif; font-size: 13px; letter-spacing: normal;\"><tbody style=\"margin: 0px; padding: 0px; list-style: none;\"><tr style=\"margin: 0px; padding: 0px; list-style: none;\"><td style=\"margin: 0px; padding: 0px; list-style: none; font-size: 26px; line-height: normal; color: #646b74; background: url('..\/images\/dot.gif') center bottom repeat-x;\" width=\"100%\">\u00a0<\/td><\/tr><\/tbody><\/table><table style=\"padding: 0px; list-style: none; border: none; border-collapse: collapse; border-spacing: 0px; width: 940px; color: #878787; font-family: Arial, Helvetica, sans-serif; font-size: 13px; letter-spacing: normal;\"><tbody style=\"margin: 0px; padding: 0px; list-style: none;\"><tr style=\"margin: 0px; padding: 0px; list-style: none;\"><td style=\"margin: 0px; padding: 5px; list-style: none;\" valign=\"top\"><table style=\"padding: 0px; list-style: none; width: 930px;\" border=\"0\"><tbody style=\"margin: 0px; padding: 0px; list-style: none;\"><tr style=\"margin: 0px; padding: 0px; list-style: none;\"><td style=\"margin: 0px; padding: 5px; list-style: none;\" valign=\"top\"><div style=\"margin: 0px 0px 15px; padding: 5px 0px; list-style: none; font-size: 26px; line-height: normal; color: #646b74; font-family: Calibri; border-bottom: 1px solid #cccccc;\">Kist\u00e9rs\u00e9gi Egyes\u00edtett Szoci\u00e1lis Int\u00e9zm\u00e9ny<\/div><p style=\"margin: 1em 0px; padding: 0px; list-style: none;\">C\u00edm: 9200 Mosonmagyar\u00f3v\u00e1r, Soproni u. 65.<br style=\"margin: 0px; padding: 0px; list-style: none;\" \/>Tel: 06-96\/566-260<br style=\"margin: 0px; padding: 0px; list-style: none;\" \/>E-mail:\u00a0<a style=\"margin: 0px; padding: 0px; list-style: none; color: #646b74; border-bottom: 1px dotted #c2c2c2;\">info@keszi.hu<\/a><\/p><p style=\"margin: 1em 0px; padding: 0px; list-style: none;\"><strong style=\"margin: 0px; padding: 0px; list-style: none;\">Int\u00e9zm\u00e9nyvezet\u0151:<\/strong><br style=\"margin: 0px; padding: 0px; list-style: none;\" \/>Zimmerer K\u00e1rolyn\u00e9<br style=\"margin: 0px; padding: 0px; list-style: none;\" \/>Tel: +36 20 403 0038<br style=\"margin: 0px; padding: 0px; list-style: none;\" \/>E-mail:\u00a0<a style=\"margin: 0px; padding: 0px; list-style: none; color: #646b74; border-bottom: 1px dotted #c2c2c2;\">intezmenyvezeto@keszi.hu<\/a><\/p><p style=\"margin: 1em 0px; padding: 0px; list-style: none;\"><strong style=\"margin: 0px; padding: 0px; list-style: none;\">Gazdas\u00e1gi vezet\u0151:<\/strong><br style=\"margin: 0px; padding: 0px; list-style: none;\" \/>Hima Erika<\/p><p style=\"margin: 1em 0px; padding: 0px; list-style: none;\">Schulczn\u00e9 Szab\u00f3 Anik\u00f3 gazdas\u00e1gi vezet\u0151 helyettes<\/p><p style=\"margin: 1em 0px; padding: 0px; list-style: none;\">Tel: +36 20 340 7393<br style=\"margin: 0px; padding: 0px; list-style: none;\" \/>E-mail:\u00a0<a style=\"margin: 0px; padding: 0px; list-style: none; color: #646b74; border-bottom: 1px dotted #c2c2c2;\">gazdasagivezeto@keszi.hu<\/a><\/p><p style=\"margin: 1em 0px; padding: 0px; list-style: none;\"><strong style=\"margin: 0px; padding: 0px; list-style: none;\">Titk\u00e1rs\u00e1g:<\/strong><br style=\"margin: 0px; padding: 0px; list-style: none;\" \/>Kajt\u00e1rn\u00e9 Pozsgai Barbara<br style=\"margin: 0px; padding: 0px; list-style: none;\" \/>Tel: 06-96\/566 260<br style=\"margin: 0px; padding: 0px; list-style: none;\" \/>E-mail: info@keszi.hu<\/p><div style=\"margin: 0px 0px 15px; padding: 5px 0px; list-style: none; font-size: 26px; line-height: normal; color: #646b74; font-family: Calibri; border-bottom: 1px solid #cccccc;\">Az int\u00e9zm\u00e9ny egys\u00e9gei:<\/div><p style=\"margin: 1em 0px; padding: 0px; list-style: none;\"><strong style=\"margin: 0px; padding: 0px; list-style: none;\">Aranykor Id\u0151sek Otthona<\/strong><br style=\"margin: 0px; padding: 0px; list-style: none;\" \/>9200 Mosonmagyar\u00f3v\u00e1r, Soproni u. 65.<br style=\"margin: 0px; padding: 0px; list-style: none;\" \/>Tel: 06-96\/566-264, E-mail: aranykor@keszi.hu<\/p><p><a style=\"margin: 0px; padding: 0px; list-style: none; color: #646b74; border-bottom: 1px dotted #c2c2c2;\">\u00a0<\/a><\/p><p><strong>Szakmai vezet\u0151:<\/strong> Kov\u00e1cs \u00c1gota<br \/>Tel:+36 20 250 5473, E-mail: idosbentlakas@keszi.hu<\/p><p style=\"margin: 1em 0px; padding: 0px; list-style: none;\"><strong>Vezet\u0151\u00e1pol\u00f3:<\/strong> Szab\u00f3 J\u00e1nosn\u00e9<\/p><p style=\"margin: 1em 0px; padding: 0px; list-style: none;\">Tel.: +36 20 251 1014, E-mail: vezetoapolo@keszi.hu<\/p><p style=\"margin: 1em 0px; padding: 0px; list-style: none;\"><strong>Szak\u00e1pol\u00e1s vezet\u0151:<\/strong>\u00a0Szemes-R\u00e9dl Eszter<\/p><p style=\"margin: 1em 0px; padding: 0px; list-style: none;\">Tel.: +36 20 431 5859, E-mail:szakapolas@keszi.hu<\/p><p style=\"margin: 1em 0px; padding: 0px; list-style: none;\"><strong style=\"margin: 0px; padding: 0px; list-style: none;\">Vir\u00e1goskert Id\u0151sek Otthona<\/strong><br style=\"margin: 0px; padding: 0px; list-style: none;\" \/>9200 Mosonmagyar\u00f3v\u00e1r, Lengy\u00e1ri u. 2.\u00a0<br style=\"margin: 0px; padding: 0px; list-style: none;\" \/>Tel: +36 20 807 3894, E-mail: <a style=\"margin: 0px; padding: 0px; list-style: none; color: #646b74; border-bottom: 1px dotted #c2c2c2;\">idosotthon@keszi.hu<\/a><\/p><p><a style=\"margin: 0px; padding: 0px; list-style: none; color: #646b74; border-bottom: 1px dotted #c2c2c2;\">\u00a0<\/a><\/p><p><strong>Szakmai vezet\u0151:<\/strong> Kov\u00e1cs \u00c1gota<br \/>Tel:+36 20 250 5473, E-mail: idosbentlakas@keszi.hu<\/p><p style=\"margin: 1em 0px; padding: 0px; list-style: none;\"><strong>Vezet\u0151\u00e1pol\u00f3:<\/strong> Szab\u00f3 J\u00e1nosn\u00e9<\/p><p style=\"margin: 1em 0px; padding: 0px; list-style: none;\">Tel.: +36 20 251 1014, E-mail: vezetoapolo@keszi.hu<\/p><p style=\"margin: 1em 0px; padding: 0px; list-style: none;\"><strong>Szak\u00e1pol\u00e1s vezet\u0151:<\/strong>\u00a0Szemes-R\u00e9dl Eszter<\/p><p style=\"margin: 1em 0px; padding: 0px; list-style: none;\">Tel.: +36020 431 5859, E-mail: szakapolas@keszi.hu<\/p><p style=\"margin: 1em 0px; padding: 0px; list-style: none;\"><strong style=\"margin: 0px; padding: 0px; list-style: none;\">Id\u0151sek Gondoz\u00f3h\u00e1za<\/strong><br style=\"margin: 0px; padding: 0px; list-style: none;\" \/>9200 Mosonmagyar\u00f3v\u00e1r, Soproni u. 65.<br style=\"margin: 0px; padding: 0px; list-style: none;\" \/>Tel: 06-96\/566-268, E-mail: <a style=\"margin: 0px; padding: 0px; list-style: none; color: #646b74; border-bottom: 1px dotted #c2c2c2;\">gondozohaz@keszi.hu<\/a><\/p><p><a style=\"margin: 0px; padding: 0px; list-style: none; color: #646b74; border-bottom: 1px dotted #c2c2c2;\">\u00a0<\/a><\/p><p><strong>Szakmai vezet\u0151:<\/strong> Kov\u00e1cs \u00c1gota<br \/>Tel:+36 20 250 5473, E-mail: idosbentlakas@keszi.hu<\/p><p style=\"margin: 1em 0px; padding: 0px; list-style: none;\"><strong>Vezet\u0151\u00e1pol\u00f3:<\/strong> Szab\u00f3 J\u00e1nosn\u00e9<\/p><p style=\"margin: 1em 0px; padding: 0px; list-style: none;\">Tel.: +36 20 251 1014, E-mail: vezetoapolo@keszi.hu<\/p><p style=\"margin: 1em 0px; padding: 0px; list-style: none;\"><strong>Szak\u00e1pol\u00e1s vezet\u0151:<\/strong>\u00a0Szemes-R\u00e9dl Eszter<\/p><p style=\"margin: 1em 0px; padding: 0px; list-style: none;\">Tel.: +36 20 431 5859, E-mail: szakapolas@keszi.hu<\/p><p style=\"margin: 1em 0px; padding: 0px; list-style: none;\"><strong style=\"margin: 0px; padding: 0px; list-style: none;\">Alapszolg\u00e1ltat\u00e1si Centrum<\/strong><br style=\"margin: 0px; padding: 0px; list-style: none;\" \/>9200 Mosonmagyar\u00f3v\u00e1r, Zichy M. u. 5.<br \/><br style=\"margin: 0px; padding: 0px; list-style: none;\" \/><strong>Szakmai vezet\u0151:<\/strong> Baranyain\u00e9 T\u00f3th \u00c1gnes<br style=\"margin: 0px; padding: 0px; list-style: none;\" \/>El\u00e9rhet\u0151s\u00e9gek: +36\/20 40 600 60 alapszolgaltatas@keszi.hu<br \/>Iroda: 06-96\/206-041 alapsziroda@keszi.hu<\/p><p style=\"margin: 1em 0px; padding: 0px; list-style: none;\"><strong style=\"margin: 0px; padding: 0px; list-style: none;\"><strong>Naposh\u00e1z <\/strong>Fogyat\u00e9koss\u00e1ggal \u00c9l\u0151k Nappali Int\u00e9zm\u00e9nye<br style=\"margin: 0px; padding: 0px; list-style: none;\" \/><\/strong>9200 Mosonmagyar\u00f3v\u00e1r, Lengy\u00e1ri u. 2.<\/p><p><strong>Vezet\u0151je:<\/strong> Borsos Eszter<br style=\"margin: 0px; padding: 0px; list-style: none;\" \/>Tel: +36 20 531-96-60; 06-96\/206-220,<br \/>E-mail: <a style=\"margin: 0px; padding: 0px; list-style: none; color: #646b74; border-bottom: 1px dotted #c2c2c2;\">naposhaz@keszi.hu<\/a><\/p><p style=\"margin: 1em 0px; padding: 0px; list-style: none;\"><strong style=\"margin: 0px; padding: 0px; list-style: none;\">Hajl\u00e9ktalanok \u00c1tmeneti Sz\u00e1ll\u00e1sa, Hajl\u00e9ktalanok Nappali Meleged\u0151je<br style=\"margin: 0px; padding: 0px; list-style: none;\" \/><\/strong>9200 Mosonmagyar\u00f3v\u00e1r, Bar\u00e1ts\u00e1g u. 20.<br style=\"margin: 0px; padding: 0px; list-style: none;\" \/>Tel: +36 20 403 2359; 06-96\/203-379<br \/><br style=\"margin: 0px; padding: 0px; list-style: none;\" \/><strong>Megb\u00edzott vezet\u0151je: Bodor D\u00f3ra<\/strong>\u00a0<br style=\"margin: 0px; padding: 0px; list-style: none;\" \/>E-mail:\u00a0<a style=\"margin: 0px; padding: 0px; list-style: none; color: #646b74; border-bottom: 1px dotted #c2c2c2;\">hajlektalanellatas@keszi.hu<\/a><\/p><div style=\"margin: 0px 0px 15px; padding: 5px 0px; list-style: none; font-size: 26px; line-height: normal; color: #646b74; font-family: Calibri; border-bottom: 1px solid #cccccc;\">Id\u0151sek klubjai<\/div><p style=\"margin: 1em 0px; padding: 0px; list-style: none;\"><strong style=\"margin: 0px; padding: 0px; list-style: none;\">\u00d3v\u00e1ri Id\u0151sek Klubja<\/strong><br style=\"margin: 0px; padding: 0px; list-style: none;\" \/>9200 Mosonmagyar\u00f3v\u00e1r, Zichy M. u. 5.<br \/><br style=\"margin: 0px; padding: 0px; list-style: none;\" \/><strong>Ter\u00e1pi\u00e1s munkat\u00e1rs:<\/strong>\u00a0Kolos Csilla<br \/>El\u00e9rhet\u0151s\u00e9gek: 06-96\/211-396; +36\/20 229 2665, ovarik@keszi.hu<\/p><p style=\"margin: 1em 0px; padding: 0px; list-style: none;\"><strong style=\"margin: 0px; padding: 0px; list-style: none;\">Mosoni Id\u0151sek Klubja<\/strong><br style=\"margin: 0px; padding: 0px; list-style: none;\" \/>9200 Mosonmagyar\u00f3v\u00e1r, Szent Istv\u00e1n Kir\u00e1ly u. 109.<br \/><br style=\"margin: 0px; padding: 0px; list-style: none;\" \/><strong>Ter\u00e1pi\u00e1s munkat\u00e1rs<\/strong>: Pacsuta Csab\u00e1n\u00e9<br \/>El\u00e9rhet\u0151s\u00e9gek: 06-96\/823-657; +36\/20 564 3330, mosonik@keszi.hu<\/p><p style=\"margin: 1em 0px; padding: 0px; list-style: none;\"><strong style=\"margin: 0px; padding: 0px; list-style: none;\">Id\u0151sek Klubja L\u00e9b\u00e9ny<br style=\"margin: 0px; padding: 0px; list-style: none;\" \/><\/strong>9155 L\u00e9b\u00e9ny, Iskola utca 13.<\/p><p><strong>Ter\u00e1pi\u00e1s munkat\u00e1rs:<\/strong> Geisztlinger Ildik\u00f3<br \/>El\u00e9rhet\u0151s\u00e9gek: +36\/20 983 2447, lebenyik@keszi.hu<\/p><p style=\"margin: 1em 0px; padding: 0px; list-style: none;\"><strong style=\"margin: 0px; padding: 0px; list-style: none;\">Id\u0151sek Klubja J\u00e1nossomorja<\/strong><br style=\"margin: 0px; padding: 0px; list-style: none;\" \/>9241 J\u00e1nossomorja, \u00d3v\u00e1ri \u00fat 4.<\/p><p><strong>Ter\u00e1pi\u00e1s munkat\u00e1rs:<\/strong> Sz\u0171csn\u00e9 Vincze Krisztina<br \/>El\u00e9rhet\u0151s\u00e9gek: +36\/20 482 4689, janossomorjaik@keszi.hu<\/p><p style=\"margin: 1em 0px; padding: 0px; list-style: none;\"><strong style=\"margin: 0px; padding: 0px; list-style: none;\">Id\u0151sek klubja Hegyeshalom<\/strong><br style=\"margin: 0px; padding: 0px; list-style: none;\" \/>9222 Hegyeshalom, F\u0151 utca 158.<br \/><br style=\"margin: 0px; padding: 0px; list-style: none;\" \/><strong>Ter\u00e1pi\u00e1s munkat\u00e1rs:<\/strong> Kov\u00e1cs Andrea<br \/><span style=\"font-weight: var( --e-global-typography-text-font-weight ); background-color: transparent;\">El\u00e9rhet\u0151s\u00e9gek: +36\/20 284 7256, hegyeshalomik@keszi.hu<\/span><\/p><\/td><td style=\"margin: 0px; padding: 5px; list-style: none;\" valign=\"top\"><div style=\"margin: 0px 0px 15px; padding: 5px 0px; list-style: none; font-size: 26px; line-height: normal; color: #646b74; font-family: Calibri; border-bottom: 1px solid #cccccc;\">\u00a0<\/div><\/td><\/tr><\/tbody><\/table><\/td><\/tr><\/tbody><\/table>\t\t\t\t\t\t\t\t<\/div>\n\t\t\t\t<\/div>\n\t\t\t\t\t<\/div>\n\t\t\t\t<\/div>\n\t\t\t\t<\/div>\n\t\t","protected":false},"excerpt":{"rendered":"<p>\u00a0 \u00a0 Kist\u00e9rs\u00e9gi Egyes\u00edtett Szoci\u00e1lis Int\u00e9zm\u00e9ny C\u00edm: 9200 Mosonmagyar\u00f3v\u00e1r, Soproni u. 65.Tel: 06-96\/566-260E-mail:\u00a0info@keszi.hu Int\u00e9zm\u00e9nyvezet\u0151:Zimmerer K\u00e1rolyn\u00e9Tel: +36 20 403 0038E-mail:\u00a0intezmenyvezeto@keszi.hu Gazdas\u00e1gi vezet\u0151:Hima Erika Schulczn\u00e9 Szab\u00f3 Anik\u00f3 gazdas\u00e1gi vezet\u0151 helyettes Tel: +36 20 340 7393E-mail:\u00a0gazdasagivezeto@keszi.hu Titk\u00e1rs\u00e1g:Kajt\u00e1rn\u00e9 Pozsgai BarbaraTel: 06-96\/566 260E-mail: info@keszi.hu Az int\u00e9zm\u00e9ny egys\u00e9gei: Aranykor Id\u0151sek Otthona9200 Mosonmagyar\u00f3v\u00e1r, Soproni u. 65.Tel: 06-96\/566-264, E-mail: aranykor@keszi.hu \u00a0 Szakmai vezet\u0151:&#8230;<\/p>\n","protected":false},"author":1,"featured_media":0,"parent":0,"menu_order":0,"comment_status":"closed","ping_status":"closed","template":"","meta":{"_tbt_post_transparent":"","_tbt_post_title":"","_tbt_post_layout":"","_tbt_post_sidebar_id":"","_tbt_post_content_style":"","_tbt_post_vertical_padding":"","_tbt_post_feature":"","_tbt_post_feature_position":"","_tbt_post_header":false,"_tbt_post_footer":false},"class_list":["post-2450","page","type-page","status-publish","hentry"],"_links":{"self":[{"href":"http:\/\/keszi.hu\/index.php\/wp-json\/wp\/v2\/pages\/2450","targetHints":{"allow":["GET"]}}],"collection":[{"href":"http:\/\/keszi.hu\/index.php\/wp-json\/wp\/v2\/pages"}],"about":[{"href":"http:\/\/keszi.hu\/index.php\/wp-json\/wp\/v2\/types\/page"}],"author":[{"embeddable":true,"href":"http:\/\/keszi.hu\/index.php\/wp-json\/wp\/v2\/users\/1"}],"replies":[{"embeddable":true,"href":"http:\/\/keszi.hu\/index.php\/wp-json\/wp\/v2\/comments?post=2450"}],"version-history":[{"count":67,"href":"http:\/\/keszi.hu\/index.php\/wp-json\/wp\/v2\/pages\/2450\/revisions"}],"predecessor-version":[{"id":15139,"href":"http:\/\/keszi.hu\/index.php\/wp-json\/wp\/v2\/pages\/2450\/revisions\/15139"}],"wp:attachment":[{"href":"http:\/\/keszi.hu\/index.php\/wp-json\/wp\/v2\/media?parent=2450"}],"curies":[{"name":"wp","href":"https:\/\/api.w.org\/{rel}","templated":true}]}}