{"id":2242,"date":"2023-10-25T11:40:43","date_gmt":"2023-10-25T09:40:43","guid":{"rendered":"https:\/\/wp.themedemo.org\/WCM07\/WCM070151\/?page_id=2242"},"modified":"2024-04-30T18:19:56","modified_gmt":"2024-04-30T16:19:56","slug":"rolunk","status":"publish","type":"page","link":"http:\/\/keszi.hu\/index.php\/rolunk\/","title":{"rendered":"R\u00f3lunk"},"content":{"rendered":"\t\t<div data-elementor-type=\"wp-page\" data-elementor-id=\"2242\" class=\"elementor elementor-2242\">\n\t\t\t\t\t\t<section class=\"elementor-section elementor-top-section elementor-element elementor-element-f21c524 elementor-section-boxed elementor-section-height-default elementor-section-height-default\" data-id=\"f21c524\" data-element_type=\"section\" data-e-type=\"section\">\n\t\t\t\t\t\t<div class=\"elementor-container elementor-column-gap-default\">\n\t\t\t\t\t<div class=\"elementor-column elementor-col-33 elementor-top-column elementor-element elementor-element-81eadb7\" data-id=\"81eadb7\" data-element_type=\"column\" data-e-type=\"column\">\n\t\t\t<div class=\"elementor-widget-wrap elementor-element-populated\">\n\t\t\t\t\t\t<div class=\"elementor-element elementor-element-6e2011a animated-slow elementor-invisible elementor-widget elementor-widget-image\" data-id=\"6e2011a\" data-element_type=\"widget\" data-e-type=\"widget\" data-settings=\"{&quot;_animation&quot;:&quot;fadeInRight&quot;}\" data-widget_type=\"image.default\">\n\t\t\t\t<div class=\"elementor-widget-container\">\n\t\t\t\t\t\t\t\t\t\t\t\t\t\t\t\t<a href=\"#\">\n\t\t\t\t\t\t\t<img fetchpriority=\"high\" decoding=\"async\" width=\"603\" height=\"801\" src=\"http:\/\/keszi.hu\/wp-content\/uploads\/2024\/04\/Zimmerer-Karolyne-KESZI-intezmenyvezeto.jpg\" class=\"attachment-full size-full wp-image-12358\" alt=\"\" srcset=\"http:\/\/keszi.hu\/wp-content\/uploads\/2024\/04\/Zimmerer-Karolyne-KESZI-intezmenyvezeto.jpg 603w, http:\/\/keszi.hu\/wp-content\/uploads\/2024\/04\/Zimmerer-Karolyne-KESZI-intezmenyvezeto-226x300.jpg 226w, http:\/\/keszi.hu\/wp-content\/uploads\/2024\/04\/Zimmerer-Karolyne-KESZI-intezmenyvezeto-600x797.jpg 600w\" sizes=\"(max-width: 603px) 100vw, 603px\" \/>\t\t\t\t\t\t\t\t<\/a>\n\t\t\t\t\t\t\t\t\t\t\t\t\t\t\t<\/div>\n\t\t\t\t<\/div>\n\t\t\t\t\t<\/div>\n\t\t<\/div>\n\t\t\t\t<div class=\"elementor-column elementor-col-66 elementor-top-column elementor-element elementor-element-377789e about_cms_block\" data-id=\"377789e\" data-element_type=\"column\" data-e-type=\"column\" data-settings=\"{&quot;background_background&quot;:&quot;classic&quot;}\">\n\t\t\t<div class=\"elementor-widget-wrap elementor-element-populated\">\n\t\t\t\t\t\t<div class=\"elementor-element elementor-element-e0605a5 elementor-widget elementor-widget-heading\" data-id=\"e0605a5\" data-element_type=\"widget\" data-e-type=\"widget\" data-widget_type=\"heading.default\">\n\t\t\t\t<div class=\"elementor-widget-container\">\n\t\t\t\t\t<h3 class=\"elementor-heading-title elementor-size-default\">K\u00d6SZ\u00d6NT\u0150 \/ BEMUTATKOZ\u00c1S<\/h3>\t\t\t\t<\/div>\n\t\t\t\t<\/div>\n\t\t\t\t<div class=\"elementor-element elementor-element-adc7182 elementor-widget elementor-widget-heading\" data-id=\"adc7182\" data-element_type=\"widget\" data-e-type=\"widget\" data-widget_type=\"heading.default\">\n\t\t\t\t<div class=\"elementor-widget-container\">\n\t\t\t\t\t<h1 class=\"elementor-heading-title elementor-size-default\">Tisztelt L\u00e1togat\u00f3!<\/h1>\t\t\t\t<\/div>\n\t\t\t\t<\/div>\n\t\t\t\t<div class=\"elementor-element elementor-element-84fa8b1 elementor-widget__width-initial elementor-widget elementor-widget-text-editor\" data-id=\"84fa8b1\" data-element_type=\"widget\" data-e-type=\"widget\" data-widget_type=\"text-editor.default\">\n\t\t\t\t<div class=\"elementor-widget-container\">\n\t\t\t\t\t\t\t\t\t<p>K\u00f6sz\u00f6nt\u00f6m \u00d6nt a Kist\u00e9rs\u00e9gi Egyes\u00edtett Szoci\u00e1lis Int\u00e9zm\u00e9ny honlapj\u00e1n. <br \/>T\u00f6bb, mint 60 \u00e9vvel ezel\u0151tt indult Mosonmagyar\u00f3v\u00e1ron, illetve sz\u0171kebb r\u00e9gi\u00f3nkban az int\u00e9zm\u00e9nyes keretek k\u00f6z\u00f6tt t\u00f6rt\u00e9n\u0151 id\u0151s ell\u00e1t\u00e1s. Ez azt jelenti, hogy 1956 el\u0151tt a Zichy Mih\u00e1ly utcai (jelenleg Id\u0151sek Nappali ell\u00e1t\u00e1sa m\u0171k\u00f6dik az \u00e9p\u00fcletben) \u00e9p\u00fcletben f\u0151k\u00e9nt hadirokkant, id\u0151s elesett embereknek pr\u00f3b\u00e1ltak seg\u00edteni. Az ell\u00e1t\u00e1si forma ir\u00e1nt mutatkoz\u00f3 egyre nagyobb ig\u00e9ny kiel\u00e9g\u00edt\u00e9s\u00e9re szinte megv\u00e1lt\u00e1sk\u00e9nt \u00e9rkezett 1956-ban Marsowszky gr\u00f3fn\u0151 felaj\u00e1nl\u00e1sa, aki a k\u00f6znek adom\u00e1nyozta 1936-ban \u00e9p\u00fclt m\u00e1riak\u00e1lnoki kast\u00e9ly\u00e1t. Egy kik\u00f6t\u00e9se volt csup\u00e1n vagy \u00f6regek otthonak\u00e9nt vagy \u00f3vodak\u00e9nt m\u0171k\u00f6dj\u00f6n tov\u00e1bb az \u00e9p\u00fclet, \u0151 pedig ott \u00e9lhessen tov\u00e1bb \u00e9lete v\u00e9g\u00e9ig, teljes ell\u00e1t\u00e1st kapva. Ekkor 1956-ban 30 f\u0151 ell\u00e1tottal indult az int\u00e9zm\u00e9nyi ell\u00e1t\u00e1s az id\u0151sek szoci\u00e1lis otthon\u00e1ban.<br \/>Az int\u00e9zm\u00e9nyi rendszer ett\u0151l kezd\u0151d\u0151en folyamatosan fejl\u0151d\u00f6tt, v\u00e1ltozott, m\u00edg 1993-ban megjelent a szoci\u00e1lis t\u00f6rv\u00e9ny, keretet adva az \u00f6nkorm\u00e1nyzati feladatoknak.<\/p>\t\t\t\t\t\t\t\t<\/div>\n\t\t\t\t<\/div>\n\t\t\t\t\t<\/div>\n\t\t<\/div>\n\t\t\t\t\t<\/div>\n\t\t<\/section>\n\t\t<div class=\"elementor-element elementor-element-8408e34 e-flex e-con-boxed e-con e-parent\" data-id=\"8408e34\" data-element_type=\"container\" data-e-type=\"container\">\n\t\t\t\t\t<div class=\"e-con-inner\">\n\t\t\t\t<div class=\"elementor-element elementor-element-8703d28 elementor-widget__width-initial elementor-widget elementor-widget-text-editor\" data-id=\"8703d28\" data-element_type=\"widget\" data-e-type=\"widget\" data-widget_type=\"text-editor.default\">\n\t\t\t\t<div class=\"elementor-widget-container\">\n\t\t\t\t\t\t\t\t\t<p>Napjainkban a Kist\u00e9rs\u00e9gi Egyes\u00edtett Szoci\u00e1lis Int\u00e9zm\u00e9ny a mosonmagyar\u00f3v\u00e1ri t\u00e1rsul\u00e1s 27 telep\u00fcl\u00e9s\u00e9n ny\u00fajt szoci\u00e1lis alap \u00e9s szakell\u00e1t\u00e1sokat, id\u0151s- demenci\u00e1val \u00e9l\u0151, hajl\u00e9ktalan \u00e9s fogyat\u00e9kos embereknek, a szolg\u00e1ltat\u00e1sokat k\u00f6zel 143 f\u0151 dolgoz\u00f3 biztos\u00edtja. Az int\u00e9zm\u00e9nybe a szolg\u00e1ltat\u00e1sokat a t\u00e1rsult telep\u00fcl\u00e9sekr\u0151l lehet ig\u00e9nybe venni. \u00c1sv\u00e1nyr\u00e1r\u00f3, Bezenye, Darn\u00f3zseli, Dunakiliti, Dunaremete, Dunasziget, Feketeerd\u0151, Hal\u00e1szi, H\u00e9derv\u00e1r, Hegyeshalom, J\u00e1nossomorja, K\u00e1rolyh\u00e1za, Kimle, Kisbodak, L\u00e9b\u00e9ny, Lev\u00e9l, Lip\u00f3t, M\u00e1riak\u00e1lnok, Mecs\u00e9r, Mosonmagyar\u00f3v\u00e1r, Mosonszentmikl\u00f3s, Mosonszolnok, Mosonudvar, P\u00fcski, Rajka, \u00dajr\u00f3naf\u0151, V\u00e1rbalog.<\/p><p><strong>INT\u00c9ZM\u00c9NY\u00dcNK K\u00dcLDET\u00c9SE:<\/strong> Mutassunk ir\u00e1nyt a gondoz\u00e1s, \u00e1pol\u00e1s \u00fatveszt\u0151j\u00e9ben, seg\u00edts\u00fck \u00e9s t\u00e1mogassuk a r\u00e1szorul\u00f3 embereket, hogy \u00e9let\u00fcket, h\u00e9tk\u00f6znapjaikat \u201eJ\u00d3L L\u00c9T\u00dcKET\u201d k\u00f6z\u00f6sen megteremts\u00fck, m\u00e9lt\u00f3s\u00e1gukat meg\u0151rizz\u00fck.<\/p><p>B\u00edzom benne, hogy a honlap seg\u00edts\u00e9get ny\u00fajt, hasznos inform\u00e1ci\u00f3kat tartalmaz az int\u00e9zm\u00e9ny \u00e1ltal biztos\u00edtott szolg\u00e1ltat\u00e1sok k\u00f6r\u00e9ben, egy\u00fattal jobban megismerik az int\u00e9zm\u00e9ny \u00e9s koll\u00e9g\u00e1im munk\u00e1j\u00e1t.<\/p><p style=\"text-align: right;\">\u00a0\u00a0\u00a0\u00a0\u00a0\u00a0\u00a0\u00a0\u00a0\u00a0\u00a0\u00a0\u00a0\u00a0\u00a0\u00a0\u00a0\u00a0\u00a0\u00a0\u00a0\u00a0\u00a0\u00a0\u00a0\u00a0\u00a0\u00a0\u00a0\u00a0\u00a0\u00a0\u00a0\u00a0\u00a0\u00a0\u00a0\u00a0\u00a0\u00a0\u00a0\u00a0\u00a0\u00a0\u00a0\u00a0\u00a0\u00a0\u00a0\u00a0\u00a0\u00a0\u00a0\u00a0\u00a0\u00a0\u00a0\u00a0\u00a0\u00a0\u00a0\u00a0\u00a0\u00a0\u00a0\u00a0\u00a0\u00a0\u00a0\u00a0\u00a0\u00a0\u00a0\u00a0\u00a0\u00a0\u00a0\u00a0\u00a0\u00a0\u00a0\u00a0 <strong>Zimmerer K\u00e1rolyn\u00e9<br \/><\/strong>int\u00e9zm\u00e9nyvezet\u0151<\/p>\t\t\t\t\t\t\t\t<\/div>\n\t\t\t\t<\/div>\n\t\t\t\t<div class=\"elementor-element elementor-element-d1c71d2 elementor-widget elementor-widget-button\" data-id=\"d1c71d2\" data-element_type=\"widget\" data-e-type=\"widget\" data-widget_type=\"button.default\">\n\t\t\t\t<div class=\"elementor-widget-container\">\n\t\t\t\t\t\t\t\t\t<div class=\"elementor-button-wrapper\">\n\t\t\t\t\t<a class=\"elementor-button elementor-button-link elementor-size-sm\" href=\"https:\/\/keszi.hu\/index.php\/kapcsolat\/\">\n\t\t\t\t\t\t<span class=\"elementor-button-content-wrapper\">\n\t\t\t\t\t\t\t\t\t<span class=\"elementor-button-text\">KAPCSOLAT<\/span>\n\t\t\t\t\t<\/span>\n\t\t\t\t\t<\/a>\n\t\t\t\t<\/div>\n\t\t\t\t\t\t\t\t<\/div>\n\t\t\t\t<\/div>\n\t\t\t\t\t<\/div>\n\t\t\t\t<\/div>\n\t\t\t\t<\/div>\n\t\t","protected":false},"excerpt":{"rendered":"<p>K\u00d6SZ\u00d6NT\u0150 \/ BEMUTATKOZ\u00c1S Tisztelt L\u00e1togat\u00f3! K\u00f6sz\u00f6nt\u00f6m \u00d6nt a Kist\u00e9rs\u00e9gi Egyes\u00edtett Szoci\u00e1lis Int\u00e9zm\u00e9ny honlapj\u00e1n. T\u00f6bb, mint 60 \u00e9vvel ezel\u0151tt indult Mosonmagyar\u00f3v\u00e1ron, illetve sz\u0171kebb r\u00e9gi\u00f3nkban az int\u00e9zm\u00e9nyes keretek k\u00f6z\u00f6tt t\u00f6rt\u00e9n\u0151 id\u0151s ell\u00e1t\u00e1s. Ez azt jelenti, hogy 1956 el\u0151tt a Zichy Mih\u00e1ly utcai (jelenleg Id\u0151sek Nappali ell\u00e1t\u00e1sa m\u0171k\u00f6dik az \u00e9p\u00fcletben) \u00e9p\u00fcletben f\u0151k\u00e9nt hadirokkant, id\u0151s elesett embereknek pr\u00f3b\u00e1ltak seg\u00edteni&#8230;.<\/p>\n","protected":false},"author":1,"featured_media":0,"parent":0,"menu_order":0,"comment_status":"closed","ping_status":"closed","template":"","meta":{"_tbt_post_transparent":"","_tbt_post_title":"","_tbt_post_layout":"","_tbt_post_sidebar_id":"","_tbt_post_content_style":"","_tbt_post_vertical_padding":"","_tbt_post_feature":"","_tbt_post_feature_position":"","_tbt_post_header":false,"_tbt_post_footer":false},"class_list":["post-2242","page","type-page","status-publish","hentry"],"_links":{"self":[{"href":"http:\/\/keszi.hu\/index.php\/wp-json\/wp\/v2\/pages\/2242","targetHints":{"allow":["GET"]}}],"collection":[{"href":"http:\/\/keszi.hu\/index.php\/wp-json\/wp\/v2\/pages"}],"about":[{"href":"http:\/\/keszi.hu\/index.php\/wp-json\/wp\/v2\/types\/page"}],"author":[{"embeddable":true,"href":"http:\/\/keszi.hu\/index.php\/wp-json\/wp\/v2\/users\/1"}],"replies":[{"embeddable":true,"href":"http:\/\/keszi.hu\/index.php\/wp-json\/wp\/v2\/comments?post=2242"}],"version-history":[{"count":38,"href":"http:\/\/keszi.hu\/index.php\/wp-json\/wp\/v2\/pages\/2242\/revisions"}],"predecessor-version":[{"id":12747,"href":"http:\/\/keszi.hu\/index.php\/wp-json\/wp\/v2\/pages\/2242\/revisions\/12747"}],"wp:attachment":[{"href":"http:\/\/keszi.hu\/index.php\/wp-json\/wp\/v2\/media?parent=2242"}],"curies":[{"name":"wp","href":"https:\/\/api.w.org\/{rel}","templated":true}]}}