{"id":13724,"date":"2024-05-10T14:43:19","date_gmt":"2024-05-10T12:43:19","guid":{"rendered":"https:\/\/keszi.hu\/?page_id=13724"},"modified":"2024-05-15T12:10:57","modified_gmt":"2024-05-15T10:10:57","slug":"3-adatkezelesi-tajekoztato-palyazati-felhivas-nelkul-beerkezo-oneletrajzok-kezelese","status":"publish","type":"page","link":"http:\/\/keszi.hu\/index.php\/3-adatkezelesi-tajekoztato-palyazati-felhivas-nelkul-beerkezo-oneletrajzok-kezelese\/","title":{"rendered":"P\u00e1ly\u00e1zati felh\u00edv\u00e1s n\u00e9lk\u00fcl be\u00e9rkez\u0151 \u00f6n\u00e9letrajzok kezel\u00e9se &#8211; Adatkezel\u00e9si t\u00e1j\u00e9koztat\u00f3"},"content":{"rendered":"\t\t<div data-elementor-type=\"wp-page\" data-elementor-id=\"13724\" class=\"elementor elementor-13724\">\n\t\t\t\t<div class=\"elementor-element elementor-element-6bcc0426 e-flex e-con-boxed e-con e-parent\" data-id=\"6bcc0426\" data-element_type=\"container\" data-e-type=\"container\">\n\t\t\t\t\t<div class=\"e-con-inner\">\n\t\t\t\t<div class=\"elementor-element elementor-element-c1c25bb elementor-widget elementor-widget-heading\" data-id=\"c1c25bb\" data-element_type=\"widget\" data-e-type=\"widget\" data-widget_type=\"heading.default\">\n\t\t\t\t<div class=\"elementor-widget-container\">\n\t\t\t\t\t<h2 class=\"elementor-heading-title elementor-size-default\">\u00c1ltal\u00e1nos Adatkezel\u00e9si \u00c9s Adatbiztons\u00e1gi Szab\u00e1lyzat\n<\/h2>\t\t\t\t<\/div>\n\t\t\t\t<\/div>\n\t\t\t\t<div class=\"elementor-element elementor-element-6c76d17 elementor-widget elementor-widget-image\" data-id=\"6c76d17\" data-element_type=\"widget\" data-e-type=\"widget\" data-widget_type=\"image.default\">\n\t\t\t\t<div class=\"elementor-widget-container\">\n\t\t\t\t\t\t\t\t\t\t\t\t\t\t\t<img fetchpriority=\"high\" decoding=\"async\" width=\"843\" height=\"1024\" src=\"http:\/\/keszi.hu\/wp-content\/uploads\/2024\/05\/kep_2024-05-10_150209133-843x1024.png\" class=\"attachment-large size-large wp-image-13733\" alt=\"\" srcset=\"http:\/\/keszi.hu\/wp-content\/uploads\/2024\/05\/kep_2024-05-10_150209133-843x1024.png 843w, http:\/\/keszi.hu\/wp-content\/uploads\/2024\/05\/kep_2024-05-10_150209133-247x300.png 247w, http:\/\/keszi.hu\/wp-content\/uploads\/2024\/05\/kep_2024-05-10_150209133-768x933.png 768w, http:\/\/keszi.hu\/wp-content\/uploads\/2024\/05\/kep_2024-05-10_150209133-600x729.png 600w, http:\/\/keszi.hu\/wp-content\/uploads\/2024\/05\/kep_2024-05-10_150209133.png 965w\" sizes=\"(max-width: 843px) 100vw, 843px\" \/>\t\t\t\t\t\t\t\t\t\t\t\t\t\t\t<\/div>\n\t\t\t\t<\/div>\n\t\t\t\t\t<\/div>\n\t\t\t\t<\/div>\n\t\t\t\t<\/div>\n\t\t","protected":false},"excerpt":{"rendered":"<p>\u00c1ltal\u00e1nos Adatkezel\u00e9si \u00c9s Adatbiztons\u00e1gi Szab\u00e1lyzat<\/p>\n","protected":false},"author":1,"featured_media":0,"parent":0,"menu_order":0,"comment_status":"closed","ping_status":"closed","template":"","meta":{"_tbt_post_transparent":"","_tbt_post_title":"","_tbt_post_layout":"","_tbt_post_sidebar_id":"","_tbt_post_content_style":"","_tbt_post_vertical_padding":"","_tbt_post_feature":"","_tbt_post_feature_position":"","_tbt_post_header":false,"_tbt_post_footer":false},"class_list":["post-13724","page","type-page","status-publish","hentry"],"_links":{"self":[{"href":"http:\/\/keszi.hu\/index.php\/wp-json\/wp\/v2\/pages\/13724","targetHints":{"allow":["GET"]}}],"collection":[{"href":"http:\/\/keszi.hu\/index.php\/wp-json\/wp\/v2\/pages"}],"about":[{"href":"http:\/\/keszi.hu\/index.php\/wp-json\/wp\/v2\/types\/page"}],"author":[{"embeddable":true,"href":"http:\/\/keszi.hu\/index.php\/wp-json\/wp\/v2\/users\/1"}],"replies":[{"embeddable":true,"href":"http:\/\/keszi.hu\/index.php\/wp-json\/wp\/v2\/comments?post=13724"}],"version-history":[{"count":5,"href":"http:\/\/keszi.hu\/index.php\/wp-json\/wp\/v2\/pages\/13724\/revisions"}],"predecessor-version":[{"id":14368,"href":"http:\/\/keszi.hu\/index.php\/wp-json\/wp\/v2\/pages\/13724\/revisions\/14368"}],"wp:attachment":[{"href":"http:\/\/keszi.hu\/index.php\/wp-json\/wp\/v2\/media?parent=13724"}],"curies":[{"name":"wp","href":"https:\/\/api.w.org\/{rel}","templated":true}]}}