{"id":13095,"date":"2024-05-08T10:42:01","date_gmt":"2024-05-08T08:42:01","guid":{"rendered":"https:\/\/keszi.hu\/?page_id=13095"},"modified":"2024-05-14T13:33:02","modified_gmt":"2024-05-14T11:33:02","slug":"tevekenysegre-mukodesre-vonatkozo-adatok","status":"publish","type":"page","link":"http:\/\/keszi.hu\/index.php\/tevekenysegre-mukodesre-vonatkozo-adatok\/","title":{"rendered":"Tev\u00e9kenys\u00e9gre, m\u0171k\u00f6d\u00e9sre vonatkoz\u00f3 adatok"},"content":{"rendered":"\t\t<div data-elementor-type=\"wp-page\" data-elementor-id=\"13095\" class=\"elementor elementor-13095\">\n\t\t\t\t\t\t<section class=\"elementor-section elementor-top-section elementor-element elementor-element-8a043ee elementor-section-full_width elementor-section-height-default elementor-section-height-default\" data-id=\"8a043ee\" data-element_type=\"section\" data-e-type=\"section\">\n\t\t\t\t\t\t<div class=\"elementor-container elementor-column-gap-default\">\n\t\t\t\t\t<div class=\"elementor-column elementor-col-100 elementor-top-column elementor-element elementor-element-e2b040d about_cms_block\" data-id=\"e2b040d\" data-element_type=\"column\" data-e-type=\"column\" data-settings=\"{&quot;background_background&quot;:&quot;classic&quot;}\">\n\t\t\t<div class=\"elementor-widget-wrap elementor-element-populated\">\n\t\t\t\t\t\t<div class=\"elementor-element elementor-element-5f7ccfc elementor-widget elementor-widget-heading\" data-id=\"5f7ccfc\" data-element_type=\"widget\" data-e-type=\"widget\" data-widget_type=\"heading.default\">\n\t\t\t\t<div class=\"elementor-widget-container\">\n\t\t\t\t\t<h1 class=\"elementor-heading-title elementor-size-default\">Tev\u00e9kenys\u00e9gre vonatkoz\u00f3 adatok<\/h1>\t\t\t\t<\/div>\n\t\t\t\t<\/div>\n\t\t\t\t<div class=\"elementor-element elementor-element-3b18bad elementor-widget__width-initial elementor-widget elementor-widget-text-editor\" data-id=\"3b18bad\" data-element_type=\"widget\" data-e-type=\"widget\" data-widget_type=\"text-editor.default\">\n\t\t\t\t<div class=\"elementor-widget-container\">\n\t\t\t\t\t\t\t\t\t<p class=\"v1MsoNormal\"><b><u>Az int\u00e9zm\u00e9ny legfontosabb adatai<\/u><\/b><u><\/u><\/p><p class=\"v1MsoNormal\">Az int\u00e9zm\u00e9ny megnevez\u00e9se:\u00a0 \u00a0 \u00a0 \u00a0 \u00a0 \u00a0 \u00a0 \u00a0 \u00a0 \u00a0 \u00a0 \u00a0 <b>Kist\u00e9rs\u00e9gi Egyes\u00edtett Szoci\u00e1lis Int\u00e9zm\u00e9ny<br \/><\/b>r\u00f6vid\u00edt\u00e9se: \u00a0\u00a0\u00a0\u00a0\u00a0\u00a0\u00a0\u00a0\u00a0\u00a0\u00a0\u00a0\u00a0\u00a0\u00a0\u00a0\u00a0\u00a0\u00a0\u00a0\u00a0\u00a0\u00a0\u00a0\u00a0\u00a0\u00a0\u00a0\u00a0\u00a0\u00a0\u00a0\u00a0\u00a0\u00a0\u00a0\u00a0\u00a0\u00a0\u00a0\u00a0\u00a0\u00a0\u00a0\u00a0\u00a0\u00a0\u00a0\u00a0\u00a0\u00a0\u00a0 <b>KESZI<\/b><br \/>K\u00f6zfeladata: \u00a0\u00a0\u00a0\u00a0\u00a0\u00a0\u00a0\u00a0\u00a0\u00a0\u00a0\u00a0\u00a0\u00a0\u00a0\u00a0\u00a0\u00a0\u00a0\u00a0\u00a0\u00a0\u00a0\u00a0\u00a0\u00a0\u00a0\u00a0\u00a0\u00a0\u00a0\u00a0\u00a0\u00a0\u00a0\u00a0\u00a0\u00a0\u00a0\u00a0\u00a0\u00a0\u00a0\u00a0\u00a0\u00a0\u00a0\u00a0 <b>Szoci\u00e1lis k\u00f6zszolg\u00e1ltat\u00e1s<\/b><br \/>Az int\u00e9zm\u00e9ny sz\u00e9khelye, c\u00edme:\u00a0 \u00a0 \u00a0 \u00a0 \u00a0 \u00a0 \u00a0 \u00a0 \u00a0 \u00a0 <b>9200 Mosonmagyar\u00f3v\u00e1r, Soproni u. 65.\u00a0\u00a0\u00a0\u00a0<\/b>\u00a0\u00a0\u00a0\u00a0\u00a0\u00a0\u00a0\u00a0\u00a0\u00a0\u00a0\u00a0\u00a0\u00a0\u00a0\u00a0\u00a0\u00a0\u00a0\u00a0\u00a0\u00a0\u00a0\u00a0\u00a0\u00a0\u00a0\u00a0\u00a0\u00a0\u00a0\u00a0\u00a0\u00a0\u00a0\u00a0\u00a0\u00a0\u00a0\u00a0\u00a0\u00a0\u00a0\u00a0\u00a0\u00a0\u00a0\u00a0\u00a0\u00a0\u00a0\u00a0\u00a0\u00a0\u00a0\u00a0\u00a0\u00a0\u00a0\u00a0\u00a0\u00a0\u00a0\u00a0\u00a0\u00a0<br \/>Ad\u00f3hat\u00f3s\u00e1gi azonos\u00edt\u00f3sz\u00e1m:\u00a0 \u00a0 \u00a0 \u00a0 \u00a0 \u00a0 \u00a0 \u00a0 \u00a0 \u00a0 \u00a0 <b>15367637-2-08<\/b><br \/>KSH statisztikai sz\u00e1mjel:\u00a0 \u00a0 \u00a0 \u00a0 \u00a0 \u00a0 \u00a0 \u00a0 \u00a0 \u00a0 \u00a0 \u00a0 \u00a0 \u00a0 \u00a0<b>15367637-8730-322-08<\/b><br \/>Telefon:\u00a0 \u00a0 \u00a0 \u00a0 \u00a0 \u00a0 \u00a0 \u00a0 \u00a0 \u00a0 \u00a0 \u00a0 \u00a0 \u00a0 \u00a0 \u00a0 \u00a0 \u00a0 \u00a0 \u00a0 \u00a0 \u00a0 \u00a0 \u00a0 \u00a0 \u00a0 \u00a0 \u00a0 \u00a0 <b>06-96\/566-260\u00a0\u00a0\u00a0\u00a0\u00a0\u00a0<\/b>\u00a0\u00a0\u00a0\u00a0\u00a0\u00a0\u00a0\u00a0\u00a0\u00a0\u00a0\u00a0\u00a0\u00a0\u00a0\u00a0\u00a0\u00a0\u00a0\u00a0\u00a0\u00a0\u00a0\u00a0\u00a0\u00a0\u00a0\u00a0<br \/>E-mail<span lang=\"PT-BR\">: \u00a0\u00a0\u00a0\u00a0\u00a0\u00a0\u00a0\u00a0\u00a0\u00a0\u00a0\u00a0\u00a0\u00a0\u00a0\u00a0\u00a0\u00a0\u00a0\u00a0\u00a0\u00a0\u00a0\u00a0\u00a0\u00a0\u00a0\u00a0\u00a0\u00a0\u00a0\u00a0\u00a0\u00a0\u00a0\u00a0\u00a0\u00a0\u00a0\u00a0\u00a0\u00a0\u00a0\u00a0\u00a0\u00a0\u00a0\u00a0\u00a0\u00a0\u00a0\u00a0\u00a0\u00a0\u00a0\u00a0\u00a0\u00a0<b> <a href=\"mailto:info@szocmkt.hu\" rel=\"noreferrer\">info@szocmkt.hu<\/a><\/b><\/span><b>\u00a0<\/b>\u00a0\u00a0\u00a0\u00a0\u00a0\u00a0\u00a0\u00a0\u00a0\u00a0\u00a0\u00a0\u00a0\u00a0\u00a0\u00a0\u00a0\u00a0\u00a0\u00a0\u00a0\u00a0\u00a0\u00a0\u00a0\u00a0\u00a0\u00a0<br \/>Honlap:\u00a0 \u00a0 \u00a0 \u00a0 \u00a0 \u00a0 \u00a0 \u00a0 \u00a0 \u00a0 \u00a0 \u00a0 \u00a0 \u00a0 \u00a0 \u00a0 \u00a0 \u00a0 \u00a0 \u00a0 \u00a0 \u00a0 \u00a0 \u00a0 \u00a0 \u00a0 \u00a0 \u00a0 \u00a0 <b>\u00a0<a href=\"http:\/\/www.szocmkt.hu\/\" target=\"_blank\" rel=\"noopener noreferrer\">www.szocmkt.hu<\/a><\/b><br \/>Sz\u00e1mlavezet\u0151 p\u00e9nzint\u00e9zet:\u00a0 \u00a0 \u00a0 \u00a0 \u00a0 \u00a0 \u00a0 \u00a0 \u00a0 \u00a0 \u00a0 \u00a0 \u00a0 \u00a0<b>OTP Bank Nyrt. Mosonmagyar\u00f3v\u00e1ri Fi\u00f3k<\/b><br \/>P\u00e9nzforgalmi sz\u00e1mla:\u00a0 \u00a0 \u00a0 \u00a0 \u00a0 \u00a0 \u00a0 \u00a0 \u00a0 \u00a0 \u00a0 \u00a0 \u00a0 \u00a0 \u00a0 \u00a0 \u00a0 \u00a0<b>11737076-15367637<\/b><\/p><p class=\"v1MsoNormal\"><b><u>Az int\u00e9zm\u00e9nyt ir\u00e1ny\u00edt\u00f3 szerv, alap\u00edt\u00f3 megnevez\u00e9se<\/u><\/b>:<\/p><p class=\"v1MsoNormal\"><b>Mosonmagyar\u00f3v\u00e1r T\u00e9rs\u00e9gi T\u00e1rsul\u00e1s Tan\u00e1csa<br \/><\/b><b>9200 Mosonmagyar\u00f3v\u00e1r, F\u0151 u. 11.<\/b><\/p><p><b>I. A szerv alaptev\u00e9kenys\u00e9ge, feladat- \u00e9s hat\u00e1sk\u00f6re<br \/><\/b>Alap\u00edt\u00f3 okirat\u00a0<br \/>Szervezeti \u00e9s m\u0171k\u00f6d\u00e9si szab\u00e1lyzat\u00a0<br \/>Adatv\u00e9delmi adatbiztons\u00e1gi szab\u00e1lyzat\u00a0<\/p><p><span style=\"color: var( --e-global-color-text ); font-family: var( --e-global-typography-text-font-family ), Sans-serif; background-color: transparent;\"><b>II. A hat\u00f3s\u00e1gi \u00fcgyek int\u00e9z\u00e9s\u00e9nek rendj\u00e9vel kapcsolatos adatok<br \/><\/b><\/span><span style=\"color: var( --e-global-color-text ); font-family: var( --e-global-typography-text-font-family ), Sans-serif; font-weight: var( --e-global-typography-text-font-weight ); background-color: transparent;\">K\u00f6z\u00e9rdek\u0171 adat nem \u00e1ll rendelkez\u00e9sre!<\/span><\/p><p><b>III. K\u00f6zszolg\u00e1ltat\u00e1sok<br \/><\/b>Szoci\u00e1lis szolg\u00e1ltat\u00e1sok<br \/>Eg\u00e9szs\u00e9g\u00fcgyi ell\u00e1t\u00e1s \u2013 szak\u00e1pol\u00e1s<\/p><p><b>IV. A szerv nyilv\u00e1ntart\u00e1sai <br \/><\/b>V. K\u00f6z\u00e9rdek\u0171 adat nem \u00e1ll rendelkez\u00e9sre!<\/p><p><b>VI. Nyilv\u00e1nos kiadv\u00e1nyok<br \/><\/b>K\u00f6z\u00e9rdek\u0171 adat nem \u00e1ll rendelkez\u00e9sre!<\/p><p><b>VII. D\u00f6nt\u00e9shozatali \u00fcl\u00e9sek<br \/><\/b>K\u00f6z\u00e9rdek\u0171 adat nem \u00e1ll rendelkez\u00e9sre!<\/p><p><b>VIII. A szervd\u00f6nt\u00e9sei, koncepci\u00f3k, tervezetek, javaslatok<br \/><\/b>K\u00f6z\u00e9rdek\u0171 adat nem \u00e1ll rendelkez\u00e9sre!<\/p><p><b>IX. P\u00e1ly\u00e1zatok<br \/><\/b>K\u00f6z\u00e9rdek\u0171 adat nem \u00e1ll rendelkez\u00e9sre!<\/p><p><b>X. Hirdetm\u00e9nyek<br \/><\/b>K\u00f6z\u00e9rdek\u0171 adat nem \u00e1ll rendelkez\u00e9sre!<br \/><b>XI. K\u00f6z\u00e9rdek\u0171 adatok ig\u00e9nyl\u00e9se<br \/>XII. K\u00f6zz\u00e9t\u00e9teli list\u00e1k<\/b><\/p><p class=\"v1MsoNormal\"><b>\u00a0<\/b><b style=\"color: var( --e-global-color-text ); font-family: var( --e-global-typography-text-font-family ), Sans-serif; background-color: transparent;\">\u00a0<\/b><b style=\"color: var( --e-global-color-text ); font-family: var( --e-global-typography-text-font-family ), Sans-serif; background-color: transparent;\"><u>Ell\u00e1t\u00e1si ter\u00fclet:<\/u><\/b><\/p><p class=\"v1MsoNormal\">A Mosonmagyar\u00f3v\u00e1r T\u00e9rs\u00e9gi T\u00e1rsul\u00e1s k\u00f6zigazgat\u00e1si ter\u00fclete:<\/p><p class=\"v1MsoNormal\"><a name=\"_Toc388175172\"><\/a><a name=\"_Toc387552793\"><\/a><a name=\"_Toc387551563\"><\/a><a name=\"_Toc387550315\"><\/a><a name=\"_Toc387550021\"><\/a>\u00c1sv\u00e1nyr\u00e1r\u00f3, Bezenye, Darn\u00f3zseli, Dunakiliti, Dunaremete, Dunasziget, Feketeerd\u0151, Hal\u00e1szi, H\u00e9derv\u00e1r, Hegyeshalom, J\u00e1nossomorja, K\u00e1rolyh\u00e1za, Kimle, Kisbodak, L\u00e9b\u00e9ny, Lev\u00e9l, Lip\u00f3t, M\u00e1riak\u00e1lnok, Mecs\u00e9r, Mosonmagyar\u00f3v\u00e1r, Mosonszentmikl\u00f3s, Mosonszolnok, Mosonudvar, P\u00fcski, Rajka, \u00dajr\u00f3naf\u0151, V\u00e1rbalog.<\/p>\t\t\t\t\t\t\t\t<\/div>\n\t\t\t\t<\/div>\n\t\t\t\t\t<\/div>\n\t\t<\/div>\n\t\t\t\t\t<\/div>\n\t\t<\/section>\n\t\t\t\t<\/div>\n\t\t","protected":false},"excerpt":{"rendered":"<p>Tev\u00e9kenys\u00e9gre vonatkoz\u00f3 adatok Az int\u00e9zm\u00e9ny legfontosabb adatai Az int\u00e9zm\u00e9ny megnevez\u00e9se:\u00a0 \u00a0 \u00a0 \u00a0 \u00a0 \u00a0 \u00a0 \u00a0 \u00a0 \u00a0 \u00a0 \u00a0 Kist\u00e9rs\u00e9gi Egyes\u00edtett Szoci\u00e1lis Int\u00e9zm\u00e9nyr\u00f6vid\u00edt\u00e9se: \u00a0\u00a0\u00a0\u00a0\u00a0\u00a0\u00a0\u00a0\u00a0\u00a0\u00a0\u00a0\u00a0\u00a0\u00a0\u00a0\u00a0\u00a0\u00a0\u00a0\u00a0\u00a0\u00a0\u00a0\u00a0\u00a0\u00a0\u00a0\u00a0\u00a0\u00a0\u00a0\u00a0\u00a0\u00a0\u00a0\u00a0\u00a0\u00a0\u00a0\u00a0\u00a0\u00a0\u00a0\u00a0\u00a0\u00a0\u00a0\u00a0\u00a0\u00a0\u00a0 KESZIK\u00f6zfeladata: \u00a0\u00a0\u00a0\u00a0\u00a0\u00a0\u00a0\u00a0\u00a0\u00a0\u00a0\u00a0\u00a0\u00a0\u00a0\u00a0\u00a0\u00a0\u00a0\u00a0\u00a0\u00a0\u00a0\u00a0\u00a0\u00a0\u00a0\u00a0\u00a0\u00a0\u00a0\u00a0\u00a0\u00a0\u00a0\u00a0\u00a0\u00a0\u00a0\u00a0\u00a0\u00a0\u00a0\u00a0\u00a0\u00a0\u00a0\u00a0 Szoci\u00e1lis k\u00f6zszolg\u00e1ltat\u00e1sAz int\u00e9zm\u00e9ny sz\u00e9khelye, c\u00edme:\u00a0 \u00a0 \u00a0 \u00a0 \u00a0 \u00a0 \u00a0 \u00a0 \u00a0 \u00a0 9200 Mosonmagyar\u00f3v\u00e1r, Soproni u. 65.\u00a0\u00a0\u00a0\u00a0\u00a0\u00a0\u00a0\u00a0\u00a0\u00a0\u00a0\u00a0\u00a0\u00a0\u00a0\u00a0\u00a0\u00a0\u00a0\u00a0\u00a0\u00a0\u00a0\u00a0\u00a0\u00a0\u00a0\u00a0\u00a0\u00a0\u00a0\u00a0\u00a0\u00a0\u00a0\u00a0\u00a0\u00a0\u00a0\u00a0\u00a0\u00a0\u00a0\u00a0\u00a0\u00a0\u00a0\u00a0\u00a0\u00a0\u00a0\u00a0\u00a0\u00a0\u00a0\u00a0\u00a0\u00a0\u00a0\u00a0\u00a0\u00a0\u00a0\u00a0\u00a0\u00a0\u00a0\u00a0\u00a0\u00a0Ad\u00f3hat\u00f3s\u00e1gi azonos\u00edt\u00f3sz\u00e1m:\u00a0 \u00a0 \u00a0 \u00a0 \u00a0 \u00a0 \u00a0 \u00a0&#8230;<\/p>\n","protected":false},"author":1,"featured_media":0,"parent":0,"menu_order":0,"comment_status":"closed","ping_status":"closed","template":"","meta":{"_tbt_post_transparent":"","_tbt_post_title":"","_tbt_post_layout":"","_tbt_post_sidebar_id":"","_tbt_post_content_style":"","_tbt_post_vertical_padding":"","_tbt_post_feature":"","_tbt_post_feature_position":"","_tbt_post_header":false,"_tbt_post_footer":false},"class_list":["post-13095","page","type-page","status-publish","hentry"],"_links":{"self":[{"href":"http:\/\/keszi.hu\/index.php\/wp-json\/wp\/v2\/pages\/13095","targetHints":{"allow":["GET"]}}],"collection":[{"href":"http:\/\/keszi.hu\/index.php\/wp-json\/wp\/v2\/pages"}],"about":[{"href":"http:\/\/keszi.hu\/index.php\/wp-json\/wp\/v2\/types\/page"}],"author":[{"embeddable":true,"href":"http:\/\/keszi.hu\/index.php\/wp-json\/wp\/v2\/users\/1"}],"replies":[{"embeddable":true,"href":"http:\/\/keszi.hu\/index.php\/wp-json\/wp\/v2\/comments?post=13095"}],"version-history":[{"count":22,"href":"http:\/\/keszi.hu\/index.php\/wp-json\/wp\/v2\/pages\/13095\/revisions"}],"predecessor-version":[{"id":14179,"href":"http:\/\/keszi.hu\/index.php\/wp-json\/wp\/v2\/pages\/13095\/revisions\/14179"}],"wp:attachment":[{"href":"http:\/\/keszi.hu\/index.php\/wp-json\/wp\/v2\/media?parent=13095"}],"curies":[{"name":"wp","href":"https:\/\/api.w.org\/{rel}","templated":true}]}}