{"id":12295,"date":"2024-04-26T15:24:47","date_gmt":"2024-04-26T13:24:47","guid":{"rendered":"https:\/\/keszi.hu\/?page_id=12295"},"modified":"2024-05-13T14:10:06","modified_gmt":"2024-05-13T12:10:06","slug":"teritesi-dijtablazat","status":"publish","type":"page","link":"http:\/\/keszi.hu\/index.php\/teritesi-dijtablazat\/","title":{"rendered":"T\u00e9r\u00edt\u00e9si d\u00edjt\u00e1bl\u00e1zat"},"content":{"rendered":"\t\t<div data-elementor-type=\"wp-page\" data-elementor-id=\"12295\" class=\"elementor elementor-12295\">\n\t\t\t\t\t\t<section class=\"elementor-section elementor-top-section elementor-element elementor-element-8a043ee elementor-section-full_width elementor-section-height-default elementor-section-height-default\" data-id=\"8a043ee\" data-element_type=\"section\" data-e-type=\"section\">\n\t\t\t\t\t\t<div class=\"elementor-container elementor-column-gap-default\">\n\t\t\t\t\t<div class=\"elementor-column elementor-col-100 elementor-top-column elementor-element elementor-element-e2b040d about_cms_block\" data-id=\"e2b040d\" data-element_type=\"column\" data-e-type=\"column\" data-settings=\"{&quot;background_background&quot;:&quot;classic&quot;}\">\n\t\t\t<div class=\"elementor-widget-wrap elementor-element-populated\">\n\t\t\t\t\t\t<div class=\"elementor-element elementor-element-d986d67 elementor-widget elementor-widget-heading\" data-id=\"d986d67\" data-element_type=\"widget\" data-e-type=\"widget\" data-widget_type=\"heading.default\">\n\t\t\t\t<div class=\"elementor-widget-container\">\n\t\t\t\t\t<h4 class=\"elementor-heading-title elementor-size-default\"><a href=\"https:\/\/net.jogtar.hu\/rendelet?council=mosonmagyarovar&#038;dbnum=527&#038;docid=A2300031.MOV&#038;searchUrl=\/rendelet-kereso\/gyors?council%3Dmosonmagyarovar%26publisher%3DMOV0\" target=\"_blank\">Mosonmagyar\u00f3v\u00e1r V\u00e1ros \u00d6nkorm\u00e1nyzat K\u00e9pvisel\u0151-test\u00fclet\u00e9nek 31\/2023. (X. 13.) \u00f6nkorm\u00e1nyzati rendelete\na szoci\u00e1lis szolg\u00e1ltat\u00e1sokr\u00f3l, a gyermekj\u00f3l\u00e9ti alapell\u00e1t\u00e1sokr\u00f3l, a gyermek\u00e9tkeztet\u00e9sr\u0151l, valamint a t\u00e9r\u00edt\u00e9si d\u00edjakr\u00f3l<\/a><\/h4>\t\t\t\t<\/div>\n\t\t\t\t<\/div>\n\t\t\t\t\t<\/div>\n\t\t<\/div>\n\t\t\t\t\t<\/div>\n\t\t<\/section>\n\t\t\t\t<\/div>\n\t\t","protected":false},"excerpt":{"rendered":"<p>Mosonmagyar\u00f3v\u00e1r V\u00e1ros \u00d6nkorm\u00e1nyzat K\u00e9pvisel\u0151-test\u00fclet\u00e9nek 31\/2023. (X. 13.) \u00f6nkorm\u00e1nyzati rendelete a szoci\u00e1lis szolg\u00e1ltat\u00e1sokr\u00f3l, a gyermekj\u00f3l\u00e9ti alapell\u00e1t\u00e1sokr\u00f3l, a gyermek\u00e9tkeztet\u00e9sr\u0151l, valamint a t\u00e9r\u00edt\u00e9si d\u00edjakr\u00f3l<\/p>\n","protected":false},"author":1,"featured_media":0,"parent":0,"menu_order":0,"comment_status":"closed","ping_status":"closed","template":"","meta":{"_tbt_post_transparent":"","_tbt_post_title":"","_tbt_post_layout":"","_tbt_post_sidebar_id":"","_tbt_post_content_style":"","_tbt_post_vertical_padding":"","_tbt_post_feature":"","_tbt_post_feature_position":"","_tbt_post_header":false,"_tbt_post_footer":false},"class_list":["post-12295","page","type-page","status-publish","hentry"],"_links":{"self":[{"href":"http:\/\/keszi.hu\/index.php\/wp-json\/wp\/v2\/pages\/12295","targetHints":{"allow":["GET"]}}],"collection":[{"href":"http:\/\/keszi.hu\/index.php\/wp-json\/wp\/v2\/pages"}],"about":[{"href":"http:\/\/keszi.hu\/index.php\/wp-json\/wp\/v2\/types\/page"}],"author":[{"embeddable":true,"href":"http:\/\/keszi.hu\/index.php\/wp-json\/wp\/v2\/users\/1"}],"replies":[{"embeddable":true,"href":"http:\/\/keszi.hu\/index.php\/wp-json\/wp\/v2\/comments?post=12295"}],"version-history":[{"count":31,"href":"http:\/\/keszi.hu\/index.php\/wp-json\/wp\/v2\/pages\/12295\/revisions"}],"predecessor-version":[{"id":14015,"href":"http:\/\/keszi.hu\/index.php\/wp-json\/wp\/v2\/pages\/12295\/revisions\/14015"}],"wp:attachment":[{"href":"http:\/\/keszi.hu\/index.php\/wp-json\/wp\/v2\/media?parent=12295"}],"curies":[{"name":"wp","href":"https:\/\/api.w.org\/{rel}","templated":true}]}}