{"id":12278,"date":"2024-04-26T14:59:32","date_gmt":"2024-04-26T12:59:32","guid":{"rendered":"https:\/\/keszi.hu\/?page_id=12278"},"modified":"2025-12-01T10:40:37","modified_gmt":"2025-12-01T09:40:37","slug":"informaciok","status":"publish","type":"page","link":"http:\/\/keszi.hu\/index.php\/informaciok\/","title":{"rendered":"Inform\u00e1ci\u00f3k"},"content":{"rendered":"\t\t<div data-elementor-type=\"wp-page\" data-elementor-id=\"12278\" class=\"elementor elementor-12278\">\n\t\t\t\t\t\t<section class=\"elementor-section elementor-top-section elementor-element elementor-element-b39d80b elementor-section-stretched service elementor-section-boxed elementor-section-height-default elementor-section-height-default\" data-id=\"b39d80b\" data-element_type=\"section\" data-e-type=\"section\" data-settings=\"{&quot;stretch_section&quot;:&quot;section-stretched&quot;}\">\n\t\t\t\t\t\t<div class=\"elementor-container elementor-column-gap-default\">\n\t\t\t\t\t<div class=\"elementor-column elementor-col-50 elementor-top-column elementor-element elementor-element-5237d20 cms-service\" data-id=\"5237d20\" data-element_type=\"column\" data-e-type=\"column\" data-settings=\"{&quot;background_background&quot;:&quot;gradient&quot;}\">\n\t\t\t<div class=\"elementor-widget-wrap elementor-element-populated\">\n\t\t\t\t\t\t<div class=\"elementor-element elementor-element-7327852 elementor-widget__width-initial elementor-view-default elementor-position-block-start elementor-mobile-position-block-start elementor-widget elementor-widget-icon-box\" data-id=\"7327852\" data-element_type=\"widget\" data-e-type=\"widget\" data-widget_type=\"icon-box.default\">\n\t\t\t\t<div class=\"elementor-widget-container\">\n\t\t\t\t\t\t\t<div class=\"elementor-icon-box-wrapper\">\n\n\t\t\t\t\t\t<div class=\"elementor-icon-box-icon\">\n\t\t\t\t<a href=\"https:\/\/keszi.hu\/index.php\/dokumentumtar\/\" class=\"elementor-icon\" tabindex=\"-1\" aria-label=\"DOKUMENTUMT\u00c1R\">\n\t\t\t\t<svg xmlns=\"http:\/\/www.w3.org\/2000\/svg\" xmlns:xlink=\"http:\/\/www.w3.org\/1999\/xlink\" width=\"96\" height=\"96\"><defs><clipPath id=\"clip0\"><rect x=\"0\" y=\"0\" width=\"96\" height=\"96\"><\/rect><\/clipPath><\/defs><g clip-path=\"url(#clip0)\"><path d=\"M90.6 36.3 85.4 34.4 85.4 23.5 90.6 21.3 55.4 8.3 12.6 23.3C8.5 25.3 8.4 30.8 8.4 35.3 8.4 36.8 8.6 38.3 8.9 39.7 5.5 41.9 5.4 47 5.4 51.3 5.4 54.8 6.2 58 8.4 60 7.9 61.7 8.2 63.8 8.2 66.3 8.2 70.8 9.4 74.9 13.4 76.3L41.2 87.8 90.4 67.4 85.2 65.5 85.2 54.5 90.4 52.3 82.4 49.3 82.4 39.7 90.6 36.3ZM13.8 30.3 41.6 41.2 81.5 25.1 81.5 33.7 41.6 50.3 13.8 39.3 13.8 30.3ZM81.3 64.8 41.4 81.3 13.5 70.3 13.5 62.5 38.4 72.7 81.4 55.7 81.3 64.8ZM78.5 49.8 38.6 66.3 10.8 55.3 10.8 46.3 39.4 57.7 78.6 41.3 78.6 49.8Z\" stroke=\"#000000\" stroke-width=\"1.33333\" fill=\"#FFFFFF\"><\/path><\/g><\/svg>\t\t\t\t<\/a>\n\t\t\t<\/div>\n\t\t\t\n\t\t\t\t\t\t<div class=\"elementor-icon-box-content\">\n\n\t\t\t\t\t\t\t\t\t<h2 class=\"elementor-icon-box-title\">\n\t\t\t\t\t\t<a href=\"https:\/\/keszi.hu\/index.php\/dokumentumtar\/\" >\n\t\t\t\t\t\t\tDOKUMENTUMT\u00c1R\t\t\t\t\t\t<\/a>\n\t\t\t\t\t<\/h2>\n\t\t\t\t\n\t\t\t\t\n\t\t\t<\/div>\n\t\t\t\n\t\t<\/div>\n\t\t\t\t\t\t<\/div>\n\t\t\t\t<\/div>\n\t\t\t\t\t<\/div>\n\t\t<\/div>\n\t\t\t\t<div class=\"elementor-column elementor-col-50 elementor-top-column elementor-element elementor-element-009dc84 cms-service\" data-id=\"009dc84\" data-element_type=\"column\" data-e-type=\"column\" data-settings=\"{&quot;background_background&quot;:&quot;gradient&quot;}\">\n\t\t\t<div class=\"elementor-widget-wrap elementor-element-populated\">\n\t\t\t\t\t\t<div class=\"elementor-element elementor-element-9cb10bd elementor-widget__width-initial elementor-view-default elementor-position-block-start elementor-mobile-position-block-start elementor-widget elementor-widget-icon-box\" data-id=\"9cb10bd\" data-element_type=\"widget\" data-e-type=\"widget\" data-widget_type=\"icon-box.default\">\n\t\t\t\t<div class=\"elementor-widget-container\">\n\t\t\t\t\t\t\t<div class=\"elementor-icon-box-wrapper\">\n\n\t\t\t\t\t\t<div class=\"elementor-icon-box-icon\">\n\t\t\t\t<a href=\"https:\/\/keszi.hu\/index.php\/allaslehetosegek\/\" class=\"elementor-icon\" tabindex=\"-1\" aria-label=\"\u00e1LL\u00c1SHIRDET\u00c9SEK\">\n\t\t\t\t<svg xmlns=\"http:\/\/www.w3.org\/2000\/svg\" xmlns:xlink=\"http:\/\/www.w3.org\/1999\/xlink\" width=\"96\" height=\"96\"><defs><clipPath id=\"clip0\"><rect x=\"0\" y=\"0\" width=\"96\" height=\"96\"><\/rect><\/clipPath><\/defs><g clip-path=\"url(#clip0)\"><path d=\"M55 26.9C55 30.8 51.9 33.9 48 33.9 44.1 33.9 41 30.8 41 26.9 41 23 44.1 19.9 48 19.9 51.9 19.9 55 23.1 55 26.9\" stroke=\"#000000\" stroke-width=\"1.33333\" fill=\"#FFFFFF\"><\/path><path d=\"M83 30.9C83 34.8 79.9 37.9 76 37.9 72.1 37.9 69 34.8 69 30.9 69 27 72.1 23.9 76 23.9 79.9 23.9 83 27 83 30.9\" stroke=\"#000000\" stroke-width=\"1.33333\" fill=\"#FFFFFF\"><\/path><path d=\"M27 30.9C27 34.8 23.9 37.9 20 37.9 16.1 37.9 13 34.8 13 30.9 13 27 16.1 23.9 20 23.9 23.9 23.9 27 27 27 30.9\" stroke=\"#000000\" stroke-width=\"1.33333\" fill=\"#FFFFFF\"><\/path><path d=\"M8.6 76.1C8.6 61.5 26.2 49.7 48 49.7 69.7 49.7 87.4 61.5 87.4 76.1L8.6 76.1Z\" stroke=\"#000000\" stroke-width=\"1.33333\" fill=\"#FFFFFF\"><\/path><path d=\"M17.6 53.4C21.8 50.6 26.7 48.4 32 47L32 45.9C32 44.8 31.5 43.7 30.8 43 30.5 42.7 29.8 42.3 28.9 41.9 23.4 39.3 16.9 39.3 11.3 41.8 10.3 42.2 9.5 42.7 9.1 43 8.5 43.7 8 44.8 8 45.9L8 62.9C10.3 59.4 13.5 56.1 17.6 53.4\" stroke=\"#000000\" stroke-width=\"1.33333\" fill=\"#FFFFFF\"><\/path><path d=\"M60 46 60 41.9C60 40.8 59.5 39.7 58.8 39 58.5 38.7 57.8 38.3 56.9 37.9 51.4 35.3 44.9 35.3 39.3 37.8 38.3 38.2 37.5 38.7 37.1 39 36.3 39.7 35.9 40.8 35.9 41.9L35.9 46C39.8 45.2 43.8 44.8 47.9 44.8 52 44.8 56.1 45.3 60 46\" stroke=\"#000000\" stroke-width=\"1.33333\" fill=\"#FFFFFF\"><\/path><path d=\"M88 62.9 88 45.9C88 44.8 87.5 43.7 86.8 43 86.5 42.7 85.8 42.3 84.9 41.9 79.4 39.3 72.9 39.3 67.3 41.8 66.3 42.2 65.5 42.7 65.1 43 64.3 43.7 63.9 44.8 63.9 45.9L63.9 47C69.2 48.4 74.1 50.6 78.3 53.4 82.5 56.1 85.7 59.4 88 62.9\" stroke=\"#000000\" stroke-width=\"1.33333\" fill=\"#FFFFFF\"><\/path><\/g><\/svg>\t\t\t\t<\/a>\n\t\t\t<\/div>\n\t\t\t\n\t\t\t\t\t\t<div class=\"elementor-icon-box-content\">\n\n\t\t\t\t\t\t\t\t\t<h2 class=\"elementor-icon-box-title\">\n\t\t\t\t\t\t<a href=\"https:\/\/keszi.hu\/index.php\/allaslehetosegek\/\" >\n\t\t\t\t\t\t\t\u00e1LL\u00c1SHIRDET\u00c9SEK\t\t\t\t\t\t<\/a>\n\t\t\t\t\t<\/h2>\n\t\t\t\t\n\t\t\t\t\n\t\t\t<\/div>\n\t\t\t\n\t\t<\/div>\n\t\t\t\t\t\t<\/div>\n\t\t\t\t<\/div>\n\t\t\t\t\t<\/div>\n\t\t<\/div>\n\t\t\t\t\t<\/div>\n\t\t<\/section>\n\t\t\t\t<section class=\"elementor-section elementor-top-section elementor-element elementor-element-ad3f89d elementor-section-stretched service elementor-section-boxed elementor-section-height-default elementor-section-height-default\" data-id=\"ad3f89d\" data-element_type=\"section\" data-e-type=\"section\" data-settings=\"{&quot;stretch_section&quot;:&quot;section-stretched&quot;}\">\n\t\t\t\t\t\t<div class=\"elementor-container elementor-column-gap-default\">\n\t\t\t\t\t<div class=\"elementor-column elementor-col-50 elementor-top-column elementor-element elementor-element-012fec7 cms-service\" data-id=\"012fec7\" data-element_type=\"column\" data-e-type=\"column\" data-settings=\"{&quot;background_background&quot;:&quot;gradient&quot;}\">\n\t\t\t<div class=\"elementor-widget-wrap elementor-element-populated\">\n\t\t\t\t\t\t<div class=\"elementor-element elementor-element-38926b2 elementor-widget__width-initial elementor-view-default elementor-position-block-start elementor-mobile-position-block-start elementor-widget elementor-widget-icon-box\" data-id=\"38926b2\" data-element_type=\"widget\" data-e-type=\"widget\" data-widget_type=\"icon-box.default\">\n\t\t\t\t<div class=\"elementor-widget-container\">\n\t\t\t\t\t\t\t<div class=\"elementor-icon-box-wrapper\">\n\n\t\t\t\t\t\t<div class=\"elementor-icon-box-icon\">\n\t\t\t\t<a href=\"https:\/\/keszi.hu\/index.php\/penztari-orak-2\/\" class=\"elementor-icon\" tabindex=\"-1\" aria-label=\"P\u00c9NZT\u00c1RI BEFIZET\u00c9SEK\">\n\t\t\t\t<svg xmlns=\"http:\/\/www.w3.org\/2000\/svg\" xmlns:xlink=\"http:\/\/www.w3.org\/1999\/xlink\" width=\"96\" height=\"96\"><defs><clipPath id=\"clip0\"><rect x=\"0\" y=\"0\" width=\"96\" height=\"96\"><\/rect><\/clipPath><\/defs><g clip-path=\"url(#clip0)\"><path d=\"M86 71 83 74 14 74 10 70 10 50 14 46 83 46 86 49 86 71ZM4 40 4 80 92 80 92 40 4 40Z\" stroke=\"#000000\" stroke-width=\"1.33333\" fill=\"#FFFFFF\"><\/path><path d=\"M56 60C56 65.5229 52.4183 70 48 70 43.5817 70 40 65.5229 40 60 40 54.4772 43.5817 50 48 50 52.4183 50 56 54.4772 56 60Z\" stroke=\"#000000\" stroke-width=\"1.33333\" fill=\"#FFFFFF\"><\/path><path d=\"M26 60C26 61.6569 24.6569 63 23 63 21.3431 63 20 61.6569 20 60 20 58.3431 21.3431 57 23 57 24.6569 57 26 58.3431 26 60Z\" stroke=\"#000000\" stroke-width=\"1.33333\" fill=\"#FFFFFF\"><\/path><path d=\"M76 60C76 61.6569 74.6569 63 73 63 71.3431 63 70 61.6569 70 60 70 58.3431 71.3431 57 73 57 74.6569 57 76 58.3431 76 60Z\" stroke=\"#000000\" stroke-width=\"1.33333\" fill=\"#FFFFFF\"><\/path><path d=\"M65.9 20.7 67.4 24.5 73.4 23.3 69.2 12.8 15.4 34.8 46.2 28.7Z\" stroke=\"#000000\" stroke-width=\"1.33333\" fill=\"#FFFFFF\"><\/path><path d=\"M60.7 36 76.5 32.9 77.2 36 83.3 36 81.3 25.8 30 36Z\" stroke=\"#000000\" stroke-width=\"1.33333\" fill=\"#FFFFFF\"><\/path><\/g><\/svg>\t\t\t\t<\/a>\n\t\t\t<\/div>\n\t\t\t\n\t\t\t\t\t\t<div class=\"elementor-icon-box-content\">\n\n\t\t\t\t\t\t\t\t\t<h2 class=\"elementor-icon-box-title\">\n\t\t\t\t\t\t<a href=\"https:\/\/keszi.hu\/index.php\/penztari-orak-2\/\" >\n\t\t\t\t\t\t\tP\u00c9NZT\u00c1RI BEFIZET\u00c9SEK\t\t\t\t\t\t<\/a>\n\t\t\t\t\t<\/h2>\n\t\t\t\t\n\t\t\t\t\n\t\t\t<\/div>\n\t\t\t\n\t\t<\/div>\n\t\t\t\t\t\t<\/div>\n\t\t\t\t<\/div>\n\t\t\t\t\t<\/div>\n\t\t<\/div>\n\t\t\t\t<div class=\"elementor-column elementor-col-50 elementor-top-column elementor-element elementor-element-1898104 cms-service\" data-id=\"1898104\" data-element_type=\"column\" data-e-type=\"column\" data-settings=\"{&quot;background_background&quot;:&quot;gradient&quot;}\">\n\t\t\t<div class=\"elementor-widget-wrap elementor-element-populated\">\n\t\t\t\t\t\t<div class=\"elementor-element elementor-element-39f5a03 elementor-widget__width-initial elementor-view-default elementor-position-block-start elementor-mobile-position-block-start elementor-widget elementor-widget-icon-box\" data-id=\"39f5a03\" data-element_type=\"widget\" data-e-type=\"widget\" data-widget_type=\"icon-box.default\">\n\t\t\t\t<div class=\"elementor-widget-container\">\n\t\t\t\t\t\t\t<div class=\"elementor-icon-box-wrapper\">\n\n\t\t\t\t\t\t<div class=\"elementor-icon-box-icon\">\n\t\t\t\t<a href=\"https:\/\/keszi.hu\/index.php\/latogatasi-rend\/\" class=\"elementor-icon\" tabindex=\"-1\" aria-label=\"FELH\u00cdV\u00c1SOK \/  L\u00c1TOGAT\u00c1SI INFORM\u00c1CI\u00d3K\">\n\t\t\t\t<svg xmlns=\"http:\/\/www.w3.org\/2000\/svg\" xmlns:xlink=\"http:\/\/www.w3.org\/1999\/xlink\" width=\"96\" height=\"96\"><defs><clipPath id=\"clip0\"><rect x=\"0\" y=\"0\" width=\"96\" height=\"96\"><\/rect><\/clipPath><\/defs><g clip-path=\"url(#clip0)\"><path d=\"M52.75 39.05 43.94 39.05C43.1116 39.05 42.44 39.7216 42.44 40.55 42.44 41.3784 43.1116 42.05 43.94 42.05L52.75 42.05C53.5784 42.05 54.25 41.3784 54.25 40.55 54.25 39.7216 53.5784 39.05 52.75 39.05Z\" stroke=\"#000000\" stroke-width=\"1.33333\" fill=\"#FFFFFF\"><\/path><path d=\"M48.34 47C50.0301 46.9984 51.4294 45.6865 51.54 44L45.15 44C45.2555 45.6849 46.6518 46.998 48.34 47Z\" stroke=\"#000000\" stroke-width=\"1.33333\" fill=\"#FFFFFF\"><\/path><path d=\"M48.34 10.44 48.34 10.44C41.356 10.4877 35.6847 16.0969 35.56 23.08L35.56 23.52C35.5939 25.0537 35.8951 26.5698 36.45 28 36.9668 29.3361 37.7187 30.5689 38.67 31.64 39.8559 33.1376 40.8627 34.7687 41.67 36.5 41.8378 36.8331 42.1771 37.0451 42.55 37.05L54.15 37.05C54.5229 37.0451 54.8622 36.8331 55.03 36.5 55.838 34.7691 56.8448 33.1381 58.03 31.64 58.9752 30.5662 59.7234 29.334 60.24 28 60.7798 26.5828 61.0806 25.0857 61.13 23.57L61.13 23.13C61.0268 16.1258 55.3448 10.4882 48.34 10.44ZM58.18 23.44C58.1386 24.6207 57.902 25.7865 57.48 26.89 57.0858 27.8809 56.5206 28.7948 55.81 29.59 54.6865 30.9516 53.7235 32.4381 52.94 34.02L43.75 34.02C42.9629 32.4379 41.9966 30.9514 40.87 29.59 40.1625 28.7944 39.6006 27.8805 39.21 26.89 38.788 25.7865 38.5514 24.6207 38.51 23.44L38.51 23.08C38.6023 17.7077 42.967 13.3918 48.34 13.36L48.34 13.36C53.7147 13.3917 58.0824 17.7061 58.18 23.08Z\" stroke=\"#000000\" stroke-width=\"1.33333\" fill=\"#FFFFFF\"><\/path><path d=\"M43.52 26.33 48.81 16 48.81 21.98 54.3 20.89 48.81 31 48.81 25.13 43.52 26.33Z\" stroke=\"#000000\" stroke-width=\"1.33333\" fill=\"#FFFFFF\"><\/path><path d=\"M76.84 53.53C76.84 57.8268 73.3568 61.31 69.06 61.31 64.7632 61.31 61.28 57.8268 61.28 53.53 61.28 49.2332 64.7632 45.75 69.06 45.75 73.3568 45.75 76.84 49.2332 76.84 53.53Z\" stroke=\"#000000\" stroke-width=\"1.33333\" fill=\"#FFFFFF\"><\/path><path d=\"M35.34 53.53C35.34 57.8268 31.8568 61.31 27.56 61.31 23.2632 61.31 19.78 57.8268 19.78 53.53 19.78 49.2332 23.2632 45.75 27.56 45.75 31.8568 45.75 35.34 49.2332 35.34 53.53Z\" stroke=\"#000000\" stroke-width=\"1.33333\" fill=\"#FFFFFF\"><\/path><path d=\"M83.06 68.05C80.819 66.3046 78.226 65.0662 75.46 64.42 73.3785 63.8128 71.2275 63.4767 69.06 63.42 66.8874 63.4152 64.7276 63.7527 62.66 64.42 60.5887 64.972 58.6082 65.8208 56.78 66.94 56.66 67.08 56.55 67.22 56.42 67.35 59.3282 68.1327 62.0489 69.4931 64.42 71.35 66.291 72.7156 67.3833 74.9039 67.35 77.22L67.35 79 84.62 79 84.62 71.17C84.6501 69.9355 84.0656 68.7666 83.06 68.05Z\" stroke=\"#000000\" stroke-width=\"1.33333\" fill=\"#FFFFFF\"><\/path><path d=\"M29.29 77.22C29.2922 74.9698 30.3237 72.8442 32.09 71.45L32.21 71.35 32.34 71.26C34.7382 69.554 37.3909 68.2378 40.2 67.36 40 67.15 39.82 66.93 39.63 66.71 37.8726 65.6812 35.9766 64.91 34 64.42 31.9187 63.812 29.7675 63.4758 27.6 63.42 25.4274 63.4159 23.2678 63.7534 21.2 64.42 18.4725 65.1725 15.8996 66.4015 13.6 68.05 12.615 68.7884 12.0248 69.9392 12 71.17L12 79 29.29 79Z\" stroke=\"#000000\" stroke-width=\"1.33333\" fill=\"#FFFFFF\"><\/path><path d=\"M32.75 85 32.75 77.22C32.7547 75.9963 33.332 74.8454 34.31 74.11 36.6054 72.4545 39.1797 71.2249 41.91 70.48 43.9767 69.8088 46.1371 69.4712 48.31 69.48 50.478 69.5309 52.6298 69.8672 54.71 70.48 57.4814 71.1196 60.0789 72.3587 62.32 74.11 63.3216 74.8245 63.9025 75.9901 63.87 77.22L63.87 85Z\" stroke=\"#000000\" stroke-width=\"1.33333\" fill=\"#FFFFFF\"><\/path><path d=\"M56.09 59.58C56.09 63.8768 52.6068 67.36 48.31 67.36 44.0132 67.36 40.53 63.8768 40.53 59.58 40.53 55.2832 44.0132 51.8 48.31 51.8 52.6068 51.8 56.09 55.2832 56.09 59.58Z\" stroke=\"#000000\" stroke-width=\"1.33333\" fill=\"#FFFFFF\"><\/path><\/g><\/svg>\t\t\t\t<\/a>\n\t\t\t<\/div>\n\t\t\t\n\t\t\t\t\t\t<div class=\"elementor-icon-box-content\">\n\n\t\t\t\t\t\t\t\t\t<h2 class=\"elementor-icon-box-title\">\n\t\t\t\t\t\t<a href=\"https:\/\/keszi.hu\/index.php\/latogatasi-rend\/\" >\n\t\t\t\t\t\t\tFELH\u00cdV\u00c1SOK \/  L\u00c1TOGAT\u00c1SI INFORM\u00c1CI\u00d3K\t\t\t\t\t\t<\/a>\n\t\t\t\t\t<\/h2>\n\t\t\t\t\n\t\t\t\t\n\t\t\t<\/div>\n\t\t\t\n\t\t<\/div>\n\t\t\t\t\t\t<\/div>\n\t\t\t\t<\/div>\n\t\t\t\t\t<\/div>\n\t\t<\/div>\n\t\t\t\t\t<\/div>\n\t\t<\/section>\n\t\t\t\t<\/div>\n\t\t","protected":false},"excerpt":{"rendered":"<p>DOKUMENTUMT\u00c1R \u00e1LL\u00c1SHIRDET\u00c9SEK P\u00c9NZT\u00c1RI BEFIZET\u00c9SEK FELH\u00cdV\u00c1SOK \/ L\u00c1TOGAT\u00c1SI INFORM\u00c1CI\u00d3K<\/p>\n","protected":false},"author":1,"featured_media":0,"parent":0,"menu_order":0,"comment_status":"closed","ping_status":"closed","template":"","meta":{"_tbt_post_transparent":"","_tbt_post_title":"","_tbt_post_layout":"","_tbt_post_sidebar_id":"","_tbt_post_content_style":"","_tbt_post_vertical_padding":"","_tbt_post_feature":"","_tbt_post_feature_position":"","_tbt_post_header":false,"_tbt_post_footer":false},"class_list":["post-12278","page","type-page","status-publish","hentry"],"_links":{"self":[{"href":"http:\/\/keszi.hu\/index.php\/wp-json\/wp\/v2\/pages\/12278","targetHints":{"allow":["GET"]}}],"collection":[{"href":"http:\/\/keszi.hu\/index.php\/wp-json\/wp\/v2\/pages"}],"about":[{"href":"http:\/\/keszi.hu\/index.php\/wp-json\/wp\/v2\/types\/page"}],"author":[{"embeddable":true,"href":"http:\/\/keszi.hu\/index.php\/wp-json\/wp\/v2\/users\/1"}],"replies":[{"embeddable":true,"href":"http:\/\/keszi.hu\/index.php\/wp-json\/wp\/v2\/comments?post=12278"}],"version-history":[{"count":43,"href":"http:\/\/keszi.hu\/index.php\/wp-json\/wp\/v2\/pages\/12278\/revisions"}],"predecessor-version":[{"id":15178,"href":"http:\/\/keszi.hu\/index.php\/wp-json\/wp\/v2\/pages\/12278\/revisions\/15178"}],"wp:attachment":[{"href":"http:\/\/keszi.hu\/index.php\/wp-json\/wp\/v2\/media?parent=12278"}],"curies":[{"name":"wp","href":"https:\/\/api.w.org\/{rel}","templated":true}]}}