{"id":12238,"date":"2024-04-26T14:15:14","date_gmt":"2024-04-26T12:15:14","guid":{"rendered":"https:\/\/keszi.hu\/?page_id=12238"},"modified":"2024-05-15T09:01:04","modified_gmt":"2024-05-15T07:01:04","slug":"tamogatas","status":"publish","type":"page","link":"http:\/\/keszi.hu\/index.php\/tamogatas\/","title":{"rendered":"T\u00c1MOGAT\u00c1S"},"content":{"rendered":"\t\t<div data-elementor-type=\"wp-page\" data-elementor-id=\"12238\" class=\"elementor elementor-12238\">\n\t\t\t\t\t\t<section class=\"elementor-section elementor-top-section elementor-element elementor-element-8a043ee elementor-section-full_width elementor-section-height-default elementor-section-height-default\" data-id=\"8a043ee\" data-element_type=\"section\" data-e-type=\"section\">\n\t\t\t\t\t\t<div class=\"elementor-container elementor-column-gap-default\">\n\t\t\t\t\t<div class=\"elementor-column elementor-col-100 elementor-top-column elementor-element elementor-element-e2b040d about_cms_block\" data-id=\"e2b040d\" data-element_type=\"column\" data-e-type=\"column\" data-settings=\"{&quot;background_background&quot;:&quot;classic&quot;}\">\n\t\t\t<div class=\"elementor-widget-wrap elementor-element-populated\">\n\t\t\t\t\t\t<div class=\"elementor-element elementor-element-5f7ccfc elementor-widget elementor-widget-heading\" data-id=\"5f7ccfc\" data-element_type=\"widget\" data-e-type=\"widget\" data-widget_type=\"heading.default\">\n\t\t\t\t<div class=\"elementor-widget-container\">\n\t\t\t\t\t<h1 class=\"elementor-heading-title elementor-size-default\">Gondoskod\u00e1s Alap\u00edtv\u00e1ny<\/h1>\t\t\t\t<\/div>\n\t\t\t\t<\/div>\n\t\t\t\t<div class=\"elementor-element elementor-element-3b18bad elementor-widget__width-initial elementor-widget elementor-widget-text-editor\" data-id=\"3b18bad\" data-element_type=\"widget\" data-e-type=\"widget\" data-widget_type=\"text-editor.default\">\n\t\t\t\t<div class=\"elementor-widget-container\">\n\t\t\t\t\t\t\t\t\t<p style=\"text-align: center;\"><strong>Bank sz\u00e1mlasz\u00e1m: MBH Duna Bank Zrt. 58600269-11128801<\/strong><br \/><strong>Ad\u00f3sz\u00e1m: 18536546-1-08<\/strong><br \/><strong><span style=\"background-color: transparent; color: var( --e-global-color-text ); font-family: var( --e-global-typography-text-font-family ), Sans-serif;\">9200 Mosonmagyar\u00f3v\u00e1r, Vasutas utca 10.<\/span><\/strong><\/p><p><strong>1998-ban j\u00f6tt l\u00e9tre az alap\u00edtv\u00e1ny azzal a c\u00e9llal, hogy seg\u00edtse a szoci\u00e1lis \u00e9s gyermekj\u00f3l\u00e9ti ell\u00e1t\u00e1sban r\u00e9szes\u00fcl\u0151 t\u00e1rsadalmilag h\u00e1tr\u00e1nyos helyzet\u0171 embereket, csal\u00e1dokat. T\u00e1mogatjuk: a fogyat\u00e9koss\u00e1ggal \u00e9l\u0151k nappali ell\u00e1t\u00e1s\u00e1ban ell\u00e1tottakat, <\/strong><br \/><strong>a hajl\u00e9ktalan ell\u00e1t\u00e1sban ell\u00e1tottakat, az id\u0151s ell\u00e1t\u00e1sban \u00e9s a demens ell\u00e1t\u00e1sban ell\u00e1tottakat, valamint az \u00e1tmeneti otthonban \u00e9l\u0151 gyermekeket, a neh\u00e9z sors\u00fa csal\u00e1dokat.<\/strong><br \/><strong>Az alap\u00edtv\u00e1ny els\u0151 sorban kultur\u00e1lis \u00e9s sport programokat, rendezv\u00e9nyeket biztos\u00edt, illetve t\u00e1boroztat\u00e1st, kir\u00e1ndul\u00e1st szerves. Az int\u00e9zm\u00e9nyben \u00e9l\u0151k h\u00e9tk\u00f6znapjait teszi sz\u00ednesebb\u00e9, az\u00e1ltal, hogy foglalkoztat\u00e1si anyagokat, eszk\u00f6z\u00f6ket biztos\u00edt. Minden \u00e9vben j\u00f3t\u00e9konys\u00e1gi vigass\u00e1got szervez, melynek bev\u00e9tel\u00e9t az ell\u00e1tottak r\u00e9sz\u00e9re az al\u00e1bbi programok megszervez\u00e9s\u00e9re ford\u00edtja: Mikul\u00e1s \u00fcnneps\u00e9get szervez, kar\u00e1csonyi aj\u00e1nd\u00e9kokat biztos\u00edt a h\u00e1zi seg\u00edts\u00e9gny\u00fajt\u00e1sban \u00e9l\u0151knek, a nappali int\u00e9zm\u00e9nyekben \u00e9s a bentlak\u00e1sos otthonokban az ell\u00e1tottaknak. <\/strong><br \/><strong>Az alap\u00edtv\u00e1ny bev\u00e9telei: p\u00e1ly\u00e1zatok, szem\u00e9lyi j\u00f6vedelemad\u00f3b\u00f3l befolyt 1%, adom\u00e1nyok (term\u00e9szetbeni, p\u00e9nzbeli, \u00f6nk\u00e9ntes munka).<\/strong><\/p><p><strong>ADOM\u00c1NYOZ\u00c1S folyamata<\/strong><br \/><strong>Amennyiben az alap\u00edtv\u00e1ny valamely rendezv\u00e9nnyel adom\u00e1nyt gy\u0171jt, k\u00f6teles t\u00e1j\u00e9koztatni az adom\u00e1nyoz\u00f3t, az adom\u00e1ny gy\u0171jt\u00e9s c\u00e9lj\u00e1val, a felhaszn\u00e1l\u00e1s\u00e1r\u00f3l.<\/strong><br \/><strong>Az alap\u00edtv\u00e1ny az adom\u00e1nyoz\u00f3k fel\u00e9 minden esetben elsz\u00e1mol, besz\u00e1mol \u00e9rv\u00e9nyes\u00edti a nyilv\u00e1noss\u00e1g \u00e9s az \u00e1tl\u00e1that\u00f3s\u00e1g felt\u00e9teleit. <\/strong><br \/><strong>Az adom\u00e1nyoz\u00f3 c\u00e9lzottan is adom\u00e1nyozhat, bizonyos c\u00e9lcsoportot, konkr\u00e9t rendezv\u00e9nyt, programot, projektet. Ebben az esetben meg kell jel\u00f6lni az adom\u00e1nyoz\u00e1s sor\u00e1n, a c\u00e9lt, rendezv\u00e9nyt, programot, projektet, az alap\u00edtv\u00e1ny csak erre a megjel\u00f6lt c\u00e9lra haszn\u00e1lhatja fel a t\u00e1mogat\u00e1st.<\/strong><br \/><strong>P\u00e9ld\u00e1ul:<\/strong><\/p><p><img fetchpriority=\"high\" decoding=\"async\" class=\"aligncenter\" src=\"http:\/\/keszi.hu\/wp-content\/uploads\/2024\/04\/kep_2024-04-26_142049896.png\" alt=\"\" width=\"761\" height=\"406\" \/><\/p><p><strong>A szervezet k\u00f6zfeladat ell\u00e1t\u00e1sa \u00e9rdek\u00e9ben tev\u00e9kenykedik ez\u00e9rt az alap\u00edtv\u00e1ny k\u00f6zhaszn\u00fa, minden \u00e9vben besz\u00e1molunk a k\u00f6zhaszn\u00fa tev\u00e9kenys\u00e9geinkr\u0151l.<\/strong><br \/><strong>Az adom\u00e1nyoz\u00f3 sz\u00e1m\u00e1ra igazol\u00e1st \u00e1ll\u00edtunk ki.<\/strong><br \/><strong>Ha v\u00e1llalkoz\u00e1st\u00f3l (t\u00e1rsas\u00e1gi ad\u00f3 alanyai) kap a k\u00f6zhaszn\u00fa szervezet adom\u00e1nyt, az ad\u00f3kedvezm\u00e9ny \u00e9rv\u00e9nyes\u00edt\u00e9s\u00e9hez igazol\u00e1st sz\u00fcks\u00e9ges kiadni.<br \/><\/strong><br \/><strong>\u201e<\/strong><b>Sok kicsi sokra megy\u201d <br \/><\/b><br \/><strong>ha 15.000,-Ft-ot tud adom\u00e1nyozni, mi fagyiz\u00e1s, dinnyeev\u00e9s, palacsint\u00e1z\u00e1st tudunk szervezni!<\/strong><br \/><strong>ha 50.000,-Ft-ot tud adom\u00e1nyozni, mi l\u00e9gmatracot, gy\u00f3gy\u00e1szati \u00e9s \u00e1pol\u00e1si seg\u00e9deszk\u00f6z\u00f6k v\u00e1s\u00e1rl\u00e1s\u00e1t tudjuk megtenni!<br \/><\/strong><strong>ha 250.000,-Ft-ot tud adom\u00e1nyozni, mi gy\u00f3gy\u00e1szati beteg\u00e1gy v\u00e1s\u00e1rl\u00e1s\u00e1t tudjuk megtenni!<\/strong><strong><br \/><\/strong><\/p><h3><strong style=\"color: var( --e-global-color-text ); font-family: Arial, sans-serif; background-color: transparent; text-transform: none;\">\u00a0<\/strong><\/h3>\t\t\t\t\t\t\t\t<\/div>\n\t\t\t\t<\/div>\n\t\t\t\t<div class=\"elementor-element elementor-element-5b6a664 elementor-widget elementor-widget-heading\" data-id=\"5b6a664\" data-element_type=\"widget\" data-e-type=\"widget\" data-widget_type=\"heading.default\">\n\t\t\t\t<div class=\"elementor-widget-container\">\n\t\t\t\t\t<h2 class=\"elementor-heading-title elementor-size-default\">                                               K\u00d6SZ\u00d6NJ\u00dcK A T\u00c1MOGAT\u00c1ST!<\/h2>\t\t\t\t<\/div>\n\t\t\t\t<\/div>\n\t\t\t\t<div class=\"elementor-element elementor-element-668dd8c elementor-align-center elementor-widget elementor-widget-button\" data-id=\"668dd8c\" data-element_type=\"widget\" data-e-type=\"widget\" data-widget_type=\"button.default\">\n\t\t\t\t<div class=\"elementor-widget-container\">\n\t\t\t\t\t\t\t\t\t<div class=\"elementor-button-wrapper\">\n\t\t\t\t\t<a class=\"elementor-button elementor-button-link elementor-size-sm\" href=\"https:\/\/www.gondoskodasmovar.hu\" target=\"_blank\">\n\t\t\t\t\t\t<span class=\"elementor-button-content-wrapper\">\n\t\t\t\t\t\t\t\t\t<span class=\"elementor-button-text\">Gondoskod\u00e1s Alap\u00edtv\u00e1ny<\/span>\n\t\t\t\t\t<\/span>\n\t\t\t\t\t<\/a>\n\t\t\t\t<\/div>\n\t\t\t\t\t\t\t\t<\/div>\n\t\t\t\t<\/div>\n\t\t\t\t\t<\/div>\n\t\t<\/div>\n\t\t\t\t\t<\/div>\n\t\t<\/section>\n\t\t\t\t<\/div>\n\t\t","protected":false},"excerpt":{"rendered":"<p>Gondoskod\u00e1s Alap\u00edtv\u00e1ny Bank sz\u00e1mlasz\u00e1m: MBH Duna Bank Zrt. 58600269-11128801Ad\u00f3sz\u00e1m: 18536546-1-089200 Mosonmagyar\u00f3v\u00e1r, Vasutas utca 10. 1998-ban j\u00f6tt l\u00e9tre az alap\u00edtv\u00e1ny azzal a c\u00e9llal, hogy seg\u00edtse a szoci\u00e1lis \u00e9s gyermekj\u00f3l\u00e9ti ell\u00e1t\u00e1sban r\u00e9szes\u00fcl\u0151 t\u00e1rsadalmilag h\u00e1tr\u00e1nyos helyzet\u0171 embereket, csal\u00e1dokat. T\u00e1mogatjuk: a fogyat\u00e9koss\u00e1ggal \u00e9l\u0151k nappali ell\u00e1t\u00e1s\u00e1ban ell\u00e1tottakat, a hajl\u00e9ktalan ell\u00e1t\u00e1sban ell\u00e1tottakat, az id\u0151s ell\u00e1t\u00e1sban \u00e9s a demens ell\u00e1t\u00e1sban ell\u00e1tottakat, valamint&#8230;<\/p>\n","protected":false},"author":1,"featured_media":0,"parent":0,"menu_order":0,"comment_status":"closed","ping_status":"closed","template":"","meta":{"_tbt_post_transparent":"","_tbt_post_title":"","_tbt_post_layout":"","_tbt_post_sidebar_id":"","_tbt_post_content_style":"","_tbt_post_vertical_padding":"","_tbt_post_feature":"","_tbt_post_feature_position":"","_tbt_post_header":false,"_tbt_post_footer":false},"class_list":["post-12238","page","type-page","status-publish","hentry"],"_links":{"self":[{"href":"http:\/\/keszi.hu\/index.php\/wp-json\/wp\/v2\/pages\/12238","targetHints":{"allow":["GET"]}}],"collection":[{"href":"http:\/\/keszi.hu\/index.php\/wp-json\/wp\/v2\/pages"}],"about":[{"href":"http:\/\/keszi.hu\/index.php\/wp-json\/wp\/v2\/types\/page"}],"author":[{"embeddable":true,"href":"http:\/\/keszi.hu\/index.php\/wp-json\/wp\/v2\/users\/1"}],"replies":[{"embeddable":true,"href":"http:\/\/keszi.hu\/index.php\/wp-json\/wp\/v2\/comments?post=12238"}],"version-history":[{"count":25,"href":"http:\/\/keszi.hu\/index.php\/wp-json\/wp\/v2\/pages\/12238\/revisions"}],"predecessor-version":[{"id":14273,"href":"http:\/\/keszi.hu\/index.php\/wp-json\/wp\/v2\/pages\/12238\/revisions\/14273"}],"wp:attachment":[{"href":"http:\/\/keszi.hu\/index.php\/wp-json\/wp\/v2\/media?parent=12238"}],"curies":[{"name":"wp","href":"https:\/\/api.w.org\/{rel}","templated":true}]}}